{"id":132,"date":"2020-07-24T16:06:25","date_gmt":"2020-07-24T18:06:25","guid":{"rendered":"https:\/\/sites.usp.br\/nupps\/?page_id=132"},"modified":"2022-11-17T16:07:55","modified_gmt":"2022-11-17T18:07:55","slug":"pesquisa","status":"publish","type":"page","link":"https:\/\/sites.usp.br\/nupps\/pesquisa\/","title":{"rendered":"Pesquisa"},"content":{"rendered":"\t\t<div data-elementor-type=\"wp-page\" data-elementor-id=\"132\" class=\"elementor elementor-132\" data-elementor-post-type=\"page\">\n\t\t\t\t\t\t<section class=\"elementor-section elementor-top-section elementor-element elementor-element-3b1561b elementor-section-boxed elementor-section-height-default elementor-section-height-default\" data-id=\"3b1561b\" data-element_type=\"section\">\n\t\t\t\t\t\t<div class=\"elementor-container elementor-column-gap-default\">\n\t\t\t\t\t<div class=\"elementor-column elementor-col-100 elementor-top-column elementor-element elementor-element-d541d49\" data-id=\"d541d49\" data-element_type=\"column\">\n\t\t\t<div class=\"elementor-widget-wrap elementor-element-populated\">\n\t\t\t\t\t\t<div class=\"elementor-element elementor-element-78b5c52 elementor-widget elementor-widget-text-editor\" data-id=\"78b5c52\" data-element_type=\"widget\" data-widget_type=\"text-editor.default\">\n\t\t\t\t<div class=\"elementor-widget-container\">\n\t\t\t\t\t\t\t<div><font color=\"#ed1459\" face=\"Open Sans, sans-serif\"><span style=\"font-size: 20px;\"><b><br><\/b><\/span><\/font><\/div><div>\n<\/div>\n<ul>\n<li>\n<h4>Brasil, 25 anos de democracia &#8211; Balan\u00e7o Cr\u00edtico: Pol\u00edticas P\u00fablicas, Institui\u00e7\u00f5es, Sociedade Civil e Cultura Pol\u00edtica &#8211; 1988\/2013<\/h4>\n<p>Este projeto aprovado no \u201cPrograma da Reitoria de Incentivo a Pesquisa &#8211; 2010\u201d, consolida as diferentes iniciativas de pesquisa atualmente em desenvolvimento no N\u00facleo de Pesquisa de Pol\u00edticas P\u00fablicas \u2013 NUPPs, da USP, as quais, por sua natureza, d\u00e3o continuidade \u00e0 trajet\u00f3ria intelectual do antigo NUPES. O NUPPs se dedica ao estudo e an\u00e1lise de programas de pol\u00edticas p\u00fablicas sob o \u00e2ngulo da rela\u00e7\u00e3o entre governan\u00e7a democr\u00e1tica, cidadania e equidade social. Suas equipes interdisciplinares de pesquisa analisam as etapas de formula\u00e7\u00e3o e implementa\u00e7\u00e3o das pol\u00edticas p\u00fablicas e, em especial, a que se refere \u00e0 avalia\u00e7\u00e3o da efici\u00eancia e da efic\u00e1cia das mesmas. Um de seus objetivos principais \u00e9, portanto, a an\u00e1lise da qualidade da gest\u00e3o das pol\u00edticas p\u00fablicas no pa\u00eds, tendo-se em conta o papel do executivo e do legislativo no sistema democr\u00e1tico vigente.<\/p>\n<\/li>\n<li>\n<p><strong><span style=\"color: var( --e-global-color-primary ); font-family: 'Open Sans', sans-serif; font-size: 20px;\">Avalia\u00e7\u00e3o de impacto da pol\u00edtica p\u00fablica para a primeira inf\u00e2ncia de Boa Vista &#8211; Roraima <\/span><\/strong>Pesquisadores do NUPPs conduziram em Boa Vista-RR um estudo in\u00e9dito no Brasil sobre o impacto de pol\u00edticas p\u00fablicas para a primeira inf\u00e2ncia sobre o desenvolvimento f\u00edsico, motor, cognitivo e socioemocional de crian\u00e7as de 5 e 6 anos de idade. Confira os resultados e leia o artigo.<\/p>\n<ul>\n<li>\n<p><a href=\"https:\/\/sites.usp.br\/nupps\/wp-content\/uploads\/sites\/762\/dlm_uploads\/2022\/10\/Relat_final_BV_rev202-4.pdf\">Relat\u00f3rio final (PDF)<\/a><\/p>\n<\/li>\n<li>\n<p>Artigo na Revista Brasileira de Avalia\u00e7\u00e3o (<a href=\"https:\/\/www.rbaval.org.br\/article\/10.4322\/rbaval202211015\/pdf\/rbaval-11-3+spe-e111522.pdf\" target=\"_blank\" rel=\"noopener\" data-saferedirecturl=\"https:\/\/www.google.com\/url?q=https:\/\/www.rbaval.org.br\/article\/10.4322\/rbaval202211015\/pdf\/rbaval-11-3%2Bspe-e111522.pdf&amp;source=gmail&amp;ust=1665489313803000&amp;usg=AOvVaw3KTFfQ5Kinn26Et1Ym7uSy\">https:\/\/www.rbaval.org.br\/<wbr>article\/10.4322\/<wbr>rbaval202211015\/pdf\/rbaval-11-<wbr>3+spe-e111522.pdf<\/a>)<\/p>\n<\/li>\n<\/ul>\n<\/li>\n<\/ul>\n<h4><span style=\"color: #ed1459;\">LINHAS DE PESQUISAS<\/span><\/h4>\n<p>O N\u00facleo de Pesquisas de Pol\u00edticas P\u00fablicas est\u00e1 desenvolvendo as seguintes linhas de pesquisas:<\/p>\n<ol>\n<li>\n<h4>O Sistema educacional e as pol\u00edticas p\u00fablicas de ensino superior<\/h4>\n<p>O NUPPs d\u00e1 continuidade ao trabalho desenvolvido anteriormente pelo N\u00facleo de Pesquisa de Ensino Superior (NUPES) \u2013 o qual substituiu desde o final de 2005 -, com \u00eanfase especial sobre a quest\u00e3o da eq\u00fcidade, da efici\u00eancia e da efic\u00e1cia do sistema de ensino superior brasileiro, assim como as relativas \u00e0 estrutura e gest\u00e3o das institui\u00e7\u00f5es.<\/p>\n<\/li>\n<li>\n<h4>Pol\u00edticas de erradica\u00e7\u00e3o da pobreza e das desigualdades econ\u00f4micas e sociais<\/h4>\n<p>O NUPPs desenvolve projetos de pesquisa relativos \u00e0 formula\u00e7\u00e3o, implementa\u00e7\u00e3o e avalia\u00e7\u00e3o de programas voltados ao atendimento de demandas e necessidades sociais da popula\u00e7\u00e3o em \u00e1reas como sa\u00fade, seguran\u00e7a, emprego, transfer\u00eancia de renda, pol\u00edticas compensat\u00f3rias, culturais, afirmativas, etc. O foco dessas pesquisas \u00e9 a rela\u00e7\u00e3o entre as pol\u00edticas e a amplia\u00e7\u00e3o dos direitos de cidadania, tanto em sua dimens\u00e3o s\u00f3cio-econ\u00f4mica como pol\u00edtica.<\/p>\n<\/li>\n<li>\n<h4>Governan\u00e7a democr\u00e1tica, cidadania e institui\u00e7\u00f5es p\u00fablicas<\/h4>\n<p>O bom funcionamento das institui\u00e7\u00f5es democr\u00e1ticas e dos servi\u00e7os p\u00fablicos envolve a efici\u00eancia administrativa e a efic\u00e1cia no atendimento \u00e0s expectativas e necessidades dos cidad\u00e3os. A participa\u00e7\u00e3o dos cidad\u00e3os e da sociedade civil em processos de tomada de decis\u00e3o aperfei\u00e7oa a defini\u00e7\u00e3o de prioridades pol\u00edticas e \u00e9 um aspecto central da qualidade da democracia.<\/p>\n<\/li>\n<li>\n<h4>Legitimidade democr\u00e1tica e credibilidade econ\u00f4mica<\/h4>\n<p>Essa pesquisa analisa &#8211; de uma perspectiva comparada &#8211; os processos decis\u00f3rios relativos \u00e0 formula\u00e7\u00e3o de pol\u00edticas econ\u00f4micas e financeiras no Brasil, Argentina e Chile. O estudo focaliza os fatores internos e externos que influenciaram a seq\u00fc\u00eancia, o escopo e a velocidade das reformas econ\u00f4micas, assim como seu impacto na qualidade da democracia nesses pa\u00edses.<\/p>\n<\/li>\n<li>\n<h4>Pol\u00edtica externa, institui\u00e7\u00f5es democr\u00e1ticas e inser\u00e7\u00e3o competitiva do Brasil<\/h4>\n<p>Na era global, a pol\u00edtica externa assume relev\u00e2ncia que n\u00e3o tinha antes, n\u00e3o s\u00f3 para os rumos da pol\u00edtica macroecon\u00f4mica interna como tamb\u00e9m para a inser\u00e7\u00e3o competitiva do pa\u00eds no mercado global. Neste sentido, a an\u00e1lise da pol\u00edtica externa brasileira \u00e9 cada vez mais importante para o desenvolvimento econ\u00f4mico sustent\u00e1vel, sem o que dificilmente os pa\u00edses emergentes da Am\u00e9rica Latina conseguir\u00e3o corrigir as desigualdades que tanto caracterizam a sua realidade.<\/p>\n<\/li>\n<li>\n<h4>Inova\u00e7\u00f5es em Pol\u00edticas de Seguran\u00e7a P\u00fablica<\/h4>\n<p>Esse programa pesquisa o crime e a delinq\u00fc\u00eancia de modo a fortalecer a capacidade de interven\u00e7\u00e3o da sociedade frente a esses problemas. O foco da pesquisa est\u00e1 na compreens\u00e3o das rela\u00e7\u00f5es causais entre as vari\u00e1veis que determinam a ocorr\u00eancia do crime e a avalia\u00e7\u00e3o dos efeitos das pol\u00edticas de seguran\u00e7a no n\u00edvel local, estadual e nacional. O projeto articula pesquisadores acad\u00eamicos e policiais com o objetivo de produzir inova\u00e7\u00f5es destinadas ao sistema de seguran\u00e7a p\u00fablica.<\/p>\n<\/li>\n<li>\n<h4>Pol\u00edticas P\u00fablicas para a primeira inf\u00e2ncia<\/h4>\n<p dir=\"ltr\">Munic\u00edpios e estados brasileiros passaram a implementar pol\u00edticas espec\u00edficas para crian\u00e7as de 0 a 6 anos de idade a partir da cria\u00e7\u00e3o do Marco Legal da Primeira Inf\u00e2ncia, em 2016. O NUPPs acompanha o desenvolvimento dessas pol\u00edticas, consideradas estrat\u00e9gicas, por meio do Observat\u00f3rio de Pol\u00edticas P\u00fablicas para a Primeira Inf\u00e2ncia (poPI), que produz diagn\u00f3sticos, an\u00e1lises e avalia\u00e7\u00f5es de impacto.<\/p>\n<\/li>\n<\/ol>\t\t\t\t\t\t<\/div>\n\t\t\t\t<\/div>\n\t\t\t\t\t<\/div>\n\t\t<\/div>\n\t\t\t\t\t<\/div>\n\t\t<\/section>\n\t\t\t\t<\/div>\n\t\t","protected":false},"excerpt":{"rendered":"<p>Brasil, 25 anos de democracia &#8211; Balan\u00e7o Cr\u00edtico: Pol\u00edticas P\u00fablicas, Institui\u00e7\u00f5es, Sociedade Civil e Cultura Pol\u00edtica &#8211; 1988\/2013 Este projeto aprovado no \u201cPrograma da Reitoria de Incentivo a Pesquisa &#8211; 2010\u201d, consolida as diferentes iniciativas de pesquisa atualmente em desenvolvimento no N\u00facleo de Pesquisa de Pol\u00edticas P\u00fablicas \u2013 NUPPs, da USP, as quais, por sua [&hellip;]<\/p>\n","protected":false},"author":21976,"featured_media":0,"parent":0,"menu_order":0,"comment_status":"closed","ping_status":"closed","template":"","meta":{"footnotes":"","_links_to":"","_links_to_target":""},"class_list":["post-132","page","type-page","status-publish","hentry"],"_links":{"self":[{"href":"https:\/\/sites.usp.br\/nupps\/wp-json\/wp\/v2\/pages\/132","targetHints":{"allow":["GET"]}}],"collection":[{"href":"https:\/\/sites.usp.br\/nupps\/wp-json\/wp\/v2\/pages"}],"about":[{"href":"https:\/\/sites.usp.br\/nupps\/wp-json\/wp\/v2\/types\/page"}],"author":[{"embeddable":true,"href":"https:\/\/sites.usp.br\/nupps\/wp-json\/wp\/v2\/users\/21976"}],"replies":[{"embeddable":true,"href":"https:\/\/sites.usp.br\/nupps\/wp-json\/wp\/v2\/comments?post=132"}],"version-history":[{"count":4,"href":"https:\/\/sites.usp.br\/nupps\/wp-json\/wp\/v2\/pages\/132\/revisions"}],"predecessor-version":[{"id":1539,"href":"https:\/\/sites.usp.br\/nupps\/wp-json\/wp\/v2\/pages\/132\/revisions\/1539"}],"wp:attachment":[{"href":"https:\/\/sites.usp.br\/nupps\/wp-json\/wp\/v2\/media?parent=132"}],"curies":[{"name":"wp","href":"https:\/\/api.w.org\/{rel}","templated":true}]}}