{"id":135,"date":"2020-07-24T16:06:26","date_gmt":"2020-07-24T18:06:26","guid":{"rendered":"https:\/\/sites.usp.br\/nupps\/?page_id=135"},"modified":"2022-11-17T12:21:29","modified_gmt":"2022-11-17T14:21:29","slug":"publicacoes","status":"publish","type":"page","link":"https:\/\/sites.usp.br\/nupps\/producao\/publicacoes\/","title":{"rendered":"Publica\u00e7\u00f5es"},"content":{"rendered":"\t\t<div data-elementor-type=\"wp-page\" data-elementor-id=\"135\" class=\"elementor elementor-135\" data-elementor-post-type=\"page\">\n\t\t\t\t\t\t<section class=\"elementor-section elementor-top-section elementor-element elementor-element-a43db90 elementor-section-boxed elementor-section-height-default elementor-section-height-default\" data-id=\"a43db90\" data-element_type=\"section\">\n\t\t\t\t\t\t<div class=\"elementor-container elementor-column-gap-default\">\n\t\t\t\t\t<div class=\"elementor-column elementor-col-100 elementor-top-column elementor-element elementor-element-7ed0052\" data-id=\"7ed0052\" data-element_type=\"column\">\n\t\t\t<div class=\"elementor-widget-wrap elementor-element-populated\">\n\t\t\t\t\t\t<div class=\"elementor-element elementor-element-7a3d98a elementor-widget elementor-widget-text-editor\" data-id=\"7a3d98a\" data-element_type=\"widget\" data-widget_type=\"text-editor.default\">\n\t\t\t\t<div class=\"elementor-widget-container\">\n\t\t\t\t\t\t\t<div class=\"page-header\"><h3><span style=\"color: #ed1459;\">PUBLICA\u00c7\u00d5ES<\/span><\/h3><\/div><div><p>O N\u00facleo de Pesquisa de Pol\u00edticas P\u00fablicas \u00e9 um centro tem\u00e1tico da Universidade de S\u00e3o Paulo dedicado a pesquisa sobre Ensino Superior. \u00c9 multidisciplinar e re\u00fane especialistas de diferentes \u00e1reas do conhecimento.<\/p><ul><li><a href=\"http:\/\/sites.usp.br\/nupps\/producao\/documento-de-trabalho\/artigos-recentes\/\">Artigos Recentes<\/a><\/li><li><a href=\"https:\/\/sites.usp.br\/nupps\/producao\/livros\/\">Livros<\/a><\/li><li><a href=\"https:\/\/sites.usp.br\/nupps\/producao\/publicacoes\/series\/serie-analises-preliminares\/\">NUPES S\u00e9rie &#8220;An\u00e1lises Preliminares&#8221; (1991-1997)<\/a><\/li><li><a href=\"https:\/\/sites.usp.br\/nupps\/producao\/publicacoes\/series\/serie-capa-azul\/\">NUPES S\u00e9rie &#8220;Capa Azul&#8221; \u2013 Semin\u00e1rios (1994-2003)<\/a><\/li><li><a href=\"https:\/\/sites.usp.br\/nupps\/producao\/publicacoes\/series\/serie-documentos-de-trabalho\/\">NUPES S\u00e9rie &#8220;Documentos de Trabalho&#8221; (1989-2005)<\/a><\/li><li><a href=\"https:\/\/sites.usp.br\/nupps\/producao\/publicacoes\/cadernos-do-nupps\/\">Cadernos do NUPPs<\/a><\/li><\/ul><p>O NUPPs est\u00e1 disponibilizando todos os \u201cDocumentos de Trabalho\u201d do antigo NUPES (N\u00facleo de Pesquisas sobre o Ensino Superior ) em PDF. Basta clicar no nome do artigo para baix\u00e1-los. O mesmo vale para os \u201cCadernos do NUPPs\u201d.<\/p><\/div>\t\t\t\t\t\t<\/div>\n\t\t\t\t<\/div>\n\t\t\t\t\t<\/div>\n\t\t<\/div>\n\t\t\t\t\t<\/div>\n\t\t<\/section>\n\t\t\t\t<\/div>\n\t\t","protected":false},"excerpt":{"rendered":"<p>PUBLICA\u00c7\u00d5ES O N\u00facleo de Pesquisa de Pol\u00edticas P\u00fablicas \u00e9 um centro tem\u00e1tico da Universidade de S\u00e3o Paulo dedicado a pesquisa sobre Ensino Superior. \u00c9 multidisciplinar e re\u00fane especialistas de diferentes \u00e1reas do conhecimento. Artigos Recentes Livros NUPES S\u00e9rie &#8220;An\u00e1lises Preliminares&#8221; (1991-1997) NUPES S\u00e9rie &#8220;Capa Azul&#8221; \u2013 Semin\u00e1rios (1994-2003) NUPES S\u00e9rie &#8220;Documentos de Trabalho&#8221; (1989-2005) Cadernos [&hellip;]<\/p>\n","protected":false},"author":21976,"featured_media":0,"parent":64,"menu_order":0,"comment_status":"closed","ping_status":"closed","template":"","meta":{"footnotes":"","_links_to":"","_links_to_target":""},"class_list":["post-135","page","type-page","status-publish","hentry"],"_links":{"self":[{"href":"https:\/\/sites.usp.br\/nupps\/wp-json\/wp\/v2\/pages\/135","targetHints":{"allow":["GET"]}}],"collection":[{"href":"https:\/\/sites.usp.br\/nupps\/wp-json\/wp\/v2\/pages"}],"about":[{"href":"https:\/\/sites.usp.br\/nupps\/wp-json\/wp\/v2\/types\/page"}],"author":[{"embeddable":true,"href":"https:\/\/sites.usp.br\/nupps\/wp-json\/wp\/v2\/users\/21976"}],"replies":[{"embeddable":true,"href":"https:\/\/sites.usp.br\/nupps\/wp-json\/wp\/v2\/comments?post=135"}],"version-history":[{"count":4,"href":"https:\/\/sites.usp.br\/nupps\/wp-json\/wp\/v2\/pages\/135\/revisions"}],"predecessor-version":[{"id":1491,"href":"https:\/\/sites.usp.br\/nupps\/wp-json\/wp\/v2\/pages\/135\/revisions\/1491"}],"up":[{"embeddable":true,"href":"https:\/\/sites.usp.br\/nupps\/wp-json\/wp\/v2\/pages\/64"}],"wp:attachment":[{"href":"https:\/\/sites.usp.br\/nupps\/wp-json\/wp\/v2\/media?parent=135"}],"curies":[{"name":"wp","href":"https:\/\/api.w.org\/{rel}","templated":true}]}}