{"id":137,"date":"2020-07-24T16:06:26","date_gmt":"2020-07-24T18:06:26","guid":{"rendered":"https:\/\/sites.usp.br\/nupps\/?page_id=137"},"modified":"2021-03-06T12:36:19","modified_gmt":"2021-03-06T14:36:19","slug":"podcast","status":"publish","type":"page","link":"https:\/\/sites.usp.br\/nupps\/producao\/podcast\/","title":{"rendered":"Podcast"},"content":{"rendered":"\t\t<div data-elementor-type=\"wp-page\" data-elementor-id=\"137\" class=\"elementor elementor-137\" data-elementor-post-type=\"page\">\n\t\t\t\t\t\t<section class=\"elementor-section elementor-top-section elementor-element elementor-element-d4396c3 elementor-section-boxed elementor-section-height-default elementor-section-height-default\" data-id=\"d4396c3\" data-element_type=\"section\">\n\t\t\t\t\t\t<div class=\"elementor-container elementor-column-gap-default\">\n\t\t\t\t\t<div class=\"elementor-column elementor-col-100 elementor-top-column elementor-element elementor-element-afe358d\" data-id=\"afe358d\" data-element_type=\"column\">\n\t\t\t<div class=\"elementor-widget-wrap elementor-element-populated\">\n\t\t\t\t\t\t<div class=\"elementor-element elementor-element-36d110c elementor-widget elementor-widget-heading\" data-id=\"36d110c\" data-element_type=\"widget\" data-widget_type=\"heading.default\">\n\t\t\t\t<div class=\"elementor-widget-container\">\n\t\t\t<h3 class=\"elementor-heading-title elementor-size-default\">Podcasts<\/h3>\t\t<\/div>\n\t\t\t\t<\/div>\n\t\t\t\t\t<\/div>\n\t\t<\/div>\n\t\t\t\t\t<\/div>\n\t\t<\/section>\n\t\t\t\t<section class=\"elementor-section elementor-top-section elementor-element elementor-element-71d7dc3 elementor-section-boxed elementor-section-height-default elementor-section-height-default\" data-id=\"71d7dc3\" data-element_type=\"section\">\n\t\t\t\t\t\t<div class=\"elementor-container elementor-column-gap-default\">\n\t\t\t\t\t<div class=\"elementor-column elementor-col-100 elementor-top-column elementor-element elementor-element-c65eab0\" data-id=\"c65eab0\" data-element_type=\"column\">\n\t\t\t<div class=\"elementor-widget-wrap elementor-element-populated\">\n\t\t\t\t\t\t<div class=\"elementor-element elementor-element-5817a9d elementor-widget elementor-widget-wp-widget-media_audio\" data-id=\"5817a9d\" data-element_type=\"widget\" data-widget_type=\"wp-widget-media_audio.default\">\n\t\t\t\t<div class=\"elementor-widget-container\">\n\t\t\t<h5>A qualidade da democracia por Jos\u00e9 \u00c1lvaro Mois\u00e9s &#8211; 24\/02\/2021<\/h5><audio class=\"wp-audio-shortcode\" id=\"audio-137-1\" preload=\"none\" style=\"width: 100%;\" controls=\"controls\"><source type=\"audio\/mpeg\" src=\"https:\/\/sites.usp.br\/nupps\/wp-content\/uploads\/sites\/762\/2021\/03\/A-QUALIDADE-DA-DEMOCRACIA_J-A-Moises_24-02-21.mp3?_=1\" \/><source type=\"audio\/mpeg\" src=\"https:\/\/sites.usp.br\/nupps\/wp-content\/uploads\/sites\/762\/2021\/03\/A-QUALIDADE-DA-DEMOCRACIA_J-A-Moises_24-02-21.mp3?_=1\" \/><a href=\"https:\/\/sites.usp.br\/nupps\/wp-content\/uploads\/sites\/762\/2021\/03\/A-QUALIDADE-DA-DEMOCRACIA_J-A-Moises_24-02-21.mp3\">https:\/\/sites.usp.br\/nupps\/wp-content\/uploads\/sites\/762\/2021\/03\/A-QUALIDADE-DA-DEMOCRACIA_J-A-Moises_24-02-21.mp3<\/a><\/audio>\t\t<\/div>\n\t\t\t\t<\/div>\n\t\t\t\t\t<\/div>\n\t\t<\/div>\n\t\t\t\t\t<\/div>\n\t\t<\/section>\n\t\t\t\t<\/div>\n\t\t","protected":false},"excerpt":{"rendered":"<p>Podcasts<\/p>\n","protected":false},"author":21976,"featured_media":0,"parent":64,"menu_order":0,"comment_status":"closed","ping_status":"closed","template":"","meta":{"footnotes":"","_links_to":"","_links_to_target":""},"class_list":["post-137","page","type-page","status-publish","hentry"],"_links":{"self":[{"href":"https:\/\/sites.usp.br\/nupps\/wp-json\/wp\/v2\/pages\/137","targetHints":{"allow":["GET"]}}],"collection":[{"href":"https:\/\/sites.usp.br\/nupps\/wp-json\/wp\/v2\/pages"}],"about":[{"href":"https:\/\/sites.usp.br\/nupps\/wp-json\/wp\/v2\/types\/page"}],"author":[{"embeddable":true,"href":"https:\/\/sites.usp.br\/nupps\/wp-json\/wp\/v2\/users\/21976"}],"replies":[{"embeddable":true,"href":"https:\/\/sites.usp.br\/nupps\/wp-json\/wp\/v2\/comments?post=137"}],"version-history":[{"count":4,"href":"https:\/\/sites.usp.br\/nupps\/wp-json\/wp\/v2\/pages\/137\/revisions"}],"predecessor-version":[{"id":557,"href":"https:\/\/sites.usp.br\/nupps\/wp-json\/wp\/v2\/pages\/137\/revisions\/557"}],"up":[{"embeddable":true,"href":"https:\/\/sites.usp.br\/nupps\/wp-json\/wp\/v2\/pages\/64"}],"wp:attachment":[{"href":"https:\/\/sites.usp.br\/nupps\/wp-json\/wp\/v2\/media?parent=137"}],"curies":[{"name":"wp","href":"https:\/\/api.w.org\/{rel}","templated":true}]}}