{"id":62,"date":"2014-02-12T11:28:30","date_gmt":"2014-02-12T13:28:30","guid":{"rendered":"http:\/\/sites.usp.br\/nupps\/?page_id=62"},"modified":"2023-09-25T16:07:32","modified_gmt":"2023-09-25T18:07:32","slug":"equipe","status":"publish","type":"page","link":"https:\/\/sites.usp.br\/nupps\/equipe\/","title":{"rendered":"Equipe"},"content":{"rendered":"\t\t<div data-elementor-type=\"wp-page\" data-elementor-id=\"62\" class=\"elementor elementor-62\" data-elementor-post-type=\"page\">\n\t\t\t\t\t\t<section class=\"elementor-section elementor-top-section elementor-element elementor-element-52dc507f elementor-section-boxed elementor-section-height-default elementor-section-height-default\" data-id=\"52dc507f\" data-element_type=\"section\">\n\t\t\t\t\t\t\t<div class=\"elementor-background-overlay\"><\/div>\n\t\t\t\t\t\t\t<div class=\"elementor-container elementor-column-gap-default\">\n\t\t\t\t\t<div class=\"elementor-column elementor-col-50 elementor-top-column elementor-element elementor-element-2793af0a\" data-id=\"2793af0a\" data-element_type=\"column\">\n\t\t\t<div class=\"elementor-widget-wrap elementor-element-populated\">\n\t\t\t\t\t\t<div class=\"elementor-element elementor-element-bafc5de elementor-widget elementor-widget-heading\" data-id=\"bafc5de\" data-element_type=\"widget\" data-settings=\"{&quot;sticky&quot;:&quot;top&quot;,&quot;sticky_on&quot;:[&quot;desktop&quot;,&quot;tablet&quot;],&quot;sticky_offset&quot;:20,&quot;sticky_parent&quot;:&quot;yes&quot;,&quot;sticky_effects_offset&quot;:0,&quot;sticky_anchor_link_offset&quot;:0}\" data-widget_type=\"heading.default\">\n\t\t\t\t<div class=\"elementor-widget-container\">\n\t\t\t<h1 class=\"elementor-heading-title elementor-size-default\">EQUIPE<\/h1>\t\t<\/div>\n\t\t\t\t<\/div>\n\t\t\t\t<div class=\"elementor-element elementor-element-7c740f6 elementor-widget elementor-widget-text-editor\" data-id=\"7c740f6\" data-element_type=\"widget\" data-settings=\"{&quot;sticky&quot;:&quot;top&quot;,&quot;sticky_on&quot;:[&quot;desktop&quot;,&quot;tablet&quot;],&quot;sticky_offset&quot;:50,&quot;sticky_parent&quot;:&quot;yes&quot;,&quot;sticky_effects_offset&quot;:0,&quot;sticky_anchor_link_offset&quot;:0}\" data-widget_type=\"text-editor.default\">\n\t\t\t\t<div class=\"elementor-widget-container\">\n\t\t\t\t\t\t\t<p>Para entrar em contato com qualquer um dos membros da equipe ou exibir o resumo do Curriculum Vitae dos pesquisadores do NUPPs basta clicar diretamente nos nomes. Se preferir, escreva utilizando nosso formul\u00e1rio de contato.<\/p>\t\t\t\t\t\t<\/div>\n\t\t\t\t<\/div>\n\t\t\t\t\t<\/div>\n\t\t<\/div>\n\t\t\t\t<div class=\"elementor-column elementor-col-50 elementor-top-column elementor-element elementor-element-ee804a8\" data-id=\"ee804a8\" data-element_type=\"column\">\n\t\t\t<div class=\"elementor-widget-wrap elementor-element-populated\">\n\t\t\t\t\t\t<div class=\"elementor-element elementor-element-228090f9 elementor-widget elementor-widget-text-editor\" data-id=\"228090f9\" data-element_type=\"widget\" data-widget_type=\"text-editor.default\">\n\t\t\t\t<div class=\"elementor-widget-container\">\n\t\t\t\t\t\t\t<h4><strong>Coordenadora Cient\u00edfica<\/strong><\/h4>\n<ul>\n<li><a href=\"https:\/\/sites.usp.br\/nupps\/equipe\/janina-onuki\/\">Janina Onuki&nbsp;&#8211; FFLCH\/USP<\/a><\/li>\n<\/ul>\n<h4><strong>Vice-Coordenadora Cient\u00edfica<\/strong><\/h4>\n<ul>\n<li><a href=\"https:\/\/sites.usp.br\/nupps\/equipe\/elizabeth-balbachevsky\/\">Elizabeth Balbachevsky- FFLCH\/USP<\/a><\/li>\n<\/ul>\n<h4><strong>Conselho Deliberativo<\/strong><\/h4>\n<ul>\n<li><a href=\"https:\/\/sites.usp.br\/nupps\/equipe\/adilson-simonis\/\">Adilson Simonis- Estat\u00edstico &#8211; IME\/USP<\/a><\/li><li>Am\u00e2ncio Jorge Silva Nunes de Oliveira &#8211; IRI e Museu do Ipiranga \/USP&nbsp;<\/li><li><a href=\"http:\/\/lattes.cnpq.br\/6734760027498076\" target=\"_blank\" rel=\"noopener\">Bruno Wilhelm Speck &#8211; FFLCH\/USP<\/a><\/li>\n<li><a href=\"https:\/\/nupps.usp.br\/index.php\/elizabeth-balbachevsky\" target=\"_blank\" rel=\"noopener\">Elizabeth Balbachevsky- FFLCH\/USP<\/a><\/li>\n<li><a href=\"https:\/\/nupps.usp.br\/index.php\/guilherme-cunha-werner2\/271-janina-onuki\" target=\"_blank\" rel=\"noopener\">Janina Onuki- FFLCH\/USP<\/a><\/li>\n<li><a href=\"https:\/\/nupps.usp.br\/index.php\/jose-alvaro-moises\" target=\"_blank\" rel=\"noopener\">Jos\u00e9 \u00c1lvaro Mois\u00e9s- FFLCH\/USP<\/a><\/li>\n<li><a href=\"https:\/\/nupps.usp.br\/index.php\/leandro-piquet-carneiro\" target=\"_blank\" rel=\"noopener\">Leandro Piquet Carneiro- IRI<\/a><\/li>\n<li><a href=\"https:\/\/sites.usp.br\/nupps\/equipe\/nina-beatriz-stocco-ranieri\/\" rel=\"noopener\">Nina Beatriz Stocco Ranieri- FD\/USP<\/a><\/li>\n<li><a href=\"http:\/\/lattes.cnpq.br\/1858978868165352\">Wagner Pralon Mancuso &#8211; EACH \/USP<\/a><\/li>\n<\/ul>\n<h4><strong>Pesquisadores Permanentes<\/strong><\/h4>\n<ul>\n<li><a href=\"https:\/\/nupps.usp.br\/index.php\/adilson-simonis\" target=\"_blank\" rel=\"noopener\">Adilson Simonis- Estat\u00edstico &#8211; IME\/USP<\/a><\/li>\n<li><a href=\"http:\/\/lattes.cnpq.br\/0507380060320965\"><span data-sheets-value=\"{\">B\u00e1rbara Regina Vieira Lopes &#8211; Cientista Pol\u00edtica &#8211; UNIP<\/span><\/a><\/li>\n<li><a href=\"http:\/\/lattes.cnpq.br\/6734760027498076\" target=\"_blank\" rel=\"noopener\">Bruno Wilhelm Speck &#8211; FFLCH\/USP<\/a><\/li>\n<li><a href=\"https:\/\/sites.usp.br\/nupps\/equipe\/david-moises-f-da-silva\/\">David Mois\u00e9s F. da Silva- Cientista Pol\u00edtico &#8211; FFLCH\/USP<\/a><\/li>\n<li><a href=\"https:\/\/sites.usp.br\/nupps\/equipe\/elizabeth-balbachevsky\/\">Elizabeth Balbachevsky- Cientista Pol\u00edtica\/FFLCH\/NUPPs\/USP<\/a><\/li>\n<li><a href=\"https:\/\/sites.usp.br\/nupps\/equipe\/emmanuel-s-nunes-de-oliveira-jr\/\">Emmanuel Nunes de Oliveira Junior- Cientista Pol\u00edtico &#8211; NUPPs\/USP<\/a><\/li>\n<li><a href=\"https:\/\/sites.usp.br\/nupps\/equipe\/gabriela-de-oliveira\/\">Gabriela de Oliveira- Cientista Pol\u00edtica<\/a><\/li>\n<li><a href=\"http:\/\/lattes.cnpq.br\/0380491311388261\"><span data-sheets-value=\"{\">Guilherme Cunha Werner&nbsp;&#8211; Cient\u00edsta Pol\u00edtico<\/span><\/a><\/li>\n<li><a href=\"https:\/\/sites.usp.br\/nupps\/equipe\/janina-onuki\/\"><span data-sheets-value=\"{\">Janina Onuki &#8211; IRI\/USP<\/span><\/a><\/li>\n<li><a href=\"https:\/\/sites.usp.br\/nupps\/equipe\/jose-alvaro-moises\/\"><span data-sheets-value=\"{\">Jos\u00e9 \u00c1lvaro Mois\u00e9s&nbsp;&#8211; Cientista Pol\u00edtico- FFLCH\/SP<\/span><\/a><\/li>\n<li><span data-sheets-value=\"{\"><a href=\"https:\/\/sites.usp.br\/nupps\/equipe\/jose-verissimo-romao-netto\/\">Jos\u00e9 Ver\u00edssimo Rom\u00e3o Netto&nbsp;&#8211; Cientista Pol\u00edtico &#8211; FFLCH\/SP<\/a><\/span><\/li>\n<li><a href=\"https:\/\/sites.usp.br\/nupps\/equipe\/leandro-piquet-carneiro\/\">Leandro Piquet Carneiro- Cientista Pol\u00edtico &#8211; FFLCH\/USP<\/a><\/li>\n<li><a href=\"https:\/\/sites.usp.br\/nupps\/equipe\/lourdes-sola-cie\u2026litica-fflch-usp\/\">Lourdes Sola- Cientista Pol\u00edtica &#8211; FFLCH\/USP<\/a><\/li>\n<li><a href=\"http:\/\/lattes.cnpq.br\/8799874202876700\"><span data-sheets-value=\"{\">Maria Teresa Aina Sadek &#8211; FFLCH \/USP<\/span><\/a><\/li>\n<li><a href=\"https:\/\/sites.usp.br\/nupps\/equipe\/nina-beatriz-stocco-ranieri\/\"><span data-sheets-value=\"{\">Nina Beatriz Stocco Ranieri&nbsp;&#8211; Advogada &#8211; FD\/USP<\/span><\/a><br><\/li>\n<li><a href=\"https:\/\/sites.usp.br\/nupps\/equipe\/rubens-becak\/\">Rubens Be\u00e7ak &#8211; Advogado &#8211; FD\/USP<\/a><\/li>\n<\/ul>\n<h4><strong>Pesquisadores Associados<\/strong><\/h4>\n<ul>\n<li><span data-sheets-value=\"{\">Adrian Albala &#8211; Cientista Pol\u00edtico -UnB<\/span><\/li>\n<li><span data-sheets-value=\"{\">Eduardo Jos\u00e9 Viola &#8211; Cientista Pol\u00edtico &#8211; FFLCH\/USP<\/span><\/li>\n<li><span data-sheets-value=\"{\">Maria do Socorro Braga&nbsp; &#8211; UFSCar<\/span><\/li>\n<li><a href=\"https:\/\/sites.usp.br\/nupps\/equipe\/tereza-sacchet\/\">Teresa Sacchet&nbsp;&#8211; Cientista Pol\u00edtica &#8211; UFBA<\/a><\/li>\n<\/ul>\n<h4><strong>Doutorandos<\/strong><\/h4>\n<ul>\n<li><span data-sheets-value=\"{\">Camila Infanger Almeida, doutoranda<\/span><\/li>\n<li><span data-sheets-value=\"{\">Lucas Malta Mingardi, doutorando, FFLCH\/USP<br style=\"color: #141412; font-size: 16px;\"><\/span><\/li>\n<\/ul>\n<h4><strong>Bolsistas<\/strong><\/h4>\n<ul>\n<li><br><\/li>\n<li><br><\/li>\n<\/ul>\n<div>\n<h4><strong>Pessoal Administrativo<\/strong><\/h4>\n<ul>\n<li><a href=\"https:\/\/sites.usp.br\/nupps\/equipe\/vera-cecilia-da-silva\/\">Vera Cec\u00edlia da Silva&nbsp;&#8211; Analista Acad\u00eamica II &#8211; NUPPs\/US<\/a>P<\/li>\n<\/ul>\n<div>&nbsp;<\/div>\n<div>&nbsp;<\/div>\n<\/div>\n<h4><strong style=\"color: var( --e-global-color-primary ); font-size: 16px;\">Ex-Pesquisadores<\/strong><\/h4>\n<ul>\n<li><a href=\"https:\/\/sites.usp.br\/nupps\/equipe\/adrian-albala-cientista-politico\">Adri\u00e1n Albala &#8211; Cient\u00edsta Pol\u00edtico &#8211; NUPPs-USP<\/a><\/li>\n<li><a href=\"https:\/\/sites.usp.br\/nupps\/equipe\/edison-nunes\/\">Edison Nunes&nbsp;&#8211; Cientista Pol\u00edtico &#8211; PUC\/SP<\/a><\/li>\n<li><a href=\"https:\/\/sites.usp.br\/nupps\/equipe\/eunice-ribeiro-durham\/\">Eunice Ribeiro Durham- Antrop\u00f3loga &#8211; FFLCH\/USP<\/a>, falecida em jul\/22.<\/li>\n<li><a href=\"https:\/\/sites.usp.br\/nupps\/equipe\/helena-sampaio-2\/\">Helena Sampaio&nbsp;&#8211; Antrop\u00f3loga &#8211; UNICAMP e NUPPs\/USP<\/a><\/li>\n<li>J. Ricardo Tranjan &#8211; Cientista Pol\u00edtico &#8211; University of Waterloo<\/li>\n<li>Maria Cec\u00edlia Spina Forjaz&nbsp;&#8211; Cientista Pol\u00edtica &#8211; NUPPs\/USP<\/li>\n<li><a href=\"https:\/\/sites.usp.br\/nupps\/equipe\/marta-maria-assumpcao-rodrigues\/\">Marta Maria Assump\u00e7\u00e3o Rodrigues&nbsp;&#8211; Soci\u00f3loga &#8211; EACH\/USP<\/a><\/li>\n<li>Martha Abrah\u00e3o Saad Lucchesi&nbsp;&#8211; Advogada\/Educadora &#8211; NUPPs\/USP<\/li>\n<li>Nuno Coimbra Mesquita&nbsp;&#8211; Cientista Pol\u00edtico &#8211; NUPPs\/USP<\/li>\n<li><a href=\"https:\/\/sites.usp.br\/nupps\/equipe\/rolf-rauschenbachs\/\">Rolf Rauschenbach&nbsp;&#8211; Cientista Pol\u00edtico &#8211; NUPPs\/USP<\/a><\/li>\n<\/ul>\n<h5><strong>Ex-Pesquisadores Associados<\/strong><\/h5>\n<ul>\n<li><a href=\"http:\/\/lattes.cnpq.br\/7236251940758748\">Alan Lisler<\/a><\/li>\n<li><a href=\"https:\/\/sites.usp.br\/nupps\/equipe\/alessandro-farage-figueiredo\/\">Alessandro Farage Figueiredo &#8211; Cientista Pol\u00edtico<\/a><\/li>\n<li><span data-sheets-value=\"{\">Bruno Gabriel de Melo Rico<\/span><\/li>\n<li><span data-sheets-value=\"{\">Ester Pereira<\/span><\/li>\n<li><span data-sheets-value=\"{\"><span style=\"color: #141412; font-size: 16px;\">Guilherme Arbache<\/span><\/span><\/li>\n<li><span data-sheets-value=\"{\"><span style=\"color: #141412; font-size: 16px;\">Jo\u00e3o Pedro Paro<\/span><\/span><\/li>\n<li><span data-sheets-value=\"{\"><span style=\"color: #141412; font-size: 16px;\">Lara Barbosa Quadros C\u00f4rtes<\/span><\/span><\/li>\n<li><span data-sheets-value=\"{\"><span style=\"color: #141412; font-size: 16px;\">Luiz Gustavo Bambini de Assis&nbsp;&#8211; Advogado &#8211; FD\/USP<\/span><\/span><\/li>\n<li><span data-sheets-value=\"{\"><span style=\"color: #141412; font-size: 16px;\">Michel Kurdoglian Lutaif&nbsp;<\/span><\/span><\/li>\n<li><span data-sheets-value=\"{\"><span style=\"color: #141412; font-size: 16px;\">Rafael Moreira Dardaque Mucinhato&nbsp;&#8211; Cientista Pol\u00edtico<\/span><\/span><\/li>\n<li><a href=\"http:\/\/lattes.cnpq.br\/7408893472218533\">Ricardo Tranjan &#8211; Cientista Pol\u00edtico &#8211; University of Waterloo<\/a><\/li>\n<li><span data-sheets-value=\"{\"><span style=\"color: #141412; font-size: 16px;\">Roberto del Conte Viecelli&nbsp;&#8211; Advogado &#8211; FD\/USP<\/span><\/span><\/li>\n<li><span data-sheets-value=\"{\"><span style=\"color: #141412; font-size: 16px;\">Sara Tironi&nbsp;&#8211; Advogada &#8211; FD\/USP<\/span><\/span><\/li>\n<li><span data-sheets-value=\"{\"><span style=\"color: #141412; font-size: 16px;\">S\u00e9rgio Simonis Jr.<\/span><\/span><\/li>\n<\/ul>\n<div>\n<h5><strong>Ex-Bolsista<\/strong><\/h5>\n<ul>\n<li><a href=\"http:\/\/lattes.cnpq.br\/4323763465801044\">Anna Carolina Fernandes Spinardi<\/a><\/li>\n<li><a href=\"http:\/\/lattes.cnpq.br\/3430199573237178\">B\u00e1rbara Lellis de S\u00e1 Frizo<\/a><\/li>\n<li><a href=\"http:\/\/lattes.cnpq.br\/8887716177146874\">Caio Cardoso de Moraes<\/a><\/li>\n<li><a href=\"http:\/\/lattes.cnpq.br\/9762174468821159\" style=\"outline: 0px;\">Eduardo Rodrigues Capocchi&nbsp; &#8211; FE\/USP<\/a><\/li>\n<li><a href=\"http:\/\/lattes.cnpq.br\/6414019110188011\">F\u00e1bio Alberto Chipana Herrera<\/a><\/li>\n<li><a href=\"http:\/\/lattes.cnpq.br\/3269930171361667\">Francielly Paula Guimar\u00e2es de Lima<\/a><\/li>\n<li><a href=\"http:\/\/lattes.cnpq.br\/0447368519230026\">Gabriel Bento Madeira&nbsp;&#8211; Cientista Pol\u00edtico<\/a><\/li>\n<li><a href=\"http:\/\/lattes.cnpq.br\/3432914661212183\">Gustavo Humberto da Rocha<\/a><\/li>\n<li>Ivy Renee Augusto Ribeiro &#8211; PUC<\/li>\n<li><a href=\"http:\/\/lattes.cnpq.br\/8429440645087139\">Jo\u00e3o Leopoldo e Silva<\/a><\/li>\n<li><a href=\"http:\/\/lattes.cnpq.br\/7684042879354780\">Matheus Nordon Preis<\/a><\/li>\n<li><span style=\"color: rgb(20, 20, 18); font-size: 16px;\">Maxwel Costa<\/span><\/li>\n<li><a href=\"http:\/\/lattes.cnpq.br\/6043835193105976\">Thais Fernandes Pereira<\/a><\/li>\n<li>Thom\u00e1s Marques<\/li>\n<li><a href=\"http:\/\/lattes.cnpq.br\/1858978868165352\">Wagner Pralon Mancuso<\/a><\/li>\n<li>Yure Alves<\/li>\n<\/ul>\n<p><strong>&nbsp;<\/strong><\/p>\n<\/div>\t\t\t\t\t\t<\/div>\n\t\t\t\t<\/div>\n\t\t\t\t\t<\/div>\n\t\t<\/div>\n\t\t\t\t\t<\/div>\n\t\t<\/section>\n\t\t\t\t<\/div>\n\t\t","protected":false},"excerpt":{"rendered":"<p>EQUIPE Para entrar em contato com qualquer um dos membros da equipe ou exibir o resumo do Curriculum Vitae dos pesquisadores do NUPPs basta clicar diretamente nos nomes. Se preferir, escreva utilizando nosso formul\u00e1rio de contato. Coordenadora Cient\u00edfica Janina Onuki&nbsp;&#8211; FFLCH\/USP Vice-Coordenadora Cient\u00edfica Elizabeth Balbachevsky- FFLCH\/USP Conselho Deliberativo Adilson Simonis- Estat\u00edstico &#8211; IME\/USP Am\u00e2ncio Jorge [&hellip;]<\/p>\n","protected":false},"author":1,"featured_media":0,"parent":0,"menu_order":0,"comment_status":"closed","ping_status":"closed","template":"elementor_header_footer","meta":{"footnotes":"","_links_to":"","_links_to_target":""},"class_list":["post-62","page","type-page","status-publish","hentry"],"_links":{"self":[{"href":"https:\/\/sites.usp.br\/nupps\/wp-json\/wp\/v2\/pages\/62","targetHints":{"allow":["GET"]}}],"collection":[{"href":"https:\/\/sites.usp.br\/nupps\/wp-json\/wp\/v2\/pages"}],"about":[{"href":"https:\/\/sites.usp.br\/nupps\/wp-json\/wp\/v2\/types\/page"}],"author":[{"embeddable":true,"href":"https:\/\/sites.usp.br\/nupps\/wp-json\/wp\/v2\/users\/1"}],"replies":[{"embeddable":true,"href":"https:\/\/sites.usp.br\/nupps\/wp-json\/wp\/v2\/comments?post=62"}],"version-history":[{"count":4,"href":"https:\/\/sites.usp.br\/nupps\/wp-json\/wp\/v2\/pages\/62\/revisions"}],"predecessor-version":[{"id":1568,"href":"https:\/\/sites.usp.br\/nupps\/wp-json\/wp\/v2\/pages\/62\/revisions\/1568"}],"wp:attachment":[{"href":"https:\/\/sites.usp.br\/nupps\/wp-json\/wp\/v2\/media?parent=62"}],"curies":[{"name":"wp","href":"https:\/\/api.w.org\/{rel}","templated":true}]}}