{"id":695,"date":"2021-09-23T13:02:21","date_gmt":"2021-09-23T15:02:21","guid":{"rendered":"https:\/\/sites.usp.br\/nupps\/?page_id=695"},"modified":"2021-11-05T20:27:20","modified_gmt":"2021-11-05T22:27:20","slug":"home","status":"publish","type":"page","link":"https:\/\/sites.usp.br\/nupps\/","title":{"rendered":"Home"},"content":{"rendered":"\t\t<div data-elementor-type=\"wp-page\" data-elementor-id=\"695\" class=\"elementor elementor-695\" data-elementor-post-type=\"page\">\n\t\t\t\t\t\t<section class=\"elementor-section elementor-top-section elementor-element elementor-element-49e4567 elementor-section-boxed elementor-section-height-default elementor-section-height-default\" data-id=\"49e4567\" data-element_type=\"section\">\n\t\t\t\t\t\t<div class=\"elementor-container elementor-column-gap-default\">\n\t\t\t\t\t<div class=\"elementor-column elementor-col-100 elementor-top-column elementor-element elementor-element-d7e5425\" data-id=\"d7e5425\" data-element_type=\"column\">\n\t\t\t<div class=\"elementor-widget-wrap elementor-element-populated\">\n\t\t\t\t\t\t<section class=\"elementor-section elementor-inner-section elementor-element elementor-element-259fd6e elementor-section-boxed elementor-section-height-default elementor-section-height-default\" data-id=\"259fd6e\" data-element_type=\"section\">\n\t\t\t\t\t\t<div class=\"elementor-container elementor-column-gap-default\">\n\t\t\t\t\t<div class=\"elementor-column elementor-col-100 elementor-inner-column elementor-element elementor-element-b65cf34\" data-id=\"b65cf34\" data-element_type=\"column\" data-settings=\"{&quot;background_background&quot;:&quot;classic&quot;}\">\n\t\t\t<div class=\"elementor-widget-wrap elementor-element-populated\">\n\t\t\t\t\t\t<div class=\"elementor-element elementor-element-f8addb5 elementor-widget elementor-widget-heading\" data-id=\"f8addb5\" data-element_type=\"widget\" data-widget_type=\"heading.default\">\n\t\t\t\t<div class=\"elementor-widget-container\">\n\t\t\t<h2 class=\"elementor-heading-title elementor-size-default\">Eventos<\/h2>\t\t<\/div>\n\t\t\t\t<\/div>\n\t\t\t\t<div class=\"elementor-element elementor-element-464f597 elementor-widget-divider--view-line elementor-widget elementor-widget-divider\" data-id=\"464f597\" data-element_type=\"widget\" data-widget_type=\"divider.default\">\n\t\t\t\t<div class=\"elementor-widget-container\">\n\t\t\t\t\t<div class=\"elementor-divider\">\n\t\t\t<span class=\"elementor-divider-separator\">\n\t\t\t\t\t\t<\/span>\n\t\t<\/div>\n\t\t\t\t<\/div>\n\t\t\t\t<\/div>\n\t\t\t\t<div class=\"elementor-element elementor-element-2608e6c elementor-grid-3 elementor-grid-mobile-1 elementor-posts--thumbnail-top elementor-widget elementor-widget-posts\" data-id=\"2608e6c\" data-element_type=\"widget\" data-settings=\"{&quot;classic_columns&quot;:&quot;3&quot;,&quot;classic_columns_mobile&quot;:&quot;1&quot;,&quot;classic_row_gap&quot;:{&quot;unit&quot;:&quot;px&quot;,&quot;size&quot;:35,&quot;sizes&quot;:[]},&quot;classic_row_gap_tablet&quot;:{&quot;unit&quot;:&quot;px&quot;,&quot;size&quot;:&quot;&quot;,&quot;sizes&quot;:[]},&quot;classic_row_gap_mobile&quot;:{&quot;unit&quot;:&quot;px&quot;,&quot;size&quot;:&quot;&quot;,&quot;sizes&quot;:[]}}\" data-widget_type=\"posts.classic\">\n\t\t\t\t<div class=\"elementor-widget-container\">\n\t\t\t\t\t<div class=\"elementor-posts-container elementor-posts elementor-posts--skin-classic elementor-grid\">\n\t\t\t\t<article class=\"elementor-post elementor-grid-item post-1462 post type-post status-publish format-standard has-post-thumbnail hentry category-evento category-noticias\">\n\t\t\t\t<a class=\"elementor-post__thumbnail__link\" href=\"https:\/\/sites.usp.br\/nupps\/homenagem-a-eunice-durham\/\" tabindex=\"-1\" >\n\t\t\t<div class=\"elementor-post__thumbnail\"><img fetchpriority=\"high\" decoding=\"async\" width=\"604\" height=\"604\" src=\"https:\/\/sites.usp.br\/nupps\/wp-content\/uploads\/sites\/762\/2022\/10\/WhatsApp-Image-2022-10-11-at-08.30.47-e1665497829940.jpeg\" class=\"attachment-full size-full wp-image-1461\" alt=\"\" srcset=\"https:\/\/sites.usp.br\/nupps\/wp-content\/uploads\/sites\/762\/2022\/10\/WhatsApp-Image-2022-10-11-at-08.30.47-e1665497829940.jpeg 604w, https:\/\/sites.usp.br\/nupps\/wp-content\/uploads\/sites\/762\/2022\/10\/WhatsApp-Image-2022-10-11-at-08.30.47-e1665497829940-300x300.jpeg 300w, https:\/\/sites.usp.br\/nupps\/wp-content\/uploads\/sites\/762\/2022\/10\/WhatsApp-Image-2022-10-11-at-08.30.47-e1665497829940-150x150.jpeg 150w, https:\/\/sites.usp.br\/nupps\/wp-content\/uploads\/sites\/762\/2022\/10\/WhatsApp-Image-2022-10-11-at-08.30.47-e1665497829940-45x45.jpeg 45w, https:\/\/sites.usp.br\/nupps\/wp-content\/uploads\/sites\/762\/2022\/10\/WhatsApp-Image-2022-10-11-at-08.30.47-e1665497829940-200x200.jpeg 200w, https:\/\/sites.usp.br\/nupps\/wp-content\/uploads\/sites\/762\/2022\/10\/WhatsApp-Image-2022-10-11-at-08.30.47-e1665497829940-400x400.jpeg 400w\" sizes=\"(max-width: 604px) 100vw, 604px\" \/><\/div>\n\t\t<\/a>\n\t\t\t\t<div class=\"elementor-post__text\">\n\t\t\t\t<h3 class=\"elementor-post__title\">\n\t\t\t<a href=\"https:\/\/sites.usp.br\/nupps\/homenagem-a-eunice-durham\/\" >\n\t\t\t\tHomenagem a Eunice Durham\t\t\t<\/a>\n\t\t<\/h3>\n\t\t\t\t<div class=\"elementor-post__meta-data\">\n\t\t\t\t\t<span class=\"elementor-post-date\">\n\t\t\t11\/10\/2022\t\t<\/span>\n\t\t\t\t<\/div>\n\t\t\t\t<div class=\"elementor-post__excerpt\">\n\t\t\t<p>Caros, sob a coordena\u00e7\u00e3o da Profa. Dra. Helena Sampaio (Unicamp, ex-NUPPs), haver\u00e1 uma mesa na ANPOCS no pr\u00f3ximo dia 19\/10 \u00e0s 9h30 em &#8220;HOMENAGEM A<\/p>\n\t\t<\/div>\n\t\t\n\t\t<a class=\"elementor-post__read-more\" href=\"https:\/\/sites.usp.br\/nupps\/homenagem-a-eunice-durham\/\" aria-label=\"Read more about Homenagem a Eunice Durham\" tabindex=\"-1\" >\n\t\t\tVer mais\t\t<\/a>\n\n\t\t\t\t<\/div>\n\t\t\t\t<\/article>\n\t\t\t\t<article class=\"elementor-post elementor-grid-item post-1370 post type-post status-publish format-standard hentry category-evento category-noticias\">\n\t\t\t\t<div class=\"elementor-post__text\">\n\t\t\t\t<h3 class=\"elementor-post__title\">\n\t\t\t<a href=\"https:\/\/sites.usp.br\/nupps\/expandir-e-tornar-a-infraestrutura-mais-verde-e-integrar-a-logistica\/\" >\n\t\t\t\tExpandir e Tornar a Infraestrutura mais Verde e Integrar a Log\u00edstica\t\t\t<\/a>\n\t\t<\/h3>\n\t\t\t\t<div class=\"elementor-post__meta-data\">\n\t\t\t\t\t<span class=\"elementor-post-date\">\n\t\t\t21\/06\/2022\t\t<\/span>\n\t\t\t\t<\/div>\n\t\t\t\t<div class=\"elementor-post__excerpt\">\n\t\t\t<p>http:\/\/www.iea.usp.br\/eventos\/politicas-prioritarias-10<\/p>\n\t\t<\/div>\n\t\t\n\t\t<a class=\"elementor-post__read-more\" href=\"https:\/\/sites.usp.br\/nupps\/expandir-e-tornar-a-infraestrutura-mais-verde-e-integrar-a-logistica\/\" aria-label=\"Read more about Expandir e Tornar a Infraestrutura mais Verde e Integrar a Log\u00edstica\" tabindex=\"-1\" >\n\t\t\tVer mais\t\t<\/a>\n\n\t\t\t\t<\/div>\n\t\t\t\t<\/article>\n\t\t\t\t<article class=\"elementor-post elementor-grid-item post-1355 post type-post status-publish format-standard hentry category-evento category-noticias\">\n\t\t\t\t<div class=\"elementor-post__text\">\n\t\t\t\t<h3 class=\"elementor-post__title\">\n\t\t\t<a href=\"https:\/\/sites.usp.br\/nupps\/seminario-estamos-entrando-na-era-das-autocracias\/\" >\n\t\t\t\tSemin\u00e1rio: Estamos Entrando na Era das Autocracias\t\t\t<\/a>\n\t\t<\/h3>\n\t\t\t\t<div class=\"elementor-post__meta-data\">\n\t\t\t\t\t<span class=\"elementor-post-date\">\n\t\t\t08\/06\/2022\t\t<\/span>\n\t\t\t\t<\/div>\n\t\t\t\t<div class=\"elementor-post__excerpt\">\n\t\t\t<p>http:\/\/www.iea.usp.br\/eventos\/era-das-autocracias<\/p>\n\t\t<\/div>\n\t\t\n\t\t<a class=\"elementor-post__read-more\" href=\"https:\/\/sites.usp.br\/nupps\/seminario-estamos-entrando-na-era-das-autocracias\/\" aria-label=\"Read more about Semin\u00e1rio: Estamos Entrando na Era das Autocracias\" tabindex=\"-1\" >\n\t\t\tVer mais\t\t<\/a>\n\n\t\t\t\t<\/div>\n\t\t\t\t<\/article>\n\t\t\t\t<\/div>\n\t\t\n\t\t\t\t<\/div>\n\t\t\t\t<\/div>\n\t\t\t\t<div class=\"elementor-element elementor-element-fe68839 elementor-align-center elementor-widget elementor-widget-button\" data-id=\"fe68839\" data-element_type=\"widget\" data-widget_type=\"button.default\">\n\t\t\t\t<div class=\"elementor-widget-container\">\n\t\t\t\t\t\t\t<div class=\"elementor-button-wrapper\">\n\t\t\t\t\t<a class=\"elementor-button elementor-button-link elementor-size-sm\" href=\"https:\/\/sites.usp.br\/nupps\/noticias\/\">\n\t\t\t\t\t\t<span class=\"elementor-button-content-wrapper\">\n\t\t\t\t\t\t\t\t\t<span class=\"elementor-button-text\">Acessar tudo<\/span>\n\t\t\t\t\t<\/span>\n\t\t\t\t\t<\/a>\n\t\t\t\t<\/div>\n\t\t\t\t\t\t<\/div>\n\t\t\t\t<\/div>\n\t\t\t\t\t<\/div>\n\t\t<\/div>\n\t\t\t\t\t<\/div>\n\t\t<\/section>\n\t\t\t\t<section class=\"elementor-section elementor-inner-section elementor-element elementor-element-2a29074 elementor-section-boxed elementor-section-height-default elementor-section-height-default\" data-id=\"2a29074\" data-element_type=\"section\">\n\t\t\t\t\t\t<div class=\"elementor-container elementor-column-gap-default\">\n\t\t\t\t\t<div class=\"elementor-column elementor-col-100 elementor-inner-column elementor-element elementor-element-9ab0a13\" data-id=\"9ab0a13\" data-element_type=\"column\" data-settings=\"{&quot;background_background&quot;:&quot;classic&quot;}\">\n\t\t\t<div class=\"elementor-widget-wrap elementor-element-populated\">\n\t\t\t\t\t\t<div class=\"elementor-element elementor-element-258904c elementor-widget elementor-widget-heading\" data-id=\"258904c\" data-element_type=\"widget\" data-widget_type=\"heading.default\">\n\t\t\t\t<div class=\"elementor-widget-container\">\n\t\t\t<h2 class=\"elementor-heading-title elementor-size-default\">Not\u00edcias<\/h2>\t\t<\/div>\n\t\t\t\t<\/div>\n\t\t\t\t<div class=\"elementor-element elementor-element-5ced50c elementor-widget-divider--view-line elementor-widget elementor-widget-divider\" data-id=\"5ced50c\" data-element_type=\"widget\" data-widget_type=\"divider.default\">\n\t\t\t\t<div class=\"elementor-widget-container\">\n\t\t\t\t\t<div class=\"elementor-divider\">\n\t\t\t<span class=\"elementor-divider-separator\">\n\t\t\t\t\t\t<\/span>\n\t\t<\/div>\n\t\t\t\t<\/div>\n\t\t\t\t<\/div>\n\t\t\t\t<div class=\"elementor-element elementor-element-b1135ed elementor-grid-3 elementor-grid-mobile-1 elementor-posts--thumbnail-top elementor-widget elementor-widget-posts\" data-id=\"b1135ed\" data-element_type=\"widget\" data-settings=\"{&quot;classic_columns&quot;:&quot;3&quot;,&quot;classic_columns_mobile&quot;:&quot;1&quot;,&quot;classic_row_gap&quot;:{&quot;unit&quot;:&quot;px&quot;,&quot;size&quot;:35,&quot;sizes&quot;:[]},&quot;classic_row_gap_tablet&quot;:{&quot;unit&quot;:&quot;px&quot;,&quot;size&quot;:&quot;&quot;,&quot;sizes&quot;:[]},&quot;classic_row_gap_mobile&quot;:{&quot;unit&quot;:&quot;px&quot;,&quot;size&quot;:&quot;&quot;,&quot;sizes&quot;:[]}}\" data-widget_type=\"posts.classic\">\n\t\t\t\t<div class=\"elementor-widget-container\">\n\t\t\t\t\t<div class=\"elementor-posts-container elementor-posts elementor-posts--skin-classic elementor-grid\">\n\t\t\t\t<article class=\"elementor-post elementor-grid-item post-1462 post type-post status-publish format-standard has-post-thumbnail hentry category-evento category-noticias\">\n\t\t\t\t<a class=\"elementor-post__thumbnail__link\" href=\"https:\/\/sites.usp.br\/nupps\/homenagem-a-eunice-durham\/\" tabindex=\"-1\" >\n\t\t\t<div class=\"elementor-post__thumbnail\"><img fetchpriority=\"high\" decoding=\"async\" width=\"604\" height=\"604\" src=\"https:\/\/sites.usp.br\/nupps\/wp-content\/uploads\/sites\/762\/2022\/10\/WhatsApp-Image-2022-10-11-at-08.30.47-e1665497829940.jpeg\" class=\"attachment-full size-full wp-image-1461\" alt=\"\" srcset=\"https:\/\/sites.usp.br\/nupps\/wp-content\/uploads\/sites\/762\/2022\/10\/WhatsApp-Image-2022-10-11-at-08.30.47-e1665497829940.jpeg 604w, https:\/\/sites.usp.br\/nupps\/wp-content\/uploads\/sites\/762\/2022\/10\/WhatsApp-Image-2022-10-11-at-08.30.47-e1665497829940-300x300.jpeg 300w, https:\/\/sites.usp.br\/nupps\/wp-content\/uploads\/sites\/762\/2022\/10\/WhatsApp-Image-2022-10-11-at-08.30.47-e1665497829940-150x150.jpeg 150w, https:\/\/sites.usp.br\/nupps\/wp-content\/uploads\/sites\/762\/2022\/10\/WhatsApp-Image-2022-10-11-at-08.30.47-e1665497829940-45x45.jpeg 45w, https:\/\/sites.usp.br\/nupps\/wp-content\/uploads\/sites\/762\/2022\/10\/WhatsApp-Image-2022-10-11-at-08.30.47-e1665497829940-200x200.jpeg 200w, https:\/\/sites.usp.br\/nupps\/wp-content\/uploads\/sites\/762\/2022\/10\/WhatsApp-Image-2022-10-11-at-08.30.47-e1665497829940-400x400.jpeg 400w\" sizes=\"(max-width: 604px) 100vw, 604px\" \/><\/div>\n\t\t<\/a>\n\t\t\t\t<div class=\"elementor-post__text\">\n\t\t\t\t<h3 class=\"elementor-post__title\">\n\t\t\t<a href=\"https:\/\/sites.usp.br\/nupps\/homenagem-a-eunice-durham\/\" >\n\t\t\t\tHomenagem a Eunice Durham\t\t\t<\/a>\n\t\t<\/h3>\n\t\t\t\t<div class=\"elementor-post__excerpt\">\n\t\t\t<p>Caros, sob a coordena\u00e7\u00e3o da Profa. Dra. Helena Sampaio (Unicamp, ex-NUPPs), haver\u00e1 uma mesa na ANPOCS no pr\u00f3ximo dia 19\/10 \u00e0s 9h30 em &#8220;HOMENAGEM A<\/p>\n\t\t<\/div>\n\t\t\n\t\t<a class=\"elementor-post__read-more\" href=\"https:\/\/sites.usp.br\/nupps\/homenagem-a-eunice-durham\/\" aria-label=\"Read more about Homenagem a Eunice Durham\" tabindex=\"-1\" >\n\t\t\tAcessar\t\t<\/a>\n\n\t\t\t\t<\/div>\n\t\t\t\t<\/article>\n\t\t\t\t<article class=\"elementor-post elementor-grid-item post-1420 post type-post status-publish format-standard hentry category-noticias\">\n\t\t\t\t<div class=\"elementor-post__text\">\n\t\t\t\t<h3 class=\"elementor-post__title\">\n\t\t\t<a href=\"https:\/\/sites.usp.br\/nupps\/jose-alvaro-moises-diz-que-o-sistema-politico-esta-em-crise\/\" >\n\t\t\t\tJos\u00e9 \u00c1lvaro Mois\u00e9s diz que o sistema pol\u00edtico est\u00e1 em \u201ccrise\u201d\t\t\t<\/a>\n\t\t<\/h3>\n\t\t\t\t<div class=\"elementor-post__excerpt\">\n\t\t\t\t\t<\/div>\n\t\t\n\t\t<a class=\"elementor-post__read-more\" href=\"https:\/\/sites.usp.br\/nupps\/jose-alvaro-moises-diz-que-o-sistema-politico-esta-em-crise\/\" aria-label=\"Read more about Jos\u00e9 \u00c1lvaro Mois\u00e9s diz que o sistema pol\u00edtico est\u00e1 em \u201ccrise\u201d\" tabindex=\"-1\" >\n\t\t\tAcessar\t\t<\/a>\n\n\t\t\t\t<\/div>\n\t\t\t\t<\/article>\n\t\t\t\t<article class=\"elementor-post elementor-grid-item post-1379 post type-post status-publish format-standard hentry category-geral category-noticias\">\n\t\t\t\t<div class=\"elementor-post__text\">\n\t\t\t\t<h3 class=\"elementor-post__title\">\n\t\t\t<a href=\"https:\/\/sites.usp.br\/nupps\/nota-de-falecimento-professora-eunice-ribeiro-durham\/\" >\n\t\t\t\tNota de Falecimento &#8211; Profa. Dra. Eunice R. Durham\t\t\t<\/a>\n\t\t<\/h3>\n\t\t\t\t<div class=\"elementor-post__excerpt\">\n\t\t\t<p>\u00c9 com enorme tristeza e dor que comunicamos o falecimento ocorrido hoje da Professora Eunice Ribeiro Durham, que por muitos anos dirigiu e inspirou a<\/p>\n\t\t<\/div>\n\t\t\n\t\t<a class=\"elementor-post__read-more\" href=\"https:\/\/sites.usp.br\/nupps\/nota-de-falecimento-professora-eunice-ribeiro-durham\/\" aria-label=\"Read more about Nota de Falecimento &#8211; Profa. Dra. Eunice R. Durham\" tabindex=\"-1\" >\n\t\t\tAcessar\t\t<\/a>\n\n\t\t\t\t<\/div>\n\t\t\t\t<\/article>\n\t\t\t\t<\/div>\n\t\t\n\t\t\t\t<\/div>\n\t\t\t\t<\/div>\n\t\t\t\t<div class=\"elementor-element elementor-element-602c121 elementor-align-center elementor-widget elementor-widget-button\" data-id=\"602c121\" data-element_type=\"widget\" data-widget_type=\"button.default\">\n\t\t\t\t<div class=\"elementor-widget-container\">\n\t\t\t\t\t\t\t<div class=\"elementor-button-wrapper\">\n\t\t\t\t\t<a class=\"elementor-button elementor-button-link elementor-size-sm\" href=\"https:\/\/sites.usp.br\/nupps\/noticias\/\">\n\t\t\t\t\t\t<span class=\"elementor-button-content-wrapper\">\n\t\t\t\t\t\t\t\t\t<span class=\"elementor-button-text\">Acessar tudo<\/span>\n\t\t\t\t\t<\/span>\n\t\t\t\t\t<\/a>\n\t\t\t\t<\/div>\n\t\t\t\t\t\t<\/div>\n\t\t\t\t<\/div>\n\t\t\t\t\t<\/div>\n\t\t<\/div>\n\t\t\t\t\t<\/div>\n\t\t<\/section>\n\t\t\t\t<section class=\"elementor-section elementor-inner-section elementor-element elementor-element-b8d5b87 elementor-section-boxed elementor-section-height-default elementor-section-height-default\" data-id=\"b8d5b87\" data-element_type=\"section\">\n\t\t\t\t\t\t<div class=\"elementor-container elementor-column-gap-default\">\n\t\t\t\t\t<div class=\"elementor-column elementor-col-100 elementor-inner-column elementor-element elementor-element-18f4842\" data-id=\"18f4842\" data-element_type=\"column\" data-settings=\"{&quot;background_background&quot;:&quot;classic&quot;}\">\n\t\t\t<div class=\"elementor-widget-wrap elementor-element-populated\">\n\t\t\t\t\t\t<div class=\"elementor-element elementor-element-92e3420 elementor-widget elementor-widget-heading\" data-id=\"92e3420\" data-element_type=\"widget\" data-widget_type=\"heading.default\">\n\t\t\t\t<div class=\"elementor-widget-container\">\n\t\t\t<h2 class=\"elementor-heading-title elementor-size-default\">Chamadas<\/h2>\t\t<\/div>\n\t\t\t\t<\/div>\n\t\t\t\t<div class=\"elementor-element elementor-element-92c2d9c elementor-widget-divider--view-line elementor-widget elementor-widget-divider\" data-id=\"92c2d9c\" data-element_type=\"widget\" data-widget_type=\"divider.default\">\n\t\t\t\t<div class=\"elementor-widget-container\">\n\t\t\t\t\t<div class=\"elementor-divider\">\n\t\t\t<span class=\"elementor-divider-separator\">\n\t\t\t\t\t\t<\/span>\n\t\t<\/div>\n\t\t\t\t<\/div>\n\t\t\t\t<\/div>\n\t\t\t\t<div class=\"elementor-element elementor-element-8da6695 elementor-posts--thumbnail-none elementor-grid-3 elementor-grid-mobile-1 elementor-widget elementor-widget-posts\" data-id=\"8da6695\" data-element_type=\"widget\" data-settings=\"{&quot;classic_columns&quot;:&quot;3&quot;,&quot;classic_columns_mobile&quot;:&quot;1&quot;,&quot;classic_row_gap&quot;:{&quot;unit&quot;:&quot;px&quot;,&quot;size&quot;:35,&quot;sizes&quot;:[]},&quot;classic_row_gap_tablet&quot;:{&quot;unit&quot;:&quot;px&quot;,&quot;size&quot;:&quot;&quot;,&quot;sizes&quot;:[]},&quot;classic_row_gap_mobile&quot;:{&quot;unit&quot;:&quot;px&quot;,&quot;size&quot;:&quot;&quot;,&quot;sizes&quot;:[]}}\" data-widget_type=\"posts.classic\">\n\t\t\t\t<div class=\"elementor-widget-container\">\n\t\t\t\t\t<div class=\"elementor-posts-container elementor-posts elementor-posts--skin-classic elementor-grid\">\n\t\t\t\t<article class=\"elementor-post elementor-grid-item post-1287 post type-post status-publish format-standard hentry category-chamada category-noticias\">\n\t\t\t\t<div class=\"elementor-post__text\">\n\t\t\t\t<h3 class=\"elementor-post__title\">\n\t\t\t<a href=\"https:\/\/sites.usp.br\/nupps\/resultado-da-primeira-fase-do-processo-seletivo-de-bolsa-de-pos-doutorado-fapesp\/\" >\n\t\t\t\tResultado da Primeira Fase do Processo Seletivo de Bolsa de P\u00f3s-Doutorado FAPESP\t\t\t<\/a>\n\t\t<\/h3>\n\t\t\t\t<div class=\"elementor-post__meta-data\">\n\t\t\t\t\t<span class=\"elementor-post-date\">\n\t\t\t04\/05\/2022\t\t<\/span>\n\t\t\t\t<\/div>\n\t\t\t\t<div class=\"elementor-post__excerpt\">\n\t\t\t<p>Os candidatos abaixo foram selecionados para a segunda fase do processo de sele\u00e7\u00e3o de um pesquisador de p\u00f3s-doutorado junto ao projeto\u00a0\u201cA Qualidade da Democracia Brasileira:<\/p>\n\t\t<\/div>\n\t\t\n\t\t<a class=\"elementor-post__read-more\" href=\"https:\/\/sites.usp.br\/nupps\/resultado-da-primeira-fase-do-processo-seletivo-de-bolsa-de-pos-doutorado-fapesp\/\" aria-label=\"Read more about Resultado da Primeira Fase do Processo Seletivo de Bolsa de P\u00f3s-Doutorado FAPESP\" tabindex=\"-1\" >\n\t\t\tVer mais\t\t<\/a>\n\n\t\t\t\t<\/div>\n\t\t\t\t<\/article>\n\t\t\t\t<article class=\"elementor-post elementor-grid-item post-1265 post type-post status-publish format-standard hentry category-chamada category-noticias\">\n\t\t\t\t<div class=\"elementor-post__text\">\n\t\t\t\t<h3 class=\"elementor-post__title\">\n\t\t\t<a href=\"https:\/\/sites.usp.br\/nupps\/call-for-a-postdoctoral-researcher-position-in-the-area-of-quality-of-democracy\/\" >\n\t\t\t\tCall for a postdoctoral researcher position in the area of Quality of Democracy\t\t\t<\/a>\n\t\t<\/h3>\n\t\t\t\t<div class=\"elementor-post__meta-data\">\n\t\t\t\t\t<span class=\"elementor-post-date\">\n\t\t\t13\/04\/2022\t\t<\/span>\n\t\t\t\t<\/div>\n\t\t\t\t<div class=\"elementor-post__excerpt\">\n\t\t\t<p>Postdoctoral Scholarship linked to Research Assistance &#8211; Thematic Project \u201cThe Quality of Brazilian Democracy: political representation, parties and the Integrity System\u201d \u00a0 Call for a<\/p>\n\t\t<\/div>\n\t\t\n\t\t<a class=\"elementor-post__read-more\" href=\"https:\/\/sites.usp.br\/nupps\/call-for-a-postdoctoral-researcher-position-in-the-area-of-quality-of-democracy\/\" aria-label=\"Read more about Call for a postdoctoral researcher position in the area of Quality of Democracy\" tabindex=\"-1\" >\n\t\t\tVer mais\t\t<\/a>\n\n\t\t\t\t<\/div>\n\t\t\t\t<\/article>\n\t\t\t\t<article class=\"elementor-post elementor-grid-item post-1263 post type-post status-publish format-standard hentry category-chamada category-noticias\">\n\t\t\t\t<div class=\"elementor-post__text\">\n\t\t\t\t<h3 class=\"elementor-post__title\">\n\t\t\t<a href=\"https:\/\/sites.usp.br\/nupps\/chamada-para-uma-vaga-de-pesquisador-de-pos-doutorado-na-area-de-qualidade-da-democracia-2\/\" >\n\t\t\t\tChamada para uma vaga de Pesquisador de P\u00f3s-Doutorado na \u00e1rea de Qualidade da Democracia\t\t\t<\/a>\n\t\t<\/h3>\n\t\t\t\t<div class=\"elementor-post__meta-data\">\n\t\t\t\t\t<span class=\"elementor-post-date\">\n\t\t\t13\/04\/2022\t\t<\/span>\n\t\t\t\t<\/div>\n\t\t\t\t<div class=\"elementor-post__excerpt\">\n\t\t\t<p>Bolsa de P\u00f3s-Doutorado vinculada a Aux\u00edlio \u00e0 Pesquisa &#8211; Projeto Tem\u00e1tico \u201cA Qualidade da Democracia Brasileira: representa\u00e7\u00e3o pol\u00edtica, partidos e o Sistema de Integridade\u201d Chamada<\/p>\n\t\t<\/div>\n\t\t\n\t\t<a class=\"elementor-post__read-more\" href=\"https:\/\/sites.usp.br\/nupps\/chamada-para-uma-vaga-de-pesquisador-de-pos-doutorado-na-area-de-qualidade-da-democracia-2\/\" aria-label=\"Read more about Chamada para uma vaga de Pesquisador de P\u00f3s-Doutorado na \u00e1rea de Qualidade da Democracia\" tabindex=\"-1\" >\n\t\t\tVer mais\t\t<\/a>\n\n\t\t\t\t<\/div>\n\t\t\t\t<\/article>\n\t\t\t\t<\/div>\n\t\t\n\t\t\t\t<\/div>\n\t\t\t\t<\/div>\n\t\t\t\t<div class=\"elementor-element elementor-element-fa74999 elementor-align-center elementor-widget elementor-widget-button\" data-id=\"fa74999\" data-element_type=\"widget\" data-widget_type=\"button.default\">\n\t\t\t\t<div class=\"elementor-widget-container\">\n\t\t\t\t\t\t\t<div class=\"elementor-button-wrapper\">\n\t\t\t\t\t<a class=\"elementor-button elementor-button-link elementor-size-sm\" href=\"https:\/\/sites.usp.br\/nupps\/noticias\/\">\n\t\t\t\t\t\t<span class=\"elementor-button-content-wrapper\">\n\t\t\t\t\t\t\t\t\t<span class=\"elementor-button-text\">Acessar tudo<\/span>\n\t\t\t\t\t<\/span>\n\t\t\t\t\t<\/a>\n\t\t\t\t<\/div>\n\t\t\t\t\t\t<\/div>\n\t\t\t\t<\/div>\n\t\t\t\t\t<\/div>\n\t\t<\/div>\n\t\t\t\t\t<\/div>\n\t\t<\/section>\n\t\t\t\t\t<\/div>\n\t\t<\/div>\n\t\t\t\t\t<\/div>\n\t\t<\/section>\n\t\t\t\t<\/div>\n\t\t","protected":false},"excerpt":{"rendered":"<p>Eventos Acessar tudo Not\u00edcias Acessar tudo Chamadas Acessar tudo<\/p>\n","protected":false},"author":21976,"featured_media":0,"parent":0,"menu_order":0,"comment_status":"closed","ping_status":"closed","template":"elementor_header_footer","meta":{"footnotes":"","_links_to":"","_links_to_target":""},"class_list":["post-695","page","type-page","status-publish","hentry"],"_links":{"self":[{"href":"https:\/\/sites.usp.br\/nupps\/wp-json\/wp\/v2\/pages\/695","targetHints":{"allow":["GET"]}}],"collection":[{"href":"https:\/\/sites.usp.br\/nupps\/wp-json\/wp\/v2\/pages"}],"about":[{"href":"https:\/\/sites.usp.br\/nupps\/wp-json\/wp\/v2\/types\/page"}],"author":[{"embeddable":true,"href":"https:\/\/sites.usp.br\/nupps\/wp-json\/wp\/v2\/users\/21976"}],"replies":[{"embeddable":true,"href":"https:\/\/sites.usp.br\/nupps\/wp-json\/wp\/v2\/comments?post=695"}],"version-history":[{"count":4,"href":"https:\/\/sites.usp.br\/nupps\/wp-json\/wp\/v2\/pages\/695\/revisions"}],"predecessor-version":[{"id":856,"href":"https:\/\/sites.usp.br\/nupps\/wp-json\/wp\/v2\/pages\/695\/revisions\/856"}],"wp:attachment":[{"href":"https:\/\/sites.usp.br\/nupps\/wp-json\/wp\/v2\/media?parent=695"}],"curies":[{"name":"wp","href":"https:\/\/api.w.org\/{rel}","templated":true}]}}