{"id":79,"date":"2014-02-24T16:51:20","date_gmt":"2014-02-24T18:51:20","guid":{"rendered":"http:\/\/sites.usp.br\/nupps\/?page_id=79"},"modified":"2021-08-17T12:14:14","modified_gmt":"2021-08-17T14:14:14","slug":"pagina-inicial","status":"publish","type":"page","link":"https:\/\/sites.usp.br\/nupps\/pagina-inicial\/","title":{"rendered":"Institucional"},"content":{"rendered":"\t\t<div data-elementor-type=\"wp-page\" data-elementor-id=\"79\" class=\"elementor elementor-79\" data-elementor-post-type=\"page\">\n\t\t\t\t\t\t<section class=\"elementor-section elementor-top-section elementor-element elementor-element-4d8c4795 elementor-section-boxed elementor-section-height-default elementor-section-height-default\" data-id=\"4d8c4795\" data-element_type=\"section\">\n\t\t\t\t\t\t<div class=\"elementor-container elementor-column-gap-default\">\n\t\t\t\t\t<div class=\"elementor-column elementor-col-100 elementor-top-column elementor-element elementor-element-3d4db7ad\" data-id=\"3d4db7ad\" data-element_type=\"column\">\n\t\t\t<div class=\"elementor-widget-wrap elementor-element-populated\">\n\t\t\t\t\t\t<div class=\"elementor-element elementor-element-7a99c820 elementor-widget elementor-widget-text-editor\" data-id=\"7a99c820\" data-element_type=\"widget\" data-widget_type=\"text-editor.default\">\n\t\t\t\t<div class=\"elementor-widget-container\">\n\t\t\t\t\t\t\t<h3><strong><span style=\"color: #ed1459;\">O QUE \u00c9 O NUPPs?<\/span><\/strong><\/h3><p>O NUPPs &#8211; N\u00facleo de Pesquisa de Pol\u00edticas P\u00fablicas da Universidade de S\u00e3o Paulo \u00e9 a continua\u00e7\u00e3o institucional ampliada do antigo N\u00facleo de Pesquisa do Ensino Superior \u2013 NUPES, o qual foi criado em 1989 e se especializou no diagn\u00f3stico e an\u00e1lise de pol\u00edticas para o ensino superior, bem como das estruturas das universidades p\u00fablicas e dos seus resultados. Em 2004\/2005, por iniciativa da presidente do seu Conselho Diretor, Professora Eunice Ribeiro Durham (FFLCH), e sob a coordena\u00e7\u00e3o do Pr\u00f3-reitor de Pesquisa \u00e0 \u00e9poca, Professor Luiz Nunes, transformou-se no atual NUPPs, ampliando o escopo de seus objetivos.<\/p><p>O NUPPs\u00a0dedica-se ao estudo e an\u00e1lise de programas de pol\u00edticas p\u00fablicas sob o \u00e2ngulo da rela\u00e7\u00e3o entre governan\u00e7a democr\u00e1tica, cidadania e desigualdades. O NUPPs analisa as etapas de formula\u00e7\u00e3o e implementa\u00e7\u00e3o das pol\u00edticas p\u00fablicas e, principalmente, a que se refere aos resultados e \u00e0 efic\u00e1cia das mesmas. Um de seus objetivos principais, portanto, \u00e9 a an\u00e1lise da qualidade da gest\u00e3o das pol\u00edticas p\u00fablicas no pa\u00eds.<\/p><p>O NUPPs prioriza, na atualidade, o estudo das pol\u00edticas sociais, a exemplo das pol\u00edticas educacionais e dos programas de transfer\u00eancia de renda, assim como a quest\u00e3o da rela\u00e7\u00e3o dos cidad\u00e3os com as institui\u00e7\u00f5es democr\u00e1ticas. Al\u00e9m destas, no \u00e2mbito das pol\u00edticas de Estado, o N\u00facleo desenvolve tamb\u00e9m projetos de pesquisa na \u00e1rea de reformas econ\u00f4micas, de seguran\u00e7a e criminalidade, dos efeitos dom\u00e9sticos da pol\u00edtica externa brasileira e da participa\u00e7\u00e3o cidad\u00e3 em processos de tomada de decis\u00f5es p\u00fablicas.<\/p><h3><span style=\"color: #ed1459;\">CENTRO DE DOCUMENTA\u00c7\u00c3O<\/span><\/h3><p>O centro de documenta\u00e7\u00e3o, especializado em an\u00e1lise e avalia\u00e7\u00e3o de pol\u00edticas p\u00fablicas, com \u00eanfase em pol\u00edticas educacionais, conta com 2.000 volumes e subscreve as principais revistas e peri\u00f3dicos especializados na \u00e1rea.<\/p><h3><span style=\"color: #ed1459;\">INFRA-ESTRUTURA E EQUIPAMENTOS<\/span><\/h3><p>O NUPPs ocupa dois conjuntos (favos 9 e 21), no total de 150m2, no campus da USP. Os dois conjuntos contam com 8 salas de pesquisa e uma sala de reuni\u00e3o que tamb\u00e9m sedia sua biblioteca e o centro de documenta\u00e7\u00e3o. A sede do N\u00facleo est\u00e1 equipada com 24 pontos de rede de computadores interligados ao Centro de Computa\u00e7\u00e3o da USP.<\/p>\t\t\t\t\t\t<\/div>\n\t\t\t\t<\/div>\n\t\t\t\t\t<\/div>\n\t\t<\/div>\n\t\t\t\t\t<\/div>\n\t\t<\/section>\n\t\t\t\t<\/div>\n\t\t","protected":false},"excerpt":{"rendered":"<p>O QUE \u00c9 O NUPPs? O NUPPs &#8211; N\u00facleo de Pesquisa de Pol\u00edticas P\u00fablicas da Universidade de S\u00e3o Paulo \u00e9 a continua\u00e7\u00e3o institucional ampliada do antigo N\u00facleo de Pesquisa do Ensino Superior \u2013 NUPES, o qual foi criado em 1989 e se especializou no diagn\u00f3stico e an\u00e1lise de pol\u00edticas para o ensino superior, bem como [&hellip;]<\/p>\n","protected":false},"author":1,"featured_media":0,"parent":0,"menu_order":0,"comment_status":"closed","ping_status":"closed","template":"","meta":{"footnotes":"","_links_to":"","_links_to_target":""},"class_list":["post-79","page","type-page","status-publish","hentry"],"_links":{"self":[{"href":"https:\/\/sites.usp.br\/nupps\/wp-json\/wp\/v2\/pages\/79","targetHints":{"allow":["GET"]}}],"collection":[{"href":"https:\/\/sites.usp.br\/nupps\/wp-json\/wp\/v2\/pages"}],"about":[{"href":"https:\/\/sites.usp.br\/nupps\/wp-json\/wp\/v2\/types\/page"}],"author":[{"embeddable":true,"href":"https:\/\/sites.usp.br\/nupps\/wp-json\/wp\/v2\/users\/1"}],"replies":[{"embeddable":true,"href":"https:\/\/sites.usp.br\/nupps\/wp-json\/wp\/v2\/comments?post=79"}],"version-history":[{"count":4,"href":"https:\/\/sites.usp.br\/nupps\/wp-json\/wp\/v2\/pages\/79\/revisions"}],"predecessor-version":[{"id":697,"href":"https:\/\/sites.usp.br\/nupps\/wp-json\/wp\/v2\/pages\/79\/revisions\/697"}],"wp:attachment":[{"href":"https:\/\/sites.usp.br\/nupps\/wp-json\/wp\/v2\/media?parent=79"}],"curies":[{"name":"wp","href":"https:\/\/api.w.org\/{rel}","templated":true}]}}