{"id":894,"date":"2021-11-15T20:27:31","date_gmt":"2021-11-15T22:27:31","guid":{"rendered":"https:\/\/sites.usp.br\/nupps\/?page_id=894"},"modified":"2021-11-15T20:48:49","modified_gmt":"2021-11-15T22:48:49","slug":"elizabeth-balbachevsky","status":"publish","type":"page","link":"https:\/\/sites.usp.br\/nupps\/equipe\/elizabeth-balbachevsky\/","title":{"rendered":"Elizabeth Balbachevsky"},"content":{"rendered":"<p><span id=\"cloak01271eacdd0b7dcc92b73d907c25c7d0\"><a href=\"mailto:balbasky@usp.br\">balbasky@usp.br<\/a><\/span> | <a href=\"http:\/\/lattes.cnpq.br\/3538268884287705\" target=\"_blank\" rel=\"noopener noreferrer\">Curr\u00edculo Lattes<\/a><\/p>\n<p><a href=\"https:\/\/sites.usp.br\/nupps\/wp-content\/uploads\/sites\/762\/2021\/11\/beth.png\"><img decoding=\"async\" class=\"size-thumbnail wp-image-895 alignleft\" src=\"https:\/\/sites.usp.br\/nupps\/wp-content\/uploads\/sites\/762\/2021\/11\/beth-150x150.png\" alt=\"\" width=\"150\" height=\"150\" srcset=\"https:\/\/sites.usp.br\/nupps\/wp-content\/uploads\/sites\/762\/2021\/11\/beth-150x150.png 150w, https:\/\/sites.usp.br\/nupps\/wp-content\/uploads\/sites\/762\/2021\/11\/beth-45x45.png 45w, https:\/\/sites.usp.br\/nupps\/wp-content\/uploads\/sites\/762\/2021\/11\/beth-200x200.png 200w\" sizes=\"(max-width: 150px) 100vw, 150px\" \/><\/a><\/p>\n<p><strong>Elizabeth Balbachevsky<\/strong> possui gradua\u00e7\u00e3o em Ci\u00eancias Sociais pela Universidade de S\u00e3o Paulo (1981), mestrado em Ci\u00eancias Sociais pela Pontif\u00edcia Universidade Cat\u00f3lica de S\u00e3o Paulo (1987), doutorado em Ci\u00eancia Pol\u00edtica pela Universidade de S\u00e3o Paulo (1995) e \u00e9 livre docente pelo Departamento de Ci\u00eancia Pol\u00edtica da Universidade de S\u00e3o Paulo. \u00c9 professora associada da Universidade de S\u00e3o Paulo, no Departamento de Ci\u00eancia Pol\u00edtica e atual Coordenadora cient\u00edfica do NUPPs &#8211; N\u00facleo de Pesquisa de Pol\u00edticas P\u00fablicas da USP.<\/p>\n<p>Tem experi\u00eancia na \u00e1rea de Ci\u00eancia Pol\u00edtica, com \u00eanfase em An\u00e1lise de pesquisas de opini\u00e3o, pol\u00edticas de C, T &amp; I e pol\u00edticas de ensino superior. Entre 2005 e 2006 foi Fulbright Scholar no Programa New Century Scholars, realizando um estudo comparado sobre o impacto da globaliza\u00e7\u00e3o nas pol\u00edticas de ensino superior em pa\u00edses emergentes. Em 2007 passou a integrar a rede internacional de pesquisa &#8220;The Changing Academic Profession &#8211; CAP project &#8211; que re\u00fane pesquisadores de 19 pa\u00edses para estudar as transforma\u00e7\u00f5es recentes da profiss\u00e3o acad\u00eamica no contexto da globaliza\u00e7\u00e3o. Desde o in\u00edcio de 2007 participa tamb\u00e9m da Rede Latino-Americana de Pol\u00edticas Regionais . Dentro dessa rede, participa da pesquisa &#8220;percep\u00e7\u00f5es da elite sul-americana sobre os impactos da desigualdade para a sobreviv\u00eancia da democracia no continente&#8221;.<\/p>\n<p>&nbsp;<\/p>\n<h3>Principais Artigos<\/h3>\n<ul>\n<li><a title=\"artigo\" href=\"https:\/\/nupps.usp.br\/artigos\/elizabethbalbachevsky\/academiccareersinbrazil.pdf\" target=\"_blank\" rel=\"noopener noreferrer\">BALBACHEVSKY, E. &#8220;Academic Careers in Brazil: The Legacy of the Past&#8221;<\/a><\/li>\n<li><a title=\"artigo\" href=\"http:\/\/www.springerlink.com\/content\/978-94-007-1140-2#section=901206&amp;page=1&amp;locus=0\" target=\"_blank\" rel=\"noopener noreferrer\">BALBACHEVSKY, E. e SCHWARTZMAN, S. &#8220;Brazil: diverse experience in institutional governance in the public and private sectors&#8221; Em William Locke; William Cummings; Donald Fisher. (Org.), Changing governance and management in higher education: the perspectives of academy. Dordrecht: Springer, p. 35-36. <\/a><\/li>\n<li><a title=\"artigo\" href=\"https:\/\/nupps.usp.br\/images\/artigos_temp\/job_satisfaction.pdf\" target=\"_blank\" rel=\"noopener noreferrer\">BALBACHEVSKY, E. e SCHWARTZMAN, S. &#8220;Job satisfaction in a diverse institutional environment: the Brazilian experience&#8221;<\/a><\/li>\n<li><a title=\"artigo\" href=\"https:\/\/nupps.usp.br\/images\/artigos_temp\/ipsa2011.pdf\" target=\"_blank\" rel=\"noopener noreferrer\">BALBACHEVSKY, E. e BOTELHO, A. J. J. &#8220;Science and Innovation policies in Brazil: a framework for the analysis of change and continuity&#8221; (Apresenta\u00e7\u00e3o de Trabalho)<\/a><\/li>\n<li><a title=\"artigo\" href=\"https:\/\/nupps.usp.br\/images\/artigos_temp\/management_in.pdf\" target=\"_blank\" rel=\"noopener noreferrer\">BALBACHEVSKY, E. e SCHWARTZMAN, S. &#8220;Management and governance in higher education: the Brazilian experience&#8221;<\/a><\/li>\n<\/ul>\n","protected":false},"excerpt":{"rendered":"<p>balbasky@usp.br | Curr\u00edculo Lattes Elizabeth Balbachevsky possui gradua\u00e7\u00e3o em Ci\u00eancias Sociais pela Universidade de S\u00e3o Paulo (1981), mestrado em Ci\u00eancias Sociais pela Pontif\u00edcia Universidade Cat\u00f3lica de S\u00e3o Paulo (1987), doutorado em Ci\u00eancia Pol\u00edtica pela Universidade de S\u00e3o Paulo (1995) e \u00e9 livre docente pelo Departamento de Ci\u00eancia Pol\u00edtica da Universidade de S\u00e3o Paulo. \u00c9 professora [&hellip;]<\/p>\n","protected":false},"author":21976,"featured_media":0,"parent":62,"menu_order":0,"comment_status":"closed","ping_status":"closed","template":"","meta":{"footnotes":"","_links_to":"","_links_to_target":""},"class_list":["post-894","page","type-page","status-publish","hentry"],"_links":{"self":[{"href":"https:\/\/sites.usp.br\/nupps\/wp-json\/wp\/v2\/pages\/894","targetHints":{"allow":["GET"]}}],"collection":[{"href":"https:\/\/sites.usp.br\/nupps\/wp-json\/wp\/v2\/pages"}],"about":[{"href":"https:\/\/sites.usp.br\/nupps\/wp-json\/wp\/v2\/types\/page"}],"author":[{"embeddable":true,"href":"https:\/\/sites.usp.br\/nupps\/wp-json\/wp\/v2\/users\/21976"}],"replies":[{"embeddable":true,"href":"https:\/\/sites.usp.br\/nupps\/wp-json\/wp\/v2\/comments?post=894"}],"version-history":[{"count":3,"href":"https:\/\/sites.usp.br\/nupps\/wp-json\/wp\/v2\/pages\/894\/revisions"}],"predecessor-version":[{"id":904,"href":"https:\/\/sites.usp.br\/nupps\/wp-json\/wp\/v2\/pages\/894\/revisions\/904"}],"up":[{"embeddable":true,"href":"https:\/\/sites.usp.br\/nupps\/wp-json\/wp\/v2\/pages\/62"}],"wp:attachment":[{"href":"https:\/\/sites.usp.br\/nupps\/wp-json\/wp\/v2\/media?parent=894"}],"curies":[{"name":"wp","href":"https:\/\/api.w.org\/{rel}","templated":true}]}}