{"id":905,"date":"2021-11-15T20:51:12","date_gmt":"2021-11-15T22:51:12","guid":{"rendered":"https:\/\/sites.usp.br\/nupps\/?page_id=905"},"modified":"2022-03-21T08:54:01","modified_gmt":"2022-03-21T10:54:01","slug":"janina-onuki","status":"publish","type":"page","link":"https:\/\/sites.usp.br\/nupps\/equipe\/janina-onuki\/","title":{"rendered":"Janina Onuki"},"content":{"rendered":"<p><span id=\"cloakccde713b57d98244514727a0608a722f\"><a href=\"mailto:janinaonuki@usp.br\">janinaonuki@usp.br<\/a><\/span>\u00a0\u00a0| <a href=\"http:\/\/lattes.cnpq.br\/2360170502053613\" target=\"_blank\" rel=\"noopener noreferrer\">Curr\u00edculo Lattes<\/a><\/p>\n<p style=\"text-align: left;\"><a href=\"https:\/\/sites.usp.br\/nupps\/wp-content\/uploads\/sites\/762\/2022\/03\/janina.jpeg\"><img decoding=\"async\" class=\"size-thumbnail wp-image-1175 alignleft\" src=\"https:\/\/sites.usp.br\/nupps\/wp-content\/uploads\/sites\/762\/2022\/03\/janina-150x150.jpeg\" alt=\"\" width=\"150\" height=\"150\" srcset=\"https:\/\/sites.usp.br\/nupps\/wp-content\/uploads\/sites\/762\/2022\/03\/janina-150x150.jpeg 150w, https:\/\/sites.usp.br\/nupps\/wp-content\/uploads\/sites\/762\/2022\/03\/janina-45x45.jpeg 45w, https:\/\/sites.usp.br\/nupps\/wp-content\/uploads\/sites\/762\/2022\/03\/janina-200x200.jpeg 200w\" sizes=\"(max-width: 150px) 100vw, 150px\" \/><\/a><\/p>\n<p><strong>Janina Onuki.\u00a0 <\/strong>Possui gradua\u00e7\u00e3o em Ci\u00eancias Sociais pela Universidade de S\u00e3o Paulo, mestrado (1996) e doutorado (2002) em Ci\u00eancia Pol\u00edtica pela USP. \u00c9 Diretora do IRI desde 2018. Foi pesquisadora visitante no Center for Latin American Studies da Georgetown University (EUA, Washington, DC) e na City University of New York. Em 2013, foi professora visitante na North Carolina State University. Atualmente \u00e9 diretora e professora associada do Instituto de Rela\u00e7\u00f5es Internacionais (IRI) da Universidade de S\u00e3o Paulo (USP), coordenadora do N\u00facleo de Estudos Comparados e Internacionais (NECI-USP), vice-coordenadora do N\u00facleo de Pesquisa de Pol\u00edticas P\u00fablicas (NUPPs-USP) e pesquisadora do Centro de Estudos das Negocia\u00e7\u00f5es Internacionais (CAENI-USP). Tem experi\u00eancia na \u00e1rea de Ci\u00eancia Pol\u00edtica, com \u00eanfase em An\u00e1lise de Pol\u00edtica Externa, atuando principalmente com os seguintes temas: pol\u00edtica externa, integra\u00e7\u00e3o regional, organiza\u00e7\u00f5es internacionais. \u00c9 bolsista Produtividade em Pesquisa (PQ-2) do CNPq e coordenadora da C\u00e2mara de Normas e Recursos da Pr\u00f3-Reitoria de P\u00f3s-Gradua\u00e7\u00e3o da USP<\/p>\n","protected":false},"excerpt":{"rendered":"<p>janinaonuki@usp.br\u00a0\u00a0| Curr\u00edculo Lattes Janina Onuki.\u00a0 Possui gradua\u00e7\u00e3o em Ci\u00eancias Sociais pela Universidade de S\u00e3o Paulo, mestrado (1996) e doutorado (2002) em Ci\u00eancia Pol\u00edtica pela USP. \u00c9 Diretora do IRI desde 2018. Foi pesquisadora visitante no Center for Latin American Studies da Georgetown University (EUA, Washington, DC) e na City University of New York. Em 2013, [&hellip;]<\/p>\n","protected":false},"author":21976,"featured_media":0,"parent":62,"menu_order":0,"comment_status":"closed","ping_status":"closed","template":"","meta":{"footnotes":"","_links_to":"","_links_to_target":""},"class_list":["post-905","page","type-page","status-publish","hentry"],"_links":{"self":[{"href":"https:\/\/sites.usp.br\/nupps\/wp-json\/wp\/v2\/pages\/905","targetHints":{"allow":["GET"]}}],"collection":[{"href":"https:\/\/sites.usp.br\/nupps\/wp-json\/wp\/v2\/pages"}],"about":[{"href":"https:\/\/sites.usp.br\/nupps\/wp-json\/wp\/v2\/types\/page"}],"author":[{"embeddable":true,"href":"https:\/\/sites.usp.br\/nupps\/wp-json\/wp\/v2\/users\/21976"}],"replies":[{"embeddable":true,"href":"https:\/\/sites.usp.br\/nupps\/wp-json\/wp\/v2\/comments?post=905"}],"version-history":[{"count":4,"href":"https:\/\/sites.usp.br\/nupps\/wp-json\/wp\/v2\/pages\/905\/revisions"}],"predecessor-version":[{"id":1176,"href":"https:\/\/sites.usp.br\/nupps\/wp-json\/wp\/v2\/pages\/905\/revisions\/1176"}],"up":[{"embeddable":true,"href":"https:\/\/sites.usp.br\/nupps\/wp-json\/wp\/v2\/pages\/62"}],"wp:attachment":[{"href":"https:\/\/sites.usp.br\/nupps\/wp-json\/wp\/v2\/media?parent=905"}],"curies":[{"name":"wp","href":"https:\/\/api.w.org\/{rel}","templated":true}]}}