{"id":939,"date":"2021-11-15T21:43:48","date_gmt":"2021-11-15T23:43:48","guid":{"rendered":"https:\/\/sites.usp.br\/nupps\/?page_id=939"},"modified":"2022-02-03T11:56:42","modified_gmt":"2022-02-03T13:56:42","slug":"adilson-simonis","status":"publish","type":"page","link":"https:\/\/sites.usp.br\/nupps\/equipe\/adilson-simonis\/","title":{"rendered":"Adilson Simonis"},"content":{"rendered":"<p><span id=\"cloakea832a8645b1f8df7067ad994fab1ad0\"><a href=\"mailto:asimonis@ime.usp.br\">asimonis@ime.usp.br<\/a><\/span> | <a href=\"http:\/\/lattes.cnpq.br\/4968717625206559\" target=\"_blank\" rel=\"noopener noreferrer\">Curr\u00edculo Lattes<\/a><\/p>\n<p><img decoding=\"async\" src=\"https:\/\/nupps.usp.br\/images\/adilson_foto_nova.png\" alt=\"adilson foto nova\" width=\"250\" height=\"181\" \/><\/p>\n<p><strong>Adilson Simonis<\/strong> possui gradua\u00e7\u00e3o em Estat\u00edstica pela Universidade Federal do Rio Grande do Sul (1982), mestrado em Probabilidade pela Universidade de S\u00e3o Paulo (1988), doutorado em Probabilidade pela Universidade de S\u00e3o Paulo (1995) e Pos-Doutorado pela Universit\u00e1 Tor Vergata de Roma (1996-1998). Atualmente \u00e9 professor Associado da Universidade de S\u00e3o Paulo. Tem experi\u00eancia na \u00e1rea de Probabilidade e Estat\u00edstica.<\/p>\n","protected":false},"excerpt":{"rendered":"<p>asimonis@ime.usp.br | Curr\u00edculo Lattes Adilson Simonis possui gradua\u00e7\u00e3o em Estat\u00edstica pela Universidade Federal do Rio Grande do Sul (1982), mestrado em Probabilidade pela Universidade de S\u00e3o Paulo (1988), doutorado em Probabilidade pela Universidade de S\u00e3o Paulo (1995) e Pos-Doutorado pela Universit\u00e1 Tor Vergata de Roma (1996-1998). Atualmente \u00e9 professor Associado da Universidade de S\u00e3o Paulo. [&hellip;]<\/p>\n","protected":false},"author":21976,"featured_media":0,"parent":62,"menu_order":0,"comment_status":"closed","ping_status":"closed","template":"","meta":{"footnotes":"","_links_to":"","_links_to_target":""},"class_list":["post-939","page","type-page","status-publish","hentry"],"_links":{"self":[{"href":"https:\/\/sites.usp.br\/nupps\/wp-json\/wp\/v2\/pages\/939","targetHints":{"allow":["GET"]}}],"collection":[{"href":"https:\/\/sites.usp.br\/nupps\/wp-json\/wp\/v2\/pages"}],"about":[{"href":"https:\/\/sites.usp.br\/nupps\/wp-json\/wp\/v2\/types\/page"}],"author":[{"embeddable":true,"href":"https:\/\/sites.usp.br\/nupps\/wp-json\/wp\/v2\/users\/21976"}],"replies":[{"embeddable":true,"href":"https:\/\/sites.usp.br\/nupps\/wp-json\/wp\/v2\/comments?post=939"}],"version-history":[{"count":2,"href":"https:\/\/sites.usp.br\/nupps\/wp-json\/wp\/v2\/pages\/939\/revisions"}],"predecessor-version":[{"id":1118,"href":"https:\/\/sites.usp.br\/nupps\/wp-json\/wp\/v2\/pages\/939\/revisions\/1118"}],"up":[{"embeddable":true,"href":"https:\/\/sites.usp.br\/nupps\/wp-json\/wp\/v2\/pages\/62"}],"wp:attachment":[{"href":"https:\/\/sites.usp.br\/nupps\/wp-json\/wp\/v2\/media?parent=939"}],"curies":[{"name":"wp","href":"https:\/\/api.w.org\/{rel}","templated":true}]}}