{"id":945,"date":"2021-11-15T21:47:13","date_gmt":"2021-11-15T23:47:13","guid":{"rendered":"https:\/\/sites.usp.br\/nupps\/?page_id=945"},"modified":"2022-02-03T11:56:00","modified_gmt":"2022-02-03T13:56:00","slug":"david-moises-f-da-silva","status":"publish","type":"page","link":"https:\/\/sites.usp.br\/nupps\/equipe\/david-moises-f-da-silva\/","title":{"rendered":"David Mois\u00e9s F. da Silva"},"content":{"rendered":"<p><span id=\"cloakd0c2e726dfe64830f7dad30c340c0fd0\"><a href=\"mailto:davidmoises@usp.br\">davidmoises@usp.br<\/a><\/span>\u00a0| <a href=\"http:\/\/lattes.cnpq.br\/5701654242755135\">Curr\u00edculo Lattes\u00a0<\/a><\/p>\n<p><img decoding=\"async\" src=\"https:\/\/nupps.usp.br\/images\/equipe\/david_moises.jpeg\" alt=\"david moises\" width=\"152\" height=\"214\" \/><\/p>\n<p><strong>David Mois\u00e9s &#8211; <\/strong>Mestre em Ci\u00eancia Pol\u00edtica pela Faculdade de Filosofia, Letras e Ci\u00eancias Humanas (FFLCH) da Universidade de S\u00e3o Paulo (USP), graduado em Comunica\u00e7\u00e3o Social pela Pontif\u00edcia Universidade Cat\u00f3lica de Campinas. Coordenador do Observat\u00f3rio de Pol\u00edticas P\u00fablicas para a Primeira Inf\u00e2ncia (poPI), junto ao N\u00facleo de Pesquisa de Pol\u00edticas P\u00fablicas (Nupps) da USP e ao Centro de Estudos de Cultura Contempor\u00e2nea (Cedec). Pesquisador nas \u00e1reas de Teoria Pol\u00edtica e Pol\u00edticas P\u00fablicas, com estudos sobre correntes de pensamento e pol\u00edticas p\u00fablicas, pol\u00edticas para a primeira inf\u00e2ncia, constru\u00e7\u00e3o de consensos, interesses ideacionais e coaliz\u00f5es de defesa \/ advocacy. Editor, rep\u00f3rter e documentarista com experi\u00eancia em Planejamento Estrat\u00e9gico, Produ\u00e7\u00e3o e Edi\u00e7\u00e3o de Conte\u00fados, atuando principalmente nos seguintes temas: educa\u00e7\u00e3o, primeira inf\u00e2ncia, desenvolvimento infantil, compet\u00eancias socioemocionais, pol\u00edticas sociais, constru\u00e7\u00e3o de consensos, liberdade de express\u00e3o, pluralismo na m\u00eddia e direitos humanos.<\/p>\n","protected":false},"excerpt":{"rendered":"<p>davidmoises@usp.br\u00a0| Curr\u00edculo Lattes\u00a0 David Mois\u00e9s &#8211; Mestre em Ci\u00eancia Pol\u00edtica pela Faculdade de Filosofia, Letras e Ci\u00eancias Humanas (FFLCH) da Universidade de S\u00e3o Paulo (USP), graduado em Comunica\u00e7\u00e3o Social pela Pontif\u00edcia Universidade Cat\u00f3lica de Campinas. Coordenador do Observat\u00f3rio de Pol\u00edticas P\u00fablicas para a Primeira Inf\u00e2ncia (poPI), junto ao N\u00facleo de Pesquisa de Pol\u00edticas P\u00fablicas (Nupps) [&hellip;]<\/p>\n","protected":false},"author":21976,"featured_media":0,"parent":62,"menu_order":0,"comment_status":"closed","ping_status":"closed","template":"","meta":{"footnotes":"","_links_to":"","_links_to_target":""},"class_list":["post-945","page","type-page","status-publish","hentry"],"_links":{"self":[{"href":"https:\/\/sites.usp.br\/nupps\/wp-json\/wp\/v2\/pages\/945","targetHints":{"allow":["GET"]}}],"collection":[{"href":"https:\/\/sites.usp.br\/nupps\/wp-json\/wp\/v2\/pages"}],"about":[{"href":"https:\/\/sites.usp.br\/nupps\/wp-json\/wp\/v2\/types\/page"}],"author":[{"embeddable":true,"href":"https:\/\/sites.usp.br\/nupps\/wp-json\/wp\/v2\/users\/21976"}],"replies":[{"embeddable":true,"href":"https:\/\/sites.usp.br\/nupps\/wp-json\/wp\/v2\/comments?post=945"}],"version-history":[{"count":3,"href":"https:\/\/sites.usp.br\/nupps\/wp-json\/wp\/v2\/pages\/945\/revisions"}],"predecessor-version":[{"id":1117,"href":"https:\/\/sites.usp.br\/nupps\/wp-json\/wp\/v2\/pages\/945\/revisions\/1117"}],"up":[{"embeddable":true,"href":"https:\/\/sites.usp.br\/nupps\/wp-json\/wp\/v2\/pages\/62"}],"wp:attachment":[{"href":"https:\/\/sites.usp.br\/nupps\/wp-json\/wp\/v2\/media?parent=945"}],"curies":[{"name":"wp","href":"https:\/\/api.w.org\/{rel}","templated":true}]}}