{"id":950,"date":"2021-11-15T21:51:00","date_gmt":"2021-11-15T23:51:00","guid":{"rendered":"https:\/\/sites.usp.br\/nupps\/?page_id=950"},"modified":"2022-02-03T11:57:53","modified_gmt":"2022-02-03T13:57:53","slug":"eunice-ribeiro-durham","status":"publish","type":"page","link":"https:\/\/sites.usp.br\/nupps\/equipe\/eunice-ribeiro-durham\/","title":{"rendered":"Eunice Ribeiro Durham"},"content":{"rendered":"<div class=\"page-header\">\n<h2><span id=\"cloakae8338b615758d072d2e0c348a8c4ddc\" style=\"font-family: 'Source Sans Pro', Helvetica, sans-serif; font-size: 16px;\"><a href=\"mailto:erdurham@usp.br\">erdurham@usp.br<\/a><\/span><span style=\"font-family: 'Source Sans Pro', Helvetica, sans-serif; font-size: 16px;\"> | <\/span><a style=\"font-family: 'Source Sans Pro', Helvetica, sans-serif; font-size: 16px;\" href=\"http:\/\/lattes.cnpq.br\/2890343748562669\" target=\"_blank\" rel=\"noopener noreferrer\">Curr\u00edculo Lattes<\/a><\/h2>\n<\/div>\n<div>\n<p><img fetchpriority=\"high\" decoding=\"async\" src=\"https:\/\/nupps.usp.br\/images\/equipe\/ERDurham.jpg\" alt=\"ERDurham\" width=\"250\" height=\"250\" \/><\/p>\n<p><strong>Eunice Ribeiro Durham<\/strong> possui gradua\u00e7\u00e3o em Ci\u00eancias Sociais pela Universidade de S\u00e3o Paulo (1954) , mestrado em Ci\u00eancia Social (Antropologia Social) pela Universidade de S\u00e3o Paulo (1964) e doutorado em Ci\u00eancia Social (Antropologia Social) pela Universidade de S\u00e3o Paulo (1967). Professora Em\u00e9rita da Faculdade de Filosofia, Letras e Ci\u00eancias Humanas da Universidade de S\u00e3o Paulo. Professora-titular aposentada de Antropologia, da Faculdade de Filosofia, Letras e Ci\u00eancias Humanas da Universidade de S\u00e3o Paulo.<\/p>\n<p>Tem experi\u00eancia na \u00e1rea de Antropologia , com \u00eanfase em Antropologia Urbana. Atuando principalmente nos seguintes temas: migra\u00e7\u00e3o rural e urbana, movimentos sociais urbanos e organiza\u00e7\u00e3o familiar das classe populares. Nos \u00faltimos 18 anos, vem se dedicando a pesquisas na \u00e1rea de Ensino Superior.<\/p>\n<p>Foi Coordenadora do NUPES- N\u00facleo de Pesquisas sobre Ensino Superior da USP (al\u00e9m de co-fundadora do mesmo) &#8211; 1989-2005.Pesquisadora e membro do Conselho do NUPPS- N\u00facleo de Pesquisa de Pol\u00edticas P\u00fablicas da USP &#8211; 2005 at\u00e9 presente data. Ex-Membro do Conselho Nacional de Educa\u00e7\u00e3o, C\u00e2mara de Ensino Superior &#8211; 1997 &#8211; 2001. Ex-Presidente da Funda\u00e7\u00e3o CAPES &#8211; 1990 &#8211; 1991. Ex-Secret\u00e1ria Nacional de Educa\u00e7\u00e3o Superior do Minist\u00e9rio de Educa\u00e7\u00e3o- 1992. Ex-Secret\u00e1ria Nacional de Pol\u00edtica Educacional do Minist\u00e9rio de Educa\u00e7\u00e3o &#8211; 1995 &#8211; 1997. Membro do Conselho Estadual de Educa\u00e7\u00e3o (2008 &#8211; 2012). Autora de diversos artigos e livros de Antropologia e sobre Ensino Superior.<\/p>\n<\/div>\n","protected":false},"excerpt":{"rendered":"<p>erdurham@usp.br | Curr\u00edculo Lattes Eunice Ribeiro Durham possui gradua\u00e7\u00e3o em Ci\u00eancias Sociais pela Universidade de S\u00e3o Paulo (1954) , mestrado em Ci\u00eancia Social (Antropologia Social) pela Universidade de S\u00e3o Paulo (1964) e doutorado em Ci\u00eancia Social (Antropologia Social) pela Universidade de S\u00e3o Paulo (1967). Professora Em\u00e9rita da Faculdade de Filosofia, Letras e Ci\u00eancias Humanas da [&hellip;]<\/p>\n","protected":false},"author":21976,"featured_media":0,"parent":62,"menu_order":0,"comment_status":"closed","ping_status":"closed","template":"","meta":{"footnotes":"","_links_to":"","_links_to_target":""},"class_list":["post-950","page","type-page","status-publish","hentry"],"_links":{"self":[{"href":"https:\/\/sites.usp.br\/nupps\/wp-json\/wp\/v2\/pages\/950","targetHints":{"allow":["GET"]}}],"collection":[{"href":"https:\/\/sites.usp.br\/nupps\/wp-json\/wp\/v2\/pages"}],"about":[{"href":"https:\/\/sites.usp.br\/nupps\/wp-json\/wp\/v2\/types\/page"}],"author":[{"embeddable":true,"href":"https:\/\/sites.usp.br\/nupps\/wp-json\/wp\/v2\/users\/21976"}],"replies":[{"embeddable":true,"href":"https:\/\/sites.usp.br\/nupps\/wp-json\/wp\/v2\/comments?post=950"}],"version-history":[{"count":2,"href":"https:\/\/sites.usp.br\/nupps\/wp-json\/wp\/v2\/pages\/950\/revisions"}],"predecessor-version":[{"id":1120,"href":"https:\/\/sites.usp.br\/nupps\/wp-json\/wp\/v2\/pages\/950\/revisions\/1120"}],"up":[{"embeddable":true,"href":"https:\/\/sites.usp.br\/nupps\/wp-json\/wp\/v2\/pages\/62"}],"wp:attachment":[{"href":"https:\/\/sites.usp.br\/nupps\/wp-json\/wp\/v2\/media?parent=950"}],"curies":[{"name":"wp","href":"https:\/\/api.w.org\/{rel}","templated":true}]}}