{"id":962,"date":"2021-11-15T22:05:34","date_gmt":"2021-11-16T00:05:34","guid":{"rendered":"https:\/\/sites.usp.br\/nupps\/?page_id=962"},"modified":"2022-02-10T12:56:31","modified_gmt":"2022-02-10T14:56:31","slug":"rubens-becak","status":"publish","type":"page","link":"https:\/\/sites.usp.br\/nupps\/equipe\/rubens-becak\/","title":{"rendered":"Rubens Be\u00e7ak"},"content":{"rendered":"<p><span id=\"cloak4ffc057d28881820db4a368ff52eeaa6\"><a href=\"mailto:rubens.becak@gmail.com\">rubens.becak@gmail.com<\/a><\/span> | <a href=\"http:\/\/lattes.cnpq.br\/7461141539467509\" target=\"_blank\" rel=\"noopener noreferrer\">Curr\u00edculo Lattes<\/a><\/p>\n<div class=\"img_caption right\"><img decoding=\"async\" class=\"caption\" title=\"Rubens Be\u00e7ak\" src=\"https:\/\/nupps.usp.br\/images\/equipe\/rubens_foto.jpg\" alt=\"Rubens Be\u00e7ak\" width=\"300\" height=\"150\" \/><\/div>\n<div><\/div>\n<p><strong>Rubens Be\u00e7ak<\/strong> \u00e9 Mestre, Doutor e Livre Docente em Direito Constitucional pela Universidade de S\u00e3o Paulo. Professor da Universidade de S\u00e3o Paulo &#8211; USP na Faculdade de Direito de Ribeir\u00e3o Preto e na Faculdade de Direito de S\u00e3o Paulo (P\u00f3s-gradua\u00e7\u00e3o). Secret\u00e1rio Geral da Universidade de S\u00e3o Paulo. Ex-Coordenador Acad\u00eamico e Administrativo e Professor do curso de P\u00f3s-gradua\u00e7\u00e3o em Direito da Escola Paulista de Direito &#8211; EPD. Ex-Professor dos cursos de gradua\u00e7\u00e3o em Direito da Funda\u00e7\u00e3o Armando \u00c1lvares Penteado &#8211; FAAP, da Universidade Paulista &#8211; UNIP e da Universidade de Mogi das Cruzes &#8211; UMC. Ex-Professor do curso de gradua\u00e7\u00e3o e do programa de P\u00f3s-gradua\u00e7\u00e3o em Direito do Centro Universit\u00e1rio Eur\u00edpides de Mar\u00edlia &#8211; UNIVEM. Ex-Professor do curso de P\u00f3s-gradua\u00e7\u00e3o em Direito da Universidade Estadual de Maring\u00e1 &#8211; UEM.<\/p>\n<p>Autor de diversos artigos cient\u00edficos e cap\u00edtulos de livros. Autor dos livros &#8220;A Hipertrofia do Executivo Brasileiro: o impacto da constitui\u00e7\u00e3o de 1988&#8221; (Millennium, 2008) e &#8220;Sucess\u00e3o Presidencial de 1955: aspectos pol\u00edticos e jur\u00eddicos&#8221; (Juarez de Oliveira, 2003). Co-Organizador do livro &#8220;O Direito e o Futuro da Pessoa&#8221; em homenagem ao Prof. Antonio Junqueira de Azevedo (Atlas, 2010).<\/p>\n<p>Advogado em S\u00e3o Paulo. Membro do Conselho Deliberativo do Instituto &#8220;Pimenta Bueno&#8221; &#8211; Associa\u00e7\u00e3o Brasileira dos Constitucionalistas. Membro do CONPEDI &#8211; Conselho Nacional de Pesquisa e P\u00f3s-gradua\u00e7\u00e3o em Direito. Associado Efetivo do Instituto dos Advogados de S\u00e3o Paulo &#8211; IASP. Membro (Relator) da Quinta Turma Disciplinar &#8211; TED V, do Tribunal de \u00c9tica e Disciplina da OAB-SP. Membro efetivo da Comiss\u00e3o de Direito Constitucional da OAB-SP. Ex-Membro Efetivo da Comiss\u00e3o de Defesa da Rep\u00fablica e da Democracia &#8211; OAB-SP. Membro dos Corpos Editoriais da Revista Brasileira de Pol\u00edticas P\u00fablicas &#8211; RBPP e da Revista da Procuradoria Geral do Banco Central &#8211; RPGBC.<\/p>\n<h3>Artigos<\/h3>\n<ul>\n<li>BE\u00c7AK, Rubens. Instrumentos de democracia participativa. In: Revista de Ci\u00eancias Jur\u00eddicas, Maring\u00e1, v. 6, n. 2, p.143-153, jul.\/ dez. 2008. (I Doutrina). Publica\u00e7\u00e3o oficial do Curso de Mestrado em Direito da Universidade Estadual de Maring\u00e1. ISSN 1518-0719<br \/>\n<a href=\"http:\/\/eduemojs.uem.br\/ojs\/index.php\/RevCiencJurid\/article\/view\/10942\/5898\">http:\/\/eduemojs.uem.br\/ojs\/index.php\/RevCiencJurid\/article\/view\/10942\/5898<\/a><\/li>\n<li>BE\u00c7AK, Rubens. A dimens\u00e3o \u00e9tico-moral e o direito. In: Revista Brasileira de Direito Constitucional, n. 9, p. 307-320, jan.\/jun. 2009. ISSN 1678-9547<br \/>\n<a href=\"http:\/\/www.escolasuperiordedireito.com.br\/RBDC\/RBDC-09\/RBDC-09-307-Rubens_Becak.pdf\">http:\/\/www.escolasuperiordedireito.com.br\/RBDC\/RBDC-09\/RBDC-09-307-Rubens_Becak.pdf<\/a><\/li>\n<li>BE\u00c7AK, Rubens. Estado de direito, formas de Estado e Constitui\u00e7\u00e3o. In: Revista Em Tempo, Mar\u00edlia, v.10, p. 85-98, 2011. Revista da \u00e1rea de Direito do Centro Universit\u00e1rio Eur\u00edpides de Mar\u00edlia (UNIVEM). ISSN 1516-8964<br \/>\n<a href=\"http:\/\/galileu.fundanet.br\/revista\/index.php\/emtempo\/article\/view\/293\/276\">http:\/\/galileu.fundanet.br\/revista\/index.php\/emtempo\/article\/view\/293\/276<\/a><\/li>\n<li>BE\u00c7AK, Rubens. A presen\u00e7a da simbologia religiosa no Brasil contempor\u00e2neo e sua contextualiza\u00e7\u00e3o no plano \u00e9tico-moral: aspectos jur\u00eddico-constitucionais. In: Congresso Nacional do Conpedi: Direito, Sociobio-Diversidade s Soberania na Amaz\u00f4nia, 15., 2006, Manaus. Anais&#8230; p. 359-360. ISBN 978-85-87995-80-3<br \/>\n<a href=\"http:\/\/www.conpedi.org.br\/manaus\/arquivos\/anais\/manaus\/direito_racion_democ_rubens_becak.pdf\">http:\/\/www.conpedi.org.br\/manaus\/arquivos\/anais\/manaus\/direito_racion_democ_rubens_becak.pdf<\/a><\/li>\n<li>BE\u00c7AK, Rubens. As altera\u00e7\u00f5es do controle difuso de constitucionalidade e sua aproxima\u00e7\u00e3o com o modelo concentrado. In: Encontro Preparat\u00f3rio para o Congresso Nacional Do Conpedi: Cidadania e a Efetividade dos Direitos, 16., 2007, Campos dos Goytacazes \u2013 RJ. Anais&#8230;<br \/>\n<a href=\"http:\/\/www.conpedi.org.br\/manaus\/arquivos\/anais\/campos\/rubens_becak.pdf\">http:\/\/www.conpedi.org.br\/manaus\/arquivos\/anais\/campos\/rubens_becak.pdf<\/a><\/li>\n<li>BE\u00c7AK, Rubens. O tribunal constitucional e sua interven\u00e7\u00e3o no processo pol\u00edtico. In: Encontro Preparat\u00f3rio para o Congresso Nacional do Conpedi: Cidadania e a Efetividade dos Direitos, 17., 2008, Salvador. Anais&#8230; p. 2757-2772.<br \/>\n<a href=\"http:\/\/www.conpedi.org.br\/manaus\/arquivos\/anais\/salvador\/rubens_becak.pdf\">http:\/\/www.conpedi.org.br\/manaus\/arquivos\/anais\/salvador\/rubens_becak.pdf<\/a><\/li>\n<li>LONGHI, Jo\u00e3o Victor Rozatti; BE\u00c7AK, Rubens. A democracia participativa e sua realiza\u00e7\u00e3o \u2013 perspectiva hist\u00f3rica e prospec\u00e7\u00e3o futura: o marco civil para a regulamenta\u00e7\u00e3o da internet no Brasil. In: Encontro Preparat\u00f3rio para o Congresso Nacional do Conpedi: Direitos Fundamentais e Transdisciplinaridade, 19., 2010, Fortaleza. Anais&#8230;<br \/>\n<a href=\"http:\/\/www.conpedi.org.br\/manaus\/arquivos\/anais\/fortaleza\/3182.pdf\">http:\/\/www.conpedi.org.br\/manaus\/arquivos\/anais\/fortaleza\/3182.pdf<\/a><\/li>\n<li>BE\u00c7AK, Rubens; AMARAL Jo\u00e3o Ricardo de Castro Barbosa do. A efetiva\u00e7\u00e3o dos direitos fundamentais do ensino m\u00e9dio. In: Congresso Nacional do Conpedi, 18., 2009, S\u00e3o Paulo. Anais&#8230;<br \/>\n<a href=\"http:\/\/www.publicadireito.com.br\/conpedi\/manaus\/arquivos\/Anais\/sao_paulo\/2610.pdf\">http:\/\/www.publicadireito.com.br\/conpedi\/manaus\/arquivos\/Anais\/sao_paulo\/2610.pdf<\/a><\/li>\n<li>BE\u00c7AK, Rubens. Governabilidade e sistema de governo. In: Encontro Preparat\u00f3rio para o Congresso Nacional do Conpedi, 18., 2009, Salvador. Anais&#8230;<br \/>\n<a href=\"http:\/\/www.conpedi.org.br\/anais\/36\/12_1745.pdf\">http:\/\/www.conpedi.org.br\/anais\/36\/12_1745.pdf<\/a><\/li>\n<li>PRESIDENCIALISMO com cara de parlamentarismo. USP Ribeir\u00e3o, Ribeir\u00e3o Preto \u2013 SP, n. 952, p. 04, 10 ago. 2009.<br \/>\n<a href=\"http:\/\/www.pcarp.usp.br\/acsi\/edicoes\/E952.PDF\">http:\/\/www.pcarp.usp.br\/acsi\/edicoes\/E952.PDF<\/a><\/li>\n<li>INTERNET para promover democracia participativa. USP Ribeir\u00e3o, Ribeir\u00e3o Preto \u2013 SP, n. 1006, p. 04-05, 25 abr. 2011.<br \/>\n<a href=\"http:\/\/www.pcarp.usp.br\/acsi\/edicoes\/E952.PDF\">http:\/\/ribeirao.usp.br\/edicoes_anteriores\/E1006.pdf<\/a><\/li>\n<li>Os olhos da popula\u00e7\u00e3o se voltam para o STF. USP Ribeir\u00e3o, Ribeir\u00e3o Preto \u2013 SP, 18 out. 2010.<br \/>\n<a href=\"http:\/\/www.pcarp.usp.br\/acsi\/edicoes\/E992.PDF\/\">http:\/\/www.pcarp.usp.br\/acsi\/edicoes\/E992.PDF\/<\/a><\/li>\n<\/ul>\n","protected":false},"excerpt":{"rendered":"<p>rubens.becak@gmail.com | Curr\u00edculo Lattes Rubens Be\u00e7ak \u00e9 Mestre, Doutor e Livre Docente em Direito Constitucional pela Universidade de S\u00e3o Paulo. Professor da Universidade de S\u00e3o Paulo &#8211; USP na Faculdade de Direito de Ribeir\u00e3o Preto e na Faculdade de Direito de S\u00e3o Paulo (P\u00f3s-gradua\u00e7\u00e3o). Secret\u00e1rio Geral da Universidade de S\u00e3o Paulo. Ex-Coordenador Acad\u00eamico e Administrativo [&hellip;]<\/p>\n","protected":false},"author":21976,"featured_media":0,"parent":62,"menu_order":0,"comment_status":"closed","ping_status":"closed","template":"","meta":{"footnotes":"","_links_to":"","_links_to_target":""},"class_list":["post-962","page","type-page","status-publish","hentry"],"_links":{"self":[{"href":"https:\/\/sites.usp.br\/nupps\/wp-json\/wp\/v2\/pages\/962","targetHints":{"allow":["GET"]}}],"collection":[{"href":"https:\/\/sites.usp.br\/nupps\/wp-json\/wp\/v2\/pages"}],"about":[{"href":"https:\/\/sites.usp.br\/nupps\/wp-json\/wp\/v2\/types\/page"}],"author":[{"embeddable":true,"href":"https:\/\/sites.usp.br\/nupps\/wp-json\/wp\/v2\/users\/21976"}],"replies":[{"embeddable":true,"href":"https:\/\/sites.usp.br\/nupps\/wp-json\/wp\/v2\/comments?post=962"}],"version-history":[{"count":2,"href":"https:\/\/sites.usp.br\/nupps\/wp-json\/wp\/v2\/pages\/962\/revisions"}],"predecessor-version":[{"id":1141,"href":"https:\/\/sites.usp.br\/nupps\/wp-json\/wp\/v2\/pages\/962\/revisions\/1141"}],"up":[{"embeddable":true,"href":"https:\/\/sites.usp.br\/nupps\/wp-json\/wp\/v2\/pages\/62"}],"wp:attachment":[{"href":"https:\/\/sites.usp.br\/nupps\/wp-json\/wp\/v2\/media?parent=962"}],"curies":[{"name":"wp","href":"https:\/\/api.w.org\/{rel}","templated":true}]}}