{"id":365,"date":"2016-11-06T00:11:41","date_gmt":"2016-11-06T00:11:41","guid":{"rendered":"https:\/\/oceanwp.org\/gym\/?page_id=240"},"modified":"2022-04-24T21:06:06","modified_gmt":"2022-04-24T23:06:06","slug":"atuacao","status":"publish","type":"page","link":"https:\/\/sites.usp.br\/nutau\/atuacao\/","title":{"rendered":"Atua\u00e7\u00e3o"},"content":{"rendered":"\t\t<div data-elementor-type=\"wp-page\" data-elementor-id=\"365\" class=\"elementor elementor-365\" data-elementor-post-type=\"page\">\n\t\t\t\t\t\t<section class=\"elementor-section elementor-top-section elementor-element elementor-element-cd025b6 elementor-section-full_width elementor-section-height-min-height elementor-section-height-default elementor-section-items-middle\" data-id=\"cd025b6\" data-element_type=\"section\" data-settings=\"{&quot;background_background&quot;:&quot;slideshow&quot;,&quot;background_slideshow_gallery&quot;:[{&quot;id&quot;:940,&quot;url&quot;:&quot;https:\\\/\\\/sites.usp.br\\\/nutau\\\/wp-content\\\/uploads\\\/sites\\\/533\\\/2021\\\/12\\\/capa3-1.jpeg&quot;},{&quot;id&quot;:939,&quot;url&quot;:&quot;https:\\\/\\\/sites.usp.br\\\/nutau\\\/wp-content\\\/uploads\\\/sites\\\/533\\\/2021\\\/12\\\/capa2.png&quot;},{&quot;id&quot;:938,&quot;url&quot;:&quot;https:\\\/\\\/sites.usp.br\\\/nutau\\\/wp-content\\\/uploads\\\/sites\\\/533\\\/2021\\\/12\\\/capa1.png&quot;}],&quot;background_slideshow_loop&quot;:&quot;yes&quot;,&quot;background_slideshow_slide_duration&quot;:5000,&quot;background_slideshow_slide_transition&quot;:&quot;fade&quot;,&quot;background_slideshow_transition_duration&quot;:500}\">\n\t\t\t\t\t\t<div class=\"elementor-container elementor-column-gap-default\">\n\t\t\t\t\t<div class=\"elementor-column elementor-col-100 elementor-top-column elementor-element elementor-element-7bab796\" data-id=\"7bab796\" data-element_type=\"column\" data-settings=\"{&quot;background_background&quot;:&quot;classic&quot;}\">\n\t\t\t<div class=\"elementor-widget-wrap\">\n\t\t\t\t\t\t\t<\/div>\n\t\t<\/div>\n\t\t\t\t\t<\/div>\n\t\t<\/section>\n\t\t\t\t<section class=\"elementor-section elementor-top-section elementor-element elementor-element-agosbi9 elementor-section-boxed elementor-section-height-default elementor-section-height-default\" data-id=\"agosbi9\" data-element_type=\"section\" data-settings=\"{&quot;background_background&quot;:&quot;classic&quot;}\">\n\t\t\t\t\t\t<div class=\"elementor-container elementor-column-gap-default\">\n\t\t\t\t\t<div class=\"elementor-column elementor-col-100 elementor-top-column elementor-element elementor-element-tfzdq28\" data-id=\"tfzdq28\" data-element_type=\"column\">\n\t\t\t<div class=\"elementor-widget-wrap elementor-element-populated\">\n\t\t\t\t\t\t<div class=\"elementor-element elementor-element-9ynwqsk elementor-widget elementor-widget-heading\" data-id=\"9ynwqsk\" data-element_type=\"widget\" data-widget_type=\"heading.default\">\n\t\t\t\t<div class=\"elementor-widget-container\">\n\t\t\t<h2 class=\"elementor-heading-title elementor-size-large\">ATUA\u00c7\u00c3O<\/h2>\t\t<\/div>\n\t\t\t\t<\/div>\n\t\t\t\t<div class=\"elementor-element elementor-element-14b12d8 elementor-widget-divider--separator-type-pattern elementor-widget-divider--no-spacing elementor-widget-divider--view-line elementor-widget elementor-widget-divider\" data-id=\"14b12d8\" data-element_type=\"widget\" data-widget_type=\"divider.default\">\n\t\t\t\t<div class=\"elementor-widget-container\">\n\t\t\t\t\t<div class=\"elementor-divider\" style=\"--divider-pattern-url: url(&quot;data:image\/svg+xml,%3Csvg xmlns=&#039;http:\/\/www.w3.org\/2000\/svg&#039; preserveAspectRatio=&#039;xMidYMid meet&#039; overflow=&#039;visible&#039; height=&#039;100%&#039; viewBox=&#039;0 0 120 26&#039; fill=&#039;black&#039; stroke=&#039;none&#039;%3E%3Cpath d=&#039;M11.9,15.9L11.9,15.9L0,16c-0.2-3.7,1.5-5.7,4.9-6C10,9.6,12.4,14.2,11.9,15.9zM26.9,15.9L26.9,15.9L15,16c0.5-3.7,2.5-5.7,5.9-6C26,9.6,27.4,14.2,26.9,15.9z M37.1,10c3.4,0.3,5.1,2.3,4.9,6H30.1C29.5,14.4,31.9,9.6,37.1,10z M57,15.9L57,15.9L45,16c0-3.4,1.6-5.4,4.9-5.9C54.8,9.3,57.4,14.2,57,15.9z M71.9,15.9L71.9,15.9L60,16c-0.2-3.7,1.5-5.7,4.9-6C70,9.6,72.4,14.2,71.9,15.9z M82.2,10c3.4,0.3,5,2.3,4.8,6H75.3C74,13,77.1,9.6,82.2,10zM101.9,15.9L101.9,15.9L90,16c-0.2-3.7,1.5-5.7,4.9-6C100,9.6,102.4,14.2,101.9,15.9z M112.1,10.1c2.7,0.5,4.3,2.5,4.9,5.9h-11.9l0,0C104.5,14.4,108,9.3,112.1,10.1z&#039;\/%3E%3C\/svg%3E&quot;);\">\n\t\t\t<span class=\"elementor-divider-separator\">\n\t\t\t\t\t\t<\/span>\n\t\t<\/div>\n\t\t\t\t<\/div>\n\t\t\t\t<\/div>\n\t\t\t\t<div class=\"elementor-element elementor-element-fbhyq2s elementor-widget elementor-widget-text-editor\" data-id=\"fbhyq2s\" data-element_type=\"widget\" data-widget_type=\"text-editor.default\">\n\t\t\t\t<div class=\"elementor-widget-container\">\n\t\t\t\t\t\t\t<p>As \u00e1reas e linhas de pesquisa nas quais a nossa equipe atua s\u00e3o:<\/p>\t\t\t\t\t\t<\/div>\n\t\t\t\t<\/div>\n\t\t\t\t\t<\/div>\n\t\t<\/div>\n\t\t\t\t\t<\/div>\n\t\t<\/section>\n\t\t\t\t<section class=\"elementor-section elementor-top-section elementor-element elementor-element-9b98446 elementor-section-boxed elementor-section-height-default elementor-section-height-default\" data-id=\"9b98446\" data-element_type=\"section\" data-settings=\"{&quot;shape_divider_top&quot;:&quot;mountains&quot;}\">\n\t\t\t\t\t<div class=\"elementor-shape elementor-shape-top\" data-negative=\"false\">\n\t\t\t<svg xmlns=\"http:\/\/www.w3.org\/2000\/svg\" viewBox=\"0 0 1000 100\" preserveAspectRatio=\"none\">\n\t<path class=\"elementor-shape-fill\" opacity=\"0.33\" d=\"M473,67.3c-203.9,88.3-263.1-34-320.3,0C66,119.1,0,59.7,0,59.7V0h1000v59.7 c0,0-62.1,26.1-94.9,29.3c-32.8,3.3-62.8-12.3-75.8-22.1C806,49.6,745.3,8.7,694.9,4.7S492.4,59,473,67.3z\"\/>\n\t<path class=\"elementor-shape-fill\" opacity=\"0.66\" d=\"M734,67.3c-45.5,0-77.2-23.2-129.1-39.1c-28.6-8.7-150.3-10.1-254,39.1 s-91.7-34.4-149.2,0C115.7,118.3,0,39.8,0,39.8V0h1000v36.5c0,0-28.2-18.5-92.1-18.5C810.2,18.1,775.7,67.3,734,67.3z\"\/>\n\t<path class=\"elementor-shape-fill\" d=\"M766.1,28.9c-200-57.5-266,65.5-395.1,19.5C242,1.8,242,5.4,184.8,20.6C128,35.8,132.3,44.9,89.9,52.5C28.6,63.7,0,0,0,0 h1000c0,0-9.9,40.9-83.6,48.1S829.6,47,766.1,28.9z\"\/>\n<\/svg>\t\t<\/div>\n\t\t\t\t\t<div class=\"elementor-container elementor-column-gap-default\">\n\t\t\t\t\t<div class=\"elementor-column elementor-col-33 elementor-top-column elementor-element elementor-element-9a671a0\" data-id=\"9a671a0\" data-element_type=\"column\">\n\t\t\t<div class=\"elementor-widget-wrap\">\n\t\t\t\t\t\t\t<\/div>\n\t\t<\/div>\n\t\t\t\t<div class=\"elementor-column elementor-col-33 elementor-top-column elementor-element elementor-element-1258165\" data-id=\"1258165\" data-element_type=\"column\">\n\t\t\t<div class=\"elementor-widget-wrap\">\n\t\t\t\t\t\t\t<\/div>\n\t\t<\/div>\n\t\t\t\t<div class=\"elementor-column elementor-col-33 elementor-top-column elementor-element elementor-element-faacb12\" data-id=\"faacb12\" data-element_type=\"column\">\n\t\t\t<div class=\"elementor-widget-wrap\">\n\t\t\t\t\t\t\t<\/div>\n\t\t<\/div>\n\t\t\t\t\t<\/div>\n\t\t<\/section>\n\t\t\t\t<section class=\"elementor-section elementor-top-section elementor-element elementor-element-iq71ssn elementor-section-content-middle elementor-section-boxed elementor-section-height-default elementor-section-height-default\" data-id=\"iq71ssn\" data-element_type=\"section\" data-settings=\"{&quot;background_background&quot;:&quot;classic&quot;}\">\n\t\t\t\t\t\t<div class=\"elementor-container elementor-column-gap-default\">\n\t\t\t\t\t<div class=\"elementor-column elementor-col-50 elementor-top-column elementor-element elementor-element-oredo4r\" data-id=\"oredo4r\" data-element_type=\"column\">\n\t\t\t<div class=\"elementor-widget-wrap elementor-element-populated\">\n\t\t\t\t\t\t<div class=\"elementor-element elementor-element-yiui8zr elementor-hidden-phone elementor-widget elementor-widget-image\" data-id=\"yiui8zr\" data-element_type=\"widget\" data-widget_type=\"image.default\">\n\t\t\t\t<div class=\"elementor-widget-container\">\n\t\t\t\t\t\t\t\t\t\t\t\t\t<img fetchpriority=\"high\" decoding=\"async\" width=\"185\" height=\"555\" src=\"https:\/\/sites.usp.br\/nutau\/wp-content\/uploads\/sites\/533\/2021\/12\/arvorelonga.pngpng.png\" class=\"attachment-full size-full wp-image-469\" alt=\"\" srcset=\"https:\/\/sites.usp.br\/nutau\/wp-content\/uploads\/sites\/533\/2021\/12\/arvorelonga.pngpng.png 185w, https:\/\/sites.usp.br\/nutau\/wp-content\/uploads\/sites\/533\/2021\/12\/arvorelonga.pngpng-100x300.png 100w\" sizes=\"(max-width: 185px) 100vw, 185px\" \/>\t\t\t\t\t\t\t\t\t\t\t\t\t<\/div>\n\t\t\t\t<\/div>\n\t\t\t\t<div class=\"elementor-element elementor-element-22746df elementor-hidden-phone elementor-widget elementor-widget-image\" data-id=\"22746df\" data-element_type=\"widget\" data-widget_type=\"image.default\">\n\t\t\t\t<div class=\"elementor-widget-container\">\n\t\t\t\t\t\t\t\t\t\t\t\t\t<img fetchpriority=\"high\" decoding=\"async\" width=\"185\" height=\"555\" src=\"https:\/\/sites.usp.br\/nutau\/wp-content\/uploads\/sites\/533\/2021\/12\/arvorelonga.pngpng.png\" class=\"attachment-full size-full wp-image-469\" alt=\"\" srcset=\"https:\/\/sites.usp.br\/nutau\/wp-content\/uploads\/sites\/533\/2021\/12\/arvorelonga.pngpng.png 185w, https:\/\/sites.usp.br\/nutau\/wp-content\/uploads\/sites\/533\/2021\/12\/arvorelonga.pngpng-100x300.png 100w\" sizes=\"(max-width: 185px) 100vw, 185px\" \/>\t\t\t\t\t\t\t\t\t\t\t\t\t<\/div>\n\t\t\t\t<\/div>\n\t\t\t\t<div class=\"elementor-element elementor-element-96c6836 elementor-hidden-phone elementor-widget elementor-widget-image\" data-id=\"96c6836\" data-element_type=\"widget\" data-widget_type=\"image.default\">\n\t\t\t\t<div class=\"elementor-widget-container\">\n\t\t\t\t\t\t\t\t\t\t\t\t\t<img fetchpriority=\"high\" decoding=\"async\" width=\"185\" height=\"555\" src=\"https:\/\/sites.usp.br\/nutau\/wp-content\/uploads\/sites\/533\/2021\/12\/arvorelonga.pngpng.png\" class=\"attachment-full size-full wp-image-469\" alt=\"\" srcset=\"https:\/\/sites.usp.br\/nutau\/wp-content\/uploads\/sites\/533\/2021\/12\/arvorelonga.pngpng.png 185w, https:\/\/sites.usp.br\/nutau\/wp-content\/uploads\/sites\/533\/2021\/12\/arvorelonga.pngpng-100x300.png 100w\" sizes=\"(max-width: 185px) 100vw, 185px\" \/>\t\t\t\t\t\t\t\t\t\t\t\t\t<\/div>\n\t\t\t\t<\/div>\n\t\t\t\t<div class=\"elementor-element elementor-element-fda3ec6 elementor-hidden-phone elementor-widget elementor-widget-image\" data-id=\"fda3ec6\" data-element_type=\"widget\" data-widget_type=\"image.default\">\n\t\t\t\t<div class=\"elementor-widget-container\">\n\t\t\t\t\t\t\t\t\t\t\t\t\t<img fetchpriority=\"high\" decoding=\"async\" width=\"185\" height=\"555\" src=\"https:\/\/sites.usp.br\/nutau\/wp-content\/uploads\/sites\/533\/2021\/12\/arvorelonga.pngpng.png\" class=\"attachment-full size-full wp-image-469\" alt=\"\" srcset=\"https:\/\/sites.usp.br\/nutau\/wp-content\/uploads\/sites\/533\/2021\/12\/arvorelonga.pngpng.png 185w, https:\/\/sites.usp.br\/nutau\/wp-content\/uploads\/sites\/533\/2021\/12\/arvorelonga.pngpng-100x300.png 100w\" sizes=\"(max-width: 185px) 100vw, 185px\" \/>\t\t\t\t\t\t\t\t\t\t\t\t\t<\/div>\n\t\t\t\t<\/div>\n\t\t\t\t<div class=\"elementor-element elementor-element-9bc90c0 elementor-hidden-phone elementor-widget elementor-widget-image\" data-id=\"9bc90c0\" data-element_type=\"widget\" data-widget_type=\"image.default\">\n\t\t\t\t<div class=\"elementor-widget-container\">\n\t\t\t\t\t\t\t\t\t\t\t\t\t<img fetchpriority=\"high\" decoding=\"async\" width=\"185\" height=\"555\" src=\"https:\/\/sites.usp.br\/nutau\/wp-content\/uploads\/sites\/533\/2021\/12\/arvorelonga.pngpng.png\" class=\"attachment-full size-full wp-image-469\" alt=\"\" srcset=\"https:\/\/sites.usp.br\/nutau\/wp-content\/uploads\/sites\/533\/2021\/12\/arvorelonga.pngpng.png 185w, https:\/\/sites.usp.br\/nutau\/wp-content\/uploads\/sites\/533\/2021\/12\/arvorelonga.pngpng-100x300.png 100w\" sizes=\"(max-width: 185px) 100vw, 185px\" \/>\t\t\t\t\t\t\t\t\t\t\t\t\t<\/div>\n\t\t\t\t<\/div>\n\t\t\t\t\t<\/div>\n\t\t<\/div>\n\t\t\t\t<div class=\"elementor-column elementor-col-50 elementor-top-column elementor-element elementor-element-oskz8lp\" data-id=\"oskz8lp\" data-element_type=\"column\">\n\t\t\t<div class=\"elementor-widget-wrap elementor-element-populated\">\n\t\t\t\t\t\t<div class=\"elementor-element elementor-element-2oppmnf center-mobile elementor-widget elementor-widget-heading\" data-id=\"2oppmnf\" data-element_type=\"widget\" data-widget_type=\"heading.default\">\n\t\t\t\t<div class=\"elementor-widget-container\">\n\t\t\t<h2 class=\"elementor-heading-title elementor-size-default\">1 - Tecnologia (Linhas Verticais)\n<\/h2>\t\t<\/div>\n\t\t\t\t<\/div>\n\t\t\t\t<div class=\"elementor-element elementor-element-se2hi8r center-mobile elementor-widget elementor-widget-text-editor\" data-id=\"se2hi8r\" data-element_type=\"widget\" data-widget_type=\"text-editor.default\">\n\t\t\t\t<div class=\"elementor-widget-container\">\n\t\t\t\t\t\t\t<p style=\"text-align: left;\"><strong>1.1 Desempenho<\/strong><\/p><p style=\"padding-left: 40px;\">Estabilidade<\/p><p style=\"padding-left: 40px;\">Seguran\u00e7a contra Inc\u00eandios<\/p><p style=\"padding-left: 40px;\">Seguran\u00e7a ao Uso<\/p><p style=\"padding-left: 40px;\">Estanqueidade<\/p><p style=\"padding-left: 40px;\">Visual<\/p><p style=\"padding-left: 40px;\">Ac\u00fastico<\/p><p style=\"padding-left: 40px;\">Lum\u00ednico<\/p><p style=\"padding-left: 40px;\">T\u00e9rmico<\/p><p style=\"padding-left: 40px;\">Econ\u00f4mico<\/p><p style=\"padding-left: 40px;\">Ergonomia<\/p><p style=\"padding-left: 40px;\">Durabilidade<\/p><p style=\"text-align: left;\"><strong>1.2 Desempenho do Ambiente Constru\u00eddo<\/strong><\/p><p style=\"text-align: left;\"><strong>1.3 APO &#8211; Avalia\u00e7\u00e3o P\u00f3s-Ocupa\u00e7\u00e3o<\/strong><\/p><p style=\"text-align: left;\"><strong>1.4 Acessibilidade<\/strong><\/p><p style=\"text-align: left;\"><strong>1.5 Inova\u00e7\u00f5es Tecnol\u00f3gicas<\/strong><\/p><p style=\"text-align: left;\"><strong>1.6 Sustentabilidade e Meio Ambiente<\/strong><\/p><p style=\"text-align: left;\"><strong>1.7 Gerenciamento de Obras<\/strong><\/p>\t\t\t\t\t\t<\/div>\n\t\t\t\t<\/div>\n\t\t\t\t<div class=\"elementor-element elementor-element-c5acdef center-mobile elementor-widget elementor-widget-heading\" data-id=\"c5acdef\" data-element_type=\"widget\" data-widget_type=\"heading.default\">\n\t\t\t\t<div class=\"elementor-widget-container\">\n\t\t\t<h2 class=\"elementor-heading-title elementor-size-default\">2 - Planejamento e Projeto (Linhas Horizontais)<\/h2>\t\t<\/div>\n\t\t\t\t<\/div>\n\t\t\t\t<div class=\"elementor-element elementor-element-60d90f1 center-mobile elementor-widget elementor-widget-text-editor\" data-id=\"60d90f1\" data-element_type=\"widget\" data-widget_type=\"text-editor.default\">\n\t\t\t\t<div class=\"elementor-widget-container\">\n\t\t\t\t\t\t\t<p><strong>2.1 Arquitetura<\/strong><\/p><p style=\"padding-left: 40px;\">Arquitetura Comercial<\/p><p style=\"padding-left: 40px;\">Arquitetura Corporativa<\/p><p style=\"padding-left: 40px;\">Arquitetura da Cultura<\/p><p style=\"padding-left: 40px;\">Arquitetura das Telecomunica\u00e7\u00f5es<\/p><p style=\"padding-left: 40px;\">Arquitetura de Interiores<\/p><p style=\"padding-left: 40px;\">Arquitetura do Lazer<\/p><p style=\"padding-left: 40px;\">Arquitetura do Turismo<\/p><p style=\"padding-left: 40px;\">Arquitetura dos Transportes<\/p><p style=\"padding-left: 40px;\">Arquitetura Educacional<\/p><p style=\"padding-left: 40px;\">Arquitetura Esportiva<\/p><p style=\"padding-left: 40px;\">Arquitetura Habitacional<\/p><p style=\"padding-left: 40px;\">Arquitetura Hospitalar<\/p><p style=\"padding-left: 40px;\">Arquitetura Industrial<\/p><p style=\"padding-left: 40px;\">Arquitetura Institucional<\/p><p style=\"padding-left: 40px;\">Arquitetura Paisag\u00edstica das Edifica\u00e7\u00f5es<\/p><p style=\"padding-left: 40px;\">Ac\u00fastica Arquitet\u00f4nica<\/p><p style=\"padding-left: 40px;\">Comunica\u00e7\u00e3o Visual para Edifica\u00e7\u00f5es<\/p><p style=\"padding-left: 40px;\">Desenho Industrial de Mobili\u00e1rio e Equipamentos para Edifica\u00e7\u00f5es<\/p><p style=\"padding-left: 40px;\">Interven\u00e7\u00f5es Art\u00edsticas em Edifica\u00e7\u00f5es<\/p><p style=\"padding-left: 40px;\">Luminot\u00e9cnica<\/p><p><strong>2.2 Urbanismo<\/strong><\/p><p style=\"padding-left: 40px;\">Planos Regionais<\/p><p style=\"padding-left: 40px;\">Planos Urban\u00edsticos<\/p><p style=\"padding-left: 40px;\">Projetos Urban\u00edsticos<\/p><p style=\"padding-left: 40px;\">Planos Ambientais\/Paisag\u00edsticos<\/p><p style=\"padding-left: 40px;\">Projetos Ambientais\/Paisag\u00edsticos<\/p><p style=\"padding-left: 40px;\">Projetos de Comunica\u00e7\u00e3o Visual Urbana<\/p><p style=\"padding-left: 40px;\">Projetos de Desenho Industrial para Mobili\u00e1rio e Equipamentos Urbanos<\/p><p style=\"padding-left: 40px;\">Projetos de Interven\u00e7\u00f5es Art\u00edsticas Urbanas<\/p><p style=\"padding-left: 40px;\">Projetos de Ac\u00fastica Urbana<\/p><p style=\"padding-left: 40px;\">Projetos de Luminot\u00e9cnica Urbana<\/p><p style=\"padding-left: 40px;\">Projetos de Interven\u00e7\u00f5es Art\u00edsticas Urbanas<\/p>\t\t\t\t\t\t<\/div>\n\t\t\t\t<\/div>\n\t\t\t\t<div class=\"elementor-element elementor-element-0d97008 center-mobile elementor-widget elementor-widget-heading\" data-id=\"0d97008\" data-element_type=\"widget\" data-widget_type=\"heading.default\">\n\t\t\t\t<div class=\"elementor-widget-container\">\n\t\t\t<h2 class=\"elementor-heading-title elementor-size-default\">3 - Cruzamentos entre Linhas Verticais e Horizontais\n<\/h2>\t\t<\/div>\n\t\t\t\t<\/div>\n\t\t\t\t<div class=\"elementor-element elementor-element-d3d187d center-mobile elementor-widget elementor-widget-text-editor\" data-id=\"d3d187d\" data-element_type=\"widget\" data-widget_type=\"text-editor.default\">\n\t\t\t\t<div class=\"elementor-widget-container\">\n\t\t\t\t\t\t\t<p>Desenvolvimento de pesquisas de car\u00e1ter interdisciplinar, com \u00eanfase nos aspectos tecnol\u00f3gicos.<\/p>\t\t\t\t\t\t<\/div>\n\t\t\t\t<\/div>\n\t\t\t\t<div class=\"elementor-element elementor-element-4b26cd4 center-mobile elementor-widget elementor-widget-heading\" data-id=\"4b26cd4\" data-element_type=\"widget\" data-widget_type=\"heading.default\">\n\t\t\t\t<div class=\"elementor-widget-container\">\n\t\t\t<h2 class=\"elementor-heading-title elementor-size-default\">4 - Embasamento te\u00f3rico-conceitual para \u00e1reas verticais e horizontais<\/h2>\t\t<\/div>\n\t\t\t\t<\/div>\n\t\t\t\t<div class=\"elementor-element elementor-element-7068e79 center-mobile elementor-widget elementor-widget-text-editor\" data-id=\"7068e79\" data-element_type=\"widget\" data-widget_type=\"text-editor.default\">\n\t\t\t\t<div class=\"elementor-widget-container\">\n\t\t\t\t\t\t\t<p>Conceitua\u00e7\u00e3o de paradigmas projetuais e de planejamento na Tecnologia da Arquitetura e Urbanismo.<\/p><p>Teoria e Cr\u00edtica da Tecnologia da Arquitetura e Urbanismo.<\/p>\t\t\t\t\t\t<\/div>\n\t\t\t\t<\/div>\n\t\t\t\t\t<\/div>\n\t\t<\/div>\n\t\t\t\t\t<\/div>\n\t\t<\/section>\n\t\t\t\t<section class=\"elementor-section elementor-top-section elementor-element elementor-element-v7k6v7u elementor-section-boxed elementor-section-height-default elementor-section-height-default\" data-id=\"v7k6v7u\" data-element_type=\"section\">\n\t\t\t\t\t\t<div class=\"elementor-container elementor-column-gap-default\">\n\t\t\t\t\t<div class=\"elementor-column elementor-col-100 elementor-top-column elementor-element elementor-element-m4tyrf2\" data-id=\"m4tyrf2\" data-element_type=\"column\">\n\t\t\t<div class=\"elementor-widget-wrap\">\n\t\t\t\t\t\t\t<\/div>\n\t\t<\/div>\n\t\t\t\t\t<\/div>\n\t\t<\/section>\n\t\t\t\t<\/div>\n\t\t","protected":false},"excerpt":{"rendered":"<p>ATUA\u00c7\u00c3O As \u00e1reas e linhas de pesquisa nas quais a nossa equipe atua s\u00e3o: 1 &#8211; Tecnologia (Linhas Verticais) 1.1 Desempenho Estabilidade Seguran\u00e7a contra Inc\u00eandios Seguran\u00e7a ao Uso Estanqueidade Visual Ac\u00fastico Lum\u00ednico T\u00e9rmico Econ\u00f4mico Ergonomia Durabilidade 1.2 Desempenho do Ambiente Constru\u00eddo 1.3 APO &#8211; Avalia\u00e7\u00e3o P\u00f3s-Ocupa\u00e7\u00e3o 1.4 Acessibilidade 1.5 Inova\u00e7\u00f5es Tecnol\u00f3gicas 1.6 Sustentabilidade e Meio [&hellip;]<\/p>\n","protected":false},"author":22656,"featured_media":0,"parent":0,"menu_order":0,"comment_status":"closed","ping_status":"closed","template":"","meta":{"ocean_post_layout":"full-screen","ocean_both_sidebars_style":"","ocean_both_sidebars_content_width":0,"ocean_both_sidebars_sidebars_width":0,"ocean_sidebar":"0","ocean_second_sidebar":"0","ocean_disable_margins":"on","ocean_add_body_class":"","ocean_shortcode_before_top_bar":"","ocean_shortcode_after_top_bar":"","ocean_shortcode_before_header":"","ocean_shortcode_after_header":"","ocean_has_shortcode":"","ocean_shortcode_after_title":"","ocean_shortcode_before_footer_widgets":"","ocean_shortcode_after_footer_widgets":"","ocean_shortcode_before_footer_bottom":"","ocean_shortcode_after_footer_bottom":"","ocean_display_top_bar":"default","ocean_display_header":"default","ocean_header_style":"","ocean_center_header_left_menu":"0","ocean_custom_header_template":"0","ocean_custom_logo":0,"ocean_custom_retina_logo":0,"ocean_custom_logo_max_width":0,"ocean_custom_logo_tablet_max_width":0,"ocean_custom_logo_mobile_max_width":0,"ocean_custom_logo_max_height":0,"ocean_custom_logo_tablet_max_height":0,"ocean_custom_logo_mobile_max_height":0,"ocean_header_custom_menu":"0","ocean_menu_typo_font_family":"0","ocean_menu_typo_font_subset":"","ocean_menu_typo_font_size":0,"ocean_menu_typo_font_size_tablet":0,"ocean_menu_typo_font_size_mobile":0,"ocean_menu_typo_font_size_unit":"px","ocean_menu_typo_font_weight":"","ocean_menu_typo_font_weight_tablet":"","ocean_menu_typo_font_weight_mobile":"","ocean_menu_typo_transform":"","ocean_menu_typo_transform_tablet":"","ocean_menu_typo_transform_mobile":"","ocean_menu_typo_line_height":0,"ocean_menu_typo_line_height_tablet":0,"ocean_menu_typo_line_height_mobile":0,"ocean_menu_typo_line_height_unit":"","ocean_menu_typo_spacing":0,"ocean_menu_typo_spacing_tablet":0,"ocean_menu_typo_spacing_mobile":0,"ocean_menu_typo_spacing_unit":"","ocean_menu_link_color":"","ocean_menu_link_color_hover":"","ocean_menu_link_color_active":"","ocean_menu_link_background":"","ocean_menu_link_hover_background":"","ocean_menu_link_active_background":"","ocean_menu_social_links_bg":"","ocean_menu_social_hover_links_bg":"","ocean_menu_social_links_color":"","ocean_menu_social_hover_links_color":"","ocean_disable_title":"on","ocean_disable_heading":"default","ocean_post_title":"","ocean_post_subheading":"","ocean_post_title_style":"","ocean_post_title_background_color":"","ocean_post_title_background":0,"ocean_post_title_bg_image_position":"","ocean_post_title_bg_image_attachment":"","ocean_post_title_bg_image_repeat":"","ocean_post_title_bg_image_size":"","ocean_post_title_height":0,"ocean_post_title_bg_overlay":0.5,"ocean_post_title_bg_overlay_color":"","ocean_disable_breadcrumbs":"default","ocean_breadcrumbs_color":"","ocean_breadcrumbs_separator_color":"","ocean_breadcrumbs_links_color":"","ocean_breadcrumbs_links_hover_color":"","ocean_display_footer_widgets":"default","ocean_display_footer_bottom":"default","ocean_custom_footer_template":"0","footnotes":"","_links_to":"","_links_to_target":""},"class_list":["post-365","page","type-page","status-publish","hentry","entry"],"_links":{"self":[{"href":"https:\/\/sites.usp.br\/nutau\/wp-json\/wp\/v2\/pages\/365","targetHints":{"allow":["GET"]}}],"collection":[{"href":"https:\/\/sites.usp.br\/nutau\/wp-json\/wp\/v2\/pages"}],"about":[{"href":"https:\/\/sites.usp.br\/nutau\/wp-json\/wp\/v2\/types\/page"}],"author":[{"embeddable":true,"href":"https:\/\/sites.usp.br\/nutau\/wp-json\/wp\/v2\/users\/22656"}],"replies":[{"embeddable":true,"href":"https:\/\/sites.usp.br\/nutau\/wp-json\/wp\/v2\/comments?post=365"}],"version-history":[{"count":4,"href":"https:\/\/sites.usp.br\/nutau\/wp-json\/wp\/v2\/pages\/365\/revisions"}],"predecessor-version":[{"id":1067,"href":"https:\/\/sites.usp.br\/nutau\/wp-json\/wp\/v2\/pages\/365\/revisions\/1067"}],"wp:attachment":[{"href":"https:\/\/sites.usp.br\/nutau\/wp-json\/wp\/v2\/media?parent=365"}],"curies":[{"name":"wp","href":"https:\/\/api.w.org\/{rel}","templated":true}]}}