{"id":385,"date":"2021-11-21T16:19:33","date_gmt":"2021-11-21T18:19:33","guid":{"rendered":"https:\/\/sites.usp.br\/nutau\/?page_id=385"},"modified":"2022-04-24T19:15:27","modified_gmt":"2022-04-24T21:15:27","slug":"historico","status":"publish","type":"page","link":"https:\/\/sites.usp.br\/nutau\/historico\/","title":{"rendered":"Hist\u00f3rico"},"content":{"rendered":"\t\t<div data-elementor-type=\"wp-page\" data-elementor-id=\"385\" class=\"elementor elementor-385\" data-elementor-post-type=\"page\">\n\t\t\t\t\t\t<section class=\"elementor-section elementor-top-section elementor-element elementor-element-d68f8b0 elementor-section-full_width elementor-section-height-min-height elementor-section-height-default elementor-section-items-middle\" data-id=\"d68f8b0\" data-element_type=\"section\" data-settings=\"{&quot;background_background&quot;:&quot;slideshow&quot;,&quot;background_slideshow_gallery&quot;:[{&quot;id&quot;:940,&quot;url&quot;:&quot;https:\\\/\\\/sites.usp.br\\\/nutau\\\/wp-content\\\/uploads\\\/sites\\\/533\\\/2021\\\/12\\\/capa3-1.jpeg&quot;},{&quot;id&quot;:939,&quot;url&quot;:&quot;https:\\\/\\\/sites.usp.br\\\/nutau\\\/wp-content\\\/uploads\\\/sites\\\/533\\\/2021\\\/12\\\/capa2.png&quot;},{&quot;id&quot;:938,&quot;url&quot;:&quot;https:\\\/\\\/sites.usp.br\\\/nutau\\\/wp-content\\\/uploads\\\/sites\\\/533\\\/2021\\\/12\\\/capa1.png&quot;}],&quot;background_slideshow_loop&quot;:&quot;yes&quot;,&quot;background_slideshow_slide_duration&quot;:5000,&quot;background_slideshow_slide_transition&quot;:&quot;fade&quot;,&quot;background_slideshow_transition_duration&quot;:500}\">\n\t\t\t\t\t\t<div class=\"elementor-container elementor-column-gap-default\">\n\t\t\t\t\t<div class=\"elementor-column elementor-col-100 elementor-top-column elementor-element elementor-element-91d5ac1\" data-id=\"91d5ac1\" data-element_type=\"column\" data-settings=\"{&quot;background_background&quot;:&quot;classic&quot;}\">\n\t\t\t<div class=\"elementor-widget-wrap\">\n\t\t\t\t\t\t\t<\/div>\n\t\t<\/div>\n\t\t\t\t\t<\/div>\n\t\t<\/section>\n\t\t\t\t<section class=\"elementor-section elementor-top-section elementor-element elementor-element-b23e29c elementor-section-boxed elementor-section-height-default elementor-section-height-default\" data-id=\"b23e29c\" data-element_type=\"section\" data-settings=\"{&quot;background_background&quot;:&quot;classic&quot;}\">\n\t\t\t\t\t\t<div class=\"elementor-container elementor-column-gap-default\">\n\t\t\t\t\t<div class=\"elementor-column elementor-col-100 elementor-top-column elementor-element elementor-element-bde5fb6\" data-id=\"bde5fb6\" data-element_type=\"column\">\n\t\t\t<div class=\"elementor-widget-wrap elementor-element-populated\">\n\t\t\t\t\t\t<div class=\"elementor-element elementor-element-2820de2 elementor-widget elementor-widget-spacer\" data-id=\"2820de2\" data-element_type=\"widget\" data-widget_type=\"spacer.default\">\n\t\t\t\t<div class=\"elementor-widget-container\">\n\t\t\t\t\t<div class=\"elementor-spacer\">\n\t\t\t<div class=\"elementor-spacer-inner\"><\/div>\n\t\t<\/div>\n\t\t\t\t<\/div>\n\t\t\t\t<\/div>\n\t\t\t\t<div class=\"elementor-element elementor-element-a72d3a7 elementor-widget elementor-widget-heading\" data-id=\"a72d3a7\" data-element_type=\"widget\" data-widget_type=\"heading.default\">\n\t\t\t\t<div class=\"elementor-widget-container\">\n\t\t\t<h2 class=\"elementor-heading-title elementor-size-xl\">HIST\u00d3RICO<\/h2>\t\t<\/div>\n\t\t\t\t<\/div>\n\t\t\t\t<div class=\"elementor-element elementor-element-793510e elementor-widget-divider--separator-type-pattern elementor-widget-divider--no-spacing elementor-widget-divider--view-line elementor-widget elementor-widget-divider\" data-id=\"793510e\" data-element_type=\"widget\" data-widget_type=\"divider.default\">\n\t\t\t\t<div class=\"elementor-widget-container\">\n\t\t\t\t\t<div class=\"elementor-divider\" style=\"--divider-pattern-url: url(&quot;data:image\/svg+xml,%3Csvg xmlns=&#039;http:\/\/www.w3.org\/2000\/svg&#039; preserveAspectRatio=&#039;xMidYMid meet&#039; overflow=&#039;visible&#039; height=&#039;100%&#039; viewBox=&#039;0 0 120 26&#039; fill=&#039;black&#039; stroke=&#039;none&#039;%3E%3Cpath d=&#039;M11.9,15.9L11.9,15.9L0,16c-0.2-3.7,1.5-5.7,4.9-6C10,9.6,12.4,14.2,11.9,15.9zM26.9,15.9L26.9,15.9L15,16c0.5-3.7,2.5-5.7,5.9-6C26,9.6,27.4,14.2,26.9,15.9z M37.1,10c3.4,0.3,5.1,2.3,4.9,6H30.1C29.5,14.4,31.9,9.6,37.1,10z M57,15.9L57,15.9L45,16c0-3.4,1.6-5.4,4.9-5.9C54.8,9.3,57.4,14.2,57,15.9z M71.9,15.9L71.9,15.9L60,16c-0.2-3.7,1.5-5.7,4.9-6C70,9.6,72.4,14.2,71.9,15.9z M82.2,10c3.4,0.3,5,2.3,4.8,6H75.3C74,13,77.1,9.6,82.2,10zM101.9,15.9L101.9,15.9L90,16c-0.2-3.7,1.5-5.7,4.9-6C100,9.6,102.4,14.2,101.9,15.9z M112.1,10.1c2.7,0.5,4.3,2.5,4.9,5.9h-11.9l0,0C104.5,14.4,108,9.3,112.1,10.1z&#039;\/%3E%3C\/svg%3E&quot;);\">\n\t\t\t<span class=\"elementor-divider-separator\">\n\t\t\t\t\t\t<\/span>\n\t\t<\/div>\n\t\t\t\t<\/div>\n\t\t\t\t<\/div>\n\t\t\t\t<div class=\"elementor-element elementor-element-416e191 elementor-widget elementor-widget-spacer\" data-id=\"416e191\" data-element_type=\"widget\" data-widget_type=\"spacer.default\">\n\t\t\t\t<div class=\"elementor-widget-container\">\n\t\t\t\t\t<div class=\"elementor-spacer\">\n\t\t\t<div class=\"elementor-spacer-inner\"><\/div>\n\t\t<\/div>\n\t\t\t\t<\/div>\n\t\t\t\t<\/div>\n\t\t\t\t\t<\/div>\n\t\t<\/div>\n\t\t\t\t\t<\/div>\n\t\t<\/section>\n\t\t\t\t<section class=\"elementor-section elementor-top-section elementor-element elementor-element-acdd025 elementor-section-content-middle elementor-section-stretched elementor-section-boxed elementor-section-height-default elementor-section-height-default\" data-id=\"acdd025\" data-element_type=\"section\" data-settings=\"{&quot;stretch_section&quot;:&quot;section-stretched&quot;,&quot;shape_divider_top&quot;:&quot;mountains&quot;,&quot;background_background&quot;:&quot;gradient&quot;,&quot;shape_divider_bottom&quot;:&quot;opacity-fan&quot;}\">\n\t\t\t\t\t<div class=\"elementor-shape elementor-shape-top\" data-negative=\"false\">\n\t\t\t<svg xmlns=\"http:\/\/www.w3.org\/2000\/svg\" viewBox=\"0 0 1000 100\" preserveAspectRatio=\"none\">\n\t<path class=\"elementor-shape-fill\" opacity=\"0.33\" d=\"M473,67.3c-203.9,88.3-263.1-34-320.3,0C66,119.1,0,59.7,0,59.7V0h1000v59.7 c0,0-62.1,26.1-94.9,29.3c-32.8,3.3-62.8-12.3-75.8-22.1C806,49.6,745.3,8.7,694.9,4.7S492.4,59,473,67.3z\"\/>\n\t<path class=\"elementor-shape-fill\" opacity=\"0.66\" d=\"M734,67.3c-45.5,0-77.2-23.2-129.1-39.1c-28.6-8.7-150.3-10.1-254,39.1 s-91.7-34.4-149.2,0C115.7,118.3,0,39.8,0,39.8V0h1000v36.5c0,0-28.2-18.5-92.1-18.5C810.2,18.1,775.7,67.3,734,67.3z\"\/>\n\t<path class=\"elementor-shape-fill\" d=\"M766.1,28.9c-200-57.5-266,65.5-395.1,19.5C242,1.8,242,5.4,184.8,20.6C128,35.8,132.3,44.9,89.9,52.5C28.6,63.7,0,0,0,0 h1000c0,0-9.9,40.9-83.6,48.1S829.6,47,766.1,28.9z\"\/>\n<\/svg>\t\t<\/div>\n\t\t\t\t<div class=\"elementor-shape elementor-shape-bottom\" data-negative=\"false\">\n\t\t\t<svg xmlns=\"http:\/\/www.w3.org\/2000\/svg\" viewBox=\"0 0 283.5 19.6\" preserveAspectRatio=\"none\">\n\t<path class=\"elementor-shape-fill\" style=\"opacity:0.33\" d=\"M0 0L0 18.8 141.8 4.1 283.5 18.8 283.5 0z\"\/>\n\t<path class=\"elementor-shape-fill\" style=\"opacity:0.33\" d=\"M0 0L0 12.6 141.8 4 283.5 12.6 283.5 0z\"\/>\n\t<path class=\"elementor-shape-fill\" style=\"opacity:0.33\" d=\"M0 0L0 6.4 141.8 4 283.5 6.4 283.5 0z\"\/>\n\t<path class=\"elementor-shape-fill\" d=\"M0 0L0 1.2 141.8 4 283.5 1.2 283.5 0z\"\/>\n<\/svg>\t\t<\/div>\n\t\t\t\t\t<div class=\"elementor-container elementor-column-gap-default\">\n\t\t\t\t\t<div class=\"elementor-column elementor-col-100 elementor-top-column elementor-element elementor-element-5fc270c\" data-id=\"5fc270c\" data-element_type=\"column\">\n\t\t\t<div class=\"elementor-widget-wrap elementor-element-populated\">\n\t\t\t\t\t\t<div class=\"elementor-element elementor-element-7448d21 elementor-widget elementor-widget-text-editor\" data-id=\"7448d21\" data-element_type=\"widget\" data-widget_type=\"text-editor.default\">\n\t\t\t\t<div class=\"elementor-widget-container\">\n\t\t\t\t\t\t\t<p>Coordenado pela Faculdade de Arquitetura e Urbanismo da Universidade de S\u00e3o Paulo \u2013 FAUUSP, o N\u00facleo de Pesquisa em Tecnologia da Arquitetura, do Urbanismo e do Design da Universidade de S\u00e3o Paulo \u2013 NUTAU \u2013 dedica-se ao desenvolvimento, coordena\u00e7\u00e3o e difus\u00e3o de investiga\u00e7\u00e3o cient\u00edfica e multidisciplinar nas diversas \u00e1reas abrangidas pela tecnologia da arquitetura, do urbanismo e do design, com elevado n\u00edvel conceitual e metodol\u00f3gico, focadas no contexto e em demandas do pa\u00eds oriundas da realidade arquitet\u00f4nica e urban\u00edstica brasileira, buscando tamb\u00e9m constante di\u00e1logo com a experi\u00eancia internacional.<\/p><p>O NUTAU foi criado em 1992 pelo Prof. Dr. Geraldo Gomes Serra, Titular do Departamento de Tecnologia da FAU USP. De sua funda\u00e7\u00e3o at\u00e9 2007, a coordena\u00e7\u00e3o cient\u00edfica do NAP ficou a cargo do Prof. Dr. Geraldo Gomes Serra. De 2007 at\u00e9 2017, a coordena\u00e7\u00e3o passou para o Prof. Dr. Bruno Roberto Padovano, do Departamento de Projeto da FAU USP. De 2017 at\u00e9 2019, foi coordenado pela Profa. Dra. Rosaria Ono seguida por uma breve coordena\u00e7\u00e3o do Prof. Dr. Jo\u00e3o Carlos de Oliveira Cesar, ambos do Departamento de Tecnologia da FAU USP. De 2020 at\u00e9 o presente momento o N\u00facleo possui a coordena\u00e7\u00e3o cient\u00edfica da Profa. Dra. Ranny Loureiro Xavier Nascimento Michalski e a vice-coordena\u00e7\u00e3o da Profa. Dra. Cyntia Santos Malaguti de Sousa, ambas do Departamento de Tecnologia da FAU USP.<\/p><p>Anteriormente denominado \u201cN\u00facleo de Pesquisa em Tecnologia da Arquitetura e Urbanismo da Universidade de S\u00e3o Paulo\u201d, no ano de 2021 o NUTAU passou a ser chamado de \u201cN\u00facleo de Pesquisa em Tecnologia da Arquitetura, do Urbanismo e do Design da Universidade de S\u00e3o Paulo\u201d de forma a englobar o design em sua nomenclatura.<\/p><p>Desde 2020, o N\u00facleo est\u00e1 em fase de recomposi\u00e7\u00e3o e reestrutura\u00e7\u00e3o, com novos projetos e o desenvolvimento do presente site.<\/p><p>O NUTAU tem como meta tornar-se um centro de refer\u00eancia de padr\u00e3o internacional, promovendo atividades de pesquisa cient\u00edfica e tecnol\u00f3gica em conjunto com outros n\u00facleos de reconhecida trajet\u00f3ria na sua \u00e1rea de concentra\u00e7\u00e3o, sejam eles nacionais ou de outros pa\u00edses.<\/p><p>Constitui miss\u00e3o do NUTAU desenvolver, coordenar e difundir as atividades de pesquisa multidisciplinar na \u00e1rea da Tecnologia da Arquitetura, do Urbanismo e do Design, atrav\u00e9s de uma vis\u00e3o sist\u00eamica que venha a racionalizar o uso dos seus recursos humanos e laboratoriais, bem como aqueles dispon\u00edveis e ao seu alcance na Universidade de S\u00e3o Paulo, e transferir conhecimento para a sociedade, elevando o seu n\u00edvel de informa\u00e7\u00e3o cient\u00edfica.<\/p>\t\t\t\t\t\t<\/div>\n\t\t\t\t<\/div>\n\t\t\t\t\t<\/div>\n\t\t<\/div>\n\t\t\t\t\t<\/div>\n\t\t<\/section>\n\t\t\t\t<section class=\"elementor-section elementor-top-section elementor-element elementor-element-9737ca8 elementor-section-boxed elementor-section-height-default elementor-section-height-default\" data-id=\"9737ca8\" data-element_type=\"section\">\n\t\t\t\t\t\t<div class=\"elementor-container elementor-column-gap-default\">\n\t\t\t\t\t<div class=\"elementor-column elementor-col-100 elementor-top-column elementor-element elementor-element-773b099\" data-id=\"773b099\" data-element_type=\"column\">\n\t\t\t<div class=\"elementor-widget-wrap elementor-element-populated\">\n\t\t\t\t\t\t<section class=\"elementor-section elementor-inner-section elementor-element elementor-element-52467e6 elementor-section-boxed elementor-section-height-default elementor-section-height-default\" data-id=\"52467e6\" data-element_type=\"section\" data-settings=\"{&quot;background_background&quot;:&quot;classic&quot;}\">\n\t\t\t\t\t\t\t<div class=\"elementor-background-overlay\"><\/div>\n\t\t\t\t\t\t\t<div class=\"elementor-container elementor-column-gap-default\">\n\t\t\t\t\t<div class=\"elementor-column elementor-col-100 elementor-inner-column elementor-element elementor-element-18708d8\" data-id=\"18708d8\" data-element_type=\"column\" data-settings=\"{&quot;background_background&quot;:&quot;gradient&quot;}\">\n\t\t\t<div class=\"elementor-widget-wrap elementor-element-populated\">\n\t\t\t\t\t\t<div class=\"elementor-element elementor-element-adfd318 elementor-widget elementor-widget-text-editor\" data-id=\"adfd318\" data-element_type=\"widget\" data-widget_type=\"text-editor.default\">\n\t\t\t\t<div class=\"elementor-widget-container\">\n\t\t\t\t\t\t\t<p>\u00a0<\/p><p style=\"padding-left: 40px;\">Dentre os objetivos do NUTAU encontram-se:<\/p><ol><li style=\"list-style-type: none;\"><ol><li>Desenvolver a pesquisa cient\u00edfica em Tecnologia da Arquitetura, do Urbanismo e do Design;<\/li><li>Polarizar o processo de inova\u00e7\u00e3o e difus\u00e3o na sua \u00e1rea de concentra\u00e7\u00e3o,<br \/>criando condi\u00e7\u00f5es favor\u00e1veis ao interc\u00e2mbio e \u00e0 integra\u00e7\u00e3o de equipes de<br \/>pesquisadores em projetos tem\u00e1ticos, cujo foco articulador \u00e9 a Tecnologia da<br \/>Arquitetura, do Urbanismo e do Design;<\/li><li>Transferir conhecimento para a sociedade atrav\u00e9s de mecanismos destinados a estimular a ado\u00e7\u00e3o de inova\u00e7\u00f5es tecnol\u00f3gicas no setor privado e nas organiza\u00e7\u00f5es voltadas \u00e0 formula\u00e7\u00e3o de pol\u00edticas p\u00fablicas;<\/li><li>Capacitar professores, pesquisadores e estudantes, em todos os n\u00edveis, al\u00e9m de reciclar profissionais, atrav\u00e9s de recursos did\u00e1ticos pr\u00f3prios \u00e0 difus\u00e3o do conhecimento cient\u00edfico e tecnol\u00f3gico.<\/li><\/ol><\/li><\/ol><p>\u00a0<\/p>\t\t\t\t\t\t<\/div>\n\t\t\t\t<\/div>\n\t\t\t\t<div class=\"elementor-element elementor-element-26da003 elementor-widget elementor-widget-spacer\" data-id=\"26da003\" data-element_type=\"widget\" data-widget_type=\"spacer.default\">\n\t\t\t\t<div class=\"elementor-widget-container\">\n\t\t\t\t\t<div class=\"elementor-spacer\">\n\t\t\t<div class=\"elementor-spacer-inner\"><\/div>\n\t\t<\/div>\n\t\t\t\t<\/div>\n\t\t\t\t<\/div>\n\t\t\t\t\t<\/div>\n\t\t<\/div>\n\t\t\t\t\t<\/div>\n\t\t<\/section>\n\t\t\t\t<section class=\"elementor-section elementor-inner-section elementor-element elementor-element-c6cd642 elementor-section-boxed elementor-section-height-default elementor-section-height-default\" data-id=\"c6cd642\" data-element_type=\"section\">\n\t\t\t\t\t\t<div class=\"elementor-container elementor-column-gap-default\">\n\t\t\t\t\t<div class=\"elementor-column elementor-col-100 elementor-inner-column elementor-element elementor-element-b8e54be\" data-id=\"b8e54be\" data-element_type=\"column\">\n\t\t\t<div class=\"elementor-widget-wrap elementor-element-populated\">\n\t\t\t\t\t\t<div class=\"elementor-element elementor-element-39c1d1f elementor-widget elementor-widget-text-editor\" data-id=\"39c1d1f\" data-element_type=\"widget\" data-widget_type=\"text-editor.default\">\n\t\t\t\t<div class=\"elementor-widget-container\">\n\t\t\t\t\t\t\t<p>Como parte de suas atividades regulares, desde 1996 o NUTAU vem organizando semin\u00e1rios internacionais bienais, abordando temas emergentes e significativos para o avan\u00e7o do conhecimento em suas \u00e1reas de atua\u00e7\u00e3o. O principal tema em torno do qual t\u00eam sido organizados os semin\u00e1rios, desde 2002, \u00e9 o da sustentabilidade das \u00e1reas urbanizadas, das edifica\u00e7\u00f5es e do design em seus m\u00faltiplos segmentos:<\/p><ul><li aria-level=\"1\">NUTAU 1996 &#8211; Tecnologia, Arquitetura e Urbanismo<\/li><li aria-level=\"1\">NUTAU 1998 &#8211; Arquitetura e Urbanismo: Tecnologias para o S\u00e9culo XXI<\/li><li aria-level=\"1\">NUTAU 2000 &#8211; Tecnologia e Desenvolvimento<\/li><li aria-level=\"1\">NUTAU 2002 &#8211; Sustentabilidade, Arquitetura, Desenho Urbano<\/li><li aria-level=\"1\">NUTAU 2004 &#8211; Demandas Sociais, Inova\u00e7\u00f5es Tecnol\u00f3gicas e a Cidade<\/li><li aria-level=\"1\">NUTAU 2006 &#8211; Inova\u00e7\u00f5es Tecnol\u00f3gicas e Sustentabilidade<\/li><li aria-level=\"1\">NUTAU 2008 &#8211; Espa\u00e7o Sustent\u00e1vel: Inova\u00e7\u00f5es em Edif\u00edcios e Cidades<\/li><li aria-level=\"1\">NUTAU 2010 &#8211; Design e inova\u00e7\u00e3o: mensagens e produtos para ambientes sustent\u00e1veis<\/li><li aria-level=\"1\">NUTAU 2012 &#8211; BRICS e a Habita\u00e7\u00e3o Coletiva Sustent\u00e1vel<\/li><li aria-level=\"1\">NUTAU 2014 &#8211; Megaeventos e Sustentabilidade: Legados Tecnol\u00f3gicos em Arquitetura, Urbanismo e Design<\/li><li aria-level=\"1\">NUTAU 2016 &#8211; \u00c1guas: Projetos e Tecnologias para o Territ\u00f3rio Sustent\u00e1vel<\/li><li aria-level=\"1\">NUTAU 2018 &#8211; Tecnologia e Inova\u00e7\u00e3o em Arquitetura e Urbanismo: Perspectivas Futuras<\/li><li aria-level=\"1\">NUTAU 2020 &#8211; Valoriza\u00e7\u00e3o de res\u00edduos da arboriza\u00e7\u00e3o urbana. <\/li><\/ul>\t\t\t\t\t\t<\/div>\n\t\t\t\t<\/div>\n\t\t\t\t<div class=\"elementor-element elementor-element-814aafe elementor-widget elementor-widget-spacer\" data-id=\"814aafe\" data-element_type=\"widget\" data-widget_type=\"spacer.default\">\n\t\t\t\t<div class=\"elementor-widget-container\">\n\t\t\t\t\t<div class=\"elementor-spacer\">\n\t\t\t<div class=\"elementor-spacer-inner\"><\/div>\n\t\t<\/div>\n\t\t\t\t<\/div>\n\t\t\t\t<\/div>\n\t\t\t\t<div class=\"elementor-element elementor-element-047fcf0 elementor-widget elementor-widget-text-editor\" data-id=\"047fcf0\" data-element_type=\"widget\" data-widget_type=\"text-editor.default\">\n\t\t\t\t<div class=\"elementor-widget-container\">\n\t\t\t\t\t\t\t<p>O NUTAU tamb\u00e9m tem promovido a realiza\u00e7\u00e3o de eventos internacionais com palestras de convidados especiais, entre eles:<\/p><p>&#8211; \u20181\u00ba Curso no Brasil sobre Arquitetura Aeroespacial\u2019, com o arquiteto e artista multim\u00eddia Emanuel Dimas de Melo Pimenta, na FAU USP, S\u00e3o Paulo, 2012.<\/p><p>&#8211; Semin\u00e1rios sobre \u2018O legado da Arquitetura Moderna no Brasil\u2019 e \u2018Arquitetura Transatl\u00e2ntica: na Europa e nas Am\u00e9ricas\u2019, com o arquiteto Ivan Rumenov Shumkov (Professor Doutor do Pratt Institute, EUA), FAU USP, S\u00e3o Paulo, 2012.<\/p><p>&#8211; \u2018Primeiro Semin\u00e1rio FAU USP sobre Mapeamento Sonoro\u2019, na FAUUSP, S\u00e3o Paulo, 2019.<\/p><p>Al\u00e9m disso, o NUTAU apoiou e ajudou a realiza\u00e7\u00e3o de eventos internacionais voltados a megaeventos esportivos, decorrentes de Termo de Coopera\u00e7\u00e3o Internacional com o LERI &#8211; London East Research Laboratory da UEL &#8211; University of East London (Inglaterra), como:<\/p><p>&#8211; \u2018International summit of sport sustainability and Sport for peace\u2019, UEL\/NUTAU\/USP\/UGF, Rio de Janeiro, Brasil, 2012.\u00a0<\/p><p>&#8211; Simp\u00f3sio Internacional \u2018Cidades Ol\u00edmpicas &amp; Painel Londres \u2013 Rio 2013 2014 2016\u2019, Universidade Gama Filho, Rio de Janeiro, Brasil, 2012.<\/p>\t\t\t\t\t\t<\/div>\n\t\t\t\t<\/div>\n\t\t\t\t\t<\/div>\n\t\t<\/div>\n\t\t\t\t\t<\/div>\n\t\t<\/section>\n\t\t\t\t\t<\/div>\n\t\t<\/div>\n\t\t\t\t\t<\/div>\n\t\t<\/section>\n\t\t\t\t<section class=\"elementor-section elementor-top-section elementor-element elementor-element-7bf0f63 elementor-section-boxed elementor-section-height-default elementor-section-height-default\" data-id=\"7bf0f63\" data-element_type=\"section\">\n\t\t\t\t\t\t<div class=\"elementor-container elementor-column-gap-default\">\n\t\t\t\t\t<div class=\"elementor-column elementor-col-100 elementor-top-column elementor-element elementor-element-f3b6662\" data-id=\"f3b6662\" data-element_type=\"column\">\n\t\t\t<div class=\"elementor-widget-wrap elementor-element-populated\">\n\t\t\t\t\t\t<div class=\"elementor-element elementor-element-9498368 elementor-widget elementor-widget-spacer\" data-id=\"9498368\" data-element_type=\"widget\" data-widget_type=\"spacer.default\">\n\t\t\t\t<div class=\"elementor-widget-container\">\n\t\t\t\t\t<div class=\"elementor-spacer\">\n\t\t\t<div class=\"elementor-spacer-inner\"><\/div>\n\t\t<\/div>\n\t\t\t\t<\/div>\n\t\t\t\t<\/div>\n\t\t\t\t\t<\/div>\n\t\t<\/div>\n\t\t\t\t\t<\/div>\n\t\t<\/section>\n\t\t\t\t<\/div>\n\t\t","protected":false},"excerpt":{"rendered":"<p>HIST\u00d3RICO Coordenado pela Faculdade de Arquitetura e Urbanismo da Universidade de S\u00e3o Paulo \u2013 FAUUSP, o N\u00facleo de Pesquisa em Tecnologia da Arquitetura, do Urbanismo e do Design da Universidade de S\u00e3o Paulo \u2013 NUTAU \u2013 dedica-se ao desenvolvimento, coordena\u00e7\u00e3o e difus\u00e3o de investiga\u00e7\u00e3o cient\u00edfica e multidisciplinar nas diversas \u00e1reas abrangidas pela tecnologia da arquitetura, [&hellip;]<\/p>\n","protected":false},"author":22656,"featured_media":0,"parent":0,"menu_order":0,"comment_status":"closed","ping_status":"closed","template":"","meta":{"ocean_post_layout":"","ocean_both_sidebars_style":"","ocean_both_sidebars_content_width":0,"ocean_both_sidebars_sidebars_width":0,"ocean_sidebar":"0","ocean_second_sidebar":"0","ocean_disable_margins":"enable","ocean_add_body_class":"","ocean_shortcode_before_top_bar":"","ocean_shortcode_after_top_bar":"","ocean_shortcode_before_header":"","ocean_shortcode_after_header":"","ocean_has_shortcode":"","ocean_shortcode_after_title":"","ocean_shortcode_before_footer_widgets":"","ocean_shortcode_after_footer_widgets":"","ocean_shortcode_before_footer_bottom":"","ocean_shortcode_after_footer_bottom":"","ocean_display_top_bar":"default","ocean_display_header":"default","ocean_header_style":"","ocean_center_header_left_menu":"0","ocean_custom_header_template":"0","ocean_custom_logo":0,"ocean_custom_retina_logo":0,"ocean_custom_logo_max_width":0,"ocean_custom_logo_tablet_max_width":0,"ocean_custom_logo_mobile_max_width":0,"ocean_custom_logo_max_height":0,"ocean_custom_logo_tablet_max_height":0,"ocean_custom_logo_mobile_max_height":0,"ocean_header_custom_menu":"0","ocean_menu_typo_font_family":"0","ocean_menu_typo_font_subset":"","ocean_menu_typo_font_size":0,"ocean_menu_typo_font_size_tablet":0,"ocean_menu_typo_font_size_mobile":0,"ocean_menu_typo_font_size_unit":"px","ocean_menu_typo_font_weight":"","ocean_menu_typo_font_weight_tablet":"","ocean_menu_typo_font_weight_mobile":"","ocean_menu_typo_transform":"","ocean_menu_typo_transform_tablet":"","ocean_menu_typo_transform_mobile":"","ocean_menu_typo_line_height":0,"ocean_menu_typo_line_height_tablet":0,"ocean_menu_typo_line_height_mobile":0,"ocean_menu_typo_line_height_unit":"","ocean_menu_typo_spacing":0,"ocean_menu_typo_spacing_tablet":0,"ocean_menu_typo_spacing_mobile":0,"ocean_menu_typo_spacing_unit":"","ocean_menu_link_color":"","ocean_menu_link_color_hover":"","ocean_menu_link_color_active":"","ocean_menu_link_background":"","ocean_menu_link_hover_background":"","ocean_menu_link_active_background":"","ocean_menu_social_links_bg":"","ocean_menu_social_hover_links_bg":"","ocean_menu_social_links_color":"","ocean_menu_social_hover_links_color":"","ocean_disable_title":"default","ocean_disable_heading":"default","ocean_post_title":"","ocean_post_subheading":"","ocean_post_title_style":"","ocean_post_title_background_color":"","ocean_post_title_background":0,"ocean_post_title_bg_image_position":"","ocean_post_title_bg_image_attachment":"","ocean_post_title_bg_image_repeat":"","ocean_post_title_bg_image_size":"","ocean_post_title_height":0,"ocean_post_title_bg_overlay":0.5,"ocean_post_title_bg_overlay_color":"","ocean_disable_breadcrumbs":"default","ocean_breadcrumbs_color":"","ocean_breadcrumbs_separator_color":"","ocean_breadcrumbs_links_color":"","ocean_breadcrumbs_links_hover_color":"","ocean_display_footer_widgets":"default","ocean_display_footer_bottom":"default","ocean_custom_footer_template":"0","footnotes":"","_links_to":"","_links_to_target":""},"class_list":["post-385","page","type-page","status-publish","hentry","entry"],"_links":{"self":[{"href":"https:\/\/sites.usp.br\/nutau\/wp-json\/wp\/v2\/pages\/385","targetHints":{"allow":["GET"]}}],"collection":[{"href":"https:\/\/sites.usp.br\/nutau\/wp-json\/wp\/v2\/pages"}],"about":[{"href":"https:\/\/sites.usp.br\/nutau\/wp-json\/wp\/v2\/types\/page"}],"author":[{"embeddable":true,"href":"https:\/\/sites.usp.br\/nutau\/wp-json\/wp\/v2\/users\/22656"}],"replies":[{"embeddable":true,"href":"https:\/\/sites.usp.br\/nutau\/wp-json\/wp\/v2\/comments?post=385"}],"version-history":[{"count":4,"href":"https:\/\/sites.usp.br\/nutau\/wp-json\/wp\/v2\/pages\/385\/revisions"}],"predecessor-version":[{"id":1036,"href":"https:\/\/sites.usp.br\/nutau\/wp-json\/wp\/v2\/pages\/385\/revisions\/1036"}],"wp:attachment":[{"href":"https:\/\/sites.usp.br\/nutau\/wp-json\/wp\/v2\/media?parent=385"}],"curies":[{"name":"wp","href":"https:\/\/api.w.org\/{rel}","templated":true}]}}