{"id":1112,"date":"2023-09-30T22:41:43","date_gmt":"2023-10-01T00:41:43","guid":{"rendered":"https:\/\/sites.usp.br\/oaepsps\/?page_id=1112"},"modified":"2025-12-15T17:53:17","modified_gmt":"2025-12-15T19:53:17","slug":"graduadas","status":"publish","type":"page","link":"https:\/\/sites.usp.br\/oaepsps\/graduadas\/","title":{"rendered":"Graduadas"},"content":{"rendered":"<p>&nbsp;<\/p>\n<p><b>Barbara Mariano Estorino<\/b><\/p>\n<p><span style=\"font-weight: 400;\">Graduada em Obstetr\u00edcia pela EACH-USP. <a href=\"https:\/\/sites.usp.br\/oaepsps\/wp-content\/uploads\/sites\/1023\/2022\/04\/foto-rosto.jpg\"><img decoding=\"async\" class=\" wp-image-907 alignright\" src=\"https:\/\/sites.usp.br\/oaepsps\/wp-content\/uploads\/sites\/1023\/2022\/04\/foto-rosto-196x300.jpg\" alt=\"\" width=\"130\" height=\"199\" srcset=\"https:\/\/sites.usp.br\/oaepsps\/wp-content\/uploads\/sites\/1023\/2022\/04\/foto-rosto-196x300.jpg 196w, https:\/\/sites.usp.br\/oaepsps\/wp-content\/uploads\/sites\/1023\/2022\/04\/foto-rosto-669x1024.jpg 669w, https:\/\/sites.usp.br\/oaepsps\/wp-content\/uploads\/sites\/1023\/2022\/04\/foto-rosto-768x1175.jpg 768w, https:\/\/sites.usp.br\/oaepsps\/wp-content\/uploads\/sites\/1023\/2022\/04\/foto-rosto-1004x1536.jpg 1004w, https:\/\/sites.usp.br\/oaepsps\/wp-content\/uploads\/sites\/1023\/2022\/04\/foto-rosto-392x600.jpg 392w, https:\/\/sites.usp.br\/oaepsps\/wp-content\/uploads\/sites\/1023\/2022\/04\/foto-rosto.jpg 1161w\" sizes=\"(max-width: 130px) 100vw, 130px\" \/><\/a><\/span><\/p>\n<p><span style=\"font-weight: 400;\">Site pessoal:<\/span><a href=\"http:\/\/lattes.cnpq.br\/1641923713164426\"> <b>http:\/\/lattes.cnpq.br\/1641923713164426<\/b><\/a><\/p>\n<p><span style=\"font-weight: 400;\">\u00a0<\/span><\/p>\n<p>&nbsp;<\/p>\n<p>&nbsp;<\/p>\n<p>&nbsp;<\/p>\n<p><strong>Thais Santos Martins<\/strong><\/p>\n<p class=\"resumo\">Graduada em Obstetr\u00edcia na Universidade de S\u00e3o Paulo (USP), realizei um interc\u00e2mbio na Universidad de Ja\u00e9n (UJA), onde cursei disciplinas nas \u00e1reas de Enfermagem e Fisioterapia. Atualmente, curso Medicina na Universidad<a href=\"https:\/\/sites.usp.br\/oaepsps\/wp-content\/uploads\/sites\/1023\/2025\/12\/Thais-Martins.jpg\"><img decoding=\"async\" class=\" wp-image-1458 alignright\" src=\"https:\/\/sites.usp.br\/oaepsps\/wp-content\/uploads\/sites\/1023\/2025\/12\/Thais-Martins-250x300.jpg\" alt=\"\" width=\"157\" height=\"188\" srcset=\"https:\/\/sites.usp.br\/oaepsps\/wp-content\/uploads\/sites\/1023\/2025\/12\/Thais-Martins-250x300.jpg 250w, https:\/\/sites.usp.br\/oaepsps\/wp-content\/uploads\/sites\/1023\/2025\/12\/Thais-Martins-400x481.jpg 400w, https:\/\/sites.usp.br\/oaepsps\/wp-content\/uploads\/sites\/1023\/2025\/12\/Thais-Martins.jpg 720w\" sizes=\"(max-width: 157px) 100vw, 157px\" \/><\/a> Nacional de Rosario (UNR), buscando expandir meus conhecimentos nas ci\u00eancias m\u00e9dicas e aprimorar minha forma\u00e7\u00e3o acad\u00eamica.<\/p>\n<p>Site pessoal:\u00a0<a href=\"http:\/\/lattes.cnpq.br\/6267580811623520\">http:\/\/lattes.cnpq.br\/6267580811623520<\/a><\/p>\n","protected":false},"excerpt":{"rendered":"<p>&nbsp; Barbara Mariano Estorino Graduada em Obstetr\u00edcia pela EACH-USP. Site pessoal: http:\/\/lattes.cnpq.br\/1641923713164426 \u00a0 &nbsp; &nbsp; &nbsp; Thais Santos Martins Graduada em Obstetr\u00edcia na Universidade de S\u00e3o Paulo (USP), realizei um interc\u00e2mbio na Universidad de Ja\u00e9n (UJA), onde cursei disciplinas nas \u00e1reas de Enfermagem e Fisioterapia. Atualmente, curso Medicina na Universidad Nacional de Rosario (UNR), buscando<a href=\"https:\/\/sites.usp.br\/oaepsps\/graduadas\/\">[&#8230;]<\/a><\/p>\n","protected":false},"author":23396,"featured_media":0,"parent":0,"menu_order":0,"comment_status":"closed","ping_status":"closed","template":"","meta":{"footnotes":"","_links_to":"","_links_to_target":""},"class_list":["post-1112","page","type-page","status-publish","hentry"],"_links":{"self":[{"href":"https:\/\/sites.usp.br\/oaepsps\/wp-json\/wp\/v2\/pages\/1112","targetHints":{"allow":["GET"]}}],"collection":[{"href":"https:\/\/sites.usp.br\/oaepsps\/wp-json\/wp\/v2\/pages"}],"about":[{"href":"https:\/\/sites.usp.br\/oaepsps\/wp-json\/wp\/v2\/types\/page"}],"author":[{"embeddable":true,"href":"https:\/\/sites.usp.br\/oaepsps\/wp-json\/wp\/v2\/users\/23396"}],"replies":[{"embeddable":true,"href":"https:\/\/sites.usp.br\/oaepsps\/wp-json\/wp\/v2\/comments?post=1112"}],"version-history":[{"count":4,"href":"https:\/\/sites.usp.br\/oaepsps\/wp-json\/wp\/v2\/pages\/1112\/revisions"}],"predecessor-version":[{"id":1459,"href":"https:\/\/sites.usp.br\/oaepsps\/wp-json\/wp\/v2\/pages\/1112\/revisions\/1459"}],"wp:attachment":[{"href":"https:\/\/sites.usp.br\/oaepsps\/wp-json\/wp\/v2\/media?parent=1112"}],"curies":[{"name":"wp","href":"https:\/\/api.w.org\/{rel}","templated":true}]}}