{"id":1289,"date":"2024-10-02T16:38:47","date_gmt":"2024-10-02T18:38:47","guid":{"rendered":"https:\/\/sites.usp.br\/oaepsps\/?page_id=1289"},"modified":"2024-10-02T18:15:27","modified_gmt":"2024-10-02T20:15:27","slug":"projetos","status":"publish","type":"page","link":"https:\/\/sites.usp.br\/oaepsps\/projetos\/","title":{"rendered":"PROJETOS"},"content":{"rendered":"<p>Link para Resumo SIICUSP apresentado pelo Observat\u00f3rio no ano de 2020:<\/p>\n<ul>\n<li><a href=\"https:\/\/sites.usp.br\/oaepsps\/wp-content\/uploads\/sites\/1023\/2024\/10\/Programa-de-EP-para-profissionais-de-saude.pdf\">Programa de EP para profissionais de saude\u00a0\u00a0\u00a0<\/a><\/li>\n<\/ul>\n<p>Links para os Resumos SIICUSP apresentados pelo Observat\u00f3rio no ano de 2021:<\/p>\n<ul>\n<li><a href=\"https:\/\/sites.usp.br\/oaepsps\/wp-content\/uploads\/sites\/1023\/2024\/10\/sistematizacao-de-atividades.pdf\">sistematiza\u00e7\u00e3o de atividades<\/a> <a href=\"https:\/\/sites.usp.br\/oaepsps\/wp-content\/uploads\/sites\/1023\/2024\/10\/Acoes-de-EP-relacionados-a-covid.pdf\">A\u00e7\u00f5es de EP relacionados a covid<\/a><\/li>\n<li><a href=\"https:\/\/sites.usp.br\/oaepsps\/wp-content\/uploads\/sites\/1023\/2024\/10\/Acoes-de-EP-relacionados-a-covid.pdf\">A\u00e7\u00f5es de EP relacionados a covid<\/a><\/li>\n<\/ul>\n<p>Link para os Resumos SIICUSP apresentados pelo Observat\u00f3rio no ano de 2022:<\/p>\n<ul>\n<li><a href=\"https:\/\/sites.usp.br\/oaepsps\/wp-content\/uploads\/sites\/1023\/2024\/10\/Centro.pdf\">SIICUSP &#8211; REGI\u00c3O CENTRO<\/a><\/li>\n<li><a href=\"https:\/\/sites.usp.br\/oaepsps\/wp-content\/uploads\/sites\/1023\/2024\/10\/Leste.pdf\">SIICUSP &#8211; REGI\u00c3O LESTE<\/a><\/li>\n<li><a href=\"https:\/\/sites.usp.br\/oaepsps\/wp-content\/uploads\/sites\/1023\/2024\/10\/Norte.pdf\">SIICUSP &#8211; REGI\u00c3O NORTE<\/a><\/li>\n<li><a href=\"https:\/\/sites.usp.br\/oaepsps\/wp-content\/uploads\/sites\/1023\/2024\/10\/Oeste.pdf\">SIICUSP &#8211; REGI\u00c3O OESTE<\/a><\/li>\n<li><a href=\"https:\/\/sites.usp.br\/oaepsps\/wp-content\/uploads\/sites\/1023\/2024\/10\/Sul.pdf\">SIICUSP &#8211; REGI\u00c3O SUL<\/a><\/li>\n<\/ul>\n<p>Link para os Resumos SIICUSP apresentados pelo Observat\u00f3rio no ano de 2023:<\/p>\n<ul>\n<li><a href=\"https:\/\/sites.usp.br\/oaepsps\/wp-content\/uploads\/sites\/1023\/2024\/10\/Centro-e-Oeste.pdf\">SIICUSP &#8211; Centro e Oeste<\/a><\/li>\n<li><a href=\"https:\/\/sites.usp.br\/oaepsps\/wp-content\/uploads\/sites\/1023\/2024\/10\/Sul-1.pdf\">SIICUSP &#8211; SUL<\/a><\/li>\n<li><a href=\"https:\/\/sites.usp.br\/oaepsps\/wp-content\/uploads\/sites\/1023\/2024\/10\/Sudeste-Norte-e-leste.pdf\">SIICUSP &#8211; Sudeste, Norte e leste<\/a><\/li>\n<li><a href=\"https:\/\/sites.usp.br\/oaepsps\/wp-content\/uploads\/sites\/1023\/2024\/10\/Sistematizacao-de-dados.pdf\">SIICUSP &#8211; Sistematiza\u00e7\u00e3o de dados<\/a><\/li>\n<li><a href=\"https:\/\/sites.usp.br\/oaepsps\/wp-content\/uploads\/sites\/1023\/2024\/10\/PT-Resumo-SIICUSP-2023-Ilana.pdf\">SIICUSP &#8211; O ADOLESCENTE NO PLAMEP SA\u00daDE<\/a><\/li>\n<\/ul>\n<p>Link para os Resumos SIICUSP apresentados pelo Observat\u00f3rio no ano de 2024:<\/p>\n<ul>\n<li><a href=\"https:\/\/sites.usp.br\/oaepsps\/wp-content\/uploads\/sites\/1023\/2024\/10\/Sul-e-Sudeste.docx.pdf\">SIICUSP &#8211; Sul e Sudeste.docx<\/a><\/li>\n<li><a href=\"https:\/\/sites.usp.br\/oaepsps\/wp-content\/uploads\/sites\/1023\/2024\/10\/Sistematizacao-de-dados-1.pdf\">SIICUSP &#8211; Sistematiza\u00e7\u00e3o de dados (1)<\/a><\/li>\n<li><a href=\"https:\/\/sites.usp.br\/oaepsps\/wp-content\/uploads\/sites\/1023\/2024\/10\/REGIOES-LESTE-CENTRO-OESTE-E-NORTE.pdf\">SIICUSP &#8211; REGI\u00d5ES LESTE, CENTRO, OESTE E NORTE<\/a><\/li>\n<\/ul>\n<p>Projetos de pesquisa do GIEPS\/Observat\u00f3rio 2023\/2024<\/p>\n<p><a href=\"https:\/\/sites.usp.br\/oaepsps\/wp-content\/uploads\/sites\/1023\/2024\/10\/Captura-de-tela-2024-10-02-153332.png\"><img fetchpriority=\"high\" decoding=\"async\" class=\"alignnone wp-image-1293\" src=\"https:\/\/sites.usp.br\/oaepsps\/wp-content\/uploads\/sites\/1023\/2024\/10\/Captura-de-tela-2024-10-02-153332-300x258.png\" alt=\"\" width=\"364\" height=\"313\" srcset=\"https:\/\/sites.usp.br\/oaepsps\/wp-content\/uploads\/sites\/1023\/2024\/10\/Captura-de-tela-2024-10-02-153332-300x258.png 300w, https:\/\/sites.usp.br\/oaepsps\/wp-content\/uploads\/sites\/1023\/2024\/10\/Captura-de-tela-2024-10-02-153332-400x343.png 400w, https:\/\/sites.usp.br\/oaepsps\/wp-content\/uploads\/sites\/1023\/2024\/10\/Captura-de-tela-2024-10-02-153332.png 601w\" sizes=\"(max-width: 364px) 100vw, 364px\" \/><\/a><\/p>\n<p>Projetos de pesquisa do GIEPS\/Observat\u00f3rio 2022\/2023<\/p>\n<p><a href=\"https:\/\/sites.usp.br\/oaepsps\/wp-content\/uploads\/sites\/1023\/2024\/10\/Captura-de-tela-2024-10-02-155914.png\"><img decoding=\"async\" class=\"alignnone wp-image-1297\" src=\"https:\/\/sites.usp.br\/oaepsps\/wp-content\/uploads\/sites\/1023\/2024\/10\/Captura-de-tela-2024-10-02-155914-239x300.png\" alt=\"\" width=\"368\" height=\"462\" srcset=\"https:\/\/sites.usp.br\/oaepsps\/wp-content\/uploads\/sites\/1023\/2024\/10\/Captura-de-tela-2024-10-02-155914-239x300.png 239w, https:\/\/sites.usp.br\/oaepsps\/wp-content\/uploads\/sites\/1023\/2024\/10\/Captura-de-tela-2024-10-02-155914-400x501.png 400w, https:\/\/sites.usp.br\/oaepsps\/wp-content\/uploads\/sites\/1023\/2024\/10\/Captura-de-tela-2024-10-02-155914.png 407w\" sizes=\"(max-width: 368px) 100vw, 368px\" \/><\/a><\/p>\n<p>Projetos de pesquisa do GIEPS\/Observat\u00f3rio 2021\/2022<\/p>\n<p><a href=\"https:\/\/sites.usp.br\/oaepsps\/wp-content\/uploads\/sites\/1023\/2024\/10\/Captura-de-tela-2024-10-02-160144.png\"><img decoding=\"async\" class=\"alignnone wp-image-1298\" src=\"https:\/\/sites.usp.br\/oaepsps\/wp-content\/uploads\/sites\/1023\/2024\/10\/Captura-de-tela-2024-10-02-160144-206x300.png\" alt=\"\" width=\"338\" height=\"492\" srcset=\"https:\/\/sites.usp.br\/oaepsps\/wp-content\/uploads\/sites\/1023\/2024\/10\/Captura-de-tela-2024-10-02-160144-206x300.png 206w, https:\/\/sites.usp.br\/oaepsps\/wp-content\/uploads\/sites\/1023\/2024\/10\/Captura-de-tela-2024-10-02-160144.png 359w\" sizes=\"(max-width: 338px) 100vw, 338px\" \/><\/a><\/p>\n","protected":false},"excerpt":{"rendered":"<p>Link para Resumo SIICUSP apresentado pelo Observat\u00f3rio no ano de 2020: Programa de EP para profissionais de saude\u00a0\u00a0\u00a0 Links para os Resumos SIICUSP apresentados pelo Observat\u00f3rio no ano de 2021: sistematiza\u00e7\u00e3o de atividades A\u00e7\u00f5es de EP relacionados a covid A\u00e7\u00f5es de EP relacionados a covid Link para os Resumos SIICUSP apresentados pelo Observat\u00f3rio no ano<a href=\"https:\/\/sites.usp.br\/oaepsps\/projetos\/\">[&#8230;]<\/a><\/p>\n","protected":false},"author":23396,"featured_media":0,"parent":0,"menu_order":0,"comment_status":"closed","ping_status":"closed","template":"","meta":{"footnotes":"","_links_to":"","_links_to_target":""},"class_list":["post-1289","page","type-page","status-publish","hentry"],"_links":{"self":[{"href":"https:\/\/sites.usp.br\/oaepsps\/wp-json\/wp\/v2\/pages\/1289","targetHints":{"allow":["GET"]}}],"collection":[{"href":"https:\/\/sites.usp.br\/oaepsps\/wp-json\/wp\/v2\/pages"}],"about":[{"href":"https:\/\/sites.usp.br\/oaepsps\/wp-json\/wp\/v2\/types\/page"}],"author":[{"embeddable":true,"href":"https:\/\/sites.usp.br\/oaepsps\/wp-json\/wp\/v2\/users\/23396"}],"replies":[{"embeddable":true,"href":"https:\/\/sites.usp.br\/oaepsps\/wp-json\/wp\/v2\/comments?post=1289"}],"version-history":[{"count":4,"href":"https:\/\/sites.usp.br\/oaepsps\/wp-json\/wp\/v2\/pages\/1289\/revisions"}],"predecessor-version":[{"id":1318,"href":"https:\/\/sites.usp.br\/oaepsps\/wp-json\/wp\/v2\/pages\/1289\/revisions\/1318"}],"wp:attachment":[{"href":"https:\/\/sites.usp.br\/oaepsps\/wp-json\/wp\/v2\/media?parent=1289"}],"curies":[{"name":"wp","href":"https:\/\/api.w.org\/{rel}","templated":true}]}}