{"id":515,"date":"2021-10-15T15:31:47","date_gmt":"2021-10-15T17:31:47","guid":{"rendered":"https:\/\/sites.usp.br\/oaepsps\/?page_id=515"},"modified":"2021-12-02T16:42:47","modified_gmt":"2021-12-02T18:42:47","slug":"home","status":"publish","type":"page","link":"https:\/\/sites.usp.br\/oaepsps\/","title":{"rendered":"Home"},"content":{"rendered":"<h1>Grupo de Pesquisa<\/h1>\n<p>Estamos implementando o Observat\u00f3rio de atividades educativas para profissionais dos sistemas p\u00fablicos de sa\u00fade, com vistas a monitorar, avaliar e fornecer subs\u00eddios para:<\/p>\n<p>1. Defini\u00e7\u00e3o de m\u00e9todos para o levantamento da necessidade da atividade educativa;<\/p>\n<p>2. Descri\u00e7\u00e3o das finalidades das atividades educativas visando o alinhamento com a Pol\u00edtica Nacional de Educa\u00e7\u00e3o Permanente em Sa\u00fade e com o planejamento estrat\u00e9gico de gest\u00e3o da UBS;<\/p>\n<p>3. Estabelecimento de indicadores para mensurar a efetividade das atividades educativas, por meio do impacto das mesmas no desempenho profissional.<\/p>\n<p style=\"text-align: left;\">Dessa forma, o <em>Observat\u00f3rio de atividades educativas para profissionais dos sistemas p\u00fablicos de sa\u00fade<\/em> tem como <em>principais objetivos<\/em><i>: <\/i>observar o monitoramento, as finalidades, as metas e avalia\u00e7\u00f5es das atividades educativas, produzir e divulgar conhecimentos sobre essas atividades, bem como difundir informa\u00e7\u00f5es sobre atualiza\u00e7\u00e3o\/aprimoramento dos profissionais de sa\u00fade \u00e0 popula\u00e7\u00e3o.<\/p>\n<p><a href=\"https:\/\/sites.usp.br\/oaepsps\/wp-content\/uploads\/sites\/1023\/2021\/10\/cropped-CABECALHO.png\"><img fetchpriority=\"high\" decoding=\"async\" src=\"https:\/\/sites.usp.br\/oaepsps\/wp-content\/uploads\/sites\/1023\/2021\/10\/cropped-CABECALHO-300x180.png\" alt=\"\" width=\"300\" height=\"180\" \/><\/a><\/p>\n","protected":false},"excerpt":{"rendered":"<p>Grupo de Pesquisa Estamos implementando o Observat\u00f3rio de atividades educativas para profissionais dos sistemas p\u00fablicos de sa\u00fade, com vistas a monitorar, avaliar e fornecer subs\u00eddios para: 1. Defini\u00e7\u00e3o de m\u00e9todos para o levantamento da necessidade da atividade educativa; 2. Descri\u00e7\u00e3o das finalidades das atividades educativas visando o alinhamento com a Pol\u00edtica Nacional de Educa\u00e7\u00e3o Permanente<a href=\"https:\/\/sites.usp.br\/oaepsps\/\">[&#8230;]<\/a><\/p>\n","protected":false},"author":22636,"featured_media":0,"parent":0,"menu_order":0,"comment_status":"closed","ping_status":"closed","template":"","meta":{"footnotes":"","_links_to":"","_links_to_target":""},"class_list":["post-515","page","type-page","status-publish","hentry"],"_links":{"self":[{"href":"https:\/\/sites.usp.br\/oaepsps\/wp-json\/wp\/v2\/pages\/515","targetHints":{"allow":["GET"]}}],"collection":[{"href":"https:\/\/sites.usp.br\/oaepsps\/wp-json\/wp\/v2\/pages"}],"about":[{"href":"https:\/\/sites.usp.br\/oaepsps\/wp-json\/wp\/v2\/types\/page"}],"author":[{"embeddable":true,"href":"https:\/\/sites.usp.br\/oaepsps\/wp-json\/wp\/v2\/users\/22636"}],"replies":[{"embeddable":true,"href":"https:\/\/sites.usp.br\/oaepsps\/wp-json\/wp\/v2\/comments?post=515"}],"version-history":[{"count":4,"href":"https:\/\/sites.usp.br\/oaepsps\/wp-json\/wp\/v2\/pages\/515\/revisions"}],"predecessor-version":[{"id":843,"href":"https:\/\/sites.usp.br\/oaepsps\/wp-json\/wp\/v2\/pages\/515\/revisions\/843"}],"wp:attachment":[{"href":"https:\/\/sites.usp.br\/oaepsps\/wp-json\/wp\/v2\/media?parent=515"}],"curies":[{"name":"wp","href":"https:\/\/api.w.org\/{rel}","templated":true}]}}