{"id":566,"date":"2021-10-15T17:05:14","date_gmt":"2021-10-15T19:05:14","guid":{"rendered":"https:\/\/sites.usp.br\/oaepsps\/?page_id=566"},"modified":"2021-10-25T16:31:13","modified_gmt":"2021-10-25T18:31:13","slug":"linha-de-pesquisa","status":"publish","type":"page","link":"https:\/\/sites.usp.br\/oaepsps\/linha-de-pesquisa\/","title":{"rendered":"Pesquisas"},"content":{"rendered":"<p>Estamos envolvidos com a forma\u00e7\u00e3o ampla e complexa de professores e profissionais da \u00e1rea da sa\u00fade.<\/p>\n<p>Temos como principal desafio gerar e difundir conhecimentos por meio de pesquisas que articulem os princ\u00edpios te\u00f3ricos \u00e0s pr\u00e1ticas vivenciadas na sociedade de maneira geral.<\/p>\n<p>&nbsp;<\/p>\n","protected":false},"excerpt":{"rendered":"<p>Estamos envolvidos com a forma\u00e7\u00e3o ampla e complexa de professores e profissionais da \u00e1rea da sa\u00fade. Temos como principal desafio gerar e difundir conhecimentos por meio de pesquisas que articulem os princ\u00edpios te\u00f3ricos \u00e0s pr\u00e1ticas vivenciadas na sociedade de maneira geral. &nbsp;<\/p>\n","protected":false},"author":22637,"featured_media":0,"parent":0,"menu_order":0,"comment_status":"closed","ping_status":"closed","template":"","meta":{"footnotes":"","_links_to":"","_links_to_target":""},"class_list":["post-566","page","type-page","status-publish","hentry"],"_links":{"self":[{"href":"https:\/\/sites.usp.br\/oaepsps\/wp-json\/wp\/v2\/pages\/566","targetHints":{"allow":["GET"]}}],"collection":[{"href":"https:\/\/sites.usp.br\/oaepsps\/wp-json\/wp\/v2\/pages"}],"about":[{"href":"https:\/\/sites.usp.br\/oaepsps\/wp-json\/wp\/v2\/types\/page"}],"author":[{"embeddable":true,"href":"https:\/\/sites.usp.br\/oaepsps\/wp-json\/wp\/v2\/users\/22637"}],"replies":[{"embeddable":true,"href":"https:\/\/sites.usp.br\/oaepsps\/wp-json\/wp\/v2\/comments?post=566"}],"version-history":[{"count":4,"href":"https:\/\/sites.usp.br\/oaepsps\/wp-json\/wp\/v2\/pages\/566\/revisions"}],"predecessor-version":[{"id":793,"href":"https:\/\/sites.usp.br\/oaepsps\/wp-json\/wp\/v2\/pages\/566\/revisions\/793"}],"wp:attachment":[{"href":"https:\/\/sites.usp.br\/oaepsps\/wp-json\/wp\/v2\/media?parent=566"}],"curies":[{"name":"wp","href":"https:\/\/api.w.org\/{rel}","templated":true}]}}