{"id":589,"date":"2021-10-15T17:38:47","date_gmt":"2021-10-15T19:38:47","guid":{"rendered":"https:\/\/sites.usp.br\/oaepsps\/?page_id=589"},"modified":"2025-02-06T17:21:02","modified_gmt":"2025-02-06T19:21:02","slug":"professores-pos-doutores","status":"publish","type":"page","link":"https:\/\/sites.usp.br\/oaepsps\/professores-pos-doutores\/","title":{"rendered":"Professores P\u00f3s-Doutores"},"content":{"rendered":"<table>\n<thead>\n<tr>\n<th colspan=\"2\">Professores P\u00f3s-Doutores<\/th>\n<\/tr>\n<\/thead>\n<tbody>\n<tr class=\"branco\">\n<td><\/td>\n<td><b>Eunice Almeida da Silva<\/b><\/p>\n<p><a href=\"https:\/\/sites.usp.br\/oaepsps\/wp-content\/uploads\/sites\/1023\/2021\/10\/eunice-almeida-da-silva-foto.jpeg\"><img decoding=\"async\" class=\"wp-image-606 alignright\" src=\"https:\/\/sites.usp.br\/oaepsps\/wp-content\/uploads\/sites\/1023\/2021\/10\/eunice-almeida-da-silva-foto-300x300.jpeg\" alt=\"\" width=\"184\" height=\"184\" srcset=\"https:\/\/sites.usp.br\/oaepsps\/wp-content\/uploads\/sites\/1023\/2021\/10\/eunice-almeida-da-silva-foto-300x300.jpeg 300w, https:\/\/sites.usp.br\/oaepsps\/wp-content\/uploads\/sites\/1023\/2021\/10\/eunice-almeida-da-silva-foto-150x150.jpeg 150w, https:\/\/sites.usp.br\/oaepsps\/wp-content\/uploads\/sites\/1023\/2021\/10\/eunice-almeida-da-silva-foto-250x250.jpeg 250w, https:\/\/sites.usp.br\/oaepsps\/wp-content\/uploads\/sites\/1023\/2021\/10\/eunice-almeida-da-silva-foto-174x174.jpeg 174w, https:\/\/sites.usp.br\/oaepsps\/wp-content\/uploads\/sites\/1023\/2021\/10\/eunice-almeida-da-silva-foto-45x45.jpeg 45w, https:\/\/sites.usp.br\/oaepsps\/wp-content\/uploads\/sites\/1023\/2021\/10\/eunice-almeida-da-silva-foto-200x200.jpeg 200w, https:\/\/sites.usp.br\/oaepsps\/wp-content\/uploads\/sites\/1023\/2021\/10\/eunice-almeida-da-silva-foto-400x400.jpeg 400w, https:\/\/sites.usp.br\/oaepsps\/wp-content\/uploads\/sites\/1023\/2021\/10\/eunice-almeida-da-silva-foto.jpeg 512w\" sizes=\"(max-width: 184px) 100vw, 184px\" \/><\/a>Possui gradua\u00e7\u00e3o em Enfermagem, mestrado em Ci\u00eancias Sociais, doutorado em Educa\u00e7\u00e3o pela Faculdade de Educa\u00e7\u00e3o da USP, p\u00f3s-doutorado em Educa\u00e7\u00e3o pela Faculdade de Educa\u00e7\u00e3o da UNICAMP. Atualmente \u00e9 professor doutor 2 do curso de gradua\u00e7\u00e3o em Obstetr\u00edcia e do Programa de P\u00f3s-Gradua\u00e7\u00e3o em Estudos Culturais da Escola de Artes, Ci\u00eancias e Humanidades da Universidade de S\u00e3o Paulo (EACH-USP). L\u00edder do Grupo Internacional e Interdisciplinar de Estudos e Pesquisas em Forma\u00e7\u00e3o de Profissionais para \u00e1rea da Sa\u00fade (GIEPS). Coordenadora do Observat\u00f3rio de atividades educativas para profissionais dos sistemas p\u00fablicos de sa\u00fade-SP-Brasil. Membro da International Network for Health Workforce Education. Bolsista do Programa &#8216;Movilidad Profesorado&#8217; da Fundaci\u00f3n Carolina-Espanha, 2020-2021.<\/p>\n<p>Site pessoal: <a href=\"https:\/\/uspdigital.usp.br\/especialistas\/especialistaobter?codpub=b7a0d8b6b36b\" target=\"_blank\" rel=\"noopener\"><b>https:\/\/uspdigital.usp.br\/especialistas\/especialistaobter?codpub=b7a0d8b6b36b<\/b><\/a><\/td>\n<\/tr>\n<\/tbody>\n<\/table>\n<table>\n<tbody>\n<tr class=\"cinza\">\n<td><\/td>\n<td><b>R\u00e9gia Cristina Oliveira<\/b><\/p>\n<p><a href=\"https:\/\/sites.usp.br\/oaepsps\/wp-content\/uploads\/sites\/1023\/2021\/10\/regia_foto.jpeg\"><img decoding=\"async\" class=\"wp-image-634 alignright\" src=\"https:\/\/sites.usp.br\/oaepsps\/wp-content\/uploads\/sites\/1023\/2021\/10\/regia_foto-300x300.jpeg\" alt=\"\" width=\"184\" height=\"184\" srcset=\"https:\/\/sites.usp.br\/oaepsps\/wp-content\/uploads\/sites\/1023\/2021\/10\/regia_foto-300x300.jpeg 300w, https:\/\/sites.usp.br\/oaepsps\/wp-content\/uploads\/sites\/1023\/2021\/10\/regia_foto-150x150.jpeg 150w, https:\/\/sites.usp.br\/oaepsps\/wp-content\/uploads\/sites\/1023\/2021\/10\/regia_foto-250x250.jpeg 250w, https:\/\/sites.usp.br\/oaepsps\/wp-content\/uploads\/sites\/1023\/2021\/10\/regia_foto-174x174.jpeg 174w, https:\/\/sites.usp.br\/oaepsps\/wp-content\/uploads\/sites\/1023\/2021\/10\/regia_foto-45x45.jpeg 45w, https:\/\/sites.usp.br\/oaepsps\/wp-content\/uploads\/sites\/1023\/2021\/10\/regia_foto-200x200.jpeg 200w, https:\/\/sites.usp.br\/oaepsps\/wp-content\/uploads\/sites\/1023\/2021\/10\/regia_foto-400x400.jpeg 400w, https:\/\/sites.usp.br\/oaepsps\/wp-content\/uploads\/sites\/1023\/2021\/10\/regia_foto.jpeg 427w\" sizes=\"(max-width: 184px) 100vw, 184px\" \/><\/a>Possui Gradua\u00e7\u00e3o em Ci\u00eancias Sociais (1998) pela Universidade de S\u00e3o Paulo -USP, Mestrado em Sociologia (2002) pela Universidade de S\u00e3o Paulo -USP, Doutorado em Sociologia (2006) pela Universidade de S\u00e3o Paulo &#8211; USP; P\u00f3s doutorado em Sa\u00fade Coletiva pela Universidade Federal de S\u00e3o Paulo (2010) &#8211; Unifesp; P\u00f3s doutorado em Ci\u00eancias Sociais pela Universidade Federal de S\u00e3o Paulo (UNIFESP). L\u00edder do grupo de Pesquisa (CNPq) Juventude e Sociedade. Tem experi\u00eancia na \u00e1rea de Sociologia e Antropologia, com \u00eanfase em Teoria Sociol\u00f3gica, Sociologia da Juventude; Sociologia do Trabalho; Sociologia e Antropologia do Corpo. Atua, principalmente, nos seguintes temas: juventude, adolesc\u00eancia, inf\u00e2ncia e ciclos de vida; corpo e emo\u00e7\u00e3o; corpo, sa\u00fade e doen\u00e7a. Atualmente \u00e9 docente da Escola de Artes, Ci\u00eancias e Humanidades, EACH\/USP, atuando na gradua\u00e7\u00e3o e no Programa de P\u00f3s gradua\u00e7\u00e3o em Estudos Culturais.<span class=\"texto\">\u00a0<\/span><\/p>\n<p>Site pessoal:\u00a0<a href=\"http:\/\/lattes.cnpq.br\/7471523959548681\" target=\"_blank\" rel=\"noopener\"><b>http:\/\/lattes.cnpq.br\/7471523959548681<\/b><\/a><\/td>\n<\/tr>\n<\/tbody>\n<\/table>\n<table>\n<tbody>\n<tr class=\"branco\">\n<td><\/td>\n<td><b>Luiz Silveira Menna Barreto<\/b><\/p>\n<p><a href=\"https:\/\/sites.usp.br\/oaepsps\/wp-content\/uploads\/sites\/1023\/2021\/10\/menna_foto.jpeg\"><img fetchpriority=\"high\" decoding=\"async\" class=\"alignright wp-image-654\" src=\"https:\/\/sites.usp.br\/oaepsps\/wp-content\/uploads\/sites\/1023\/2021\/10\/menna_foto-300x200.jpeg\" alt=\"\" width=\"276\" height=\"184\" srcset=\"https:\/\/sites.usp.br\/oaepsps\/wp-content\/uploads\/sites\/1023\/2021\/10\/menna_foto-300x200.jpeg 300w, https:\/\/sites.usp.br\/oaepsps\/wp-content\/uploads\/sites\/1023\/2021\/10\/menna_foto-1024x683.jpeg 1024w, https:\/\/sites.usp.br\/oaepsps\/wp-content\/uploads\/sites\/1023\/2021\/10\/menna_foto-768x512.jpeg 768w, https:\/\/sites.usp.br\/oaepsps\/wp-content\/uploads\/sites\/1023\/2021\/10\/menna_foto-750x500.jpeg 750w, https:\/\/sites.usp.br\/oaepsps\/wp-content\/uploads\/sites\/1023\/2021\/10\/menna_foto-272x182.jpeg 272w, https:\/\/sites.usp.br\/oaepsps\/wp-content\/uploads\/sites\/1023\/2021\/10\/menna_foto-400x267.jpeg 400w, https:\/\/sites.usp.br\/oaepsps\/wp-content\/uploads\/sites\/1023\/2021\/10\/menna_foto.jpeg 1080w\" sizes=\"(max-width: 276px) 100vw, 276px\" \/><\/a>Docente do departamento de Fisiologia e Biof\u00edsica do Instituto de Ci\u00eancias Biom\u00e9dicas da USP entre 1980 e 2005, e desde 2005 docente da Escola de Artes, Ci\u00eancias e Humanidades da USP. Mestre e doutor em Ci\u00eancias (Fisiologia Humana) pela Universidade de S\u00e3o Paulo em 1981, com P\u00f3s-Doutorado na Universit\u00e9 de Franche-Comt\u00e9, Fran\u00e7a em 1987. Livre-Docente pela Universidade de S\u00e3o Paulo em novembro de 2008 e Titular em 2009. Atua na grande \u00e1rea de Neuroci\u00eancias e Comportamento e na \u00e1rea espec\u00edfica de Cronobiologia. Orientador credenciado nos programas K&#8221;Neuroci\u00eancias e Comportamento&#8221;(I.Psicologia\/USP) e : Estudos Culturais (EACH\/USP). Atualmente \u00e9 professor aposentado atuando na categoria &#8220;S\u00eanior&#8221; na EACH\/USP a partir de 2017. Em seu curr\u00edculo lattes os termos mais frequentes na contextualiza\u00e7\u00e3o da produ\u00e7\u00e3o cient\u00edfica, tecnol\u00f3gica e art\u00edstico-cultural s\u00e3o: CRONOBIOLOGIA, CICLO VIGILIA\/SONO, ADOLESCENTES, SONO, HUMANO, RITMO BIOLOGICO, ATIVIDADE LOCOMOTORA, CIRCADIANO, RITMO CIRCADIANO, ENSINO DE NEUROCI\u00caNCIAS E FILOSOFIA DA CI\u00caNCIA. Bolsista de produtividade do CNPq de 2003 a 2006 (1D) e de 2006 a 2009 (1C) e de 2011 a 2015 (1D). Desde 2017 professor aposentado atuando como Professor S\u00eanior na Escola de Artes, Ci\u00eancias e Humanidades da Universidade de S\u00e3o Paulo<\/p>\n<p>Site pessoal:\u00a0<a href=\"http:\/\/lattes.cnpq.br\/6262673963010890\" target=\"_blank\" rel=\"noopener\"><b>http:\/\/lattes.cnpq.br\/6262673963010890<\/b><\/a><\/td>\n<\/tr>\n<\/tbody>\n<\/table>\n<table>\n<tbody>\n<tr class=\"cinza\">\n<td><\/td>\n<td><b>Ricardo Gon\u00e7alves Barreto<a href=\"https:\/\/sites.usp.br\/oaepsps\/wp-content\/uploads\/sites\/1023\/2021\/10\/ricardo_foto-225x300-2.jpeg\"><img loading=\"lazy\" decoding=\"async\" class=\" wp-image-777 alignright\" src=\"https:\/\/sites.usp.br\/oaepsps\/wp-content\/uploads\/sites\/1023\/2021\/10\/ricardo_foto-225x300-2.jpeg\" alt=\"\" width=\"184\" height=\"245\" \/><\/a><\/b><\/p>\n<p>Possui gradua\u00e7\u00e3o em Licenciatura e Bacharelado em Letras pela Universidade Presbiteriana Mackenzie (1989), Mestrado e Doutorado em Letras (Teoria Liter\u00e1ria e Literatura Comparada) pela Universidade de S\u00e3o Paulo (1999 &#8211; 1995). Desenvolveu p\u00f3s-doutorado na EACH-USP sobre o conceito de Cultura em Antonio Gramsci, Raymond Williams e Antonio Candido (2017-2019). Tem experi\u00eancia na \u00e1rea de Letras e Educa\u00e7\u00e3o, com \u00eanfase em Teoria Liter\u00e1ria e Curr\u00edculo, atuando principalmente nos seguintes temas: teoria liter\u00e1ria, modernismo brasileiro, literatura brasileira, literatura comparada, forma\u00e7\u00e3o do leitor liter\u00e1rio, curr\u00edculo.<\/p>\n<p>Site pessoal:\u00a0<a href=\"https:\/\/www.escavador.com\/sobre\/5052494\/ricardo-goncalves-barreto\" target=\"_blank\" rel=\"noopener\"><b>https:\/\/www.escavador.com\/sobre\/5052494\/ricardo-goncalves-barreto<\/b><\/a><\/p>\n<div class=\"content-left-wrap col-md-9\">\n<div id=\"primary\" class=\"content-area\">\n<article id=\"post-592\" class=\"post-592 page type-page status-publish hentry\">\n<div class=\"entry-content\">\n<hr \/>\n<\/div>\n<\/article>\n<\/div>\n<\/div>\n<div class=\"content-left-wrap col-md-9\">\n<div id=\"primary\" class=\"content-area\">\n<article id=\"post-592\" class=\"post-592 page type-page status-publish hentry\">\n<div class=\"entry-content\"><\/div>\n<\/article>\n<p>&nbsp;<\/p>\n<\/div>\n<\/div>\n<div class=\"sidebar-wrap col-md-3 content-left-wrap\">\n<div id=\"secondary\" class=\"widget-area\" role=\"complementary\"><\/div>\n<\/div>\n<\/td>\n<\/tr>\n<\/tbody>\n<\/table>\n","protected":false},"excerpt":{"rendered":"<p>Professores P\u00f3s-Doutores Eunice Almeida da Silva Possui gradua\u00e7\u00e3o em Enfermagem, mestrado em Ci\u00eancias Sociais, doutorado em Educa\u00e7\u00e3o pela Faculdade de Educa\u00e7\u00e3o da USP, p\u00f3s-doutorado em Educa\u00e7\u00e3o pela Faculdade de Educa\u00e7\u00e3o da UNICAMP. Atualmente \u00e9 professor doutor 2 do curso de gradua\u00e7\u00e3o em Obstetr\u00edcia e do Programa de P\u00f3s-Gradua\u00e7\u00e3o em Estudos Culturais da Escola de Artes,<a href=\"https:\/\/sites.usp.br\/oaepsps\/professores-pos-doutores\/\">[&#8230;]<\/a><\/p>\n","protected":false},"author":22637,"featured_media":0,"parent":0,"menu_order":0,"comment_status":"closed","ping_status":"closed","template":"","meta":{"footnotes":"","_links_to":"","_links_to_target":""},"class_list":["post-589","page","type-page","status-publish","hentry"],"_links":{"self":[{"href":"https:\/\/sites.usp.br\/oaepsps\/wp-json\/wp\/v2\/pages\/589","targetHints":{"allow":["GET"]}}],"collection":[{"href":"https:\/\/sites.usp.br\/oaepsps\/wp-json\/wp\/v2\/pages"}],"about":[{"href":"https:\/\/sites.usp.br\/oaepsps\/wp-json\/wp\/v2\/types\/page"}],"author":[{"embeddable":true,"href":"https:\/\/sites.usp.br\/oaepsps\/wp-json\/wp\/v2\/users\/22637"}],"replies":[{"embeddable":true,"href":"https:\/\/sites.usp.br\/oaepsps\/wp-json\/wp\/v2\/comments?post=589"}],"version-history":[{"count":5,"href":"https:\/\/sites.usp.br\/oaepsps\/wp-json\/wp\/v2\/pages\/589\/revisions"}],"predecessor-version":[{"id":1365,"href":"https:\/\/sites.usp.br\/oaepsps\/wp-json\/wp\/v2\/pages\/589\/revisions\/1365"}],"wp:attachment":[{"href":"https:\/\/sites.usp.br\/oaepsps\/wp-json\/wp\/v2\/media?parent=589"}],"curies":[{"name":"wp","href":"https:\/\/api.w.org\/{rel}","templated":true}]}}