{"id":602,"date":"2021-10-15T17:50:53","date_gmt":"2021-10-15T19:50:53","guid":{"rendered":"https:\/\/sites.usp.br\/oaepsps\/?page_id=602"},"modified":"2025-03-19T14:17:26","modified_gmt":"2025-03-19T16:17:26","slug":"membros","status":"publish","type":"page","link":"https:\/\/sites.usp.br\/oaepsps\/membros\/","title":{"rendered":"Membros"},"content":{"rendered":"<p>Nosso grupo \u00e9 composto por Professores P\u00f3s-doutores, Doutores e Mestres, Alunos de doutorado, mestrado e gradua\u00e7\u00e3o, e por colaboradores.<\/p>\n","protected":false},"excerpt":{"rendered":"<p>Nosso grupo \u00e9 composto por Professores P\u00f3s-doutores, Doutores e Mestres, Alunos de doutorado, mestrado e gradua\u00e7\u00e3o, e por colaboradores.<\/p>\n","protected":false},"author":22637,"featured_media":0,"parent":0,"menu_order":0,"comment_status":"closed","ping_status":"closed","template":"","meta":{"footnotes":"","_links_to":"","_links_to_target":""},"class_list":["post-602","page","type-page","status-publish","hentry"],"_links":{"self":[{"href":"https:\/\/sites.usp.br\/oaepsps\/wp-json\/wp\/v2\/pages\/602","targetHints":{"allow":["GET"]}}],"collection":[{"href":"https:\/\/sites.usp.br\/oaepsps\/wp-json\/wp\/v2\/pages"}],"about":[{"href":"https:\/\/sites.usp.br\/oaepsps\/wp-json\/wp\/v2\/types\/page"}],"author":[{"embeddable":true,"href":"https:\/\/sites.usp.br\/oaepsps\/wp-json\/wp\/v2\/users\/22637"}],"replies":[{"embeddable":true,"href":"https:\/\/sites.usp.br\/oaepsps\/wp-json\/wp\/v2\/comments?post=602"}],"version-history":[{"count":2,"href":"https:\/\/sites.usp.br\/oaepsps\/wp-json\/wp\/v2\/pages\/602\/revisions"}],"predecessor-version":[{"id":728,"href":"https:\/\/sites.usp.br\/oaepsps\/wp-json\/wp\/v2\/pages\/602\/revisions\/728"}],"wp:attachment":[{"href":"https:\/\/sites.usp.br\/oaepsps\/wp-json\/wp\/v2\/media?parent=602"}],"curies":[{"name":"wp","href":"https:\/\/api.w.org\/{rel}","templated":true}]}}