{"id":638,"date":"2021-10-15T18:21:22","date_gmt":"2021-10-15T20:21:22","guid":{"rendered":"https:\/\/sites.usp.br\/oaepsps\/?page_id=638"},"modified":"2025-12-12T12:22:34","modified_gmt":"2025-12-12T14:22:34","slug":"alunos-de-mestrado","status":"publish","type":"page","link":"https:\/\/sites.usp.br\/oaepsps\/alunos-de-mestrado\/","title":{"rendered":"Alunos de Mestrado"},"content":{"rendered":"<table style=\"height: 654px;\" width=\"816\">\n<thead>\n<tr>\n<th colspan=\"2\">Alunos de Mestrado<\/th>\n<\/tr>\n<\/thead>\n<tbody>\n<tr class=\"branco\">\n<td><\/td>\n<td><b>Ludmila Machado<\/b><\/p>\n<p>Graduada em Obstetr\u00edcia pela Escola de Artes, Ci\u00eancias e Humanidades da Universade de S\u00e3o Paulo (E<a href=\"https:\/\/sites.usp.br\/oaepsps\/wp-content\/uploads\/sites\/1023\/2023\/05\/Imagem-do-WhatsApp-de-2023-05-25-a_s_-20.49.18.jpeg\"><img decoding=\"async\" class=\"wp-image-1064 alignright\" src=\"https:\/\/sites.usp.br\/oaepsps\/wp-content\/uploads\/sites\/1023\/2023\/05\/Imagem-do-WhatsApp-de-2023-05-25-a_s_-20.49.18-225x300.jpeg\" alt=\"\" width=\"152\" height=\"203\" srcset=\"https:\/\/sites.usp.br\/oaepsps\/wp-content\/uploads\/sites\/1023\/2023\/05\/Imagem-do-WhatsApp-de-2023-05-25-a_s_-20.49.18-225x300.jpeg 225w, https:\/\/sites.usp.br\/oaepsps\/wp-content\/uploads\/sites\/1023\/2023\/05\/Imagem-do-WhatsApp-de-2023-05-25-a_s_-20.49.18-768x1024.jpeg 768w, https:\/\/sites.usp.br\/oaepsps\/wp-content\/uploads\/sites\/1023\/2023\/05\/Imagem-do-WhatsApp-de-2023-05-25-a_s_-20.49.18-1152x1536.jpeg 1152w, https:\/\/sites.usp.br\/oaepsps\/wp-content\/uploads\/sites\/1023\/2023\/05\/Imagem-do-WhatsApp-de-2023-05-25-a_s_-20.49.18-400x533.jpeg 400w, https:\/\/sites.usp.br\/oaepsps\/wp-content\/uploads\/sites\/1023\/2023\/05\/Imagem-do-WhatsApp-de-2023-05-25-a_s_-20.49.18.jpeg 1200w\" sizes=\"(max-width: 152px) 100vw, 152px\" \/><\/a>ACH-USP). Mestranda em Estudos Culturais tamb\u00e9m pela Escola de Artes Ci\u00eancias e Humanidades da Universidade de S\u00e3o Paulo. Tem interesse de pesquisa em Educa\u00e7\u00e3o Permanente, Sa\u00fade da Mulher e Sa\u00fade da Mulher Imigrante.<\/p>\n<p><strong>Fun\u00e7\u00e3o<\/strong>: <em>Organiza\u00e7\u00e3o dos ICs<\/em><\/p>\n<p>Site pessoal:\u00a0<a href=\"http:\/\/lattes.cnpq.br\/9958002888897650\" target=\"_blank\" rel=\"noopener\"><b>http:\/\/lattes.cnpq.br\/9958002888897650<\/b><\/a><\/p>\n<p>&nbsp;<\/p>\n<p>&nbsp;<\/p>\n<p><b>Eliane Pereira da Concei\u00e7\u00e3o\u00a0<\/b><\/p>\n<p><span style=\"font-weight: 400;\">Mestranda em Estudos Culturais pela Escola de Artes Ci\u00eancias e Humanidades da Universidade de S\u00e3o Paulo (EACH &#8211; USP). Graduada em Psicologia pela Universidade de Mogi das Cruzes (1996) e t\u00edtulo de especialista em Psicologia Cl\u00ednica pelo Conselho Federal de Psicologia (2010). Atualmente \u00e9 psic\u00f3loga hospitalar no Hospital Maternidade Leonor Mendes de Barros<\/span><\/p>\n<p><span style=\"font-weight: 400;\">Site pessoal: <\/span><a href=\"https:\/\/lattes.cnpq.br\/1064325503103283\"><span style=\"font-weight: 400;\">https:\/\/lattes.cnpq.br\/1064325503103283<a href=\"https:\/\/sites.usp.br\/oaepsps\/wp-content\/uploads\/sites\/1023\/2025\/03\/foto-Eliane-Pereira-da-Conceicao.jpeg\"><img decoding=\"async\" class=\" wp-image-1383 alignright\" src=\"https:\/\/sites.usp.br\/oaepsps\/wp-content\/uploads\/sites\/1023\/2025\/03\/foto-Eliane-Pereira-da-Conceicao-300x300.jpeg\" alt=\"\" width=\"166\" height=\"166\" srcset=\"https:\/\/sites.usp.br\/oaepsps\/wp-content\/uploads\/sites\/1023\/2025\/03\/foto-Eliane-Pereira-da-Conceicao-300x300.jpeg 300w, https:\/\/sites.usp.br\/oaepsps\/wp-content\/uploads\/sites\/1023\/2025\/03\/foto-Eliane-Pereira-da-Conceicao-150x150.jpeg 150w, https:\/\/sites.usp.br\/oaepsps\/wp-content\/uploads\/sites\/1023\/2025\/03\/foto-Eliane-Pereira-da-Conceicao-250x250.jpeg 250w, https:\/\/sites.usp.br\/oaepsps\/wp-content\/uploads\/sites\/1023\/2025\/03\/foto-Eliane-Pereira-da-Conceicao-174x174.jpeg 174w, https:\/\/sites.usp.br\/oaepsps\/wp-content\/uploads\/sites\/1023\/2025\/03\/foto-Eliane-Pereira-da-Conceicao-45x45.jpeg 45w, https:\/\/sites.usp.br\/oaepsps\/wp-content\/uploads\/sites\/1023\/2025\/03\/foto-Eliane-Pereira-da-Conceicao-200x200.jpeg 200w, https:\/\/sites.usp.br\/oaepsps\/wp-content\/uploads\/sites\/1023\/2025\/03\/foto-Eliane-Pereira-da-Conceicao-400x400.jpeg 400w, https:\/\/sites.usp.br\/oaepsps\/wp-content\/uploads\/sites\/1023\/2025\/03\/foto-Eliane-Pereira-da-Conceicao.jpeg 640w\" sizes=\"(max-width: 166px) 100vw, 166px\" \/><\/a><\/span><\/a><\/p>\n<p>&nbsp;<\/p>\n<p>&nbsp;<\/p>\n<p>&nbsp;<\/td>\n<\/tr>\n<tr class=\"cinza\">\n<td><\/td>\n<td><strong>Dinah Stella Bertoni <\/strong><\/p>\n<p>Possui gradua\u00e7\u00e3o em Psicologia pelo Centro Universit\u00e1rio de Santo Andr\u00e9 (2005) e Especializa\u00e7\u00e3o em Teoria e T\u00e9cinica Psicanal\u00edtica pela Faculdade de Medicina do ABC (2008). Docente da Faculdade Anhanguera de 2012 a 2014 e de 2018 a 2023. Mestranda em Estudos Culturais pela Universidade de S\u00e3o Paulo. Membro do Grupo Internacional e Interdisciplinar de Estudos e Pesquisas em Forma\u00e7\u00e3o de Profissionais de Sa\u00fade (GIEPS).Psic\u00f3loga e Psicanalista no atendimento de crian\u00e7as e adultos em consult\u00f3rio desde 2005. Supervisora. Colaboradora em recrutamento e sele\u00e7\u00e3o &#8211; Banco do Brasil.<\/p>\n<p>Site pessoal: <a href=\"http:\/\/lattes.cnpq.br\/8405581534643309\">http:\/\/lattes.cnpq.br\/8405581534643309<\/a><a href=\"https:\/\/sites.usp.br\/oaepsps\/wp-content\/uploads\/sites\/1023\/2025\/12\/FOTO.jpg\"><img decoding=\"async\" class=\" wp-image-1454 alignright\" src=\"https:\/\/sites.usp.br\/oaepsps\/wp-content\/uploads\/sites\/1023\/2025\/12\/FOTO-225x300.jpg\" alt=\"\" width=\"149\" height=\"199\" srcset=\"https:\/\/sites.usp.br\/oaepsps\/wp-content\/uploads\/sites\/1023\/2025\/12\/FOTO-225x300.jpg 225w, https:\/\/sites.usp.br\/oaepsps\/wp-content\/uploads\/sites\/1023\/2025\/12\/FOTO-400x533.jpg 400w, https:\/\/sites.usp.br\/oaepsps\/wp-content\/uploads\/sites\/1023\/2025\/12\/FOTO.jpg 591w\" sizes=\"(max-width: 149px) 100vw, 149px\" \/><\/a><\/td>\n<\/tr>\n<tr class=\"branco\">\n<td><\/td>\n<td><\/td>\n<\/tr>\n<\/tbody>\n<\/table>\n<p>&nbsp;<\/p>\n<p>&nbsp;<\/p>\n","protected":false},"excerpt":{"rendered":"<p>Alunos de Mestrado Ludmila Machado Graduada em Obstetr\u00edcia pela Escola de Artes, Ci\u00eancias e Humanidades da Universade de S\u00e3o Paulo (EACH-USP). Mestranda em Estudos Culturais tamb\u00e9m pela Escola de Artes Ci\u00eancias e Humanidades da Universidade de S\u00e3o Paulo. Tem interesse de pesquisa em Educa\u00e7\u00e3o Permanente, Sa\u00fade da Mulher e Sa\u00fade da Mulher Imigrante. Fun\u00e7\u00e3o: Organiza\u00e7\u00e3o<a href=\"https:\/\/sites.usp.br\/oaepsps\/alunos-de-mestrado\/\">[&#8230;]<\/a><\/p>\n","protected":false},"author":23396,"featured_media":0,"parent":0,"menu_order":0,"comment_status":"closed","ping_status":"closed","template":"","meta":{"footnotes":"","_links_to":"","_links_to_target":""},"class_list":["post-638","page","type-page","status-publish","hentry"],"_links":{"self":[{"href":"https:\/\/sites.usp.br\/oaepsps\/wp-json\/wp\/v2\/pages\/638","targetHints":{"allow":["GET"]}}],"collection":[{"href":"https:\/\/sites.usp.br\/oaepsps\/wp-json\/wp\/v2\/pages"}],"about":[{"href":"https:\/\/sites.usp.br\/oaepsps\/wp-json\/wp\/v2\/types\/page"}],"author":[{"embeddable":true,"href":"https:\/\/sites.usp.br\/oaepsps\/wp-json\/wp\/v2\/users\/23396"}],"replies":[{"embeddable":true,"href":"https:\/\/sites.usp.br\/oaepsps\/wp-json\/wp\/v2\/comments?post=638"}],"version-history":[{"count":5,"href":"https:\/\/sites.usp.br\/oaepsps\/wp-json\/wp\/v2\/pages\/638\/revisions"}],"predecessor-version":[{"id":1455,"href":"https:\/\/sites.usp.br\/oaepsps\/wp-json\/wp\/v2\/pages\/638\/revisions\/1455"}],"wp:attachment":[{"href":"https:\/\/sites.usp.br\/oaepsps\/wp-json\/wp\/v2\/media?parent=638"}],"curies":[{"name":"wp","href":"https:\/\/api.w.org\/{rel}","templated":true}]}}