{"id":656,"date":"2021-10-15T18:43:31","date_gmt":"2021-10-15T20:43:31","guid":{"rendered":"https:\/\/sites.usp.br\/oaepsps\/?page_id=656"},"modified":"2025-12-15T17:56:19","modified_gmt":"2025-12-15T19:56:19","slug":"outros-colaboradores","status":"publish","type":"page","link":"https:\/\/sites.usp.br\/oaepsps\/outros-colaboradores\/","title":{"rendered":"Outros Colaboradores"},"content":{"rendered":"<table>\n<thead>\n<tr>\n<th colspan=\"2\">Outros Colaboradores<\/th>\n<\/tr>\n<\/thead>\n<tbody>\n<tr class=\"branco\">\n<td><\/td>\n<td><\/td>\n<\/tr>\n<tr class=\"cinza\">\n<td><\/td>\n<td><\/td>\n<\/tr>\n<tr class=\"branco\">\n<td><\/td>\n<td>&nbsp;<\/p>\n<p><strong>Carla Graciane dos Santos<\/strong><\/p>\n<p>Doutora em Epidemiologia e Mestra em Sa\u00fade P\u00fablica, ambos, pela Faculdade de S\u00e1ude P\u00fablica da Universidade de S\u00e3o Paulo (FSP-USP). No momento, analisa o papel exercido pela seguran\u00e7a sobre associa\u00e7\u00e3o entre o c<a href=\"https:\/\/sites.usp.br\/oaepsps\/wp-content\/uploads\/sites\/1023\/2025\/03\/foto.png\"><img decoding=\"async\" class=\"wp-image-1381 alignright\" src=\"https:\/\/sites.usp.br\/oaepsps\/wp-content\/uploads\/sites\/1023\/2025\/03\/foto-277x300.png\" alt=\"\" width=\"145\" height=\"157\" srcset=\"https:\/\/sites.usp.br\/oaepsps\/wp-content\/uploads\/sites\/1023\/2025\/03\/foto-277x300.png 277w, https:\/\/sites.usp.br\/oaepsps\/wp-content\/uploads\/sites\/1023\/2025\/03\/foto-768x831.png 768w, https:\/\/sites.usp.br\/oaepsps\/wp-content\/uploads\/sites\/1023\/2025\/03\/foto-400x433.png 400w, https:\/\/sites.usp.br\/oaepsps\/wp-content\/uploads\/sites\/1023\/2025\/03\/foto.png 813w\" sizes=\"(max-width: 145px) 100vw, 145px\" \/><\/a>apital social e a situa\u00e7\u00e3o de sa\u00fade, utilizando dados do ELSA-Brasil. Bacharel em Enfermagem pela Universidade Nove de Julho (UNINOVE). Especialista em Preven\u00e7\u00e3o e Controle de Infec\u00e7\u00f5es Relacionadas \u00e0 Assist\u00eancia \u00e0 Sa\u00fade e Terapia Intensiva em adultos. Possui experi\u00eancia em ambas as \u00e1reas de especializa\u00e7\u00e3o.\u00a0 Tem interesse em temas como: epidemiologia social, epidemiologia das doen\u00e7as cr\u00f4nicas e epidemiologia da viol\u00eancia.<\/p>\n<p><strong>Site pessoal<\/strong>: <a href=\"http:\/\/lattes.cnpq.br\/0195171585357937\">http:\/\/lattes.cnpq.br\/0195171585357937<\/a><\/p>\n<p>&nbsp;<\/p>\n<p>&nbsp;<\/p>\n<p><strong>Marcelo Vin\u00edcus Domingos Rodrigues dos Santos<\/strong><\/p>\n<p>Bacharel em Enfermagem e Mestre em Ci\u00eancias pela Escola de Enfermagem de Ribeir\u00e3o Preto &#8211; Universidade de S\u00e3o Paulo (EERP-USP). Tem como \u00e1rea de pesquisa an\u00e1lise de pol\u00edticas de sa\u00fade; racismo institucional ; e pol\u00edtica de sa\u00fade da popula\u00e7\u00e3o negra. Membro dos grupos de pesquisa GEO-TB- Grupo de Estudos Epidemiol\u00f3gico-Operacional em Tuberculose e GIEPS &#8211; Grupo de Estudos e Pesquisas em Forma\u00e7\u00f5es de Profissionais para a \u00c1rea da Sa\u00fade. Preside o Instituto Abayomi de Direitos Humanos &#8211; IADH.<\/p>\n<p><a href=\"https:\/\/sites.usp.br\/oaepsps\/wp-content\/uploads\/sites\/1023\/2025\/09\/LUZL7048-scaled.jpg\"><img decoding=\"async\" class=\"wp-image-1427 alignright\" src=\"https:\/\/sites.usp.br\/oaepsps\/wp-content\/uploads\/sites\/1023\/2025\/09\/LUZL7048-200x300.jpg\" alt=\"\" width=\"159\" height=\"239\" srcset=\"https:\/\/sites.usp.br\/oaepsps\/wp-content\/uploads\/sites\/1023\/2025\/09\/LUZL7048-200x300.jpg 200w, https:\/\/sites.usp.br\/oaepsps\/wp-content\/uploads\/sites\/1023\/2025\/09\/LUZL7048-683x1024.jpg 683w, https:\/\/sites.usp.br\/oaepsps\/wp-content\/uploads\/sites\/1023\/2025\/09\/LUZL7048-768x1152.jpg 768w, https:\/\/sites.usp.br\/oaepsps\/wp-content\/uploads\/sites\/1023\/2025\/09\/LUZL7048-1024x1536.jpg 1024w, https:\/\/sites.usp.br\/oaepsps\/wp-content\/uploads\/sites\/1023\/2025\/09\/LUZL7048-1365x2048.jpg 1365w, https:\/\/sites.usp.br\/oaepsps\/wp-content\/uploads\/sites\/1023\/2025\/09\/LUZL7048-400x600.jpg 400w, https:\/\/sites.usp.br\/oaepsps\/wp-content\/uploads\/sites\/1023\/2025\/09\/LUZL7048-scaled.jpg 1707w\" sizes=\"(max-width: 159px) 100vw, 159px\" \/><\/a><strong>Site pessoal:\u00a0<a href=\"http:\/\/lattes.cnpq.br\/1553850480450703\">http:\/\/lattes.cnpq.br\/1553850480450703<\/a><\/strong><a href=\"https:\/\/sites.usp.br\/oaepsps\/wp-content\/uploads\/sites\/1023\/2025\/09\/LUZL7048-scaled.jpg\"><br \/>\n<\/a><\/p>\n<p>&nbsp;<\/p>\n<p>&nbsp;<\/p>\n<p>&nbsp;<\/p>\n<p>&nbsp;<\/p>\n<p>&nbsp;<\/p>\n<p>&nbsp;<\/p>\n<p><strong>Clara Fel\u00edcio Barreto Deboit Zatyrko<\/strong><\/p>\n<p>Enfermeira, Mestre em Filosofia pela Universidade de S\u00e3o Paulo (USP), com enfoque em Estudos Culturais. Possui especializa\u00e7\u00f5es em Doc\u00eancia para o Ensino Superior em Enfermagem, Unidade de Terapia Intensiva (Adulto) e Forma\u00e7\u00e3o Pedag\u00f3gica, e \u00e9 bacharel em Enfermagem. Sua experi\u00eancia profissional inclui atua\u00e7\u00e3o como enfermeira<a href=\"https:\/\/sites.usp.br\/gieps\/wp-content\/uploads\/sites\/1466\/2025\/12\/VALIDADE-scaled.jpg\"><img decoding=\"async\" class=\" wp-image-1429 alignright\" src=\"https:\/\/sites.usp.br\/gieps\/wp-content\/uploads\/sites\/1466\/2025\/12\/VALIDADE-300x225.jpg\" alt=\"\" width=\"194\" height=\"146\" data-id=\"1429\" \/><\/a> assistencial em Unidade de Terapia Intensiva e como docente em cursos t\u00e9cnicos, de gradua\u00e7\u00e3o e p\u00f3s-gradua\u00e7\u00e3o. Atualmente, \u00e9 professora na Faculdade de Ci\u00eancias da Sa\u00fade Albert Einstein.<\/p>\n<p><strong>Site pessoal:<\/strong>\u00a0<a href=\"https:\/\/lattes.cnpq.br\/6894678376831820\">https:\/\/lattes.cnpq.br\/6894678376831820<\/a><\/p>\n<p>&nbsp;<\/p>\n<p><strong>Meire Carmem Ferreira Alves\u00a0<\/strong><\/p>\n<p>Forma\u00e7\u00e3o pelo Programa de Mestrado em Mudan\u00e7a Social e Participa\u00e7\u00e3o Pol\u00edtica Universidade de S\u00e3o Paulo Aluna Especial (em curso) Especializa\u00e7\u00e3o em Doc\u00eancia em Sa\u00fade Instituto de Ensino Albert Einstein (conclus\u00e3o em fevereiro de 2022) MBA Gest\u00e3o de Servi\u00e7os de Sa\u00fade Universidade de S\u00e3o Paulo (conclus\u00e3o em 2019) Especializa\u00e7\u00e3o em Aten\u00e7\u00e3o Integral em \u00c1lcool e Drogas GREA\/IPQ- Hospital das Cl\u00ednicas (conclus\u00e3o em 2018) Especializa\u00e7\u00e3o em Enfermagem em Sa\u00fade P\u00fablica Universidade Federal de S\u00e3o Paulo (conclus\u00e3o em 2016) Especializa\u00e7\u00e3o em Enfermagem psiqui\u00e1trica e Sa\u00fade Mental. UNISA (conclus\u00e3o em 2013) Gradua\u00e7\u00e3o em<a href=\"https:\/\/sites.usp.br\/oaepsps\/wp-content\/uploads\/sites\/1023\/2025\/12\/1000190445-scaled.jpg\"><img loading=\"lazy\" decoding=\"async\" class=\" wp-image-1450 alignright\" src=\"https:\/\/sites.usp.br\/oaepsps\/wp-content\/uploads\/sites\/1023\/2025\/12\/1000190445-225x300.jpg\" alt=\"\" width=\"159\" height=\"212\" srcset=\"https:\/\/sites.usp.br\/oaepsps\/wp-content\/uploads\/sites\/1023\/2025\/12\/1000190445-225x300.jpg 225w, https:\/\/sites.usp.br\/oaepsps\/wp-content\/uploads\/sites\/1023\/2025\/12\/1000190445-768x1024.jpg 768w, https:\/\/sites.usp.br\/oaepsps\/wp-content\/uploads\/sites\/1023\/2025\/12\/1000190445-1152x1536.jpg 1152w, https:\/\/sites.usp.br\/oaepsps\/wp-content\/uploads\/sites\/1023\/2025\/12\/1000190445-1536x2048.jpg 1536w, https:\/\/sites.usp.br\/oaepsps\/wp-content\/uploads\/sites\/1023\/2025\/12\/1000190445-400x533.jpg 400w, https:\/\/sites.usp.br\/oaepsps\/wp-content\/uploads\/sites\/1023\/2025\/12\/1000190445-scaled.jpg 1920w\" sizes=\"(max-width: 159px) 100vw, 159px\" \/><\/a> Enfermagem. Centro Universit\u00e1rio \u00cdtalo Brasileiro (conclus\u00e3o em 2008) Gradua\u00e7\u00e3o em Educa\u00e7\u00e3o F\u00edsica. Universidade Santo Amaro (conclus\u00e3o em 1998)<\/p>\n<p><strong>Site pessoal:\u00a0<\/strong><a href=\"http:\/\/lattes.cnpq.br\/7191382924364926\">http:\/\/lattes.cnpq.br\/7191382924364926<\/a><\/p>\n<p>&nbsp;<\/p>\n<p>&nbsp;<\/p>\n<p>&nbsp;<\/p>\n<p><strong>Ana Carolina Martins de Oliveira\u00a0<\/strong><\/p>\n<p>Mestra em em Ci\u00eancias pela Escola de Artes, Ci\u00eancias e Humanidades(EACH-USP), pelo programa de Ci\u00eancias da Atividade F\u00edsica(2023). Graduada em Educa\u00e7\u00e3o F\u00edsica pela Universidade S\u00e3o Francisco (2014). Atualmente \u00e9<a href=\"https:\/\/sites.usp.br\/oaepsps\/wp-content\/uploads\/sites\/1023\/2025\/12\/WhatsApp-Image-2025-12-12-at-14.28.11.jpeg\"><img loading=\"lazy\" decoding=\"async\" class=\" wp-image-1457 alignright\" src=\"https:\/\/sites.usp.br\/oaepsps\/wp-content\/uploads\/sites\/1023\/2025\/12\/WhatsApp-Image-2025-12-12-at-14.28.11-179x300.jpeg\" alt=\"\" width=\"119\" height=\"199\" srcset=\"https:\/\/sites.usp.br\/oaepsps\/wp-content\/uploads\/sites\/1023\/2025\/12\/WhatsApp-Image-2025-12-12-at-14.28.11-179x300.jpeg 179w, https:\/\/sites.usp.br\/oaepsps\/wp-content\/uploads\/sites\/1023\/2025\/12\/WhatsApp-Image-2025-12-12-at-14.28.11-612x1024.jpeg 612w, https:\/\/sites.usp.br\/oaepsps\/wp-content\/uploads\/sites\/1023\/2025\/12\/WhatsApp-Image-2025-12-12-at-14.28.11-359x600.jpeg 359w, https:\/\/sites.usp.br\/oaepsps\/wp-content\/uploads\/sites\/1023\/2025\/12\/WhatsApp-Image-2025-12-12-at-14.28.11.jpeg 720w\" sizes=\"(max-width: 119px) 100vw, 119px\" \/><\/a> subcoordenadora no Instituto Esporte Educa\u00e7\u00e3o, atuando com projetos pedag\u00f3gicos para a qualifica\u00e7\u00e3o docente e aulas de educa\u00e7\u00e3o f\u00edsica com foco no movimento e escolas ativas por meio do esporte educacional, em todo o Brasil.<\/p>\n<p>Site pessoal:\u00a0<a href=\"http:\/\/lattes.cnpq.br\/7874303108007817\">http:\/\/lattes.cnpq.br\/7874303108007817<\/a><\/td>\n<\/tr>\n<\/tbody>\n<\/table>\n","protected":false},"excerpt":{"rendered":"<p>Outros Colaboradores &nbsp; Carla Graciane dos Santos Doutora em Epidemiologia e Mestra em Sa\u00fade P\u00fablica, ambos, pela Faculdade de S\u00e1ude P\u00fablica da Universidade de S\u00e3o Paulo (FSP-USP). No momento, analisa o papel exercido pela seguran\u00e7a sobre associa\u00e7\u00e3o entre o capital social e a situa\u00e7\u00e3o de sa\u00fade, utilizando dados do ELSA-Brasil. Bacharel em Enfermagem pela Universidade<a href=\"https:\/\/sites.usp.br\/oaepsps\/outros-colaboradores\/\">[&#8230;]<\/a><\/p>\n","protected":false},"author":22637,"featured_media":0,"parent":0,"menu_order":0,"comment_status":"closed","ping_status":"closed","template":"","meta":{"footnotes":"","_links_to":"","_links_to_target":""},"class_list":["post-656","page","type-page","status-publish","hentry"],"_links":{"self":[{"href":"https:\/\/sites.usp.br\/oaepsps\/wp-json\/wp\/v2\/pages\/656","targetHints":{"allow":["GET"]}}],"collection":[{"href":"https:\/\/sites.usp.br\/oaepsps\/wp-json\/wp\/v2\/pages"}],"about":[{"href":"https:\/\/sites.usp.br\/oaepsps\/wp-json\/wp\/v2\/types\/page"}],"author":[{"embeddable":true,"href":"https:\/\/sites.usp.br\/oaepsps\/wp-json\/wp\/v2\/users\/22637"}],"replies":[{"embeddable":true,"href":"https:\/\/sites.usp.br\/oaepsps\/wp-json\/wp\/v2\/comments?post=656"}],"version-history":[{"count":4,"href":"https:\/\/sites.usp.br\/oaepsps\/wp-json\/wp\/v2\/pages\/656\/revisions"}],"predecessor-version":[{"id":1461,"href":"https:\/\/sites.usp.br\/oaepsps\/wp-json\/wp\/v2\/pages\/656\/revisions\/1461"}],"wp:attachment":[{"href":"https:\/\/sites.usp.br\/oaepsps\/wp-json\/wp\/v2\/media?parent=656"}],"curies":[{"name":"wp","href":"https:\/\/api.w.org\/{rel}","templated":true}]}}