{"id":669,"date":"2021-10-15T18:40:43","date_gmt":"2021-10-15T20:40:43","guid":{"rendered":"https:\/\/sites.usp.br\/oaepsps\/?page_id=669"},"modified":"2025-12-11T12:18:57","modified_gmt":"2025-12-11T14:18:57","slug":"alunos-de-graduacao","status":"publish","type":"page","link":"https:\/\/sites.usp.br\/oaepsps\/alunos-de-graduacao\/","title":{"rendered":"Alunos de Gradua\u00e7\u00e3o"},"content":{"rendered":"<p>&nbsp;<\/p>\n<table style=\"height: 4173px;\" width=\"801\">\n<thead>\n<tr>\n<th colspan=\"2\">Alunos de Gradua\u00e7\u00e3o<\/th>\n<\/tr>\n<\/thead>\n<tbody>\n<tr class=\"cinza\">\n<td><\/td>\n<td><\/td>\n<\/tr>\n<tr class=\"branco\">\n<td><\/td>\n<td>&nbsp;<\/p>\n<div class=\"entry-content\">\n<p><strong>Luiza Storti de Lucca<\/strong><\/p>\n<p><a href=\"https:\/\/sites.usp.br\/oaepsps\/wp-content\/uploads\/sites\/1023\/2024\/10\/eu.jpg\" rel=\"lightbox[1327]\"><img decoding=\"async\" class=\"wp-image-1339 alignright\" src=\"https:\/\/sites.usp.br\/oaepsps\/wp-content\/uploads\/sites\/1023\/2024\/10\/eu-260x300.jpg\" sizes=\"(max-width: 149px) 100vw, 149px\" srcset=\"https:\/\/sites.usp.br\/oaepsps\/wp-content\/uploads\/sites\/1023\/2024\/10\/eu-260x300.jpg 260w, https:\/\/sites.usp.br\/oaepsps\/wp-content\/uploads\/sites\/1023\/2024\/10\/eu-887x1024.jpg 887w, https:\/\/sites.usp.br\/oaepsps\/wp-content\/uploads\/sites\/1023\/2024\/10\/eu-768x886.jpg 768w, https:\/\/sites.usp.br\/oaepsps\/wp-content\/uploads\/sites\/1023\/2024\/10\/eu-400x462.jpg 400w, https:\/\/sites.usp.br\/oaepsps\/wp-content\/uploads\/sites\/1023\/2024\/10\/eu.jpg 1109w\" alt=\"\" width=\"149\" height=\"172\" \/><\/a><\/p>\n<p>Graduanda em Obstetr\u00edcia pela Escola de Artes, Ci\u00eancias e Humanidades da Universidade de S\u00e3o Paulo (EACH-USP)<\/p>\n<p>Site pessoal:\u00a0\u00a0<strong><a href=\"https:\/\/lattes.cnpq.br\/1168950906338816\">https:\/\/lattes.cnpq.br\/1168950906338816<\/a><\/strong><\/p>\n<\/div>\n<p>&nbsp;<\/p>\n<div class=\"entry-content\">\n<p>&nbsp;<\/p>\n<p>&nbsp;<\/p>\n<p>&nbsp;<\/p>\n<p><strong>Mariana Lima Oliveira<\/strong><\/p>\n<p>Possui curso t\u00e9cnico profissionalizante em Administra\u00e7\u00e3o de Empresas pela MicroPro (2019) e ensino m\u00e9dio pela E.E Prof. Maria Dolores Ver\u00edssimo Madureira (2019). Atualmente cursa Obstetr\u00edcia pela Universidade de S\u00e3o Paulo &#8211; USP. <a href=\"https:\/\/sites.usp.br\/oaepsps\/wp-content\/uploads\/sites\/1023\/2025\/11\/PHOTO-2025-11-07-11-05-48.jpg\"><img decoding=\"async\" class=\"wp-image-1439 alignright\" src=\"https:\/\/sites.usp.br\/oaepsps\/wp-content\/uploads\/sites\/1023\/2025\/11\/PHOTO-2025-11-07-11-05-48-274x300.jpg\" alt=\"\" width=\"155\" height=\"170\" srcset=\"https:\/\/sites.usp.br\/oaepsps\/wp-content\/uploads\/sites\/1023\/2025\/11\/PHOTO-2025-11-07-11-05-48-274x300.jpg 274w, https:\/\/sites.usp.br\/oaepsps\/wp-content\/uploads\/sites\/1023\/2025\/11\/PHOTO-2025-11-07-11-05-48-400x438.jpg 400w, https:\/\/sites.usp.br\/oaepsps\/wp-content\/uploads\/sites\/1023\/2025\/11\/PHOTO-2025-11-07-11-05-48.jpg 572w\" sizes=\"(max-width: 155px) 100vw, 155px\" \/><\/a><\/p>\n<p>Site pessoal:\u00a0<a href=\"http:\/\/lattes.cnpq.br\/0143627657247714\">http:\/\/lattes.cnpq.br\/0143627657247714<\/a><\/p>\n<p>&nbsp;<\/p>\n<\/div>\n<\/td>\n<\/tr>\n<tr class=\"cinza\">\n<td><\/td>\n<td><\/td>\n<\/tr>\n<tr class=\"branco\">\n<td><\/td>\n<td><\/td>\n<\/tr>\n<tr class=\"cinza\">\n<td><\/td>\n<td><\/td>\n<\/tr>\n<tr class=\"branco\">\n<td><\/td>\n<td><\/td>\n<\/tr>\n<tr class=\"cinza\">\n<td><\/td>\n<td><\/td>\n<\/tr>\n<tr class=\"branco\">\n<td><\/td>\n<td><\/td>\n<\/tr>\n<tr class=\"branco\">\n<td><\/td>\n<td><\/td>\n<\/tr>\n<tr class=\"cinza\">\n<td><\/td>\n<td><\/td>\n<\/tr>\n<tr class=\"branco\">\n<td>&nbsp;<\/p>\n<p>&nbsp;<\/td>\n<td><\/td>\n<\/tr>\n<tr class=\"cinza\">\n<td><\/td>\n<td><\/td>\n<\/tr>\n<\/tbody>\n<\/table>\n<p>&nbsp;<\/p>\n<p>&nbsp;<\/p>\n","protected":false},"excerpt":{"rendered":"<p>&nbsp; Alunos de Gradua\u00e7\u00e3o &nbsp; Luiza Storti de Lucca Graduanda em Obstetr\u00edcia pela Escola de Artes, Ci\u00eancias e Humanidades da Universidade de S\u00e3o Paulo (EACH-USP) Site pessoal:\u00a0\u00a0https:\/\/lattes.cnpq.br\/1168950906338816 &nbsp; &nbsp; &nbsp; &nbsp; Mariana Lima Oliveira Possui curso t\u00e9cnico profissionalizante em Administra\u00e7\u00e3o de Empresas pela MicroPro (2019) e ensino m\u00e9dio pela E.E Prof. Maria Dolores Ver\u00edssimo Madureira<a href=\"https:\/\/sites.usp.br\/oaepsps\/alunos-de-graduacao\/\">[&#8230;]<\/a><\/p>\n","protected":false},"author":22635,"featured_media":0,"parent":0,"menu_order":0,"comment_status":"closed","ping_status":"closed","template":"","meta":{"footnotes":"","_links_to":"","_links_to_target":""},"class_list":["post-669","page","type-page","status-publish","hentry"],"_links":{"self":[{"href":"https:\/\/sites.usp.br\/oaepsps\/wp-json\/wp\/v2\/pages\/669","targetHints":{"allow":["GET"]}}],"collection":[{"href":"https:\/\/sites.usp.br\/oaepsps\/wp-json\/wp\/v2\/pages"}],"about":[{"href":"https:\/\/sites.usp.br\/oaepsps\/wp-json\/wp\/v2\/types\/page"}],"author":[{"embeddable":true,"href":"https:\/\/sites.usp.br\/oaepsps\/wp-json\/wp\/v2\/users\/22635"}],"replies":[{"embeddable":true,"href":"https:\/\/sites.usp.br\/oaepsps\/wp-json\/wp\/v2\/comments?post=669"}],"version-history":[{"count":6,"href":"https:\/\/sites.usp.br\/oaepsps\/wp-json\/wp\/v2\/pages\/669\/revisions"}],"predecessor-version":[{"id":1443,"href":"https:\/\/sites.usp.br\/oaepsps\/wp-json\/wp\/v2\/pages\/669\/revisions\/1443"}],"wp:attachment":[{"href":"https:\/\/sites.usp.br\/oaepsps\/wp-json\/wp\/v2\/media?parent=669"}],"curies":[{"name":"wp","href":"https:\/\/api.w.org\/{rel}","templated":true}]}}