{"id":2913,"date":"2024-08-12T22:05:37","date_gmt":"2024-08-13T01:05:37","guid":{"rendered":"https:\/\/sites.usp.br\/observarmrp\/?page_id=2913"},"modified":"2024-08-22T22:06:56","modified_gmt":"2024-08-23T01:06:56","slug":"municipios","status":"publish","type":"page","link":"https:\/\/sites.usp.br\/observarmrp\/municipios\/","title":{"rendered":"Munic\u00edpios"},"content":{"rendered":"\t\t<div data-elementor-type=\"wp-page\" data-elementor-id=\"2913\" class=\"elementor elementor-2913\" data-elementor-post-type=\"page\">\n\t\t\t\t\t\t<section class=\"elementor-section elementor-top-section elementor-element elementor-element-c956575 elementor-section-boxed elementor-section-height-default elementor-section-height-default\" data-id=\"c956575\" data-element_type=\"section\">\n\t\t\t\t\t\t<div class=\"elementor-container elementor-column-gap-default\">\n\t\t\t\t\t<div class=\"elementor-column elementor-col-100 elementor-top-column elementor-element elementor-element-1a72f7d\" data-id=\"1a72f7d\" data-element_type=\"column\">\n\t\t\t<div class=\"elementor-widget-wrap elementor-element-populated\">\n\t\t\t\t\t\t<div class=\"elementor-element elementor-element-068cce1 elementor-widget__width-initial elementor-widget elementor-widget-text-editor\" data-id=\"068cce1\" data-element_type=\"widget\" data-widget_type=\"text-editor.default\">\n\t\t\t\t<div class=\"elementor-widget-container\">\n\t\t\t\t\t\t\t<p><a href=\"https:\/\/sites.usp.br\/observarmrp\/altinopolis\/\">ALTIN\u00d3POLIS<\/a><br \/><a href=\"https:\/\/sites.usp.br\/observarmrp\/barrinha\/\">BARRINHA<\/a><br \/><a href=\"https:\/\/sites.usp.br\/observarmrp\/batatais\/\">BATATAIS<\/a><br \/><a href=\"https:\/\/sites.usp.br\/observarmrp\/brodowski\/\">BRODOWSKI<\/a><br \/><a href=\"https:\/\/sites.usp.br\/observarmrp\/cajuru\/\">CAJURU<\/a><br \/><a href=\"https:\/\/sites.usp.br\/observarmrp\/cassia-dos-coqueiros\/\">C\u00c1SSIA DOS COQUEIROS<\/a><br \/><a href=\"https:\/\/sites.usp.br\/observarmrp\/cravinhos\/\">CRAVINHOS<\/a><br \/><a href=\"https:\/\/sites.usp.br\/observarmrp\/dumont\/\">DUMONT<\/a><br \/><a href=\"https:\/\/sites.usp.br\/observarmrp\/guariba\/\">GUARIBA<\/a><br \/><a href=\"https:\/\/sites.usp.br\/observarmrp\/guatapara\/\">GUATAPAR\u00c1<\/a><br \/><a href=\"https:\/\/sites.usp.br\/observarmrp\/jaboticabal\/\">JABOTICABAL<\/a><br \/><a href=\"https:\/\/sites.usp.br\/observarmrp\/jardinopolis\/\">JARDIN\u00d3POLIS<\/a><br \/><a href=\"https:\/\/sites.usp.br\/observarmrp\/luis-antonio\/\">LU\u00cdS ANT\u00d4NIO<\/a><br \/><a href=\"https:\/\/sites.usp.br\/observarmrp\/mococa\/\">MOCOCA<\/a><br \/><a href=\"https:\/\/sites.usp.br\/observarmrp\/monte-alto\/\">MONTE ALTO<\/a><br \/><a href=\"https:\/\/sites.usp.br\/observarmrp\/morro-agudo\/\">MORRO AGUDO<\/a><br \/><a href=\"https:\/\/sites.usp.br\/observarmrp\/nuporanga\/\">NUPORANGA<\/a><br \/><a href=\"https:\/\/sites.usp.br\/observarmrp\/orlandia\/\">ORL\u00c2NDIA<\/a><br \/><a href=\"https:\/\/sites.usp.br\/observarmrp\/pitangueiras\/\">PITANGUEIRAS<\/a><br \/><a href=\"https:\/\/sites.usp.br\/observarmrp\/pontal\/\">PONTAL<\/a><br \/><a href=\"https:\/\/sites.usp.br\/observarmrp\/pradopolis\/\">PRAD\u00d3POLIS<\/a><br \/><a href=\"https:\/\/sites.usp.br\/observarmrp\/ribeirao-preto\/\">RIBEIR\u00c3O PRETO<\/a><br \/><a href=\"https:\/\/sites.usp.br\/observarmrp\/sales-oliveira\/\">SALES OLIVEIRA<\/a><br \/><a href=\"https:\/\/sites.usp.br\/observarmrp\/santa-cruz-da-esperan\u00e7a\/\">SANTA CRUZ DA ESPERAN\u00c7A<\/a><br \/><a href=\"https:\/\/sites.usp.br\/observarmrp\/santa-rita-do-passa-quatro\/\">SANTA RITA DO PASSA QUATRO<\/a><br \/><a href=\"https:\/\/sites.usp.br\/observarmrp\/santa-rosa-de-viterbo\/\">SANTA ROSA DE VITERBO<\/a><br \/><a href=\"https:\/\/sites.usp.br\/observarmrp\/santo-antonio-da-alegria\/\">SANTO ANT\u00d4NIO DA ALEGRIA<\/a><br \/><a href=\"https:\/\/sites.usp.br\/observarmrp\/sao-simao\/\">S\u00c3O SIM\u00c3O<\/a><br \/><a href=\"https:\/\/sites.usp.br\/observarmrp\/serra-azul\/\">SERRA AZUL<\/a><br \/><a href=\"https:\/\/sites.usp.br\/observarmrp\/serrana\/\">SERRANA<\/a><br \/><a href=\"https:\/\/sites.usp.br\/observarmrp\/sertaozinho\/\">SERT\u00c3OZINHO<\/a><br \/><a href=\"https:\/\/sites.usp.br\/observarmrp\/taiuva\/\">TAI\u00daVA<\/a><br \/><a href=\"https:\/\/sites.usp.br\/observarmrp\/tambau\/\">TAMBA\u00da<\/a><br \/><a href=\"https:\/\/sites.usp.br\/observarmrp\/taquaral\/\">TAQUARAL<\/a><\/p>\t\t\t\t\t\t<\/div>\n\t\t\t\t<\/div>\n\t\t\t\t\t<\/div>\n\t\t<\/div>\n\t\t\t\t\t<\/div>\n\t\t<\/section>\n\t\t\t\t<\/div>\n\t\t","protected":false},"excerpt":{"rendered":"<p>ALTIN\u00d3POLISBARRINHABATATAISBRODOWSKICAJURUC\u00c1SSIA DOS COQUEIROSCRAVINHOSDUMONTGUARIBAGUATAPAR\u00c1JABOTICABALJARDIN\u00d3POLISLU\u00cdS ANT\u00d4NIOMOCOCAMONTE ALTOMORRO AGUDONUPORANGAORL\u00c2NDIAPITANGUEIRASPONTALPRAD\u00d3POLISRIBEIR\u00c3O PRETOSALES OLIVEIRASANTA CRUZ DA ESPERAN\u00c7ASANTA RITA DO PASSA QUATROSANTA ROSA DE VITERBOSANTO ANT\u00d4NIO DA ALEGRIAS\u00c3O SIM\u00c3OSERRA AZULSERRANASERT\u00c3OZINHOTAI\u00daVATAMBA\u00daTAQUARAL<\/p>\n","protected":false},"author":24129,"featured_media":0,"parent":0,"menu_order":0,"comment_status":"closed","ping_status":"closed","template":"","meta":{"_monsterinsights_skip_tracking":false,"_monsterinsights_sitenote_active":false,"_monsterinsights_sitenote_note":"","_monsterinsights_sitenote_category":0,"footnotes":"","_links_to":"","_links_to_target":""},"class_list":["post-2913","page","type-page","status-publish","hentry"],"_links":{"self":[{"href":"https:\/\/sites.usp.br\/observarmrp\/wp-json\/wp\/v2\/pages\/2913","targetHints":{"allow":["GET"]}}],"collection":[{"href":"https:\/\/sites.usp.br\/observarmrp\/wp-json\/wp\/v2\/pages"}],"about":[{"href":"https:\/\/sites.usp.br\/observarmrp\/wp-json\/wp\/v2\/types\/page"}],"author":[{"embeddable":true,"href":"https:\/\/sites.usp.br\/observarmrp\/wp-json\/wp\/v2\/users\/24129"}],"replies":[{"embeddable":true,"href":"https:\/\/sites.usp.br\/observarmrp\/wp-json\/wp\/v2\/comments?post=2913"}],"version-history":[{"count":4,"href":"https:\/\/sites.usp.br\/observarmrp\/wp-json\/wp\/v2\/pages\/2913\/revisions"}],"predecessor-version":[{"id":3319,"href":"https:\/\/sites.usp.br\/observarmrp\/wp-json\/wp\/v2\/pages\/2913\/revisions\/3319"}],"wp:attachment":[{"href":"https:\/\/sites.usp.br\/observarmrp\/wp-json\/wp\/v2\/media?parent=2913"}],"curies":[{"name":"wp","href":"https:\/\/api.w.org\/{rel}","templated":true}]}}