{"id":810,"date":"2021-10-22T11:37:42","date_gmt":"2021-10-22T14:37:42","guid":{"rendered":"https:\/\/sites.usp.br\/padrao8\/?page_id=810"},"modified":"2024-08-19T19:27:31","modified_gmt":"2024-08-19T22:27:31","slug":"ouvidoria","status":"publish","type":"page","link":"https:\/\/sites.usp.br\/observarmrp\/ouvidoria\/","title":{"rendered":"Equipe"},"content":{"rendered":"\t\t<div data-elementor-type=\"wp-page\" data-elementor-id=\"810\" class=\"elementor elementor-810\" data-elementor-post-type=\"page\">\n\t\t\t\t\t\t<section class=\"elementor-section elementor-top-section elementor-element elementor-element-54147ed elementor-section-boxed elementor-section-height-default elementor-section-height-default\" data-id=\"54147ed\" data-element_type=\"section\" data-settings=\"{&quot;background_background&quot;:&quot;classic&quot;}\">\n\t\t\t\t\t\t<div class=\"elementor-container elementor-column-gap-default\">\n\t\t\t\t\t<div class=\"elementor-column elementor-col-100 elementor-top-column elementor-element elementor-element-4c0a3ec\" data-id=\"4c0a3ec\" data-element_type=\"column\">\n\t\t\t<div class=\"elementor-widget-wrap elementor-element-populated\">\n\t\t\t\t\t\t<section class=\"elementor-section elementor-inner-section elementor-element elementor-element-61951c2 elementor-section-boxed elementor-section-height-default elementor-section-height-default\" data-id=\"61951c2\" data-element_type=\"section\">\n\t\t\t\t\t\t<div class=\"elementor-container elementor-column-gap-default\">\n\t\t\t\t\t<div class=\"elementor-column elementor-col-100 elementor-inner-column elementor-element elementor-element-3a4438a\" data-id=\"3a4438a\" data-element_type=\"column\">\n\t\t\t<div class=\"elementor-widget-wrap\">\n\t\t\t\t\t\t\t<\/div>\n\t\t<\/div>\n\t\t\t\t\t<\/div>\n\t\t<\/section>\n\t\t\t\t<section class=\"elementor-section elementor-inner-section elementor-element elementor-element-1fcf43e elementor-section-boxed elementor-section-height-default elementor-section-height-default\" data-id=\"1fcf43e\" data-element_type=\"section\">\n\t\t\t\t\t\t<div class=\"elementor-container elementor-column-gap-default\">\n\t\t\t\t\t<div class=\"elementor-column elementor-col-50 elementor-inner-column elementor-element elementor-element-d40abc8\" data-id=\"d40abc8\" data-element_type=\"column\">\n\t\t\t<div class=\"elementor-widget-wrap elementor-element-populated\">\n\t\t\t\t\t\t<div class=\"elementor-element elementor-element-828f0a9 elementor-widget elementor-widget-image\" data-id=\"828f0a9\" data-element_type=\"widget\" data-widget_type=\"image.default\">\n\t\t\t\t<div class=\"elementor-widget-container\">\n\t\t\t\t\t\t\t\t\t\t\t\t\t<img decoding=\"async\" width=\"140\" height=\"140\" src=\"https:\/\/sites.usp.br\/observarmrp\/wp-content\/uploads\/sites\/1509\/2024\/08\/erasmo_jose_gomes.jpg\" class=\"attachment-large size-large wp-image-2963\" alt=\"\" srcset=\"https:\/\/sites.usp.br\/observarmrp\/wp-content\/uploads\/sites\/1509\/2024\/08\/erasmo_jose_gomes.jpg 140w, https:\/\/sites.usp.br\/observarmrp\/wp-content\/uploads\/sites\/1509\/2024\/08\/erasmo_jose_gomes-45x45.jpg 45w\" sizes=\"(max-width: 140px) 100vw, 140px\" \/>\t\t\t\t\t\t\t\t\t\t\t\t\t<\/div>\n\t\t\t\t<\/div>\n\t\t\t\t\t<\/div>\n\t\t<\/div>\n\t\t\t\t<div class=\"elementor-column elementor-col-50 elementor-inner-column elementor-element elementor-element-fd7330d\" data-id=\"fd7330d\" data-element_type=\"column\">\n\t\t\t<div class=\"elementor-widget-wrap elementor-element-populated\">\n\t\t\t\t\t\t<div class=\"elementor-element elementor-element-d6766d4 elementor-widget__width-initial elementor-widget elementor-widget-text-editor\" data-id=\"d6766d4\" data-element_type=\"widget\" data-widget_type=\"text-editor.default\">\n\t\t\t\t<div class=\"elementor-widget-container\">\n\t\t\t\t\t\t\t<p>Prof. Dr. Erasmo Jos\u00e9 Gomes<\/p><p>Pesquisador\u00a0<\/p><p>Possui gradua\u00e7\u00e3o em Engenharia Industrial Mec\u00e2nica pela Escola de Engenharia Industrial de S\u00e3o Jos\u00e9 dos Campos (1988), e mestrado (1995) e doutorado (2001) em Pol\u00edtica Cient\u00edfica e Tecnol\u00f3gica pela Universidade Estadual de Campinas (Unicamp). Desde 2009 \u00e9 docente na Faculdade de Economia, Administra\u00e7\u00e3o e Contabilidade de Ribeir\u00e3o Preto da Universidade de S\u00e3o Paulo (FEA-RP\/USP). Foi ex-coordenador da Rede Nacional de Pol\u00edtica Industrial (RENAPI) e da Ag\u00eancia Brasileira de Desenvolvimento Industrial (ABDI), al\u00e9m de ter exercido cargos como secret\u00e1rio municipal de planejamento e desenvolvimento econ\u00f4mico e superintendente de uma empresa municipal de economia mista. Possui experi\u00eancia em administra\u00e7\u00e3o p\u00fablica, com foco em pol\u00edtica industrial, inova\u00e7\u00e3o, e desenvolvimento local e regional.<\/p><p>Telefone: (016)3315-0583<\/p><p><span style=\"color: var( --e-global-color-text ); font-size: 1.6rem;\">E-Mail: erasmo@fearp.usp.br<\/span><\/p><p>\u00a0<\/p>\t\t\t\t\t\t<\/div>\n\t\t\t\t<\/div>\n\t\t\t\t\t<\/div>\n\t\t<\/div>\n\t\t\t\t\t<\/div>\n\t\t<\/section>\n\t\t\t\t<section class=\"elementor-section elementor-inner-section elementor-element elementor-element-a24ee9e elementor-section-boxed elementor-section-height-default elementor-section-height-default\" data-id=\"a24ee9e\" data-element_type=\"section\">\n\t\t\t\t\t\t<div class=\"elementor-container elementor-column-gap-default\">\n\t\t\t\t\t<div class=\"elementor-column elementor-col-50 elementor-inner-column elementor-element elementor-element-9963b66\" data-id=\"9963b66\" data-element_type=\"column\">\n\t\t\t<div class=\"elementor-widget-wrap elementor-element-populated\">\n\t\t\t\t\t\t<div class=\"elementor-element elementor-element-9d2cfd7 elementor-widget__width-initial elementor-widget elementor-widget-image\" data-id=\"9d2cfd7\" data-element_type=\"widget\" data-widget_type=\"image.default\">\n\t\t\t\t<div class=\"elementor-widget-container\">\n\t\t\t\t\t\t\t\t\t\t\t\t\t<img fetchpriority=\"high\" decoding=\"async\" width=\"500\" height=\"500\" src=\"https:\/\/sites.usp.br\/observarmrp\/wp-content\/uploads\/sites\/1509\/2024\/08\/Foto-Lucas-Pinto.png\" class=\"attachment-large size-large wp-image-2977\" alt=\"\" srcset=\"https:\/\/sites.usp.br\/observarmrp\/wp-content\/uploads\/sites\/1509\/2024\/08\/Foto-Lucas-Pinto.png 500w, https:\/\/sites.usp.br\/observarmrp\/wp-content\/uploads\/sites\/1509\/2024\/08\/Foto-Lucas-Pinto-300x300.png 300w, https:\/\/sites.usp.br\/observarmrp\/wp-content\/uploads\/sites\/1509\/2024\/08\/Foto-Lucas-Pinto-150x150.png 150w, https:\/\/sites.usp.br\/observarmrp\/wp-content\/uploads\/sites\/1509\/2024\/08\/Foto-Lucas-Pinto-250x250.png 250w, https:\/\/sites.usp.br\/observarmrp\/wp-content\/uploads\/sites\/1509\/2024\/08\/Foto-Lucas-Pinto-174x174.png 174w, https:\/\/sites.usp.br\/observarmrp\/wp-content\/uploads\/sites\/1509\/2024\/08\/Foto-Lucas-Pinto-45x45.png 45w, https:\/\/sites.usp.br\/observarmrp\/wp-content\/uploads\/sites\/1509\/2024\/08\/Foto-Lucas-Pinto-200x200.png 200w, https:\/\/sites.usp.br\/observarmrp\/wp-content\/uploads\/sites\/1509\/2024\/08\/Foto-Lucas-Pinto-400x400.png 400w\" sizes=\"(max-width: 500px) 100vw, 500px\" \/>\t\t\t\t\t\t\t\t\t\t\t\t\t<\/div>\n\t\t\t\t<\/div>\n\t\t\t\t\t<\/div>\n\t\t<\/div>\n\t\t\t\t<div class=\"elementor-column elementor-col-50 elementor-inner-column elementor-element elementor-element-e080c72\" data-id=\"e080c72\" data-element_type=\"column\">\n\t\t\t<div class=\"elementor-widget-wrap elementor-element-populated\">\n\t\t\t\t\t\t<div class=\"elementor-element elementor-element-8b6cdf0 elementor-widget elementor-widget-text-editor\" data-id=\"8b6cdf0\" data-element_type=\"widget\" data-widget_type=\"text-editor.default\">\n\t\t\t\t<div class=\"elementor-widget-container\">\n\t\t\t\t\t\t\t<p>Lucas Henrique Pinto\u00a0<\/p><p>Graduando em Administra\u00e7\u00e3o na FEARP USP\u00a0<\/p><p>E-Mail: lucas.henrique@usp.br<\/p>\t\t\t\t\t\t<\/div>\n\t\t\t\t<\/div>\n\t\t\t\t\t<\/div>\n\t\t<\/div>\n\t\t\t\t\t<\/div>\n\t\t<\/section>\n\t\t\t\t\t<\/div>\n\t\t<\/div>\n\t\t\t\t\t<\/div>\n\t\t<\/section>\n\t\t\t\t<section class=\"elementor-section elementor-top-section elementor-element elementor-element-abf4dfa elementor-section-boxed elementor-section-height-default elementor-section-height-default\" data-id=\"abf4dfa\" data-element_type=\"section\">\n\t\t\t\t\t\t<div class=\"elementor-container elementor-column-gap-default\">\n\t\t\t\t\t<div class=\"elementor-column elementor-col-100 elementor-top-column elementor-element elementor-element-e2bb4ce\" data-id=\"e2bb4ce\" data-element_type=\"column\">\n\t\t\t<div class=\"elementor-widget-wrap\">\n\t\t\t\t\t\t\t<\/div>\n\t\t<\/div>\n\t\t\t\t\t<\/div>\n\t\t<\/section>\n\t\t\t\t<\/div>\n\t\t","protected":false},"excerpt":{"rendered":"<p>Prof. Dr. Erasmo Jos\u00e9 Gomes Pesquisador\u00a0 Possui gradua\u00e7\u00e3o em Engenharia Industrial Mec\u00e2nica pela Escola de Engenharia Industrial de S\u00e3o Jos\u00e9 dos Campos (1988), e mestrado (1995) e doutorado (2001) em Pol\u00edtica Cient\u00edfica e Tecnol\u00f3gica pela Universidade Estadual de Campinas (Unicamp). Desde 2009 \u00e9 docente na Faculdade de Economia, Administra\u00e7\u00e3o e Contabilidade de Ribeir\u00e3o Preto da<a href=\"https:\/\/sites.usp.br\/observarmrp\/ouvidoria\/\">[&#8230;]<\/a><\/p>\n","protected":false},"author":22641,"featured_media":0,"parent":0,"menu_order":0,"comment_status":"closed","ping_status":"closed","template":"","meta":{"_monsterinsights_skip_tracking":false,"_monsterinsights_sitenote_active":false,"_monsterinsights_sitenote_note":"","_monsterinsights_sitenote_category":0,"footnotes":"","_links_to":"","_links_to_target":""},"class_list":["post-810","page","type-page","status-publish","hentry"],"_links":{"self":[{"href":"https:\/\/sites.usp.br\/observarmrp\/wp-json\/wp\/v2\/pages\/810","targetHints":{"allow":["GET"]}}],"collection":[{"href":"https:\/\/sites.usp.br\/observarmrp\/wp-json\/wp\/v2\/pages"}],"about":[{"href":"https:\/\/sites.usp.br\/observarmrp\/wp-json\/wp\/v2\/types\/page"}],"author":[{"embeddable":true,"href":"https:\/\/sites.usp.br\/observarmrp\/wp-json\/wp\/v2\/users\/22641"}],"replies":[{"embeddable":true,"href":"https:\/\/sites.usp.br\/observarmrp\/wp-json\/wp\/v2\/comments?post=810"}],"version-history":[{"count":4,"href":"https:\/\/sites.usp.br\/observarmrp\/wp-json\/wp\/v2\/pages\/810\/revisions"}],"predecessor-version":[{"id":2983,"href":"https:\/\/sites.usp.br\/observarmrp\/wp-json\/wp\/v2\/pages\/810\/revisions\/2983"}],"wp:attachment":[{"href":"https:\/\/sites.usp.br\/observarmrp\/wp-json\/wp\/v2\/media?parent=810"}],"curies":[{"name":"wp","href":"https:\/\/api.w.org\/{rel}","templated":true}]}}