{"id":261,"date":"2021-08-19T15:30:25","date_gmt":"2021-08-19T17:30:25","guid":{"rendered":"https:\/\/sites.usp.br\/obted\/?page_id=261"},"modified":"2022-04-08T12:48:37","modified_gmt":"2022-04-08T14:48:37","slug":"publicacoes","status":"publish","type":"page","link":"https:\/\/sites.usp.br\/obted\/publicacoes\/","title":{"rendered":"Publica\u00e7\u00f5es"},"content":{"rendered":"\t\t<div data-elementor-type=\"wp-page\" data-elementor-id=\"261\" class=\"elementor elementor-261\" data-elementor-post-type=\"page\">\n\t\t\t\t\t\t<section class=\"elementor-section elementor-top-section elementor-element elementor-element-5385a6c9 elementor-section-boxed elementor-section-height-default elementor-section-height-default\" data-id=\"5385a6c9\" data-element_type=\"section\">\n\t\t\t\t\t\t<div class=\"elementor-container elementor-column-gap-default\">\n\t\t\t\t\t<div class=\"elementor-column elementor-col-100 elementor-top-column elementor-element elementor-element-7c71843c\" data-id=\"7c71843c\" data-element_type=\"column\">\n\t\t\t<div class=\"elementor-widget-wrap elementor-element-populated\">\n\t\t\t\t\t\t<div class=\"elementor-element elementor-element-4ff8f9c2 elementor-widget elementor-widget-text-editor\" data-id=\"4ff8f9c2\" data-element_type=\"widget\" data-widget_type=\"text-editor.default\">\n\t\t\t\t<div class=\"elementor-widget-container\">\n\t\t\t\t\t\t\t&nbsp;\r\n<div id=\"accel-snackbar\" style=\"left: 50%; transform: translate(-50%, 0px); top: 50px;\"><\/div>\t\t\t\t\t\t<\/div>\n\t\t\t\t<\/div>\n\t\t\t\t\t<\/div>\n\t\t<\/div>\n\t\t\t\t\t<\/div>\n\t\t<\/section>\n\t\t\t\t<section class=\"elementor-section elementor-top-section elementor-element elementor-element-969bb1c elementor-section-boxed elementor-section-height-default elementor-section-height-default\" data-id=\"969bb1c\" data-element_type=\"section\">\n\t\t\t\t\t\t<div class=\"elementor-container elementor-column-gap-default\">\n\t\t\t\t\t<div class=\"elementor-column elementor-col-100 elementor-top-column elementor-element elementor-element-d19ffbd\" data-id=\"d19ffbd\" data-element_type=\"column\">\n\t\t\t<div class=\"elementor-widget-wrap elementor-element-populated\">\n\t\t\t\t\t\t<div class=\"elementor-element elementor-element-bd08665 elementor-widget elementor-widget-text-editor\" data-id=\"bd08665\" data-element_type=\"widget\" data-widget_type=\"text-editor.default\">\n\t\t\t\t<div class=\"elementor-widget-container\">\n\t\t\t\t\t\t\t<p><span style=\"color: var( --e-global-color-text ); font-size: 1.6rem;\">\n<table id=\"tablepress-2\" class=\"tablepress tablepress-id-2\">\n<thead>\n<tr class=\"row-1\">\n\t<th class=\"column-1\">T\u00edtulo<\/th><th class=\"column-2\">Autores<\/th>\n<\/tr>\n<\/thead>\n<tbody class=\"row-striping row-hover\">\n<tr class=\"row-2\">\n\t<td class=\"column-1\"><a href=\"https:\/\/pergamum.ucb.br\/pergamumweb\/vinculos\/00001a\/00001a51.pdf?_ga=2.52119215.74299055.1520515782-830466310.1520515781\">TV Digital: O desligamento do sinal anal\u00f3gico e a adapta\u00e7\u00e3o dos telespectadores. <\/a><\/td><td class=\"column-2\">Alexandre Kieling; Deisy Feitosa; K\u00eania Freitas<\/td>\n<\/tr>\n<tr class=\"row-3\">\n\t<td class=\"column-1\"><a href=\"https:\/\/docplayer.com.br\/3694003-Almir-antonio-rosa-televisao-digital-terrestre-sistemas-padroes-e-modelos.html\">Televis\u00e3o Digital Terrestre \u2013 Sistemas, Padr\u00f5es e Modelos. <\/a><\/td><td class=\"column-2\">Almir Almas<\/td>\n<\/tr>\n<tr class=\"row-4\">\n\t<td class=\"column-1\"><a href=\"http:\/\/www.set.org.br\/ano-xxvi-n-159-maio-2016\/tv-e-cinema-expandidos-dispositivos-e-enunciacao\/\" rel=\"noopener\" target=\"_blank\">TV e Cinema Expandidos. Dispositivos e Enuncia\u00e7\u00e3o. <\/a><\/td><td class=\"column-2\">Almir Almas<\/td>\n<\/tr>\n<tr class=\"row-5\">\n\t<td class=\"column-1\"><a href=\"http:\/\/www.set.org.br\/ano-xxvi-n-160-junho-2016\/tv-e-cinema-expandidos-dispositivos-e-enunciacao-2\/\" rel=\"noopener\" target=\"_blank\">TV e Cinema Expandidos. Dispositivos e Enuncia\u00e7\u00e3o \u2013 PARTE II. <\/a><\/td><td class=\"column-2\">Almir Almas<\/td>\n<\/tr>\n<tr class=\"row-6\">\n\t<td class=\"column-1\"><a href=\"https:\/\/bdpi.usp.br\/item\/002732860\" rel=\"noopener\" target=\"_blank\">Televis\u00e3o do Futuro. NHK e o Super Hi-Vision. <\/a><\/td><td class=\"column-2\">Almir Almas<\/td>\n<\/tr>\n<tr class=\"row-7\">\n\t<td class=\"column-1\"><a href=\"http:\/\/www4.pucsp.br\/pos\/tidd\/teccogs\/edicao_completa\/teccogs_cognicao_informacao-edicao_15-2017-completa.pdf\" rel=\"noopener\" target=\"_blank\">TV e cinema expandidos: enuncia\u00e7\u00e3o e dispositivos \u2013 t\u00e9cnica, est\u00e9tica e po\u00e9tica. <\/a><\/td><td class=\"column-2\">Almir Almas; Danilo Nazareno Azevedo Bara\u00fana<\/td>\n<\/tr>\n<tr class=\"row-8\">\n\t<td class=\"column-1\"><a href=\"https:\/\/issuu.com\/sejadigital\/docs\/livro_tv_digital_ucb\" rel=\"noopener\" target=\"_blank\">TV Digital.<\/a><\/td><td class=\"column-2\">Almir Almas; Deisy Fernanda Feitosa; Kenia Castro; Alexandre Kieling Freitas<\/td>\n<\/tr>\n<tr class=\"row-9\">\n\t<td class=\"column-1\"><a href=\"http:\/\/www.livrosabertos.sibi.usp.br\/portaldelivrosUSP\/catalog\/book\/582\" rel=\"noopener\" target=\"_blank\">Covid-19: Mudan\u00e7as e confirma\u00e7\u00f5es na TV e servi\u00e7os de streaming.<\/a><\/td><td class=\"column-2\">Almir Almas; Fernando Moura<\/td>\n<\/tr>\n<tr class=\"row-10\">\n\t<td class=\"column-1\"><a href=\"https:\/\/sites.usp.br\/labartemidia\/wp-content\/uploads\/sites\/472\/2019\/06\/revistaMovimento2017.brunomachado.9ed.pdf\" rel=\"noopener\" target=\"_blank\">Percep\u00e7\u00f5es e proposi\u00e7\u00f5es sobre interatividade narrativa na Televis\u00e3o Digital. <\/a><\/td><td class=\"column-2\">Bruno Machado<\/td>\n<\/tr>\n<tr class=\"row-11\">\n\t<td class=\"column-1\">\u201cPlant\u00e3o Unesp Covi-19\u201d e \u201cUnesp Not\u00edcias\u201d: Ressignificando a rotina e a produ\u00e7\u00e3o jornal\u00edstica em uma TV Universit\u00e1ria. <\/td><td class=\"column-2\">COSTA, A. C.; MACHADO FILHO, F.; PENARIOL, J. C.; BEVILAQUA, L. M.; FERREIRA, M. F. <\/td>\n<\/tr>\n<tr class=\"row-12\">\n\t<td class=\"column-1\"><a href=\"http:\/\/www.set.org.br\/news-revista-da-set\/revista\/o-tempo-do-digital-e-mais-veloz-sobre-padroes-e-avancos-da-televisao-digital-no-mundo\/\" rel=\"noopener\" target=\"_blank\">O Tempo do digital \u00e9 mais veloz: Sobre padr\u00f5es e avan\u00e7os da televis\u00e3o digital no mundo.<\/a><\/td><td class=\"column-2\">Deisy Feitosa<\/td>\n<\/tr>\n<tr class=\"row-13\">\n\t<td class=\"column-1\"><a href=\"http:\/\/www.set.org.br\/news-revista-da-set\/revista\/transmissao-hibrida-na-tv-aberta-brasileira-o-dtv-play-e-as-suas-potencialidades\/\" rel=\"noopener\" target=\"_blank\">Transmiss\u00e3o h\u00edbrida na TV aberta brasileira: o DTV Play e as suas potencialidades.<\/a><\/td><td class=\"column-2\">Deisy Feitosa<\/td>\n<\/tr>\n<tr class=\"row-14\">\n\t<td class=\"column-1\">O Poder das Conex\u00f5es: Vidas, Vozes, Cotidianos e Educa\u00e7\u00e3o pela Garantia do Direito \u00e0 Comunica\u00e7\u00e3o Televisiva \u201cnas\u201d Minas Gerais. <\/td><td class=\"column-2\">Deisy Feitosa<\/td>\n<\/tr>\n<tr class=\"row-15\">\n\t<td class=\"column-1\"><a href=\"https:\/\/pergamum.ucb.br\/pergamumweb\/vinculos\/00001a\/00001a51.pdf?_ga=2.52119215.74299055.1520515782-830466310.1520515781\" rel=\"noopener\" target=\"_blank\">A mobiliza\u00e7\u00e3o social enquanto ferramenta de apoio ao switch off da TV e de humaniza\u00e7\u00e3o do processo: a experi\u00eancia da Seja Digital em Rio Verde (GO) e no Distrito Federal<\/a><\/td><td class=\"column-2\">Deisy Feitosa<\/td>\n<\/tr>\n<tr class=\"row-16\">\n\t<td class=\"column-1\">TV Digital e Educa\u00e7\u00e3o B\u00e1sica: A televis\u00e3o como meio pedag\u00f3gico. A escola como meio de comunica\u00e7\u00e3o.<\/td><td class=\"column-2\">Deisy Feitosa; Cirlene Cristina de Sousa; Heli Sabino de Oliveira \u2013 Organiza\u00e7\u00e3o de Livro (no prelo)<\/td>\n<\/tr>\n<tr class=\"row-17\">\n\t<td class=\"column-1\"><a href=\"https:\/\/pergamum.ucb.br\/pergamumweb\/vinculos\/00001a\/00001a51.pdf?_ga=2.52119215.74299055.1520515782-830466310.1520515781\" rel=\"noopener\" target=\"_blank\">O Distrito Federal \u00e9 plenamente digital: hist\u00f3rias do switch off da TV anal\u00f3gica, a partir de viv\u00eancias de volunt\u00e1rios.<\/a><\/td><td class=\"column-2\">Deisy Feitosa; Marcus Vin\u00edcius Soares<\/td>\n<\/tr>\n<tr class=\"row-18\">\n\t<td class=\"column-1\"><a href=\"https:\/\/sites.usp.br\/labartemidia\/x-reality-2021-conferencia\/\" rel=\"noopener\" target=\"_blank\">Participa\u00e7\u00e3o no painel de TV Imersiva no X-Reality USP<\/a><\/td><td class=\"column-2\">Eduardo Acquarone<\/td>\n<\/tr>\n<tr class=\"row-19\">\n\t<td class=\"column-1\"><a href=\"https:\/\/www.youtube.com\/watch?v=dRdA-hwfReE\" rel=\"noopener\" target=\"_blank\">CineCi\u00eancia: Matrix<\/a><\/td><td class=\"column-2\">Eduardo Acquarone<\/td>\n<\/tr>\n<tr class=\"row-20\">\n\t<td class=\"column-1\"><a href=\"https:\/\/medialab.iscte-iul.pt\/5g-e-covid-19-a-propagacao-da-desinformacao\/\" rel=\"noopener\" target=\"_blank\">5G e Covid-19: a propaga\u00e7\u00e3o da desinforma\u00e7\u00e3o<\/a><\/td><td class=\"column-2\">Eduardo Acquarone<\/td>\n<\/tr>\n<tr class=\"row-21\">\n\t<td class=\"column-1\"><a href=\"https:\/\/medialab.iscte-iul.pt\/narrativas-imersivas-o-que-esta-por-vir-no-novo-normal\/\" rel=\"noopener\" target=\"_blank\">Narrativas imersivas: o que est\u00e1 por vir no \u201cnovo normal\u201d<\/a><\/td><td class=\"column-2\">Eduardo Acquarone<\/td>\n<\/tr>\n<tr class=\"row-22\">\n\t<td class=\"column-1\"><a href=\"https:\/\/medialab.iscte-iul.pt\/sputnik-news-a-desinformacao-ainda-nao-se-traduz-muito-em-portugues\/\" rel=\"noopener\" target=\"_blank\">Sputnik News: a desinforma\u00e7\u00e3o ainda n\u00e3o se traduz (muito) em portugu\u00eas<\/a><\/td><td class=\"column-2\">Eduardo Acquarone<\/td>\n<\/tr>\n<tr class=\"row-23\">\n\t<td class=\"column-1\"><a href=\"https:\/\/medialab.iscte-iul.pt\/os-media-brasileiros-pedem-calma-e-ganham-confianca-durante-crise-do-covid-19\/\" rel=\"noopener\" target=\"_blank\">Os Media brasileiros pedem calma e ganham confian\u00e7a durante crise do Covid-19<\/a><\/td><td class=\"column-2\">Eduardo Acquarone<\/td>\n<\/tr>\n<tr class=\"row-24\">\n\t<td class=\"column-1\"><a href=\"https:\/\/docs.google.com\/forms\/d\/e\/1FAIpQLSceHy5ariidb50P7LfymwpRN-79tez-jPM-HRZ7JKHFnmDshw\/viewform\" rel=\"noopener\" target=\"_blank\">Manifesto Imersivo<\/a><\/td><td class=\"column-2\">Eduardo Acquarone<\/td>\n<\/tr>\n<tr class=\"row-25\">\n\t<td class=\"column-1\"><a href=\"https:\/\/sites.usp.br\/labartemidia\/x-reality-2019\/\" rel=\"noopener\" target=\"_blank\">Participa\u00e7\u00e3o na mesa-redonda do X-Reality USP sobre Pesquisa e Projetos X-Reality <\/a><\/td><td class=\"column-2\">Eduardo Acquarone<\/td>\n<\/tr>\n<tr class=\"row-26\">\n\t<td class=\"column-1\"><a href=\"http:\/\/www.observatoriodaimprensa.com.br\/tendencias-no-jornalismo\/jornalismo-imersivo-dez-experiencias-que-voce-precisa-ver\/\" rel=\"noopener\" target=\"_blank\">Jornalismo Imersivo: dez experi\u00eancias que voc\u00ea precisa ver<\/a><\/td><td class=\"column-2\">Eduardo Acquarone<\/td>\n<\/tr>\n<tr class=\"row-27\">\n\t<td class=\"column-1\"><a href=\"https:\/\/impactum-journals.uc.pt\/mj\/article\/view\/2183-5462_34_22\" rel=\"noopener\" target=\"_blank\">The Internet Trap: How the Digital Economy Builds Monopolies and Undermines Democracy<\/a><\/td><td class=\"column-2\">Eduardo Acquarone; Matthew Hindman<\/td>\n<\/tr>\n<tr class=\"row-28\">\n\t<td class=\"column-1\">Dia da Televis\u00e3o: 7 d\u00e9cadas de inova\u00e7\u00e3o<\/td><td class=\"column-2\">Fernando Moura<\/td>\n<\/tr>\n<tr class=\"row-29\">\n\t<td class=\"column-1\">\u201cHora da Saudade\u201d, la influencia de los medios de comunicaci\u00f3n \u00e9tnica en la formaci\u00f3n del Centro Recreativo Lusitano de Escobar<\/td><td class=\"column-2\">Fernando Moura<\/td>\n<\/tr>\n<tr class=\"row-30\">\n\t<td class=\"column-1\"><a href=\"https:\/\/set.org.br\/news-revista-da-set\/revista\/rede-amazonica-avanca-para-um-centralcasting-e-monta-4-mini-estudios-para-jornalismo\/\" rel=\"noopener\" target=\"_blank\">Rede Amaz\u00f4nica avan\u00e7a para um centralcasting e monta 4 mini est\u00fadios para jornalismo <\/a><\/td><td class=\"column-2\">Fernando Moura<\/td>\n<\/tr>\n<tr class=\"row-31\">\n\t<td class=\"column-1\"><a href=\"https:\/\/set.org.br\/publications\/revistadaset\/revista-da-set-n-196\/\" rel=\"noopener\" target=\"_blank\">SET eXPerience debate o futura da TV <\/a><\/td><td class=\"column-2\">Fernando Moura<\/td>\n<\/tr>\n<tr class=\"row-32\">\n\t<td class=\"column-1\"><a href=\"https:\/\/set.org.br\/publications\/revistadaset\/revista-da-set-n-196\/\" rel=\"noopener\" target=\"_blank\">TV aberta: Globo inova em transmiss\u00e3o ao vivo com \u00e1udio imersivo e avan\u00e7a para a TV <\/a><\/td><td class=\"column-2\">Fernando Moura<\/td>\n<\/tr>\n<tr class=\"row-33\">\n\t<td class=\"column-1\"><a href=\"https:\/\/www.set.org.br\/publications\/revistadaset\/revistadaset-191\/\" rel=\"noopener\" target=\"_blank\">NabExpress 2020<\/a><\/td><td class=\"column-2\">Fernando Moura<\/td>\n<\/tr>\n<tr class=\"row-34\">\n\t<td class=\"column-1\"><a href=\"https:\/\/fd90c528-89f2-45d9-a1b5-2f59fca533a3.filesusr.com\/ugd\/cdee4f_c7dd50ff930743509e5ce530b83ec011.pdf\" rel=\"noopener\" target=\"_blank\">Resenha: TV Digital no Brasil: estudos sobre a transi\u00e7\u00e3o anal\u00f3gico-digital em Bras\u00edlia e Belo Horizonte. <\/a><\/td><td class=\"column-2\">Fernando Moura<\/td>\n<\/tr>\n<tr class=\"row-35\">\n\t<td class=\"column-1\"><a href=\"https:\/\/tvbrasil.ebc.com.br\/midia-em-foco\/2018\/08\/futuro-ao-vivo\" rel=\"noopener\" target=\"_blank\">M\u00eddia em Foco (TV Brasil). O futuro ao vivo. <\/a><\/td><td class=\"column-2\">Fernando Moura<\/td>\n<\/tr>\n<tr class=\"row-36\">\n\t<td class=\"column-1\"><a href=\"https:\/\/www.youtube.com\/watch?v=hrYaS-GSaVk\" rel=\"noopener\" target=\"_blank\">DDPlay. 2019. (Programa de V\u00eddeo para Divulga\u00e7\u00e3o da produ\u00e7\u00e3o audiovisual do Curso de Design Digital da PUC Campinas).<\/a><\/td><td class=\"column-2\">Fernando Moura; Andr\u00e9 Olson<\/td>\n<\/tr>\n<tr class=\"row-37\">\n\t<td class=\"column-1\"><a href=\"https:\/\/www.youtube.com\/watch?v=3zn-mO8c9S0\" rel=\"noopener\" target=\"_blank\">DDplay. 2018. (Programa de V\u00eddeo para Divulga\u00e7\u00e3o da produ\u00e7\u00e3o audiovisual do Curso de Design Digital da PUC Campinas).<\/a><\/td><td class=\"column-2\">Fernando Moura; Andr\u00e9 Olson<\/td>\n<\/tr>\n<tr class=\"row-38\">\n\t<td class=\"column-1\"><a href=\"https:\/\/www.facebook.com\/watch\/live\/?v=516919872388943&amp;ref=watch_permalink\" rel=\"noopener\" target=\"_blank\">Novos h\u00e1bitos de consumo.<\/a><\/td><td class=\"column-2\">Francisco Machado Filho; Fernando Moura<\/td>\n<\/tr>\n<tr class=\"row-39\">\n\t<td class=\"column-1\">A constru\u00e7\u00e3o de novas formas de endere\u00e7amento: como o Jornal Nacional se apresenta mais pr\u00f3ximo do p\u00fablico por meio dos sites de rede sociais. In: EMERIM, C.; PEREIRA, A.; COUTINHO, I. (org.). Telejornalismo Contempor\u00e2neo: 15 anos da Rede Telejor. Florian\u00f3polis: Insular, 2020, pp. 235-249. <\/td><td class=\"column-2\">Leire Bevilaqua <\/td>\n<\/tr>\n<tr class=\"row-40\">\n\t<td class=\"column-1\"><a href=\"http:\/\/www.riaeditorial.com\/index.php\/olhares-sobre-a-imagem-em-movimento\/\" rel=\"noopener\" target=\"_blank\">O endere\u00e7amento ao telespectador durante a pandemia: um estudo sobre as mudan\u00e7as no Jornal Nacional, da Rede Globo de Televis\u00e3o. <\/a><\/td><td class=\"column-2\">Leire Bevilaqua <\/td>\n<\/tr>\n<tr class=\"row-41\">\n\t<td class=\"column-1\">A Presen\u00e7a do Jornal Nacional no Twitter: uma an\u00e1lise do tipo de conte\u00fado postado pelo notici\u00e1rio em seu perfil oficial. In: Narrativas imag\u00e9ticas.1 ed. Aveiro: Ria Editoral, 2019, p. 557-583.<\/td><td class=\"column-2\">Leire Bevilaqua <\/td>\n<\/tr>\n<tr class=\"row-42\">\n\t<td class=\"column-1\"><a href=\"http:\/\/meistudies.org\/index.php\/cmei\/3cime\/schedConf\/presentations\" rel=\"noopener\" target=\"_blank\">O endere\u00e7amento ao telespectador durante a pandemia: um estudo sobre as mudan\u00e7as no Jornal Nacional, da Rede Globo de Televis\u00e3o <\/a><\/td><td class=\"column-2\">Leire Bevilaqua <\/td>\n<\/tr>\n<tr class=\"row-43\">\n\t<td class=\"column-1\"><a href=\"http:\/\/www.intercom.org.br\/sis\/eventos\/2020\/resumos\/R15-2323-1.pdf\" rel=\"noopener\" target=\"_blank\">\u201cO Brasil Que eu Quero\u201d ou o que fica melhor na TV? Um estudo sobre o reposicionamento da campanha no Jornal Nacional.<\/a><\/td><td class=\"column-2\">Leire Bevilaqua <\/td>\n<\/tr>\n<tr class=\"row-44\">\n\t<td class=\"column-1\">A Presen\u00e7a do Jornal Nacional no Twitter: uma An\u00e1lise do Tipo de Conte\u00fado Postado pelo Notici\u00e1rio em seu Perfil Oficial. In: Mem\u00f3rias do 2\u00ba Congresso Internacional Media Ecology and Image Studies: O protagonismo da narrativa imag\u00e9tica. Aveiro: Ria Editorial, 2019. p.1477 \u2013 1503.<\/td><td class=\"column-2\">Leire Bevilaqua <\/td>\n<\/tr>\n<tr class=\"row-45\">\n\t<td class=\"column-1\"><a href=\"http:\/\/sbpjor.org.br\/congresso\/index.php\/sbpjor\/sbpjor2019\/schedConf\/presentations\" rel=\"noopener\" target=\"_blank\">Da televis\u00e3o \u00e0 internet: o uso do Twitter na constru\u00e7\u00e3o do modo de endere\u00e7amento do Jornal Nacional <\/a><\/td><td class=\"column-2\">Leire Bevilaqua <\/td>\n<\/tr>\n<tr class=\"row-46\">\n\t<td class=\"column-1\">A pandemia e os endere\u00e7amentos ao telespectador: uma an\u00e1lise do Jornal Nacional, da Rede Globo. In: Anais da VII Jornada Cient\u00edfica de Comunica\u00e7\u00e3o Social, 2021, Centro Universit\u00e1rio Sagrado Cora\u00e7\u00e3o \u2013 UNISAGRADO, Bauru.<\/td><td class=\"column-2\">Leire Bevilaqua <\/td>\n<\/tr>\n<tr class=\"row-47\">\n\t<td class=\"column-1\">Um novo jeito de se endere\u00e7ar ao telespectador a partir dos sites de redes sociais: o caso do Jornal Nacional, da Rede Globo de Televis\u00e3o In: Caderno de Resumos XXI Jornada Multidisciplinar Crise nas Humanidades: inclus\u00e3o e resist\u00eancia em tempos de retrocesso, 2019, Bauru, p.224 \u2013 225.<\/td><td class=\"column-2\">Leire Bevilaqua <\/td>\n<\/tr>\n<tr class=\"row-48\">\n\t<td class=\"column-1\"><a href=\"https:\/\/tv.unesp.br\/setunesp\/programas\" rel=\"noopener\" target=\"_blank\">Conv\u00eanio SET Unesp 2020.<\/a><\/td><td class=\"column-2\">Leire Bevilaqua <\/td>\n<\/tr>\n<tr class=\"row-49\">\n\t<td class=\"column-1\"><a href=\"https:\/\/www.youtube.com\/watch?v=5SCKT_M9H1c\" rel=\"noopener\" target=\"_blank\">Papo Acad\u00eamico: Telejornalismo e Sites de Redes Sociais, 2020<\/a><\/td><td class=\"column-2\">Leire Bevilaqua <\/td>\n<\/tr>\n<tr class=\"row-50\">\n\t<td class=\"column-1\"><a href=\"https:\/\/tv.unesp.br\/setunesp\/programas\" rel=\"noopener\" target=\"_blank\">Conv\u00eanio SET Unesp, 2019.<\/a><\/td><td class=\"column-2\">Leire Bevilaqua <\/td>\n<\/tr>\n<tr class=\"row-51\">\n\t<td class=\"column-1\"><a href=\"https:\/\/tv.unesp.br\/setunesp\/programas\" rel=\"noopener\" target=\"_blank\">Conv\u00eanio SET Unesp, 2018. <\/a><\/td><td class=\"column-2\">Leire Bevilaqua <\/td>\n<\/tr>\n<tr class=\"row-52\">\n\t<td class=\"column-1\">Think Olga e o caso do estupro coletivo no Rio de Janeiro: intera\u00e7\u00e3o online e a\u00e7\u00e3o off-line. In: Audiovisual, cidades, mobilidade, cidadania, jornalismo, m\u00eddia e tecnologia.1 ed. Rosario: UNR Editora, 2018, p. 383-396.<\/td><td class=\"column-2\">Leire Bevilaqua; Cirlene Cristina de Sousa<\/td>\n<\/tr>\n<tr class=\"row-53\">\n\t<td class=\"column-1\">Nova forma de noticiar: a presen\u00e7a das redes sociais no Jornal Nacional In: Narrativas: da Televis\u00e3o \u00e0s Novas Linguagens e Neg\u00f3cios.1 ed.Aveiro: Ria Editorial, 2018, v.1, p. 118-129.<\/td><td class=\"column-2\">Leire Bevilaqua; Liliane de Lucena Ito<\/td>\n<\/tr>\n<tr class=\"row-54\">\n\t<td class=\"column-1\">Nova Forma de Noticiar: a presen\u00e7a de redes sociais no Jornal Nacional In: Mem\u00f3rias do 1\u00ba Congresso Internacional Media Ecology and Image Studies &#8211; Desafios para as narrativas imag\u00e9ticas. Aveiro: Ria Editorial, 2018. v.1. p.200 \u2013 211.<\/td><td class=\"column-2\">Leire Bevilaqua; Liliane de Lucena Ito<\/td>\n<\/tr>\n<tr class=\"row-55\">\n\t<td class=\"column-1\">Aspectos econ\u00f4micos e sociais da inova\u00e7\u00e3o no webjornalismo: o caso da s\u00e9rie TAB In: Anais do 1\u00ba Encontro de Empreendedorismo e Inova\u00e7\u00e3o da Unesp. Sarapu\u00ed: OJM Casa Editorial, 2018. v.1. p.68 \u2013 74.<\/td><td class=\"column-2\">Leire Bevilaqua;Liliane de Lucena Ito<\/td>\n<\/tr>\n<\/tbody>\n<\/table>\n<!-- #tablepress-2 from cache --><\/span><br><\/p>\n<div id=\"accel-snackbar\" style=\"left: 50%; transform: translate(-50%, 0px); top: 50px;\">&nbsp;<\/div>\t\t\t\t\t\t<\/div>\n\t\t\t\t<\/div>\n\t\t\t\t\t<\/div>\n\t\t<\/div>\n\t\t\t\t\t<\/div>\n\t\t<\/section>\n\t\t\t\t<\/div>\n\t\t","protected":false},"excerpt":{"rendered":"<p>&nbsp; &nbsp;<\/p>\n","protected":false},"author":22286,"featured_media":0,"parent":0,"menu_order":0,"comment_status":"closed","ping_status":"closed","template":"","meta":{"footnotes":"","_links_to":"","_links_to_target":""},"class_list":["post-261","page","type-page","status-publish","hentry"],"_links":{"self":[{"href":"https:\/\/sites.usp.br\/obted\/wp-json\/wp\/v2\/pages\/261","targetHints":{"allow":["GET"]}}],"collection":[{"href":"https:\/\/sites.usp.br\/obted\/wp-json\/wp\/v2\/pages"}],"about":[{"href":"https:\/\/sites.usp.br\/obted\/wp-json\/wp\/v2\/types\/page"}],"author":[{"embeddable":true,"href":"https:\/\/sites.usp.br\/obted\/wp-json\/wp\/v2\/users\/22286"}],"replies":[{"embeddable":true,"href":"https:\/\/sites.usp.br\/obted\/wp-json\/wp\/v2\/comments?post=261"}],"version-history":[{"count":4,"href":"https:\/\/sites.usp.br\/obted\/wp-json\/wp\/v2\/pages\/261\/revisions"}],"predecessor-version":[{"id":608,"href":"https:\/\/sites.usp.br\/obted\/wp-json\/wp\/v2\/pages\/261\/revisions\/608"}],"wp:attachment":[{"href":"https:\/\/sites.usp.br\/obted\/wp-json\/wp\/v2\/media?parent=261"}],"curies":[{"name":"wp","href":"https:\/\/api.w.org\/{rel}","templated":true}]}}