{"id":266,"date":"2021-08-19T15:30:23","date_gmt":"2021-08-19T17:30:23","guid":{"rendered":"https:\/\/sites.usp.br\/obted\/?page_id=266"},"modified":"2023-08-25T10:42:11","modified_gmt":"2023-08-25T12:42:11","slug":"museu_memoria","status":"publish","type":"page","link":"https:\/\/sites.usp.br\/obted\/museu_memoria\/","title":{"rendered":"Museu da Mem\u00f3ria e Oralidades sobre a TV"},"content":{"rendered":"\t\t<div data-elementor-type=\"wp-page\" data-elementor-id=\"266\" class=\"elementor elementor-266\" data-elementor-post-type=\"page\">\n\t\t\t\t\t\t<section class=\"elementor-section elementor-top-section elementor-element elementor-element-6051a629 elementor-section-boxed elementor-section-height-default elementor-section-height-default\" data-id=\"6051a629\" data-element_type=\"section\">\n\t\t\t\t\t\t<div class=\"elementor-container elementor-column-gap-default\">\n\t\t\t\t\t<div class=\"elementor-column elementor-col-100 elementor-top-column elementor-element elementor-element-740f3cd9\" data-id=\"740f3cd9\" data-element_type=\"column\">\n\t\t\t<div class=\"elementor-widget-wrap elementor-element-populated\">\n\t\t\t\t\t\t<div class=\"elementor-element elementor-element-fda3ab3 elementor-widget elementor-widget-image\" data-id=\"fda3ab3\" data-element_type=\"widget\" data-widget_type=\"image.default\">\n\t\t\t\t<div class=\"elementor-widget-container\">\n\t\t\t\t\t\t\t\t\t\t\t\t\t<img fetchpriority=\"high\" decoding=\"async\" width=\"640\" height=\"426\" src=\"https:\/\/sites.usp.br\/obted\/wp-content\/uploads\/sites\/473\/2021\/08\/Museu-Oral-da-TV-1600x1066-1-1024x682.jpg\" class=\"attachment-large size-large wp-image-452\" alt=\"\" srcset=\"https:\/\/sites.usp.br\/obted\/wp-content\/uploads\/sites\/473\/2021\/08\/Museu-Oral-da-TV-1600x1066-1-1024x682.jpg 1024w, https:\/\/sites.usp.br\/obted\/wp-content\/uploads\/sites\/473\/2021\/08\/Museu-Oral-da-TV-1600x1066-1-300x200.jpg 300w, https:\/\/sites.usp.br\/obted\/wp-content\/uploads\/sites\/473\/2021\/08\/Museu-Oral-da-TV-1600x1066-1-768x512.jpg 768w, https:\/\/sites.usp.br\/obted\/wp-content\/uploads\/sites\/473\/2021\/08\/Museu-Oral-da-TV-1600x1066-1-1536x1023.jpg 1536w, https:\/\/sites.usp.br\/obted\/wp-content\/uploads\/sites\/473\/2021\/08\/Museu-Oral-da-TV-1600x1066-1-750x500.jpg 750w, https:\/\/sites.usp.br\/obted\/wp-content\/uploads\/sites\/473\/2021\/08\/Museu-Oral-da-TV-1600x1066-1-272x182.jpg 272w, https:\/\/sites.usp.br\/obted\/wp-content\/uploads\/sites\/473\/2021\/08\/Museu-Oral-da-TV-1600x1066-1-400x267.jpg 400w, https:\/\/sites.usp.br\/obted\/wp-content\/uploads\/sites\/473\/2021\/08\/Museu-Oral-da-TV-1600x1066-1.jpg 1600w\" sizes=\"(max-width: 640px) 100vw, 640px\" \/>\t\t\t\t\t\t\t\t\t\t\t\t\t<\/div>\n\t\t\t\t<\/div>\n\t\t\t\t<div class=\"elementor-element elementor-element-61d7dcd8 elementor-widget elementor-widget-text-editor\" data-id=\"61d7dcd8\" data-element_type=\"widget\" data-widget_type=\"text-editor.default\">\n\t\t\t\t<div class=\"elementor-widget-container\">\n\t\t\t\t\t\t\t&nbsp;\r\n<div id=\"accel-snackbar\" style=\"left: 50%; transform: translate(-50%, 0px); top: 50px;\"><\/div>\t\t\t\t\t\t<\/div>\n\t\t\t\t<\/div>\n\t\t\t\t\t<\/div>\n\t\t<\/div>\n\t\t\t\t\t<\/div>\n\t\t<\/section>\n\t\t\t\t<section class=\"elementor-section elementor-top-section elementor-element elementor-element-218dd44 elementor-section-boxed elementor-section-height-default elementor-section-height-default\" data-id=\"218dd44\" data-element_type=\"section\">\n\t\t\t\t\t\t<div class=\"elementor-container elementor-column-gap-default\">\n\t\t\t\t\t<div class=\"elementor-column elementor-col-100 elementor-top-column elementor-element elementor-element-fbfcf17\" data-id=\"fbfcf17\" data-element_type=\"column\">\n\t\t\t<div class=\"elementor-widget-wrap elementor-element-populated\">\n\t\t\t\t\t\t<div class=\"elementor-element elementor-element-b4b7be9 elementor-widget elementor-widget-text-editor\" data-id=\"b4b7be9\" data-element_type=\"widget\" data-widget_type=\"text-editor.default\">\n\t\t\t\t<div class=\"elementor-widget-container\">\n\t\t\t\t\t\t\t<p>O Museu da Mem\u00f3ria e Oralidades \u00e9 uma plataforma on-line, criada para apresentar reflex\u00f5es sobre a televis\u00e3o do ponto de vista de telespectadores, ativistas e pesquisadores, atrav\u00e9s de uma\u00a0s\u00e9rie de depoimentos em v\u00eddeo e cr\u00f4nicas que trazem mem\u00f3rias afetivas relacionadas a programas, cr\u00edticas sobre processos e narrativas; e reflex\u00f5es acerca do\u00a0status\u00a0de tem\u00e1ticas\u00a0relativas\u00a0\u00e0s diversidades e representatividades\u00a0na televis\u00e3o.<br \/>Proposto pela pesquisa de p\u00f3s-doutoramento de Deisy Fernanda Feitosa, \u00e9 um projeto vinculado ao N\u00facleo de Estudos das Diversidades, Intoler\u00e2ncias e Conflitos (Diversitas) e ao Programa de P\u00f3s-Gradua\u00e7\u00e3o \u2013 Humanidades, Direitos e Outras Legitimidades da Faculdade de Filosofia, Letras e Ci\u00eancias Humanas (FFLCH-USP); ao LabArteM\u00eddia, grupo de estudos\u00a0vinculado ao Departamento de Cinema, R\u00e1dio e Televis\u00e3o e do Programa de P\u00f3s-Gradua\u00e7\u00e3o em Meios e Processos Audiovisuais, da Escola de Comunica\u00e7\u00f5es e Artes da Universidade de S\u00e3o Paulo (CTR-ECA\/USP); e ao Observat\u00f3rio Brasileiro de Televis\u00e3o Digital e Converg\u00eancia Tecnol\u00f3gica (Obted-CTR-ECA\/USP).<\/p><p><a href=\"http:\/\/www.memorytvmuseum.com\">http:\/\/www.memorytvmuseum.com<\/a><\/p><div id=\"accel-snackbar\" style=\"left: 50%; transform: translate(-50%, 0px); top: 50px;\">\u00a0<\/div>\t\t\t\t\t\t<\/div>\n\t\t\t\t<\/div>\n\t\t\t\t\t<\/div>\n\t\t<\/div>\n\t\t\t\t\t<\/div>\n\t\t<\/section>\n\t\t\t\t<\/div>\n\t\t","protected":false},"excerpt":{"rendered":"<p>&nbsp;<\/p>\n","protected":false},"author":22286,"featured_media":452,"parent":0,"menu_order":0,"comment_status":"closed","ping_status":"closed","template":"template-fullwidth-no-title.php","meta":{"footnotes":"","_links_to":"","_links_to_target":""},"class_list":["post-266","page","type-page","status-publish","has-post-thumbnail","hentry"],"_links":{"self":[{"href":"https:\/\/sites.usp.br\/obted\/wp-json\/wp\/v2\/pages\/266","targetHints":{"allow":["GET"]}}],"collection":[{"href":"https:\/\/sites.usp.br\/obted\/wp-json\/wp\/v2\/pages"}],"about":[{"href":"https:\/\/sites.usp.br\/obted\/wp-json\/wp\/v2\/types\/page"}],"author":[{"embeddable":true,"href":"https:\/\/sites.usp.br\/obted\/wp-json\/wp\/v2\/users\/22286"}],"replies":[{"embeddable":true,"href":"https:\/\/sites.usp.br\/obted\/wp-json\/wp\/v2\/comments?post=266"}],"version-history":[{"count":4,"href":"https:\/\/sites.usp.br\/obted\/wp-json\/wp\/v2\/pages\/266\/revisions"}],"predecessor-version":[{"id":457,"href":"https:\/\/sites.usp.br\/obted\/wp-json\/wp\/v2\/pages\/266\/revisions\/457"}],"wp:featuredmedia":[{"embeddable":true,"href":"https:\/\/sites.usp.br\/obted\/wp-json\/wp\/v2\/media\/452"}],"wp:attachment":[{"href":"https:\/\/sites.usp.br\/obted\/wp-json\/wp\/v2\/media?parent=266"}],"curies":[{"name":"wp","href":"https:\/\/api.w.org\/{rel}","templated":true}]}}