{"id":313,"date":"2022-03-08T11:40:07","date_gmt":"2022-03-08T13:40:07","guid":{"rendered":"https:\/\/sites.usp.br\/obted\/?page_id=313"},"modified":"2022-04-08T12:46:34","modified_gmt":"2022-04-08T14:46:34","slug":"almir-almas","status":"publish","type":"page","link":"https:\/\/sites.usp.br\/obted\/equipe\/almir-almas\/","title":{"rendered":"Almir Almas"},"content":{"rendered":"\t\t<div data-elementor-type=\"wp-page\" data-elementor-id=\"313\" class=\"elementor elementor-313\" data-elementor-post-type=\"page\">\n\t\t\t\t\t\t<section class=\"elementor-section elementor-top-section elementor-element elementor-element-71d31cb5 elementor-section-boxed elementor-section-height-default elementor-section-height-default\" data-id=\"71d31cb5\" data-element_type=\"section\">\n\t\t\t\t\t\t<div class=\"elementor-container elementor-column-gap-default\">\n\t\t\t\t\t<div class=\"elementor-column elementor-col-100 elementor-top-column elementor-element elementor-element-2caff77\" data-id=\"2caff77\" data-element_type=\"column\">\n\t\t\t<div class=\"elementor-widget-wrap elementor-element-populated\">\n\t\t\t\t\t\t<div class=\"elementor-element elementor-element-34f0005e elementor-widget elementor-widget-text-editor\" data-id=\"34f0005e\" data-element_type=\"widget\" data-widget_type=\"text-editor.default\">\n\t\t\t\t<div class=\"elementor-widget-container\">\n\t\t\t\t\t\t\t&nbsp;\r\n<div id=\"accel-snackbar\" style=\"left: 50%; transform: translate(-50%, 0px); top: 50px;\"><\/div>\t\t\t\t\t\t<\/div>\n\t\t\t\t<\/div>\n\t\t\t\t\t<\/div>\n\t\t<\/div>\n\t\t\t\t\t<\/div>\n\t\t<\/section>\n\t\t\t\t<section class=\"elementor-section elementor-top-section elementor-element elementor-element-fe353d2 elementor-section-boxed elementor-section-height-default elementor-section-height-default\" data-id=\"fe353d2\" data-element_type=\"section\">\n\t\t\t\t\t\t<div class=\"elementor-container elementor-column-gap-default\">\n\t\t\t\t\t<div class=\"elementor-column elementor-col-100 elementor-top-column elementor-element elementor-element-1186e86\" data-id=\"1186e86\" data-element_type=\"column\">\n\t\t\t<div class=\"elementor-widget-wrap elementor-element-populated\">\n\t\t\t\t\t\t<div class=\"elementor-element elementor-element-67f5e6f elementor-widget elementor-widget-heading\" data-id=\"67f5e6f\" data-element_type=\"widget\" data-widget_type=\"heading.default\">\n\t\t\t\t<div class=\"elementor-widget-container\">\n\t\t\t<h2 class=\"elementor-heading-title elementor-size-default\">Almir Almas<\/h2>\t\t<\/div>\n\t\t\t\t<\/div>\n\t\t\t\t\t<\/div>\n\t\t<\/div>\n\t\t\t\t\t<\/div>\n\t\t<\/section>\n\t\t\t\t<section class=\"elementor-section elementor-top-section elementor-element elementor-element-9afda6e elementor-section-boxed elementor-section-height-default elementor-section-height-default\" data-id=\"9afda6e\" data-element_type=\"section\">\n\t\t\t\t\t\t<div class=\"elementor-container elementor-column-gap-default\">\n\t\t\t\t\t<div class=\"elementor-column elementor-col-100 elementor-top-column elementor-element elementor-element-b66060d\" data-id=\"b66060d\" data-element_type=\"column\">\n\t\t\t<div class=\"elementor-widget-wrap elementor-element-populated\">\n\t\t\t\t\t\t<div class=\"elementor-element elementor-element-8ee8320 elementor-widget elementor-widget-text-editor\" data-id=\"8ee8320\" data-element_type=\"widget\" data-widget_type=\"text-editor.default\">\n\t\t\t\t<div class=\"elementor-widget-container\">\n\t\t\t\t\t\t\t<p><a id=\"u886\" class=\"nonblock nontext clip_frame grpelem\" href=\"http:\/\/lattes.cnpq.br\/9279970444599822\"><img decoding=\"async\" id=\"u886_img\" class=\"block\" src=\"https:\/\/sites.usp.br\/labartemidia\/wp-content\/uploads\/sites\/472\/2019\/06\/lattes.png\" alt=\"\" data-heightwidthratio=\"1\" data-image-width=\"41\" data-image-height=\"41\" \/><\/a><\/p><p>Professor Associado e Chefe do Departamento de Cinema, R\u00e1dio e Televis\u00e3o e Pesquisador do Programa de P\u00f3s-Gradua\u00e7\u00e3o em Meios e Processos Audiovisuais da Escola de Comunica\u00e7\u00f5es e Artes da Universidade de S\u00e3o Paulo. Coordenador Geral do Grupo de Pesquisa LabArteM\u00eddia \u2013 Laborat\u00f3rio de Arte, M\u00eddias e Tecnologias Digitais e do Obted \u2013 Observat\u00f3rio Brasileiro de Televis\u00e3o Digital e Converg\u00eancia Tecnol\u00f3gica. Doutor e Mestre em Comunica\u00e7\u00e3o e Semi\u00f3tica pela Pontif\u00edcia Universidade Cat\u00f3lica de S\u00e3o Paulo. Cineasta\/ Videoartista\/VJ; Artista do Coletivo de Arte Cobaia. Vice-Diretor de Cinema da Sociedade Brasileira de Engenharia de Televis\u00e3o (SET). Autor de &#8220;Televis\u00e3o digital terrestre: sistemas, padr\u00f5es e modelos&#8221;.<\/p><p>alalmas@usp.br<\/p><div id=\"accel-snackbar\" style=\"left: 50%; transform: translate(-50%, 0px); top: 50px;\">\u00a0<\/div>\t\t\t\t\t\t<\/div>\n\t\t\t\t<\/div>\n\t\t\t\t\t<\/div>\n\t\t<\/div>\n\t\t\t\t\t<\/div>\n\t\t<\/section>\n\t\t\t\t<\/div>\n\t\t","protected":false},"excerpt":{"rendered":"<p>&nbsp; Almir Almas Professor Associado e Chefe do Departamento de Cinema, R\u00e1dio e Televis\u00e3o e Pesquisador do Programa de P\u00f3s-Gradua\u00e7\u00e3o em Meios e Processos Audiovisuais da Escola de Comunica\u00e7\u00f5es e Artes da Universidade de S\u00e3o Paulo. Coordenador Geral do Grupo de Pesquisa LabArteM\u00eddia \u2013 Laborat\u00f3rio de Arte, M\u00eddias e Tecnologias Digitais e do Obted \u2013<a href=\"https:\/\/sites.usp.br\/obted\/equipe\/almir-almas\/\">[&#8230;]<\/a><\/p>\n","protected":false},"author":22286,"featured_media":295,"parent":275,"menu_order":0,"comment_status":"closed","ping_status":"closed","template":"template-fullwidth-no-title.php","meta":{"footnotes":"","_links_to":"","_links_to_target":""},"class_list":["post-313","page","type-page","status-publish","has-post-thumbnail","hentry"],"_links":{"self":[{"href":"https:\/\/sites.usp.br\/obted\/wp-json\/wp\/v2\/pages\/313","targetHints":{"allow":["GET"]}}],"collection":[{"href":"https:\/\/sites.usp.br\/obted\/wp-json\/wp\/v2\/pages"}],"about":[{"href":"https:\/\/sites.usp.br\/obted\/wp-json\/wp\/v2\/types\/page"}],"author":[{"embeddable":true,"href":"https:\/\/sites.usp.br\/obted\/wp-json\/wp\/v2\/users\/22286"}],"replies":[{"embeddable":true,"href":"https:\/\/sites.usp.br\/obted\/wp-json\/wp\/v2\/comments?post=313"}],"version-history":[{"count":4,"href":"https:\/\/sites.usp.br\/obted\/wp-json\/wp\/v2\/pages\/313\/revisions"}],"predecessor-version":[{"id":369,"href":"https:\/\/sites.usp.br\/obted\/wp-json\/wp\/v2\/pages\/313\/revisions\/369"}],"up":[{"embeddable":true,"href":"https:\/\/sites.usp.br\/obted\/wp-json\/wp\/v2\/pages\/275"}],"wp:featuredmedia":[{"embeddable":true,"href":"https:\/\/sites.usp.br\/obted\/wp-json\/wp\/v2\/media\/295"}],"wp:attachment":[{"href":"https:\/\/sites.usp.br\/obted\/wp-json\/wp\/v2\/media?parent=313"}],"curies":[{"name":"wp","href":"https:\/\/api.w.org\/{rel}","templated":true}]}}