{"id":315,"date":"2022-02-08T11:42:28","date_gmt":"2022-02-08T13:42:28","guid":{"rendered":"https:\/\/sites.usp.br\/obted\/?page_id=315"},"modified":"2022-04-08T12:46:10","modified_gmt":"2022-04-08T14:46:10","slug":"deisy-fernanda-feitosa","status":"publish","type":"page","link":"https:\/\/sites.usp.br\/obted\/equipe\/deisy-fernanda-feitosa\/","title":{"rendered":"Deisy Fernanda Feitosa"},"content":{"rendered":"\t\t<div data-elementor-type=\"wp-page\" data-elementor-id=\"315\" class=\"elementor elementor-315\" data-elementor-post-type=\"page\">\n\t\t\t\t\t\t<section class=\"elementor-section elementor-top-section elementor-element elementor-element-132b838e elementor-section-boxed elementor-section-height-default elementor-section-height-default\" data-id=\"132b838e\" data-element_type=\"section\">\n\t\t\t\t\t\t<div class=\"elementor-container elementor-column-gap-default\">\n\t\t\t\t\t<div class=\"elementor-column elementor-col-100 elementor-top-column elementor-element elementor-element-3db7eac2\" data-id=\"3db7eac2\" data-element_type=\"column\">\n\t\t\t<div class=\"elementor-widget-wrap elementor-element-populated\">\n\t\t\t\t\t\t<div class=\"elementor-element elementor-element-5525663a elementor-widget elementor-widget-text-editor\" data-id=\"5525663a\" data-element_type=\"widget\" data-widget_type=\"text-editor.default\">\n\t\t\t\t<div class=\"elementor-widget-container\">\n\t\t\t\t\t\t\t&nbsp;\r\n<div id=\"accel-snackbar\" style=\"left: 50%; transform: translate(-50%, 0px); top: 50px;\"><\/div>\t\t\t\t\t\t<\/div>\n\t\t\t\t<\/div>\n\t\t\t\t\t<\/div>\n\t\t<\/div>\n\t\t\t\t\t<\/div>\n\t\t<\/section>\n\t\t\t\t<section class=\"elementor-section elementor-top-section elementor-element elementor-element-ed246e7 elementor-section-boxed elementor-section-height-default elementor-section-height-default\" data-id=\"ed246e7\" data-element_type=\"section\">\n\t\t\t\t\t\t<div class=\"elementor-container elementor-column-gap-default\">\n\t\t\t\t\t<div class=\"elementor-column elementor-col-100 elementor-top-column elementor-element elementor-element-add949b\" data-id=\"add949b\" data-element_type=\"column\">\n\t\t\t<div class=\"elementor-widget-wrap elementor-element-populated\">\n\t\t\t\t\t\t<div class=\"elementor-element elementor-element-0381638 elementor-widget elementor-widget-heading\" data-id=\"0381638\" data-element_type=\"widget\" data-widget_type=\"heading.default\">\n\t\t\t\t<div class=\"elementor-widget-container\">\n\t\t\t<h2 class=\"elementor-heading-title elementor-size-default\">Deisy Fernanda Feitosa<\/h2>\t\t<\/div>\n\t\t\t\t<\/div>\n\t\t\t\t\t<\/div>\n\t\t<\/div>\n\t\t\t\t\t<\/div>\n\t\t<\/section>\n\t\t\t\t<section class=\"elementor-section elementor-top-section elementor-element elementor-element-2dd1767 elementor-section-boxed elementor-section-height-default elementor-section-height-default\" data-id=\"2dd1767\" data-element_type=\"section\">\n\t\t\t\t\t\t<div class=\"elementor-container elementor-column-gap-default\">\n\t\t\t\t\t<div class=\"elementor-column elementor-col-100 elementor-top-column elementor-element elementor-element-63a6488\" data-id=\"63a6488\" data-element_type=\"column\">\n\t\t\t<div class=\"elementor-widget-wrap elementor-element-populated\">\n\t\t\t\t\t\t<div class=\"elementor-element elementor-element-859b79f elementor-widget elementor-widget-text-editor\" data-id=\"859b79f\" data-element_type=\"widget\" data-widget_type=\"text-editor.default\">\n\t\t\t\t<div class=\"elementor-widget-container\">\n\t\t\t\t\t\t\t<p><a id=\"u886\" class=\"nonblock nontext clip_frame grpelem\" href=\"http:\/\/lattes.cnpq.br\/6662953217298028\" style=\"font-size: 1.6rem;\"><img decoding=\"async\" id=\"u886_img\" class=\"block alignnone\" src=\"https:\/\/sites.usp.br\/labartemidia\/wp-content\/uploads\/sites\/472\/2019\/06\/lattes.png\" alt=\"\" width=\"41\" height=\"41\" data-heightwidthratio=\"1\" data-image-width=\"41\" data-image-height=\"41\"><\/a><br><\/p>\n<p>Jornalista (UFPB), radialista (UFPB), mestre em Televis\u00e3o Digital (Unesp), doutora em Ci\u00eancias da Comunica\u00e7\u00e3o (ECA-USP), p\u00f3s-doutora em Humanidades, Direitos e Outras Legitimidades (Diversitas-FFLCH\/USP) e p\u00f3s-doutoranda em Meios e Processos Audiovisuais (PPGMPA-CTR-ECA\/USP). Coordenadora e professora do curso de Jornalismo da FAPCOM e da p\u00f3s-gradua\u00e7\u00e3o em Meios e Processos Audiovisuais do CTR-ECA\/USP. \u00c9 pesquisadora do LabArteM\u00eddia e cofundadora\/cocoordenadora do Observat\u00f3rio Brasileiro de Televis\u00e3o Digital e Converg\u00eancia Tecnol\u00f3gica (Obted), ambos vinculados ao CTR-ECA\/USP. No campo social, \u00e9 fundadora da empresa Inclusiva Solutions, integrante do coletivo Cidade Adentro e cofundadora do Laborat\u00f3rio Urbano Vivo (LUV). \u00c9 jornalista colaboradora da Revista da SET (Sociedade de Engenharia de Televis\u00e3o).<\/p>\n<p>TV digital; Converg\u00eancia Tecnol\u00f3gica; Televis\u00e3o; Inclus\u00e3o Sociodigital; Diversidades e Representa\u00e7\u00e3o<\/p>\n<p>deisyfernanda@gmail.com<\/p>\n<div id=\"accel-snackbar\" style=\"left: 50%; transform: translate(-50%, 0px); top: 50px;\">&nbsp;<\/div>\t\t\t\t\t\t<\/div>\n\t\t\t\t<\/div>\n\t\t\t\t\t<\/div>\n\t\t<\/div>\n\t\t\t\t\t<\/div>\n\t\t<\/section>\n\t\t\t\t<\/div>\n\t\t","protected":false},"excerpt":{"rendered":"<p>&nbsp; Deisy Fernanda Feitosa Jornalista (UFPB), radialista (UFPB), mestre em Televis\u00e3o Digital (Unesp), doutora em Ci\u00eancias da Comunica\u00e7\u00e3o (ECA-USP), p\u00f3s-doutora em Humanidades, Direitos e Outras Legitimidades (Diversitas-FFLCH\/USP) e p\u00f3s-doutoranda em Meios e Processos Audiovisuais (PPGMPA-CTR-ECA\/USP). Coordenadora e professora do curso de Jornalismo da FAPCOM e da p\u00f3s-gradua\u00e7\u00e3o em Meios e Processos Audiovisuais do CTR-ECA\/USP. \u00c9<a href=\"https:\/\/sites.usp.br\/obted\/equipe\/deisy-fernanda-feitosa\/\">[&#8230;]<\/a><\/p>\n","protected":false},"author":22777,"featured_media":299,"parent":275,"menu_order":0,"comment_status":"closed","ping_status":"closed","template":"template-fullwidth-no-title.php","meta":{"footnotes":"","_links_to":"","_links_to_target":""},"class_list":["post-315","page","type-page","status-publish","has-post-thumbnail","hentry"],"_links":{"self":[{"href":"https:\/\/sites.usp.br\/obted\/wp-json\/wp\/v2\/pages\/315","targetHints":{"allow":["GET"]}}],"collection":[{"href":"https:\/\/sites.usp.br\/obted\/wp-json\/wp\/v2\/pages"}],"about":[{"href":"https:\/\/sites.usp.br\/obted\/wp-json\/wp\/v2\/types\/page"}],"author":[{"embeddable":true,"href":"https:\/\/sites.usp.br\/obted\/wp-json\/wp\/v2\/users\/22777"}],"replies":[{"embeddable":true,"href":"https:\/\/sites.usp.br\/obted\/wp-json\/wp\/v2\/comments?post=315"}],"version-history":[{"count":4,"href":"https:\/\/sites.usp.br\/obted\/wp-json\/wp\/v2\/pages\/315\/revisions"}],"predecessor-version":[{"id":423,"href":"https:\/\/sites.usp.br\/obted\/wp-json\/wp\/v2\/pages\/315\/revisions\/423"}],"up":[{"embeddable":true,"href":"https:\/\/sites.usp.br\/obted\/wp-json\/wp\/v2\/pages\/275"}],"wp:featuredmedia":[{"embeddable":true,"href":"https:\/\/sites.usp.br\/obted\/wp-json\/wp\/v2\/media\/299"}],"wp:attachment":[{"href":"https:\/\/sites.usp.br\/obted\/wp-json\/wp\/v2\/media?parent=315"}],"curies":[{"name":"wp","href":"https:\/\/api.w.org\/{rel}","templated":true}]}}