{"id":321,"date":"2021-08-19T20:33:46","date_gmt":"2021-08-19T22:33:46","guid":{"rendered":"https:\/\/sites.usp.br\/obted\/?page_id=321"},"modified":"2022-02-17T06:13:27","modified_gmt":"2022-02-17T08:13:27","slug":"fernando-carlos-moura","status":"publish","type":"page","link":"https:\/\/sites.usp.br\/obted\/equipe\/fernando-carlos-moura\/","title":{"rendered":"Fernando Carlos Moura"},"content":{"rendered":"\t\t<div data-elementor-type=\"wp-page\" data-elementor-id=\"321\" class=\"elementor elementor-321\" data-elementor-post-type=\"page\">\n\t\t\t\t\t\t<section class=\"elementor-section elementor-top-section elementor-element elementor-element-61354a89 elementor-section-boxed elementor-section-height-default elementor-section-height-default\" data-id=\"61354a89\" data-element_type=\"section\">\n\t\t\t\t\t\t<div class=\"elementor-container elementor-column-gap-default\">\n\t\t\t\t\t<div class=\"elementor-column elementor-col-100 elementor-top-column elementor-element elementor-element-767db83b\" data-id=\"767db83b\" data-element_type=\"column\">\n\t\t\t<div class=\"elementor-widget-wrap elementor-element-populated\">\n\t\t\t\t\t\t<div class=\"elementor-element elementor-element-118c853b elementor-widget elementor-widget-text-editor\" data-id=\"118c853b\" data-element_type=\"widget\" data-widget_type=\"text-editor.default\">\n\t\t\t\t<div class=\"elementor-widget-container\">\n\t\t\t\t\t\t\t&nbsp;\n<div id=\"accel-snackbar\" style=\"left: 50%; transform: translate(-50%, 0px); top: 50px;\"><\/div>\t\t\t\t\t\t<\/div>\n\t\t\t\t<\/div>\n\t\t\t\t\t<\/div>\n\t\t<\/div>\n\t\t\t\t\t<\/div>\n\t\t<\/section>\n\t\t\t\t<section class=\"elementor-section elementor-top-section elementor-element elementor-element-ee8ba9e elementor-section-boxed elementor-section-height-default elementor-section-height-default\" data-id=\"ee8ba9e\" data-element_type=\"section\">\n\t\t\t\t\t\t<div class=\"elementor-container elementor-column-gap-default\">\n\t\t\t\t\t<div class=\"elementor-column elementor-col-100 elementor-top-column elementor-element elementor-element-5377f6b\" data-id=\"5377f6b\" data-element_type=\"column\">\n\t\t\t<div class=\"elementor-widget-wrap elementor-element-populated\">\n\t\t\t\t\t\t<div class=\"elementor-element elementor-element-6d85464 elementor-widget elementor-widget-heading\" data-id=\"6d85464\" data-element_type=\"widget\" data-widget_type=\"heading.default\">\n\t\t\t\t<div class=\"elementor-widget-container\">\n\t\t\t<h2 class=\"elementor-heading-title elementor-size-default\">Fernando Carlos Moura<\/h2>\t\t<\/div>\n\t\t\t\t<\/div>\n\t\t\t\t\t<\/div>\n\t\t<\/div>\n\t\t\t\t\t<\/div>\n\t\t<\/section>\n\t\t\t\t<section class=\"elementor-section elementor-top-section elementor-element elementor-element-8434e90 elementor-section-boxed elementor-section-height-default elementor-section-height-default\" data-id=\"8434e90\" data-element_type=\"section\">\n\t\t\t\t\t\t<div class=\"elementor-container elementor-column-gap-default\">\n\t\t\t\t\t<div class=\"elementor-column elementor-col-100 elementor-top-column elementor-element elementor-element-f412ef7\" data-id=\"f412ef7\" data-element_type=\"column\">\n\t\t\t<div class=\"elementor-widget-wrap elementor-element-populated\">\n\t\t\t\t\t\t<div class=\"elementor-element elementor-element-f7ad259 elementor-widget elementor-widget-text-editor\" data-id=\"f7ad259\" data-element_type=\"widget\" data-widget_type=\"text-editor.default\">\n\t\t\t\t<div class=\"elementor-widget-container\">\n\t\t\t\t\t\t\t<p><a id=\"u886\" class=\"nonblock nontext clip_frame grpelem\" href=\"http:\/\/buscatextual.cnpq.br\/buscatextual\/visualizacv.do?id=K4479682J8\"><img decoding=\"async\" id=\"u886_img\" class=\"block alignnone\" src=\"https:\/\/sites.usp.br\/labartemidia\/wp-content\/uploads\/sites\/472\/2019\/06\/lattes.png\" alt=\"\" width=\"41\" height=\"41\" data-heightwidthratio=\"1\" data-image-width=\"41\" data-image-height=\"41\"><\/a><\/p>\n<p>Doutor em Ci\u00eancias da Linguagem e Comunica\u00e7\u00e3o com especialidade em Comunica\u00e7\u00e3o e Cultura pela Universidade Nova de Lisboa, Portugal (2010). Doutorado reconhecido pela Universidade de S\u00e3o Paulo (USP) como doutor em Ci\u00eancias da Comunica\u00e7\u00e3o na \u00e1rea de Estudo dos Meios e da Produ\u00e7\u00e3o Medi\u00e1tica (2012). Experi\u00eancia na \u00e1rea de Comunica\u00e7\u00e3o, com \u00eanfase em Ethnic Minority Media, r\u00e1dio, televis\u00e3o e novas plataformas de distribui\u00e7\u00e3o de conte\u00fado. Especialista em implanta\u00e7\u00e3o de TV Digital no Brasil e Am\u00e9rica Latina nessa \u00e1rea e nas novas tecnologias de TV como 4K e 8K, transmiss\u00f5es televisivas, grandes eventos esportivos, novos modelos de neg\u00f3cio e plataformas de distribui\u00e7\u00e3o de conte\u00fado de forma convergente. Editor-Chefe da Revista da SET (Sociedade Brasileira de Engenharia de Televis\u00e3o). Professor da Universidad Nacional de Tres de Febrero (UNTREF) na Argentina e foi professor da Anhembi Morumbi de 2014 a 2018 e do Centro de Linguagem e Comunica\u00e7\u00e3o (CLC) da PUC Campinas de 2017 at\u00e9 2020. Posdoutorando no Programa de Estudios Posdoctorales PEP-UNTREF, desenvolvendo o projeto: \u201cMigraci\u00f3n de la televisi\u00f3n abierta para plataformas hibridas adapt\u00e1ndose a los cambios en los h\u00e1bitos de consumo audiovisual&#8221;<\/p>\n<p>Streaming, OTT, modelos de neg\u00f3cio, distribui\u00e7\u00e3o de conte\u00fado, multiplataforma, TV, 4K, 8K, TV Everywhere<\/p>\n<p>fernandocarlosmoura@gmail.com<\/p>\n<div id=\"accel-snackbar\" style=\"left: 50%; transform: translate(-50%, 0px); top: 50px;\">&nbsp;<\/div>\t\t\t\t\t\t<\/div>\n\t\t\t\t<\/div>\n\t\t\t\t\t<\/div>\n\t\t<\/div>\n\t\t\t\t\t<\/div>\n\t\t<\/section>\n\t\t\t\t<\/div>\n\t\t","protected":false},"excerpt":{"rendered":"<p>&nbsp; Fernando Carlos Moura Doutor em Ci\u00eancias da Linguagem e Comunica\u00e7\u00e3o com especialidade em Comunica\u00e7\u00e3o e Cultura pela Universidade Nova de Lisboa, Portugal (2010). Doutorado reconhecido pela Universidade de S\u00e3o Paulo (USP) como doutor em Ci\u00eancias da Comunica\u00e7\u00e3o na \u00e1rea de Estudo dos Meios e da Produ\u00e7\u00e3o Medi\u00e1tica (2012). Experi\u00eancia na \u00e1rea de Comunica\u00e7\u00e3o, com<a href=\"https:\/\/sites.usp.br\/obted\/equipe\/fernando-carlos-moura\/\">[&#8230;]<\/a><\/p>\n","protected":false},"author":22286,"featured_media":297,"parent":275,"menu_order":0,"comment_status":"closed","ping_status":"closed","template":"","meta":{"footnotes":"","_links_to":"","_links_to_target":""},"class_list":["post-321","page","type-page","status-publish","has-post-thumbnail","hentry"],"_links":{"self":[{"href":"https:\/\/sites.usp.br\/obted\/wp-json\/wp\/v2\/pages\/321","targetHints":{"allow":["GET"]}}],"collection":[{"href":"https:\/\/sites.usp.br\/obted\/wp-json\/wp\/v2\/pages"}],"about":[{"href":"https:\/\/sites.usp.br\/obted\/wp-json\/wp\/v2\/types\/page"}],"author":[{"embeddable":true,"href":"https:\/\/sites.usp.br\/obted\/wp-json\/wp\/v2\/users\/22286"}],"replies":[{"embeddable":true,"href":"https:\/\/sites.usp.br\/obted\/wp-json\/wp\/v2\/comments?post=321"}],"version-history":[{"count":4,"href":"https:\/\/sites.usp.br\/obted\/wp-json\/wp\/v2\/pages\/321\/revisions"}],"predecessor-version":[{"id":591,"href":"https:\/\/sites.usp.br\/obted\/wp-json\/wp\/v2\/pages\/321\/revisions\/591"}],"up":[{"embeddable":true,"href":"https:\/\/sites.usp.br\/obted\/wp-json\/wp\/v2\/pages\/275"}],"wp:featuredmedia":[{"embeddable":true,"href":"https:\/\/sites.usp.br\/obted\/wp-json\/wp\/v2\/media\/297"}],"wp:attachment":[{"href":"https:\/\/sites.usp.br\/obted\/wp-json\/wp\/v2\/media?parent=321"}],"curies":[{"name":"wp","href":"https:\/\/api.w.org\/{rel}","templated":true}]}}