{"id":327,"date":"2021-08-19T20:37:34","date_gmt":"2021-08-19T22:37:34","guid":{"rendered":"https:\/\/sites.usp.br\/obted\/?page_id=327"},"modified":"2021-08-19T21:04:53","modified_gmt":"2021-08-19T23:04:53","slug":"leire-mara-bevilaqua","status":"publish","type":"page","link":"https:\/\/sites.usp.br\/obted\/equipe\/leire-mara-bevilaqua\/","title":{"rendered":"Leire Mara Bevilaqua"},"content":{"rendered":"\t\t<div data-elementor-type=\"wp-page\" data-elementor-id=\"327\" class=\"elementor elementor-327\" data-elementor-post-type=\"page\">\n\t\t\t\t\t\t<section class=\"elementor-section elementor-top-section elementor-element elementor-element-54b22780 elementor-section-boxed elementor-section-height-default elementor-section-height-default\" data-id=\"54b22780\" data-element_type=\"section\">\n\t\t\t\t\t\t<div class=\"elementor-container elementor-column-gap-default\">\n\t\t\t\t\t<div class=\"elementor-column elementor-col-100 elementor-top-column elementor-element elementor-element-5f0261db\" data-id=\"5f0261db\" data-element_type=\"column\">\n\t\t\t<div class=\"elementor-widget-wrap elementor-element-populated\">\n\t\t\t\t\t\t<div class=\"elementor-element elementor-element-451f8e2b elementor-widget elementor-widget-text-editor\" data-id=\"451f8e2b\" data-element_type=\"widget\" data-widget_type=\"text-editor.default\">\n\t\t\t\t<div class=\"elementor-widget-container\">\n\t\t\t\t\t\t\t&nbsp;\r\n<div id=\"accel-snackbar\" style=\"left: 50%; transform: translate(-50%, 0px); top: 50px;\"><\/div>\t\t\t\t\t\t<\/div>\n\t\t\t\t<\/div>\n\t\t\t\t\t<\/div>\n\t\t<\/div>\n\t\t\t\t\t<\/div>\n\t\t<\/section>\n\t\t\t\t<section class=\"elementor-section elementor-top-section elementor-element elementor-element-7db30ee elementor-section-boxed elementor-section-height-default elementor-section-height-default\" data-id=\"7db30ee\" data-element_type=\"section\">\n\t\t\t\t\t\t<div class=\"elementor-container elementor-column-gap-default\">\n\t\t\t\t\t<div class=\"elementor-column elementor-col-100 elementor-top-column elementor-element elementor-element-f656276\" data-id=\"f656276\" data-element_type=\"column\">\n\t\t\t<div class=\"elementor-widget-wrap elementor-element-populated\">\n\t\t\t\t\t\t<div class=\"elementor-element elementor-element-99cdd76 elementor-widget elementor-widget-heading\" data-id=\"99cdd76\" data-element_type=\"widget\" data-widget_type=\"heading.default\">\n\t\t\t\t<div class=\"elementor-widget-container\">\n\t\t\t<h2 class=\"elementor-heading-title elementor-size-default\">Leire Mara Bevilaqua<\/h2>\t\t<\/div>\n\t\t\t\t<\/div>\n\t\t\t\t\t<\/div>\n\t\t<\/div>\n\t\t\t\t\t<\/div>\n\t\t<\/section>\n\t\t\t\t<section class=\"elementor-section elementor-top-section elementor-element elementor-element-4327c2f elementor-section-boxed elementor-section-height-default elementor-section-height-default\" data-id=\"4327c2f\" data-element_type=\"section\">\n\t\t\t\t\t\t<div class=\"elementor-container elementor-column-gap-default\">\n\t\t\t\t\t<div class=\"elementor-column elementor-col-100 elementor-top-column elementor-element elementor-element-d8ef1ed\" data-id=\"d8ef1ed\" data-element_type=\"column\">\n\t\t\t<div class=\"elementor-widget-wrap elementor-element-populated\">\n\t\t\t\t\t\t<div class=\"elementor-element elementor-element-2597771 elementor-widget elementor-widget-text-editor\" data-id=\"2597771\" data-element_type=\"widget\" data-widget_type=\"text-editor.default\">\n\t\t\t\t<div class=\"elementor-widget-container\">\n\t\t\t\t\t\t\t<p><a id=\"u886\" class=\"nonblock nontext clip_frame grpelem\" href=\"http:\/\/lattes.cnpq.br\/9090351067671648\"><img decoding=\"async\" id=\"u886_img\" class=\"block alignnone\" src=\"https:\/\/sites.usp.br\/labartemidia\/wp-content\/uploads\/sites\/472\/2019\/06\/lattes.png\" alt=\"\" width=\"41\" height=\"41\" data-heightwidthratio=\"1\" data-image-width=\"41\" data-image-height=\"41\" \/><\/a><\/p><p>Doutora pelo Programa de P\u00f3s-Gradua\u00e7\u00e3o em Comunica\u00e7\u00e3o da Faculdade de Arquitetura, Artes e Comunica\u00e7\u00e3o da Unesp. Pesquisa as mudan\u00e7as recentes no modo de endere\u00e7amento dos telejornais brasileiros em raz\u00e3o da populariza\u00e7\u00e3o dos sites de redes sociais. \u00c9 mestre em Televis\u00e3o Digital (2012) e bacharel em Comunica\u00e7\u00e3o Social &#8211; Jornalismo (2006) pela mesma institui\u00e7\u00e3o. Atua como jornalista na TV Unesp, emissora p\u00fablica, vinculada \u00e0 universidade, transmitida em sinal aberto na cidade de Bauru-SP.<\/p><p>televis\u00e3o digital, telejornalismo, modo de endere\u00e7amento, sites de redes sociais, produ\u00e7\u00e3o de conte\u00fado.<\/p><p>leiremara@yahoo.com.br leirebevilaqua@gmail.com<\/p><div id=\"accel-snackbar\" style=\"left: 50%; transform: translate(-50%, 0px); top: 50px;\">\u00a0<\/div>\t\t\t\t\t\t<\/div>\n\t\t\t\t<\/div>\n\t\t\t\t\t<\/div>\n\t\t<\/div>\n\t\t\t\t\t<\/div>\n\t\t<\/section>\n\t\t\t\t<\/div>\n\t\t","protected":false},"excerpt":{"rendered":"<p>&nbsp; Leire Mara Bevilaqua Doutora pelo Programa de P\u00f3s-Gradua\u00e7\u00e3o em Comunica\u00e7\u00e3o da Faculdade de Arquitetura, Artes e Comunica\u00e7\u00e3o da Unesp. Pesquisa as mudan\u00e7as recentes no modo de endere\u00e7amento dos telejornais brasileiros em raz\u00e3o da populariza\u00e7\u00e3o dos sites de redes sociais. \u00c9 mestre em Televis\u00e3o Digital (2012) e bacharel em Comunica\u00e7\u00e3o Social &#8211; Jornalismo (2006) pela<a href=\"https:\/\/sites.usp.br\/obted\/equipe\/leire-mara-bevilaqua\/\">[&#8230;]<\/a><\/p>\n","protected":false},"author":22286,"featured_media":301,"parent":275,"menu_order":0,"comment_status":"closed","ping_status":"closed","template":"template-fullwidth-no-title.php","meta":{"footnotes":"","_links_to":"","_links_to_target":""},"class_list":["post-327","page","type-page","status-publish","has-post-thumbnail","hentry"],"_links":{"self":[{"href":"https:\/\/sites.usp.br\/obted\/wp-json\/wp\/v2\/pages\/327","targetHints":{"allow":["GET"]}}],"collection":[{"href":"https:\/\/sites.usp.br\/obted\/wp-json\/wp\/v2\/pages"}],"about":[{"href":"https:\/\/sites.usp.br\/obted\/wp-json\/wp\/v2\/types\/page"}],"author":[{"embeddable":true,"href":"https:\/\/sites.usp.br\/obted\/wp-json\/wp\/v2\/users\/22286"}],"replies":[{"embeddable":true,"href":"https:\/\/sites.usp.br\/obted\/wp-json\/wp\/v2\/comments?post=327"}],"version-history":[{"count":4,"href":"https:\/\/sites.usp.br\/obted\/wp-json\/wp\/v2\/pages\/327\/revisions"}],"predecessor-version":[{"id":390,"href":"https:\/\/sites.usp.br\/obted\/wp-json\/wp\/v2\/pages\/327\/revisions\/390"}],"up":[{"embeddable":true,"href":"https:\/\/sites.usp.br\/obted\/wp-json\/wp\/v2\/pages\/275"}],"wp:featuredmedia":[{"embeddable":true,"href":"https:\/\/sites.usp.br\/obted\/wp-json\/wp\/v2\/media\/301"}],"wp:attachment":[{"href":"https:\/\/sites.usp.br\/obted\/wp-json\/wp\/v2\/media?parent=327"}],"curies":[{"name":"wp","href":"https:\/\/api.w.org\/{rel}","templated":true}]}}