{"id":329,"date":"2021-08-19T20:37:58","date_gmt":"2021-08-19T22:37:58","guid":{"rendered":"https:\/\/sites.usp.br\/obted\/?page_id=329"},"modified":"2021-08-19T21:08:17","modified_gmt":"2021-08-19T23:08:17","slug":"rosane-baptista","status":"publish","type":"page","link":"https:\/\/sites.usp.br\/obted\/equipe\/rosane-baptista\/","title":{"rendered":"Rosane  Baptista"},"content":{"rendered":"\t\t<div data-elementor-type=\"wp-page\" data-elementor-id=\"329\" class=\"elementor elementor-329\" data-elementor-post-type=\"page\">\n\t\t\t\t\t\t<section class=\"elementor-section elementor-top-section elementor-element elementor-element-18037b99 elementor-section-boxed elementor-section-height-default elementor-section-height-default\" data-id=\"18037b99\" data-element_type=\"section\">\n\t\t\t\t\t\t<div class=\"elementor-container elementor-column-gap-default\">\n\t\t\t\t\t<div class=\"elementor-column elementor-col-100 elementor-top-column elementor-element elementor-element-2cee4adb\" data-id=\"2cee4adb\" data-element_type=\"column\">\n\t\t\t<div class=\"elementor-widget-wrap elementor-element-populated\">\n\t\t\t\t\t\t<div class=\"elementor-element elementor-element-3365d390 elementor-widget elementor-widget-text-editor\" data-id=\"3365d390\" data-element_type=\"widget\" data-widget_type=\"text-editor.default\">\n\t\t\t\t<div class=\"elementor-widget-container\">\n\t\t\t\t\t\t\t&nbsp;\r\n<div id=\"accel-snackbar\" style=\"left: 50%; transform: translate(-50%, 0px); top: 50px;\"><\/div>\t\t\t\t\t\t<\/div>\n\t\t\t\t<\/div>\n\t\t\t\t\t<\/div>\n\t\t<\/div>\n\t\t\t\t\t<\/div>\n\t\t<\/section>\n\t\t\t\t<section class=\"elementor-section elementor-top-section elementor-element elementor-element-47c7d18 elementor-section-boxed elementor-section-height-default elementor-section-height-default\" data-id=\"47c7d18\" data-element_type=\"section\">\n\t\t\t\t\t\t<div class=\"elementor-container elementor-column-gap-default\">\n\t\t\t\t\t<div class=\"elementor-column elementor-col-100 elementor-top-column elementor-element elementor-element-06a214e\" data-id=\"06a214e\" data-element_type=\"column\">\n\t\t\t<div class=\"elementor-widget-wrap elementor-element-populated\">\n\t\t\t\t\t\t<div class=\"elementor-element elementor-element-ffb6cfe elementor-widget elementor-widget-heading\" data-id=\"ffb6cfe\" data-element_type=\"widget\" data-widget_type=\"heading.default\">\n\t\t\t\t<div class=\"elementor-widget-container\">\n\t\t\t<h2 class=\"elementor-heading-title elementor-size-default\">Rosane  Baptista<\/h2>\t\t<\/div>\n\t\t\t\t<\/div>\n\t\t\t\t\t<\/div>\n\t\t<\/div>\n\t\t\t\t\t<\/div>\n\t\t<\/section>\n\t\t\t\t<section class=\"elementor-section elementor-top-section elementor-element elementor-element-82fd983 elementor-section-boxed elementor-section-height-default elementor-section-height-default\" data-id=\"82fd983\" data-element_type=\"section\">\n\t\t\t\t\t\t<div class=\"elementor-container elementor-column-gap-default\">\n\t\t\t\t\t<div class=\"elementor-column elementor-col-100 elementor-top-column elementor-element elementor-element-70d847c\" data-id=\"70d847c\" data-element_type=\"column\">\n\t\t\t<div class=\"elementor-widget-wrap elementor-element-populated\">\n\t\t\t\t\t\t<div class=\"elementor-element elementor-element-17c1c65 elementor-widget elementor-widget-text-editor\" data-id=\"17c1c65\" data-element_type=\"widget\" data-widget_type=\"text-editor.default\">\n\t\t\t\t<div class=\"elementor-widget-container\">\n\t\t\t\t\t\t\t<p><a id=\"u886\" class=\"nonblock nontext clip_frame grpelem\" href=\"http:\/\/buscatextual.cnpq.br\/buscatextual\/visualizacv.do?id=K8034306J6\"><img decoding=\"async\" id=\"u886_img\" class=\"block alignnone\" src=\"https:\/\/sites.usp.br\/labartemidia\/wp-content\/uploads\/sites\/472\/2019\/06\/lattes.png\" alt=\"\" width=\"41\" height=\"41\" data-heightwidthratio=\"1\" data-image-width=\"41\" data-image-height=\"41\" \/><\/a><\/p><p>Jornalista com mais de tr\u00eas d\u00e9cadas de atua\u00e7\u00e3o em telejornalismo di\u00e1rio. Come\u00e7ou a carreira como rep\u00f3rter, mas logo passou para a edi\u00e7\u00e3o de texto. Nesta fun\u00e7\u00e3o, trabalhou na extinta TV Manchete, na TV Cultura e na TV Globo, emissora em que ficou mais tempo: 26 anos. Foi editora de texto de jornais locais, Jornal da Globo e depois do Jornal Nacional. No JN tamb\u00e9m exerceu, por 5 anos, o cargo de coordenadora, com responsabilidade sobre toda a produ\u00e7\u00e3o de S\u00e3o Paulo. Em seguida, assumiu a chefia da Globo News S\u00e3o Paulo. \u00c9 uma das criadoras do InForma\u00e7\u00e3o que oferece cursos livres de curta dura\u00e7\u00e3o na \u00e1rea de jornalismo audiovisual. D\u00e1 aulas sobre texto no audiovisual e faz curadoria de novos cursos. Tamb\u00e9m ministra cursos livres na Faculdade C\u00e1sper L\u00edbero. Fez especializa\u00e7\u00e3o em Jornalismo Cultural, na PUC de S\u00e3o Paulo, e \u00e9 mestre em Comunica\u00e7\u00e3o na Contemporaneidade, pela C\u00e1sper L\u00edbero.<\/p><p>Jornalismo audiovisual, narrativa jornal\u00edstica, texto, espet\u00e1culo<\/p><p>rosanebpt@yahoo.com.br<\/p><div id=\"accel-snackbar\" style=\"left: 50%; transform: translate(-50%, 0px); top: 50px;\">\u00a0<\/div>\t\t\t\t\t\t<\/div>\n\t\t\t\t<\/div>\n\t\t\t\t\t<\/div>\n\t\t<\/div>\n\t\t\t\t\t<\/div>\n\t\t<\/section>\n\t\t\t\t<\/div>\n\t\t","protected":false},"excerpt":{"rendered":"<p>&nbsp; Rosane Baptista Jornalista com mais de tr\u00eas d\u00e9cadas de atua\u00e7\u00e3o em telejornalismo di\u00e1rio. Come\u00e7ou a carreira como rep\u00f3rter, mas logo passou para a edi\u00e7\u00e3o de texto. Nesta fun\u00e7\u00e3o, trabalhou na extinta TV Manchete, na TV Cultura e na TV Globo, emissora em que ficou mais tempo: 26 anos. Foi editora de texto de jornais<a href=\"https:\/\/sites.usp.br\/obted\/equipe\/rosane-baptista\/\">[&#8230;]<\/a><\/p>\n","protected":false},"author":22286,"featured_media":303,"parent":275,"menu_order":0,"comment_status":"closed","ping_status":"closed","template":"template-fullwidth-no-title.php","meta":{"footnotes":"","_links_to":"","_links_to_target":""},"class_list":["post-329","page","type-page","status-publish","has-post-thumbnail","hentry"],"_links":{"self":[{"href":"https:\/\/sites.usp.br\/obted\/wp-json\/wp\/v2\/pages\/329","targetHints":{"allow":["GET"]}}],"collection":[{"href":"https:\/\/sites.usp.br\/obted\/wp-json\/wp\/v2\/pages"}],"about":[{"href":"https:\/\/sites.usp.br\/obted\/wp-json\/wp\/v2\/types\/page"}],"author":[{"embeddable":true,"href":"https:\/\/sites.usp.br\/obted\/wp-json\/wp\/v2\/users\/22286"}],"replies":[{"embeddable":true,"href":"https:\/\/sites.usp.br\/obted\/wp-json\/wp\/v2\/comments?post=329"}],"version-history":[{"count":4,"href":"https:\/\/sites.usp.br\/obted\/wp-json\/wp\/v2\/pages\/329\/revisions"}],"predecessor-version":[{"id":397,"href":"https:\/\/sites.usp.br\/obted\/wp-json\/wp\/v2\/pages\/329\/revisions\/397"}],"up":[{"embeddable":true,"href":"https:\/\/sites.usp.br\/obted\/wp-json\/wp\/v2\/pages\/275"}],"wp:featuredmedia":[{"embeddable":true,"href":"https:\/\/sites.usp.br\/obted\/wp-json\/wp\/v2\/media\/303"}],"wp:attachment":[{"href":"https:\/\/sites.usp.br\/obted\/wp-json\/wp\/v2\/media?parent=329"}],"curies":[{"name":"wp","href":"https:\/\/api.w.org\/{rel}","templated":true}]}}