{"id":467,"date":"2021-08-24T09:44:51","date_gmt":"2021-08-24T11:44:51","guid":{"rendered":"https:\/\/sites.usp.br\/obted\/?page_id=467"},"modified":"2023-03-25T13:29:15","modified_gmt":"2023-03-25T15:29:15","slug":"home","status":"publish","type":"page","link":"https:\/\/sites.usp.br\/obted\/","title":{"rendered":"Home"},"content":{"rendered":"\t\t<div data-elementor-type=\"wp-page\" data-elementor-id=\"467\" class=\"elementor elementor-467\" data-elementor-post-type=\"page\">\n\t\t\t\t\t\t<section class=\"elementor-section elementor-top-section elementor-element elementor-element-787a595b elementor-section-boxed elementor-section-height-default elementor-section-height-default\" data-id=\"787a595b\" data-element_type=\"section\">\n\t\t\t\t\t\t<div class=\"elementor-container elementor-column-gap-default\">\n\t\t\t\t\t<div class=\"elementor-column elementor-col-100 elementor-top-column elementor-element elementor-element-72b0694a\" data-id=\"72b0694a\" data-element_type=\"column\">\n\t\t\t<div class=\"elementor-widget-wrap elementor-element-populated\">\n\t\t\t\t\t\t<div class=\"elementor-element elementor-element-87999cb elementor-widget elementor-widget-image\" data-id=\"87999cb\" data-element_type=\"widget\" data-widget_type=\"image.default\">\n\t\t\t\t<div class=\"elementor-widget-container\">\n\t\t\t\t\t\t\t\t\t\t\t\t\t<img fetchpriority=\"high\" decoding=\"async\" width=\"640\" height=\"271\" src=\"https:\/\/sites.usp.br\/obted\/wp-content\/uploads\/sites\/473\/2022\/02\/obted-pdf-1-aberto-e1560631344171-2-1024x433.png\" class=\"attachment-large size-large wp-image-522\" alt=\"\" srcset=\"https:\/\/sites.usp.br\/obted\/wp-content\/uploads\/sites\/473\/2022\/02\/obted-pdf-1-aberto-e1560631344171-2-1024x433.png 1024w, https:\/\/sites.usp.br\/obted\/wp-content\/uploads\/sites\/473\/2022\/02\/obted-pdf-1-aberto-e1560631344171-2-300x127.png 300w, https:\/\/sites.usp.br\/obted\/wp-content\/uploads\/sites\/473\/2022\/02\/obted-pdf-1-aberto-e1560631344171-2-768x324.png 768w, https:\/\/sites.usp.br\/obted\/wp-content\/uploads\/sites\/473\/2022\/02\/obted-pdf-1-aberto-e1560631344171-2-1536x649.png 1536w, https:\/\/sites.usp.br\/obted\/wp-content\/uploads\/sites\/473\/2022\/02\/obted-pdf-1-aberto-e1560631344171-2-2048x865.png 2048w, https:\/\/sites.usp.br\/obted\/wp-content\/uploads\/sites\/473\/2022\/02\/obted-pdf-1-aberto-e1560631344171-2-400x169.png 400w\" sizes=\"(max-width: 640px) 100vw, 640px\" \/>\t\t\t\t\t\t\t\t\t\t\t\t\t<\/div>\n\t\t\t\t<\/div>\n\t\t\t\t<div class=\"elementor-element elementor-element-52847144 elementor-widget elementor-widget-text-editor\" data-id=\"52847144\" data-element_type=\"widget\" data-widget_type=\"text-editor.default\">\n\t\t\t\t<div class=\"elementor-widget-container\">\n\t\t\t\t\t\t\t&nbsp;\n<div id=\"accel-snackbar\" style=\"left: 50%; transform: translate(-50%, 0px); top: 50px;\"><\/div>\t\t\t\t\t\t<\/div>\n\t\t\t\t<\/div>\n\t\t\t\t\t<\/div>\n\t\t<\/div>\n\t\t\t\t\t<\/div>\n\t\t<\/section>\n\t\t\t\t<section class=\"elementor-section elementor-top-section elementor-element elementor-element-26f19ca elementor-section-boxed elementor-section-height-default elementor-section-height-default\" data-id=\"26f19ca\" data-element_type=\"section\">\n\t\t\t\t\t\t<div class=\"elementor-container elementor-column-gap-default\">\n\t\t\t\t\t<div class=\"elementor-column elementor-col-100 elementor-top-column elementor-element elementor-element-3f469ed\" data-id=\"3f469ed\" data-element_type=\"column\">\n\t\t\t<div class=\"elementor-widget-wrap elementor-element-populated\">\n\t\t\t\t\t\t<div class=\"elementor-element elementor-element-e48946c elementor--h-position-center elementor--v-position-middle elementor-arrows-position-inside elementor-pagination-position-inside elementor-widget elementor-widget-slides\" data-id=\"e48946c\" data-element_type=\"widget\" data-settings=\"{&quot;navigation&quot;:&quot;both&quot;,&quot;autoplay&quot;:&quot;yes&quot;,&quot;pause_on_hover&quot;:&quot;yes&quot;,&quot;pause_on_interaction&quot;:&quot;yes&quot;,&quot;autoplay_speed&quot;:5000,&quot;infinite&quot;:&quot;yes&quot;,&quot;transition&quot;:&quot;slide&quot;,&quot;transition_speed&quot;:500}\" data-widget_type=\"slides.default\">\n\t\t\t\t<div class=\"elementor-widget-container\">\n\t\t\t\t\t<div class=\"elementor-swiper\">\n\t\t\t<div class=\"elementor-slides-wrapper elementor-main-swiper swiper\" dir=\"ltr\" data-animation=\"fadeInRight\">\n\t\t\t\t<div class=\"swiper-wrapper elementor-slides\">\n\t\t\t\t\t\t\t\t\t\t<div class=\"elementor-repeater-item-f4bd50e swiper-slide\"><div class=\"swiper-slide-bg\" role=\"img\"><\/div><a class=\"swiper-slide-inner\" href=\"https:\/\/sites.usp.br\/obted\/narrativas-convergentes-pt\/\"><div class=\"swiper-slide-contents\"><div class=\"elementor-slide-heading\">Narrativas Convergentes<\/div><div class=\"elementor-slide-description\">NARRATIVAS CONVERGENTES \u00e9 uma iniciativa conjunta do Programa de Investigaci\u00f3n Aplicada en Narrativas Audiovisuales en Tiempos de Convergencia Digital y Cultural (PIANATCDC - UNTREF\/Argentina), o Observat\u00f3rio Brasileiro de Televis\u00e3o Digital e Converg\u00eancia Digital (OBTED - USP\/Brasil), e o LabArteM\u00eddia, Laborat\u00f3rio de Arte, M\u00eddia e Tecnologias Digitais (USP\/Brasil).<\/div><div  class=\"elementor-button elementor-slide-button elementor-size-sm\">Saiba mais!<\/div><\/div><\/a><\/div><div class=\"elementor-repeater-item-1f92d30 swiper-slide\"><div class=\"swiper-slide-bg elementor-ken-burns elementor-ken-burns--in\" role=\"img\"><\/div><div class=\"swiper-slide-inner\" ><div class=\"swiper-slide-contents\"><div class=\"elementor-slide-heading\">OBTED<\/div><\/div><\/div><\/div><div class=\"elementor-repeater-item-05fe51f swiper-slide\"><div class=\"swiper-slide-bg elementor-ken-burns elementor-ken-burns--in\" role=\"img\"><\/div><a class=\"swiper-slide-inner\" href=\"https:\/\/www.youtube.com\/watch?v=O5Yq4wDB0TQ&#038;t=1s\"><div class=\"swiper-slide-contents\"><div class=\"elementor-slide-heading\">Lan\u00e7amento do Obted e do livro \"TV Digital\"<\/div><div  class=\"elementor-button elementor-slide-button elementor-size-sm\">Assista aqui<\/div><\/div><\/a><\/div><div class=\"elementor-repeater-item-c0575fb swiper-slide\"><div class=\"swiper-slide-bg elementor-ken-burns elementor-ken-burns--in\" role=\"img\"><\/div><a class=\"swiper-slide-inner\" href=\"https:\/\/sites.usp.br\/obted\/equipe\/\"><div class=\"swiper-slide-contents\"><div class=\"elementor-slide-heading\">Equipe<\/div><div  class=\"elementor-button elementor-slide-button elementor-size-sm\">Conhe\u00e7a os membros<\/div><\/div><\/a><\/div><div class=\"elementor-repeater-item-5e74632 swiper-slide\"><div class=\"swiper-slide-bg elementor-ken-burns elementor-ken-burns--in\" role=\"img\"><\/div><a class=\"swiper-slide-inner\" href=\"https:\/\/digitaltv.prensariozone.com\/tv-3-0-em-brasil-mcom-e-forum-sbtvd-realizam-demonstracao-em-brasilia\/\"><div class=\"swiper-slide-contents\"><div class=\"elementor-slide-heading\">TV 3.0 - Brasil<\/div><div  class=\"elementor-button elementor-slide-button elementor-size-sm\">Leia aqui<\/div><\/div><\/a><\/div>\t\t\t\t<\/div>\n\t\t\t\t\t\t\t\t\t\t\t\t\t\t\t<div class=\"swiper-pagination\"><\/div>\n\t\t\t\t\t\t\t\t\t\t\t\t\t\t\t\t<div class=\"elementor-swiper-button elementor-swiper-button-prev\" role=\"button\" tabindex=\"0\">\n\t\t\t\t\t\t\t<i aria-hidden=\"true\" class=\"eicon-chevron-left\"><\/i>\t\t\t\t\t\t\t<span class=\"elementor-screen-only\">Previous slide<\/span>\n\t\t\t\t\t\t<\/div>\n\t\t\t\t\t\t<div class=\"elementor-swiper-button elementor-swiper-button-next\" role=\"button\" tabindex=\"0\">\n\t\t\t\t\t\t\t<i aria-hidden=\"true\" class=\"eicon-chevron-right\"><\/i>\t\t\t\t\t\t\t<span class=\"elementor-screen-only\">Next slide<\/span>\n\t\t\t\t\t\t<\/div>\n\t\t\t\t\t\t\t\t\t\t\t\t<\/div>\n\t\t<\/div>\n\t\t\t\t<\/div>\n\t\t\t\t<\/div>\n\t\t\t\t\t<\/div>\n\t\t<\/div>\n\t\t\t\t\t<\/div>\n\t\t<\/section>\n\t\t\t\t<article class=\"elementor-section elementor-top-section elementor-element elementor-element-1a2917a elementor-hidden-tablet elementor-hidden-mobile elementor-section-boxed elementor-section-height-default elementor-section-height-default\" data-id=\"1a2917a\" data-element_type=\"section\" data-settings=\"{&quot;background_background&quot;:&quot;classic&quot;}\">\n\t\t\t\t\t\t<div class=\"elementor-container elementor-column-gap-default\">\n\t\t\t\t\t<div class=\"elementor-column elementor-col-100 elementor-top-column elementor-element elementor-element-9ff84ac\" data-id=\"9ff84ac\" data-element_type=\"column\">\n\t\t\t<div class=\"elementor-widget-wrap elementor-element-populated\">\n\t\t\t\t\t\t<div class=\"elementor-element elementor-element-76da315 elementor-widget elementor-widget-heading\" data-id=\"76da315\" data-element_type=\"widget\" data-widget_type=\"heading.default\">\n\t\t\t\t<div class=\"elementor-widget-container\">\n\t\t\t<h1 class=\"elementor-heading-title elementor-size-default\">Projetos<\/h1>\t\t<\/div>\n\t\t\t\t<\/div>\n\t\t\t\t<div class=\"elementor-element elementor-element-7261131 elementor-grid-3 elementor-grid-tablet-2 elementor-grid-mobile-1 elementor-widget elementor-widget-portfolio\" data-id=\"7261131\" data-element_type=\"widget\" data-settings=\"{&quot;item_ratio&quot;:{&quot;unit&quot;:&quot;px&quot;,&quot;size&quot;:1,&quot;sizes&quot;:[]},&quot;columns&quot;:&quot;3&quot;,&quot;columns_tablet&quot;:&quot;2&quot;,&quot;columns_mobile&quot;:&quot;1&quot;,&quot;item_gap&quot;:{&quot;unit&quot;:&quot;px&quot;,&quot;size&quot;:&quot;&quot;,&quot;sizes&quot;:[]},&quot;row_gap&quot;:{&quot;unit&quot;:&quot;px&quot;,&quot;size&quot;:&quot;&quot;,&quot;sizes&quot;:[]}}\" data-widget_type=\"portfolio.default\">\n\t\t\t\t<div class=\"elementor-widget-container\">\n\t\t\t\t\t<div class=\"elementor-portfolio elementor-grid elementor-posts-container\">\n\t\t\t\t<article class=\"elementor-portfolio-item elementor-post  post-266 page type-page status-publish has-post-thumbnail hentry\">\n\t\t\t<a class=\"elementor-post__thumbnail__link\" href=\"https:\/\/sites.usp.br\/obted\/museu_memoria\/\">\n\t\t\t\t<div class=\"elementor-portfolio-item__img elementor-post__thumbnail\">\n\t\t\t<img decoding=\"async\" width=\"1600\" height=\"1066\" src=\"https:\/\/sites.usp.br\/obted\/wp-content\/uploads\/sites\/473\/2021\/08\/Museu-Oral-da-TV-1600x1066-1.jpg\" class=\"attachment-2048x2048 size-2048x2048 wp-image-452\" alt=\"\" srcset=\"https:\/\/sites.usp.br\/obted\/wp-content\/uploads\/sites\/473\/2021\/08\/Museu-Oral-da-TV-1600x1066-1.jpg 1600w, https:\/\/sites.usp.br\/obted\/wp-content\/uploads\/sites\/473\/2021\/08\/Museu-Oral-da-TV-1600x1066-1-300x200.jpg 300w, https:\/\/sites.usp.br\/obted\/wp-content\/uploads\/sites\/473\/2021\/08\/Museu-Oral-da-TV-1600x1066-1-1024x682.jpg 1024w, https:\/\/sites.usp.br\/obted\/wp-content\/uploads\/sites\/473\/2021\/08\/Museu-Oral-da-TV-1600x1066-1-768x512.jpg 768w, https:\/\/sites.usp.br\/obted\/wp-content\/uploads\/sites\/473\/2021\/08\/Museu-Oral-da-TV-1600x1066-1-1536x1023.jpg 1536w, https:\/\/sites.usp.br\/obted\/wp-content\/uploads\/sites\/473\/2021\/08\/Museu-Oral-da-TV-1600x1066-1-750x500.jpg 750w, https:\/\/sites.usp.br\/obted\/wp-content\/uploads\/sites\/473\/2021\/08\/Museu-Oral-da-TV-1600x1066-1-272x182.jpg 272w, https:\/\/sites.usp.br\/obted\/wp-content\/uploads\/sites\/473\/2021\/08\/Museu-Oral-da-TV-1600x1066-1-400x267.jpg 400w\" sizes=\"(max-width: 1600px) 100vw, 1600px\" \/>\t\t<\/div>\n\t\t\t\t<div class=\"elementor-portfolio-item__overlay\">\n\t\t\t\t<h1 class=\"elementor-portfolio-item__title\">\n\t\tMuseu da Mem\u00f3ria e Oralidades sobre a TV\t\t<\/h1>\n\t\t\t\t<\/div>\n\t\t\t\t<\/a>\n\t\t<\/article>\n\t\t\t\t<article class=\"elementor-portfolio-item elementor-post  post-485 page type-page status-publish has-post-thumbnail hentry\">\n\t\t\t<a class=\"elementor-post__thumbnail__link\" href=\"https:\/\/sites.usp.br\/obted\/livros\/\">\n\t\t\t\t<div class=\"elementor-portfolio-item__img elementor-post__thumbnail\">\n\t\t\t<img decoding=\"async\" width=\"894\" height=\"1280\" src=\"https:\/\/sites.usp.br\/obted\/wp-content\/uploads\/sites\/473\/2021\/10\/Teletube_capa.jpeg\" class=\"attachment-2048x2048 size-2048x2048 wp-image-489\" alt=\"\" srcset=\"https:\/\/sites.usp.br\/obted\/wp-content\/uploads\/sites\/473\/2021\/10\/Teletube_capa.jpeg 894w, https:\/\/sites.usp.br\/obted\/wp-content\/uploads\/sites\/473\/2021\/10\/Teletube_capa-210x300.jpeg 210w, https:\/\/sites.usp.br\/obted\/wp-content\/uploads\/sites\/473\/2021\/10\/Teletube_capa-715x1024.jpeg 715w, https:\/\/sites.usp.br\/obted\/wp-content\/uploads\/sites\/473\/2021\/10\/Teletube_capa-768x1100.jpeg 768w, https:\/\/sites.usp.br\/obted\/wp-content\/uploads\/sites\/473\/2021\/10\/Teletube_capa-400x573.jpeg 400w\" sizes=\"(max-width: 894px) 100vw, 894px\" \/>\t\t<\/div>\n\t\t\t\t<div class=\"elementor-portfolio-item__overlay\">\n\t\t\t\t<h1 class=\"elementor-portfolio-item__title\">\n\t\tLivros\t\t<\/h1>\n\t\t\t\t<\/div>\n\t\t\t\t<\/a>\n\t\t<\/article>\n\t\t\t\t<article class=\"elementor-portfolio-item elementor-post  post-523 page type-page status-publish has-post-thumbnail hentry\">\n\t\t\t<a class=\"elementor-post__thumbnail__link\" href=\"https:\/\/sites.usp.br\/obted\/lancamento-do-obted-e-do-livro-tv-digital\/\">\n\t\t\t\t<div class=\"elementor-portfolio-item__img elementor-post__thumbnail\">\n\t\t\t<img loading=\"lazy\" decoding=\"async\" width=\"960\" height=\"640\" src=\"https:\/\/sites.usp.br\/obted\/wp-content\/uploads\/sites\/473\/2022\/02\/foto-livro-ucb.jpg\" class=\"attachment-2048x2048 size-2048x2048 wp-image-519\" alt=\"\" srcset=\"https:\/\/sites.usp.br\/obted\/wp-content\/uploads\/sites\/473\/2022\/02\/foto-livro-ucb.jpg 960w, https:\/\/sites.usp.br\/obted\/wp-content\/uploads\/sites\/473\/2022\/02\/foto-livro-ucb-300x200.jpg 300w, https:\/\/sites.usp.br\/obted\/wp-content\/uploads\/sites\/473\/2022\/02\/foto-livro-ucb-768x512.jpg 768w, https:\/\/sites.usp.br\/obted\/wp-content\/uploads\/sites\/473\/2022\/02\/foto-livro-ucb-750x500.jpg 750w, https:\/\/sites.usp.br\/obted\/wp-content\/uploads\/sites\/473\/2022\/02\/foto-livro-ucb-272x182.jpg 272w, https:\/\/sites.usp.br\/obted\/wp-content\/uploads\/sites\/473\/2022\/02\/foto-livro-ucb-400x267.jpg 400w\" sizes=\"(max-width: 960px) 100vw, 960px\" \/>\t\t<\/div>\n\t\t\t\t<div class=\"elementor-portfolio-item__overlay\">\n\t\t\t\t<h1 class=\"elementor-portfolio-item__title\">\n\t\tLan\u00e7amento do Obted e do livro &#8220;TV Digital&#8221;\t\t<\/h1>\n\t\t\t\t<\/div>\n\t\t\t\t<\/a>\n\t\t<\/article>\n\t\t\t\t<\/div>\n\t\t\t\t<\/div>\n\t\t\t\t<\/div>\n\t\t\t\t\t<\/div>\n\t\t<\/div>\n\t\t\t\t\t<\/div>\n\t\t<\/article>\n\t\t\t\t<article class=\"elementor-section elementor-top-section elementor-element elementor-element-e5b1219 elementor-hidden-desktop elementor-section-boxed elementor-section-height-default elementor-section-height-default\" data-id=\"e5b1219\" data-element_type=\"section\" data-settings=\"{&quot;background_background&quot;:&quot;classic&quot;}\">\n\t\t\t\t\t\t<div class=\"elementor-container elementor-column-gap-default\">\n\t\t\t\t\t<div class=\"elementor-column elementor-col-100 elementor-top-column elementor-element elementor-element-f7dd2d3\" data-id=\"f7dd2d3\" data-element_type=\"column\">\n\t\t\t<div class=\"elementor-widget-wrap elementor-element-populated\">\n\t\t\t\t\t\t<div class=\"elementor-element elementor-element-636794e elementor-widget elementor-widget-heading\" data-id=\"636794e\" data-element_type=\"widget\" data-widget_type=\"heading.default\">\n\t\t\t\t<div class=\"elementor-widget-container\">\n\t\t\t<div class=\"elementor-heading-title elementor-size-default\">Projetos<\/div>\t\t<\/div>\n\t\t\t\t<\/div>\n\t\t\t\t<div class=\"elementor-element elementor-element-5ba4059 elementor-grid-mobile-3 elementor-grid-3 elementor-grid-tablet-2 elementor-widget elementor-widget-portfolio\" data-id=\"5ba4059\" data-element_type=\"widget\" data-settings=\"{&quot;item_ratio&quot;:{&quot;unit&quot;:&quot;px&quot;,&quot;size&quot;:1,&quot;sizes&quot;:[]},&quot;columns_mobile&quot;:&quot;3&quot;,&quot;columns&quot;:&quot;3&quot;,&quot;columns_tablet&quot;:&quot;2&quot;,&quot;item_gap&quot;:{&quot;unit&quot;:&quot;px&quot;,&quot;size&quot;:&quot;&quot;,&quot;sizes&quot;:[]},&quot;row_gap&quot;:{&quot;unit&quot;:&quot;px&quot;,&quot;size&quot;:&quot;&quot;,&quot;sizes&quot;:[]}}\" data-widget_type=\"portfolio.default\">\n\t\t\t\t<div class=\"elementor-widget-container\">\n\t\t\t\t\t<div class=\"elementor-portfolio elementor-grid elementor-posts-container\">\n\t\t\t\t<article class=\"elementor-portfolio-item elementor-post  post-266 page type-page status-publish has-post-thumbnail hentry\">\n\t\t\t<a class=\"elementor-post__thumbnail__link\" href=\"https:\/\/sites.usp.br\/obted\/museu_memoria\/\">\n\t\t\t\t<div class=\"elementor-portfolio-item__img elementor-post__thumbnail\">\n\t\t\t<img decoding=\"async\" width=\"1600\" height=\"1066\" src=\"https:\/\/sites.usp.br\/obted\/wp-content\/uploads\/sites\/473\/2021\/08\/Museu-Oral-da-TV-1600x1066-1.jpg\" class=\"attachment-2048x2048 size-2048x2048 wp-image-452\" alt=\"\" srcset=\"https:\/\/sites.usp.br\/obted\/wp-content\/uploads\/sites\/473\/2021\/08\/Museu-Oral-da-TV-1600x1066-1.jpg 1600w, https:\/\/sites.usp.br\/obted\/wp-content\/uploads\/sites\/473\/2021\/08\/Museu-Oral-da-TV-1600x1066-1-300x200.jpg 300w, https:\/\/sites.usp.br\/obted\/wp-content\/uploads\/sites\/473\/2021\/08\/Museu-Oral-da-TV-1600x1066-1-1024x682.jpg 1024w, https:\/\/sites.usp.br\/obted\/wp-content\/uploads\/sites\/473\/2021\/08\/Museu-Oral-da-TV-1600x1066-1-768x512.jpg 768w, https:\/\/sites.usp.br\/obted\/wp-content\/uploads\/sites\/473\/2021\/08\/Museu-Oral-da-TV-1600x1066-1-1536x1023.jpg 1536w, https:\/\/sites.usp.br\/obted\/wp-content\/uploads\/sites\/473\/2021\/08\/Museu-Oral-da-TV-1600x1066-1-750x500.jpg 750w, https:\/\/sites.usp.br\/obted\/wp-content\/uploads\/sites\/473\/2021\/08\/Museu-Oral-da-TV-1600x1066-1-272x182.jpg 272w, https:\/\/sites.usp.br\/obted\/wp-content\/uploads\/sites\/473\/2021\/08\/Museu-Oral-da-TV-1600x1066-1-400x267.jpg 400w\" sizes=\"(max-width: 1600px) 100vw, 1600px\" \/>\t\t<\/div>\n\t\t\t\t<div class=\"elementor-portfolio-item__overlay\">\n\t\t\t\t<h1 class=\"elementor-portfolio-item__title\">\n\t\tMuseu da Mem\u00f3ria e Oralidades sobre a TV\t\t<\/h1>\n\t\t\t\t<\/div>\n\t\t\t\t<\/a>\n\t\t<\/article>\n\t\t\t\t<article class=\"elementor-portfolio-item elementor-post  post-485 page type-page status-publish has-post-thumbnail hentry\">\n\t\t\t<a class=\"elementor-post__thumbnail__link\" href=\"https:\/\/sites.usp.br\/obted\/livros\/\">\n\t\t\t\t<div class=\"elementor-portfolio-item__img elementor-post__thumbnail\">\n\t\t\t<img decoding=\"async\" width=\"894\" height=\"1280\" src=\"https:\/\/sites.usp.br\/obted\/wp-content\/uploads\/sites\/473\/2021\/10\/Teletube_capa.jpeg\" class=\"attachment-2048x2048 size-2048x2048 wp-image-489\" alt=\"\" srcset=\"https:\/\/sites.usp.br\/obted\/wp-content\/uploads\/sites\/473\/2021\/10\/Teletube_capa.jpeg 894w, https:\/\/sites.usp.br\/obted\/wp-content\/uploads\/sites\/473\/2021\/10\/Teletube_capa-210x300.jpeg 210w, https:\/\/sites.usp.br\/obted\/wp-content\/uploads\/sites\/473\/2021\/10\/Teletube_capa-715x1024.jpeg 715w, https:\/\/sites.usp.br\/obted\/wp-content\/uploads\/sites\/473\/2021\/10\/Teletube_capa-768x1100.jpeg 768w, https:\/\/sites.usp.br\/obted\/wp-content\/uploads\/sites\/473\/2021\/10\/Teletube_capa-400x573.jpeg 400w\" sizes=\"(max-width: 894px) 100vw, 894px\" \/>\t\t<\/div>\n\t\t\t\t<div class=\"elementor-portfolio-item__overlay\">\n\t\t\t\t<h1 class=\"elementor-portfolio-item__title\">\n\t\tLivros\t\t<\/h1>\n\t\t\t\t<\/div>\n\t\t\t\t<\/a>\n\t\t<\/article>\n\t\t\t\t<article class=\"elementor-portfolio-item elementor-post  post-523 page type-page status-publish has-post-thumbnail hentry\">\n\t\t\t<a class=\"elementor-post__thumbnail__link\" href=\"https:\/\/sites.usp.br\/obted\/lancamento-do-obted-e-do-livro-tv-digital\/\">\n\t\t\t\t<div class=\"elementor-portfolio-item__img elementor-post__thumbnail\">\n\t\t\t<img loading=\"lazy\" decoding=\"async\" width=\"960\" height=\"640\" src=\"https:\/\/sites.usp.br\/obted\/wp-content\/uploads\/sites\/473\/2022\/02\/foto-livro-ucb.jpg\" class=\"attachment-2048x2048 size-2048x2048 wp-image-519\" alt=\"\" srcset=\"https:\/\/sites.usp.br\/obted\/wp-content\/uploads\/sites\/473\/2022\/02\/foto-livro-ucb.jpg 960w, https:\/\/sites.usp.br\/obted\/wp-content\/uploads\/sites\/473\/2022\/02\/foto-livro-ucb-300x200.jpg 300w, https:\/\/sites.usp.br\/obted\/wp-content\/uploads\/sites\/473\/2022\/02\/foto-livro-ucb-768x512.jpg 768w, https:\/\/sites.usp.br\/obted\/wp-content\/uploads\/sites\/473\/2022\/02\/foto-livro-ucb-750x500.jpg 750w, https:\/\/sites.usp.br\/obted\/wp-content\/uploads\/sites\/473\/2022\/02\/foto-livro-ucb-272x182.jpg 272w, https:\/\/sites.usp.br\/obted\/wp-content\/uploads\/sites\/473\/2022\/02\/foto-livro-ucb-400x267.jpg 400w\" sizes=\"(max-width: 960px) 100vw, 960px\" \/>\t\t<\/div>\n\t\t\t\t<div class=\"elementor-portfolio-item__overlay\">\n\t\t\t\t<h1 class=\"elementor-portfolio-item__title\">\n\t\tLan\u00e7amento do Obted e do livro &#8220;TV Digital&#8221;\t\t<\/h1>\n\t\t\t\t<\/div>\n\t\t\t\t<\/a>\n\t\t<\/article>\n\t\t\t\t<\/div>\n\t\t\t\t<\/div>\n\t\t\t\t<\/div>\n\t\t\t\t\t<\/div>\n\t\t<\/div>\n\t\t\t\t\t<\/div>\n\t\t<\/article>\n\t\t\t\t<section class=\"elementor-section elementor-top-section elementor-element elementor-element-c15b34b elementor-section-boxed elementor-section-height-default elementor-section-height-default\" data-id=\"c15b34b\" data-element_type=\"section\">\n\t\t\t\t\t\t<div class=\"elementor-container elementor-column-gap-default\">\n\t\t\t\t\t<div class=\"elementor-column elementor-col-100 elementor-top-column elementor-element elementor-element-9b84510\" data-id=\"9b84510\" data-element_type=\"column\">\n\t\t\t<div class=\"elementor-widget-wrap\">\n\t\t\t\t\t\t\t<\/div>\n\t\t<\/div>\n\t\t\t\t\t<\/div>\n\t\t<\/section>\n\t\t\t\t<\/div>\n\t\t","protected":false},"excerpt":{"rendered":"<p>Narrativas ConvergentesNARRATIVAS CONVERGENTES \u00e9 uma iniciativa conjunta do Programa de Investigaci\u00f3n Aplicada en Narrativas Audiovisuales en Tiempos de Convergencia Digital y Cultural (PIANATCDC &#8211; UNTREF\/Argentina), o Observat\u00f3rio Brasileiro de Televis\u00e3o Digital e Converg\u00eancia Digital (OBTED &#8211; USP\/Brasil), e o LabArteM\u00eddia, Laborat\u00f3rio de Arte, M\u00eddia e Tecnologias Digitais (USP\/Brasil).Saiba mais!OBTEDLan\u00e7amento do Obted e do livro &#8220;TV<a href=\"https:\/\/sites.usp.br\/obted\/lancamento-do-obted-e-do-livro-tv-digital\/\">[&#8230;]<\/a><\/p>\n","protected":false},"author":22286,"featured_media":0,"parent":0,"menu_order":0,"comment_status":"closed","ping_status":"closed","template":"template-fullwidth-no-title.php","meta":{"footnotes":"","_links_to":"","_links_to_target":""},"class_list":["post-467","page","type-page","status-publish","hentry"],"_links":{"self":[{"href":"https:\/\/sites.usp.br\/obted\/wp-json\/wp\/v2\/pages\/467","targetHints":{"allow":["GET"]}}],"collection":[{"href":"https:\/\/sites.usp.br\/obted\/wp-json\/wp\/v2\/pages"}],"about":[{"href":"https:\/\/sites.usp.br\/obted\/wp-json\/wp\/v2\/types\/page"}],"author":[{"embeddable":true,"href":"https:\/\/sites.usp.br\/obted\/wp-json\/wp\/v2\/users\/22286"}],"replies":[{"embeddable":true,"href":"https:\/\/sites.usp.br\/obted\/wp-json\/wp\/v2\/comments?post=467"}],"version-history":[{"count":4,"href":"https:\/\/sites.usp.br\/obted\/wp-json\/wp\/v2\/pages\/467\/revisions"}],"predecessor-version":[{"id":703,"href":"https:\/\/sites.usp.br\/obted\/wp-json\/wp\/v2\/pages\/467\/revisions\/703"}],"wp:attachment":[{"href":"https:\/\/sites.usp.br\/obted\/wp-json\/wp\/v2\/media?parent=467"}],"curies":[{"name":"wp","href":"https:\/\/api.w.org\/{rel}","templated":true}]}}