{"id":485,"date":"2021-10-25T12:45:26","date_gmt":"2021-10-25T14:45:26","guid":{"rendered":"https:\/\/sites.usp.br\/obted\/?page_id=485"},"modified":"2022-02-10T12:47:59","modified_gmt":"2022-02-10T14:47:59","slug":"livros","status":"publish","type":"page","link":"https:\/\/sites.usp.br\/obted\/livros\/","title":{"rendered":"Livros"},"content":{"rendered":"\t\t<div data-elementor-type=\"wp-page\" data-elementor-id=\"485\" class=\"elementor elementor-485\" data-elementor-post-type=\"page\">\n\t\t\t\t\t\t<section class=\"elementor-section elementor-top-section elementor-element elementor-element-f72a8ea elementor-section-boxed elementor-section-height-default elementor-section-height-default\" data-id=\"f72a8ea\" data-element_type=\"section\">\n\t\t\t\t\t\t<div class=\"elementor-container elementor-column-gap-default\">\n\t\t\t\t\t<div class=\"elementor-column elementor-col-50 elementor-top-column elementor-element elementor-element-ce3c2a0\" data-id=\"ce3c2a0\" data-element_type=\"column\">\n\t\t\t<div class=\"elementor-widget-wrap elementor-element-populated\">\n\t\t\t\t\t\t<div class=\"elementor-element elementor-element-49118f6 elementor-widget elementor-widget-heading\" data-id=\"49118f6\" data-element_type=\"widget\" data-widget_type=\"heading.default\">\n\t\t\t\t<div class=\"elementor-widget-container\">\n\t\t\t<h2 class=\"elementor-heading-title elementor-size-default\">TV Digital<\/h2>\t\t<\/div>\n\t\t\t\t<\/div>\n\t\t\t\t<div class=\"elementor-element elementor-element-c7c70c2 elementor-widget elementor-widget-text-editor\" data-id=\"c7c70c2\" data-element_type=\"widget\" data-widget_type=\"text-editor.default\">\n\t\t\t\t<div class=\"elementor-widget-container\">\n\t\t\t\t\t\t\t<p>A experi\u00eancia da UCB que mobilizou estudantes, professores e funcion\u00e1rios de v\u00e1rias \u00e1reas de conhecimento lan\u00e7ou no universo da radiodifus\u00e3o do p\u00fablico da TV Aberta mais de 700 jovens da gera\u00e7\u00e3o somente acostumada ao consumo de conte\u00fado distribu\u00eddo pelas redes de computadores. Os resultados instigantes e interessantes desta experi\u00eancia est\u00e3o nos relatos presentes neste livro Digital que tamb\u00e9m contam a for\u00e7a e o poder da mobiliza\u00e7\u00e3o social como meio de mudan\u00e7a massiva e adapta\u00e7\u00e3o a novas tecnologias.\u00a0N\u00e3o menos provocadores s\u00e3o os resultados da pesquisa de recep\u00e7\u00e3o que ouviu telespectadores que t\u00eam a TV aberta como sua fonte principal de acesso \u00e0s informa\u00e7\u00f5es e ao entretenimento. Uma realidade ainda muito expressiva entre a popula\u00e7\u00e3o brasileira e latino-americana que merece reflex\u00e3o e um olhar mais dedicado da academia, do Estado e do setor privado. S\u00e3o narrativas, s\u00e3o relatos que marcam um momento singular na hist\u00f3ria dos meios de comunica\u00e7\u00e3o de massa, da radiodifus\u00e3o e da televis\u00e3o no Brasil. (Texto de Alexandre Schirmer Kieling \u2013\u00a0Coordenador do projeto na UCB)\u00a0\u00a0<a href=\"https:\/\/pergamum.ucb.br\/pergamumweb\/vinculos\/00001a\/00001a51.pdf?_ga=2.52119215.74299055.1520515782-830466310.1520515781\">Clique aqui<\/a>, para acessar o livro.<\/p>\t\t\t\t\t\t<\/div>\n\t\t\t\t<\/div>\n\t\t\t\t\t<\/div>\n\t\t<\/div>\n\t\t\t\t<div class=\"elementor-column elementor-col-50 elementor-top-column elementor-element elementor-element-4662d8d\" data-id=\"4662d8d\" data-element_type=\"column\">\n\t\t\t<div class=\"elementor-widget-wrap elementor-element-populated\">\n\t\t\t\t\t\t<div class=\"elementor-element elementor-element-92f225e elementor-widget elementor-widget-spacer\" data-id=\"92f225e\" data-element_type=\"widget\" data-widget_type=\"spacer.default\">\n\t\t\t\t<div class=\"elementor-widget-container\">\n\t\t\t\t\t<div class=\"elementor-spacer\">\n\t\t\t<div class=\"elementor-spacer-inner\"><\/div>\n\t\t<\/div>\n\t\t\t\t<\/div>\n\t\t\t\t<\/div>\n\t\t\t\t<div class=\"elementor-element elementor-element-c19d6c8 elementor-widget elementor-widget-image\" data-id=\"c19d6c8\" data-element_type=\"widget\" data-widget_type=\"image.default\">\n\t\t\t\t<div class=\"elementor-widget-container\">\n\t\t\t\t\t\t\t\t\t\t\t\t\t<img fetchpriority=\"high\" decoding=\"async\" width=\"215\" height=\"300\" src=\"https:\/\/sites.usp.br\/obted\/wp-content\/uploads\/sites\/473\/2021\/10\/Capa-livro-BSB-215x300.jpg\" class=\"attachment-medium size-medium wp-image-487\" alt=\"\" srcset=\"https:\/\/sites.usp.br\/obted\/wp-content\/uploads\/sites\/473\/2021\/10\/Capa-livro-BSB-215x300.jpg 215w, https:\/\/sites.usp.br\/obted\/wp-content\/uploads\/sites\/473\/2021\/10\/Capa-livro-BSB-400x557.jpg 400w, https:\/\/sites.usp.br\/obted\/wp-content\/uploads\/sites\/473\/2021\/10\/Capa-livro-BSB.jpg 569w\" sizes=\"(max-width: 215px) 100vw, 215px\" \/>\t\t\t\t\t\t\t\t\t\t\t\t\t<\/div>\n\t\t\t\t<\/div>\n\t\t\t\t\t<\/div>\n\t\t<\/div>\n\t\t\t\t\t<\/div>\n\t\t<\/section>\n\t\t\t\t<section class=\"elementor-section elementor-top-section elementor-element elementor-element-354336d elementor-section-boxed elementor-section-height-default elementor-section-height-default\" data-id=\"354336d\" data-element_type=\"section\">\n\t\t\t\t\t\t<div class=\"elementor-container elementor-column-gap-default\">\n\t\t\t\t\t<div class=\"elementor-column elementor-col-50 elementor-top-column elementor-element elementor-element-8794f48\" data-id=\"8794f48\" data-element_type=\"column\">\n\t\t\t<div class=\"elementor-widget-wrap elementor-element-populated\">\n\t\t\t\t\t\t<div class=\"elementor-element elementor-element-05983fc elementor-widget elementor-widget-heading\" data-id=\"05983fc\" data-element_type=\"widget\" data-widget_type=\"heading.default\">\n\t\t\t\t<div class=\"elementor-widget-container\">\n\t\t\t<h2 class=\"elementor-heading-title elementor-size-default\">TV Digital e Educa\u00e7\u00e3o B\u00e1sica<\/h2>\t\t<\/div>\n\t\t\t\t<\/div>\n\t\t\t\t<div class=\"elementor-element elementor-element-0f3ef84 elementor-widget elementor-widget-text-editor\" data-id=\"0f3ef84\" data-element_type=\"widget\" data-widget_type=\"text-editor.default\">\n\t\t\t\t<div class=\"elementor-widget-container\">\n\t\t\t\t\t\t\t<p>O livro <strong>\u201c<span class=\"il\">TV<\/span>\u00a0<span class=\"il\">Digital<\/span>\u00a0e\u00a0<span class=\"il\">Educa\u00e7\u00e3o<\/span>\u00a0B\u00e1sica: a televis\u00e3o como meio pedag\u00f3gico, a escola como meio de comunica\u00e7\u00e3o\u201d<\/strong>, sobre uma pesquisa aplicada em escolas da rede p\u00fablica municipal e estadual da regi\u00e3o metropolitana de Belo Horizonte. O livro \u00e9 fruto de um conv\u00eanio entre a EAD\/Seja Digital e a Faculdade de Educa\u00e7\u00e3o da Universidade Federal de Minas Gerais, do qual tamb\u00e9m colaboraram pesquisadores do Centro Universit\u00e1rio UNA e da Universidade Estadual de Minas Gerais.\u00a0<a href=\"https:\/\/issuu.com\/sejadigital\/docs\/livro_tv_digital_e_educa__o_b_sica\" target=\"_blank\" rel=\"noopener\">Clique aqui<\/a>, para acessar o livro.<\/p>\t\t\t\t\t\t<\/div>\n\t\t\t\t<\/div>\n\t\t\t\t\t<\/div>\n\t\t<\/div>\n\t\t\t\t<div class=\"elementor-column elementor-col-50 elementor-top-column elementor-element elementor-element-3088c89\" data-id=\"3088c89\" data-element_type=\"column\">\n\t\t\t<div class=\"elementor-widget-wrap elementor-element-populated\">\n\t\t\t\t\t\t<div class=\"elementor-element elementor-element-52c6633 elementor-widget elementor-widget-image\" data-id=\"52c6633\" data-element_type=\"widget\" data-widget_type=\"image.default\">\n\t\t\t\t<div class=\"elementor-widget-container\">\n\t\t\t\t\t\t\t\t\t\t\t\t\t<img decoding=\"async\" width=\"640\" height=\"865\" src=\"https:\/\/sites.usp.br\/obted\/wp-content\/uploads\/sites\/473\/2021\/10\/CAPA_co-1-Copia-758x1024.jpg\" class=\"attachment-large size-large wp-image-488\" alt=\"\" srcset=\"https:\/\/sites.usp.br\/obted\/wp-content\/uploads\/sites\/473\/2021\/10\/CAPA_co-1-Copia-758x1024.jpg 758w, https:\/\/sites.usp.br\/obted\/wp-content\/uploads\/sites\/473\/2021\/10\/CAPA_co-1-Copia-222x300.jpg 222w, https:\/\/sites.usp.br\/obted\/wp-content\/uploads\/sites\/473\/2021\/10\/CAPA_co-1-Copia-768x1038.jpg 768w, https:\/\/sites.usp.br\/obted\/wp-content\/uploads\/sites\/473\/2021\/10\/CAPA_co-1-Copia-1137x1536.jpg 1137w, https:\/\/sites.usp.br\/obted\/wp-content\/uploads\/sites\/473\/2021\/10\/CAPA_co-1-Copia-400x540.jpg 400w, https:\/\/sites.usp.br\/obted\/wp-content\/uploads\/sites\/473\/2021\/10\/CAPA_co-1-Copia.jpg 1476w\" sizes=\"(max-width: 640px) 100vw, 640px\" \/>\t\t\t\t\t\t\t\t\t\t\t\t\t<\/div>\n\t\t\t\t<\/div>\n\t\t\t\t\t<\/div>\n\t\t<\/div>\n\t\t\t\t\t<\/div>\n\t\t<\/section>\n\t\t\t\t<section class=\"elementor-section elementor-top-section elementor-element elementor-element-0436d8c elementor-section-boxed elementor-section-height-default elementor-section-height-default\" data-id=\"0436d8c\" data-element_type=\"section\">\n\t\t\t\t\t\t<div class=\"elementor-container elementor-column-gap-default\">\n\t\t\t\t\t<div class=\"elementor-column elementor-col-50 elementor-top-column elementor-element elementor-element-93ae921\" data-id=\"93ae921\" data-element_type=\"column\">\n\t\t\t<div class=\"elementor-widget-wrap elementor-element-populated\">\n\t\t\t\t\t\t<div class=\"elementor-element elementor-element-aa70911 elementor-widget elementor-widget-heading\" data-id=\"aa70911\" data-element_type=\"widget\" data-widget_type=\"heading.default\">\n\t\t\t\t<div class=\"elementor-widget-container\">\n\t\t\t<h2 class=\"elementor-heading-title elementor-size-default\">Teletube<\/h2>\t\t<\/div>\n\t\t\t\t<\/div>\n\t\t\t\t<div class=\"elementor-element elementor-element-e7b613a elementor-widget elementor-widget-text-editor\" data-id=\"e7b613a\" data-element_type=\"widget\" data-widget_type=\"text-editor.default\">\n\t\t\t\t<div class=\"elementor-widget-container\">\n\t\t\t\t\t\t\t<p><span style=\"font-style: normal; caret-color: #333333; color: #333333; font-family: 'Amazon Ember', Arial, sans-serif; font-size: 14px;\">As atuais mudan\u00e7as nos processos de recep\u00e7\u00e3o e produ\u00e7\u00e3o dos conte\u00fados ficcionais pretendem assegurar a sobreviv\u00eancia das narrativas televisivas de fic\u00e7\u00e3o na era da converg\u00eancia midi\u00e1tica. A partir de tal conjetura, o livro TELETUBE: TV transm\u00eddia, fic\u00e7\u00e3o e f\u00e3s online prop\u00f5e a discuss\u00e3o de m\u00e9todos de an\u00e1lise da narrativa transm\u00eddia por meio do estudo de telenovelas e s\u00e9ries portuguesas. A proposta da obra \u00e9 tamb\u00e9m observar os coment\u00e1rios dos f\u00e3s no YouTube. Assim, de forma resumida, a proposta \u00e9: (1) observar a migra\u00e7\u00e3o dos conte\u00fados televisivos para multiplataformas; (2) analisar se as fic\u00e7\u00f5es com maior audi\u00eancia na TV aberta podem ser classificadas como transm\u00eddia; (3) analisar qual o impacto desse processo na recep\u00e7\u00e3o de conte\u00fados na internet, em especial no YouTube. Em termos te\u00f3ricos, conceitos como transmedia storytelling, f\u00e3s online e redes s\u00e3o fundamentais, bem como os m\u00e9todos mistos de an\u00e1lise s\u00e3o importantes para o desenho <\/span><span style=\"font-style: normal; caret-color: #333333; color: #333333; font-family: 'Amazon Ember', Arial, sans-serif; font-size: 14px;\">metodol\u00f3gico. Assim, este livro pretende oferecer o seu contributo \u00e0s ci\u00eancias da comunica\u00e7\u00e3o, trazendo ao leitor questionamentos te\u00f3ricos a respeito da articula\u00e7\u00e3o entre novas tecnologias e conte\u00fados televisivos. Est\u00e3o presentes exemplos pr\u00e1ticos dos comportamentos dos f\u00e3s de fic\u00e7\u00e3o no YouTube, marcados por diferentes identidades, pela aprendizagem coletiva acerca das narrativas e pelo fortalecimento da ideia de cultura do conhecimento com a reuni\u00e3o de saberes compartilhados na internet. \u201cFruto de uma pesquisa realizada em Portugal, este livro constitui um claro exemplo da import\u00e2ncia das redes de pesquisa como o Observat\u00f3rio Ibero-americano de Fic\u00e7\u00e3o Televisiva (OBITEL) para o campo da comunica\u00e7\u00e3o no Brasil.\u201d Maria Immacolata Vassallo de Lopes Centro de Pesquisa de Telenovela Universidade de S\u00e3o Paulo ECA\/USP \u201cA bibliografia consultada, portuguesa, latino-americana e anglo-sax\u00f3nica, permite a compara\u00e7\u00e3o dos diferentes contributos te\u00f3ricos e metodol\u00f3gicos, atribuindo ao livro uma validade de leitura universal.\u201d Isabel Ferin Cunha Universidade de Coimbra.<\/span><\/p><p><a href=\"https:\/\/www.amazon.com.br\/Teletube-Transm%C3%ADdia-Fic\u00e7\u00e3o-F\u00e3s-Online\/dp\/8547316795\/ref=asc_df_8547316795\/?tag=googleshopp00-20&amp;linkCode=df0&amp;hvadid=379706947345&amp;hvpos=&amp;hvnetw=g&amp;hvrand=14348993966830312774&amp;hvpone=&amp;hvptwo=&amp;hvqmt=&amp;hvdev=c&amp;hvdvcmdl=&amp;hvlocint=&amp;hvlocphy=1001634&amp;hvtargid=pla-848351028851&amp;psc=1\">Compre aqui<\/a><\/p>\t\t\t\t\t\t<\/div>\n\t\t\t\t<\/div>\n\t\t\t\t\t<\/div>\n\t\t<\/div>\n\t\t\t\t<div class=\"elementor-column elementor-col-50 elementor-top-column elementor-element elementor-element-410dec0\" data-id=\"410dec0\" data-element_type=\"column\">\n\t\t\t<div class=\"elementor-widget-wrap elementor-element-populated\">\n\t\t\t\t\t\t<div class=\"elementor-element elementor-element-1abcfa5 elementor-widget elementor-widget-spacer\" data-id=\"1abcfa5\" data-element_type=\"widget\" data-widget_type=\"spacer.default\">\n\t\t\t\t<div class=\"elementor-widget-container\">\n\t\t\t\t\t<div class=\"elementor-spacer\">\n\t\t\t<div class=\"elementor-spacer-inner\"><\/div>\n\t\t<\/div>\n\t\t\t\t<\/div>\n\t\t\t\t<\/div>\n\t\t\t\t<div class=\"elementor-element elementor-element-2d4a757 elementor-widget elementor-widget-image\" data-id=\"2d4a757\" data-element_type=\"widget\" data-widget_type=\"image.default\">\n\t\t\t\t<div class=\"elementor-widget-container\">\n\t\t\t\t\t\t\t\t\t\t\t\t\t<img decoding=\"async\" width=\"640\" height=\"917\" src=\"https:\/\/sites.usp.br\/obted\/wp-content\/uploads\/sites\/473\/2021\/10\/Teletube_capa-715x1024.jpeg\" class=\"attachment-large size-large wp-image-489\" alt=\"\" srcset=\"https:\/\/sites.usp.br\/obted\/wp-content\/uploads\/sites\/473\/2021\/10\/Teletube_capa-715x1024.jpeg 715w, https:\/\/sites.usp.br\/obted\/wp-content\/uploads\/sites\/473\/2021\/10\/Teletube_capa-210x300.jpeg 210w, https:\/\/sites.usp.br\/obted\/wp-content\/uploads\/sites\/473\/2021\/10\/Teletube_capa-768x1100.jpeg 768w, https:\/\/sites.usp.br\/obted\/wp-content\/uploads\/sites\/473\/2021\/10\/Teletube_capa-400x573.jpeg 400w, https:\/\/sites.usp.br\/obted\/wp-content\/uploads\/sites\/473\/2021\/10\/Teletube_capa.jpeg 894w\" sizes=\"(max-width: 640px) 100vw, 640px\" \/>\t\t\t\t\t\t\t\t\t\t\t\t\t<\/div>\n\t\t\t\t<\/div>\n\t\t\t\t\t<\/div>\n\t\t<\/div>\n\t\t\t\t\t<\/div>\n\t\t<\/section>\n\t\t\t\t<section class=\"elementor-section elementor-top-section elementor-element elementor-element-95617da elementor-section-boxed elementor-section-height-default elementor-section-height-default\" data-id=\"95617da\" data-element_type=\"section\">\n\t\t\t\t\t\t<div class=\"elementor-container elementor-column-gap-default\">\n\t\t\t\t\t<div class=\"elementor-column elementor-col-50 elementor-top-column elementor-element elementor-element-bc6321c\" data-id=\"bc6321c\" data-element_type=\"column\">\n\t\t\t<div class=\"elementor-widget-wrap elementor-element-populated\">\n\t\t\t\t\t\t<div class=\"elementor-element elementor-element-4a5209c elementor-widget elementor-widget-heading\" data-id=\"4a5209c\" data-element_type=\"widget\" data-widget_type=\"heading.default\">\n\t\t\t\t<div class=\"elementor-widget-container\">\n\t\t\t<h2 class=\"elementor-heading-title elementor-size-default\">Televis\u00e3o Digital Terrestre<\/h2>\t\t<\/div>\n\t\t\t\t<\/div>\n\t\t\t\t<div class=\"elementor-element elementor-element-8745b7c elementor-widget elementor-widget-text-editor\" data-id=\"8745b7c\" data-element_type=\"widget\" data-widget_type=\"text-editor.default\">\n\t\t\t\t<div class=\"elementor-widget-container\">\n\t\t\t\t\t\t\t<p>A TV digital representou um momento hist\u00f3rico para o Brasil. Al\u00e9m de estudar, testar e desenvolver tecnologias, posteriormente exportadas para mais de 20 pa\u00edses, o pa\u00eds mostrou uma forma \u00fanica de se organizar. Os cons\u00f3rcios da TV digital, que juntaram 79 institui\u00e7\u00f5es de ensino e pesquisa e mais de 1. 200 pesquisadores, formaram uma rede de pensamento cient\u00edfico e tecnol\u00f3gico \u00fanica em nossa hist\u00f3ria. Este livro apresenta tecnicamente a TV digital, sua hist\u00f3ria e o paradigma da alta defini\u00e7\u00e3o. Al\u00e9m disso, agrega uma vis\u00e3o econ\u00f4mica da cadeia de valor, as linguagens de produ\u00e7\u00e3o e consumo, focadas na interatividade e na proposta de um programa-piloto em TV digital interativa, fechando, assim, o ciclo comercial, tecnol\u00f3gico, social e comunicacional da TV digital. Resumindo, o estudo de Almir Almas \u00e9 uma vis\u00e3o abrangente do desafio que foi a defini\u00e7\u00e3o do SBTVD e do acerto nas escolhas tecnol\u00f3gicas, especialmente da alta defini\u00e7\u00e3o e do H. 264.<\/p><p><a href=\"https:\/\/www.amazon.com.br\/Televisao-Digital-Terrestre-Almir-Almas\/dp\/8579391792\">Compre aqui<\/a><\/p>\t\t\t\t\t\t<\/div>\n\t\t\t\t<\/div>\n\t\t\t\t\t<\/div>\n\t\t<\/div>\n\t\t\t\t<div class=\"elementor-column elementor-col-50 elementor-top-column elementor-element elementor-element-41137b0\" data-id=\"41137b0\" data-element_type=\"column\">\n\t\t\t<div class=\"elementor-widget-wrap elementor-element-populated\">\n\t\t\t\t\t\t<div class=\"elementor-element elementor-element-1d48b31 elementor-widget elementor-widget-spacer\" data-id=\"1d48b31\" data-element_type=\"widget\" data-widget_type=\"spacer.default\">\n\t\t\t\t<div class=\"elementor-widget-container\">\n\t\t\t\t\t<div class=\"elementor-spacer\">\n\t\t\t<div class=\"elementor-spacer-inner\"><\/div>\n\t\t<\/div>\n\t\t\t\t<\/div>\n\t\t\t\t<\/div>\n\t\t\t\t<div class=\"elementor-element elementor-element-5cd73fa elementor-widget elementor-widget-image\" data-id=\"5cd73fa\" data-element_type=\"widget\" data-widget_type=\"image.default\">\n\t\t\t\t<div class=\"elementor-widget-container\">\n\t\t\t\t\t\t\t\t\t\t\t\t\t<img loading=\"lazy\" decoding=\"async\" width=\"640\" height=\"914\" src=\"https:\/\/sites.usp.br\/obted\/wp-content\/uploads\/sites\/473\/2021\/10\/Televisao-Digital-Terrestre.jpeg\" class=\"attachment-large size-large wp-image-502\" alt=\"\" srcset=\"https:\/\/sites.usp.br\/obted\/wp-content\/uploads\/sites\/473\/2021\/10\/Televisao-Digital-Terrestre.jpeg 689w, https:\/\/sites.usp.br\/obted\/wp-content\/uploads\/sites\/473\/2021\/10\/Televisao-Digital-Terrestre-210x300.jpeg 210w, https:\/\/sites.usp.br\/obted\/wp-content\/uploads\/sites\/473\/2021\/10\/Televisao-Digital-Terrestre-400x571.jpeg 400w\" sizes=\"(max-width: 640px) 100vw, 640px\" \/>\t\t\t\t\t\t\t\t\t\t\t\t\t<\/div>\n\t\t\t\t<\/div>\n\t\t\t\t\t<\/div>\n\t\t<\/div>\n\t\t\t\t\t<\/div>\n\t\t<\/section>\n\t\t\t\t<section class=\"elementor-section elementor-top-section elementor-element elementor-element-cd8eeaa elementor-section-boxed elementor-section-height-default elementor-section-height-default\" data-id=\"cd8eeaa\" data-element_type=\"section\">\n\t\t\t\t\t\t<div class=\"elementor-container elementor-column-gap-default\">\n\t\t\t\t\t<div class=\"elementor-column elementor-col-50 elementor-top-column elementor-element elementor-element-5061c3a\" data-id=\"5061c3a\" data-element_type=\"column\">\n\t\t\t<div class=\"elementor-widget-wrap elementor-element-populated\">\n\t\t\t\t\t\t<div class=\"elementor-element elementor-element-9563026 elementor-widget elementor-widget-heading\" data-id=\"9563026\" data-element_type=\"widget\" data-widget_type=\"heading.default\">\n\t\t\t\t<div class=\"elementor-widget-container\">\n\t\t\t<h2 class=\"elementor-heading-title elementor-size-default\">TV Aberta no Brasil<\/h2>\t\t<\/div>\n\t\t\t\t<\/div>\n\t\t\t\t<div class=\"elementor-element elementor-element-d4197e1 elementor-widget elementor-widget-text-editor\" data-id=\"d4197e1\" data-element_type=\"widget\" data-widget_type=\"text-editor.default\">\n\t\t\t\t<div class=\"elementor-widget-container\">\n\t\t\t\t\t\t\t<p><span style=\"caret-color: #404040; color: #404040; font-family: arial, tahoma, verdana, sans-serif; font-style: normal; font-size: 1.6rem;\">A obra TV aberta no Brasil: que televis\u00e3o queremos ter? analisa os importantes desafios que as novas tecnologias de distribui\u00e7\u00e3o de conte\u00fado audiovisual e as transforma\u00e7\u00f5es na sociedade p\u00f3s-industrial est\u00e3o impondo \u00e0 TV Digital brasileira e ao seu modelo de neg\u00f3cios. Este livro tem como principal objetivo realizar uma reflex\u00e3o sobre a viabilidade financeira das emissoras abertas com a chegada da TV digital. Para tanto, analisa o modelo de neg\u00f3cios anterior, da TV anal\u00f3gica, baseado nos comerciais de 30 segundos e como essa forma poder\u00e1 ser afetada inviabilizando a estrutura de produ\u00e7\u00e3o e distribui\u00e7\u00e3o de conte\u00fado pelas emissoras abertas digitais. Busca, ainda, evidenciar demais fatores que contribuem para a migra\u00e7\u00e3o da audi\u00eancia para outras plataformas de distribui\u00e7\u00e3o de conte\u00fado, refutando o senso comum de que o acesso \u00e0 internet banda larga \u00e9 a principal causa da queda dos \u00edndices de audi\u00eancia. Este estudo utiliza-se de uma ampla bibliografia que extrapola o campo espec\u00edfico da Comunica\u00e7\u00e3o e amplia o olhar sobre a ind\u00fastria televisiva aberta no Brasil, enumerando fragilidades do setor e apontando poss\u00edveis estrat\u00e9gias para que a televis\u00e3o brasileira possa adaptar-se \u00e0 nova estrutura da comunica\u00e7\u00e3o que est\u00e1 se formando em nosso pa\u00eds.<\/span><\/p><p><a style=\"font-size: 1.6rem;\" href=\"https:\/\/www.magazineluiza.com.br\/tv-aberta-no-brasil-que-televisao-queremos-ter\/p\/bj69hfjk66\/li\/limm\/\">Compre aqui<\/a><\/p>\t\t\t\t\t\t<\/div>\n\t\t\t\t<\/div>\n\t\t\t\t\t<\/div>\n\t\t<\/div>\n\t\t\t\t<div class=\"elementor-column elementor-col-50 elementor-top-column elementor-element elementor-element-72b93d7\" data-id=\"72b93d7\" data-element_type=\"column\">\n\t\t\t<div class=\"elementor-widget-wrap elementor-element-populated\">\n\t\t\t\t\t\t<div class=\"elementor-element elementor-element-be04bf0 elementor-widget elementor-widget-spacer\" data-id=\"be04bf0\" data-element_type=\"widget\" data-widget_type=\"spacer.default\">\n\t\t\t\t<div class=\"elementor-widget-container\">\n\t\t\t\t\t<div class=\"elementor-spacer\">\n\t\t\t<div class=\"elementor-spacer-inner\"><\/div>\n\t\t<\/div>\n\t\t\t\t<\/div>\n\t\t\t\t<\/div>\n\t\t\t\t<div class=\"elementor-element elementor-element-82bf280 elementor-widget elementor-widget-image\" data-id=\"82bf280\" data-element_type=\"widget\" data-widget_type=\"image.default\">\n\t\t\t\t<div class=\"elementor-widget-container\">\n\t\t\t\t\t\t\t\t\t\t\t\t\t<img loading=\"lazy\" decoding=\"async\" width=\"640\" height=\"640\" src=\"https:\/\/sites.usp.br\/obted\/wp-content\/uploads\/sites\/473\/2021\/10\/TV-Aberta-no-Brasil-2.jpeg\" class=\"attachment-large size-large wp-image-503\" alt=\"\" srcset=\"https:\/\/sites.usp.br\/obted\/wp-content\/uploads\/sites\/473\/2021\/10\/TV-Aberta-no-Brasil-2.jpeg 667w, https:\/\/sites.usp.br\/obted\/wp-content\/uploads\/sites\/473\/2021\/10\/TV-Aberta-no-Brasil-2-300x300.jpeg 300w, https:\/\/sites.usp.br\/obted\/wp-content\/uploads\/sites\/473\/2021\/10\/TV-Aberta-no-Brasil-2-150x150.jpeg 150w, https:\/\/sites.usp.br\/obted\/wp-content\/uploads\/sites\/473\/2021\/10\/TV-Aberta-no-Brasil-2-250x250.jpeg 250w, https:\/\/sites.usp.br\/obted\/wp-content\/uploads\/sites\/473\/2021\/10\/TV-Aberta-no-Brasil-2-174x174.jpeg 174w, https:\/\/sites.usp.br\/obted\/wp-content\/uploads\/sites\/473\/2021\/10\/TV-Aberta-no-Brasil-2-45x45.jpeg 45w, https:\/\/sites.usp.br\/obted\/wp-content\/uploads\/sites\/473\/2021\/10\/TV-Aberta-no-Brasil-2-200x200.jpeg 200w, https:\/\/sites.usp.br\/obted\/wp-content\/uploads\/sites\/473\/2021\/10\/TV-Aberta-no-Brasil-2-400x400.jpeg 400w\" sizes=\"(max-width: 640px) 100vw, 640px\" \/>\t\t\t\t\t\t\t\t\t\t\t\t\t<\/div>\n\t\t\t\t<\/div>\n\t\t\t\t\t<\/div>\n\t\t<\/div>\n\t\t\t\t\t<\/div>\n\t\t<\/section>\n\t\t\t\t<\/div>\n\t\t","protected":false},"excerpt":{"rendered":"<p>TV Digital A experi\u00eancia da UCB que mobilizou estudantes, professores e funcion\u00e1rios de v\u00e1rias \u00e1reas de conhecimento lan\u00e7ou no universo da radiodifus\u00e3o do p\u00fablico da TV Aberta mais de 700 jovens da gera\u00e7\u00e3o somente acostumada ao consumo de conte\u00fado distribu\u00eddo pelas redes de computadores. Os resultados instigantes e interessantes desta experi\u00eancia est\u00e3o nos relatos presentes<a href=\"https:\/\/sites.usp.br\/obted\/livros\/\">[&#8230;]<\/a><\/p>\n","protected":false},"author":22286,"featured_media":489,"parent":0,"menu_order":0,"comment_status":"closed","ping_status":"closed","template":"","meta":{"footnotes":"","_links_to":"","_links_to_target":""},"class_list":["post-485","page","type-page","status-publish","has-post-thumbnail","hentry"],"_links":{"self":[{"href":"https:\/\/sites.usp.br\/obted\/wp-json\/wp\/v2\/pages\/485","targetHints":{"allow":["GET"]}}],"collection":[{"href":"https:\/\/sites.usp.br\/obted\/wp-json\/wp\/v2\/pages"}],"about":[{"href":"https:\/\/sites.usp.br\/obted\/wp-json\/wp\/v2\/types\/page"}],"author":[{"embeddable":true,"href":"https:\/\/sites.usp.br\/obted\/wp-json\/wp\/v2\/users\/22286"}],"replies":[{"embeddable":true,"href":"https:\/\/sites.usp.br\/obted\/wp-json\/wp\/v2\/comments?post=485"}],"version-history":[{"count":4,"href":"https:\/\/sites.usp.br\/obted\/wp-json\/wp\/v2\/pages\/485\/revisions"}],"predecessor-version":[{"id":587,"href":"https:\/\/sites.usp.br\/obted\/wp-json\/wp\/v2\/pages\/485\/revisions\/587"}],"wp:featuredmedia":[{"embeddable":true,"href":"https:\/\/sites.usp.br\/obted\/wp-json\/wp\/v2\/media\/489"}],"wp:attachment":[{"href":"https:\/\/sites.usp.br\/obted\/wp-json\/wp\/v2\/media?parent=485"}],"curies":[{"name":"wp","href":"https:\/\/api.w.org\/{rel}","templated":true}]}}