{"id":674,"date":"2023-03-25T13:14:05","date_gmt":"2023-03-25T15:14:05","guid":{"rendered":"https:\/\/sites.usp.br\/obted\/?page_id=674"},"modified":"2023-03-25T13:27:43","modified_gmt":"2023-03-25T15:27:43","slug":"narrativas-convergentes-es","status":"publish","type":"page","link":"https:\/\/sites.usp.br\/obted\/narrativas-convergentes-es\/","title":{"rendered":"Llamada Ebook &#8211; Narrativas Convergentes &#8211; ES"},"content":{"rendered":"\t\t<div data-elementor-type=\"wp-page\" data-elementor-id=\"674\" class=\"elementor elementor-674\" data-elementor-post-type=\"page\">\n\t\t\t\t\t\t<section class=\"elementor-section elementor-top-section elementor-element elementor-element-a99d19c elementor-section-boxed elementor-section-height-default elementor-section-height-default\" data-id=\"a99d19c\" data-element_type=\"section\">\n\t\t\t\t\t\t<div class=\"elementor-container elementor-column-gap-default\">\n\t\t\t\t\t<div class=\"elementor-column elementor-col-100 elementor-top-column elementor-element elementor-element-538f4c2\" data-id=\"538f4c2\" data-element_type=\"column\">\n\t\t\t<div class=\"elementor-widget-wrap elementor-element-populated\">\n\t\t\t\t\t\t<section class=\"elementor-section elementor-inner-section elementor-element elementor-element-da4c5ee elementor-section-boxed elementor-section-height-default elementor-section-height-default\" data-id=\"da4c5ee\" data-element_type=\"section\">\n\t\t\t\t\t\t<div class=\"elementor-container elementor-column-gap-default\">\n\t\t\t\t\t<div class=\"elementor-column elementor-col-50 elementor-inner-column elementor-element elementor-element-18c5732\" data-id=\"18c5732\" data-element_type=\"column\">\n\t\t\t<div class=\"elementor-widget-wrap elementor-element-populated\">\n\t\t\t\t\t\t<div class=\"elementor-element elementor-element-940fda8 elementor-align-right elementor-widget elementor-widget-button\" data-id=\"940fda8\" data-element_type=\"widget\" data-widget_type=\"button.default\">\n\t\t\t\t<div class=\"elementor-widget-container\">\n\t\t\t\t\t\t\t<div class=\"elementor-button-wrapper\">\n\t\t\t\t\t<a class=\"elementor-button elementor-button-link elementor-size-sm\" href=\"https:\/\/sites.usp.br\/obted\/narrativas-convergentes-pt\/\">\n\t\t\t\t\t\t<span class=\"elementor-button-content-wrapper\">\n\t\t\t\t\t\t\t\t\t<span class=\"elementor-button-text\">PORTUGU\u00caS<\/span>\n\t\t\t\t\t<\/span>\n\t\t\t\t\t<\/a>\n\t\t\t\t<\/div>\n\t\t\t\t\t\t<\/div>\n\t\t\t\t<\/div>\n\t\t\t\t\t<\/div>\n\t\t<\/div>\n\t\t\t\t<div class=\"elementor-column elementor-col-50 elementor-inner-column elementor-element elementor-element-7eb657e\" data-id=\"7eb657e\" data-element_type=\"column\">\n\t\t\t<div class=\"elementor-widget-wrap elementor-element-populated\">\n\t\t\t\t\t\t<div class=\"elementor-element elementor-element-78e8d50 elementor-widget elementor-widget-button\" data-id=\"78e8d50\" data-element_type=\"widget\" data-widget_type=\"button.default\">\n\t\t\t\t<div class=\"elementor-widget-container\">\n\t\t\t\t\t\t\t<div class=\"elementor-button-wrapper\">\n\t\t\t\t\t<a class=\"elementor-button elementor-button-link elementor-size-sm\" href=\"https:\/\/sites.usp.br\/obted\/narrativas-convergentes-es\/\">\n\t\t\t\t\t\t<span class=\"elementor-button-content-wrapper\">\n\t\t\t\t\t\t\t\t\t<span class=\"elementor-button-text\">ESPA\u00d1OL<\/span>\n\t\t\t\t\t<\/span>\n\t\t\t\t\t<\/a>\n\t\t\t\t<\/div>\n\t\t\t\t\t\t<\/div>\n\t\t\t\t<\/div>\n\t\t\t\t\t<\/div>\n\t\t<\/div>\n\t\t\t\t\t<\/div>\n\t\t<\/section>\n\t\t\t\t\t<\/div>\n\t\t<\/div>\n\t\t\t\t\t<\/div>\n\t\t<\/section>\n\t\t\t\t<section class=\"elementor-section elementor-top-section elementor-element elementor-element-899893a elementor-section-boxed elementor-section-height-default elementor-section-height-default\" data-id=\"899893a\" data-element_type=\"section\">\n\t\t\t\t\t\t<div class=\"elementor-container elementor-column-gap-default\">\n\t\t\t\t\t<div class=\"elementor-column elementor-col-100 elementor-top-column elementor-element elementor-element-1579b3f\" data-id=\"1579b3f\" data-element_type=\"column\">\n\t\t\t<div class=\"elementor-widget-wrap elementor-element-populated\">\n\t\t\t\t\t\t<div class=\"elementor-element elementor-element-11d13e1 elementor-widget elementor-widget-text-editor\" data-id=\"11d13e1\" data-element_type=\"widget\" data-widget_type=\"text-editor.default\">\n\t\t\t\t<div class=\"elementor-widget-container\">\n\t\t\t\t\t\t\t<p style=\"text-align: center;\"><span style=\"color: #000000;\"><strong>NARRATIVAS CONVERGENTES: El audiovisual en tiempos de convergencia digital y cultural<\/strong><\/span><br \/><span style=\"color: #000000;\"><strong>15 de febrero de 2023<\/strong><\/span><\/p>\t\t\t\t\t\t<\/div>\n\t\t\t\t<\/div>\n\t\t\t\t<div class=\"elementor-element elementor-element-8c25c56 elementor-widget elementor-widget-image\" data-id=\"8c25c56\" data-element_type=\"widget\" data-widget_type=\"image.default\">\n\t\t\t\t<div class=\"elementor-widget-container\">\n\t\t\t\t\t\t\t\t\t\t\t\t\t<img fetchpriority=\"high\" decoding=\"async\" width=\"640\" height=\"284\" src=\"https:\/\/sites.usp.br\/obted\/wp-content\/uploads\/sites\/473\/2023\/03\/banner-ES-1024x455.jpg\" class=\"attachment-large size-large wp-image-657\" alt=\"\" srcset=\"https:\/\/sites.usp.br\/obted\/wp-content\/uploads\/sites\/473\/2023\/03\/banner-ES-1024x455.jpg 1024w, https:\/\/sites.usp.br\/obted\/wp-content\/uploads\/sites\/473\/2023\/03\/banner-ES-300x133.jpg 300w, https:\/\/sites.usp.br\/obted\/wp-content\/uploads\/sites\/473\/2023\/03\/banner-ES-768x341.jpg 768w, https:\/\/sites.usp.br\/obted\/wp-content\/uploads\/sites\/473\/2023\/03\/banner-ES-400x178.jpg 400w, https:\/\/sites.usp.br\/obted\/wp-content\/uploads\/sites\/473\/2023\/03\/banner-ES.jpg 1080w\" sizes=\"(max-width: 640px) 100vw, 640px\" \/>\t\t\t\t\t\t\t\t\t\t\t\t\t<\/div>\n\t\t\t\t<\/div>\n\t\t\t\t<div class=\"elementor-element elementor-element-f53ca21 elementor-widget elementor-widget-text-editor\" data-id=\"f53ca21\" data-element_type=\"widget\" data-widget_type=\"text-editor.default\">\n\t\t\t\t<div class=\"elementor-widget-container\">\n\t\t\t\t\t\t\t<div style=\"text-align: center;\"><p style=\"text-align: center;\"><b><span style=\"color: #000000;\">Convocatoria de art\u00edculos:<\/span><\/b><br \/><span style=\"color: #000000;\">Formato libre (Ensayos, testimonios, reflexiones, ficciones, ensayos pict\u00f3ricos, etc.);<\/span><br \/><span style=\"color: #000000;\">Textos in\u00e9ditos de hasta 15 mil caracteres (con espacios) en espa\u00f1ol y portugu\u00e9s;<\/span><br \/><span style=\"color: #000000;\">Im\u00e1genes en 300 dpi con un m\u00ednimo de 23 cm (altura);<\/span><\/p><p style=\"text-align: center;\"><span style=\"color: #000000;\"><b>Fecha l\u00edmite de envio: <\/b>16 de abril de 2023<\/span><\/p><p style=\"text-align: center;\"><b><span style=\"color: #000000;\">Email para envio y contacto:<\/span><\/b><a href=\"mailto:obted@usp.br\" target=\"_blank\" rel=\"noopener\"> obted@usp.br<\/a><\/p><p style=\"text-align: center;\"><span style=\"color: #000000;\">NARRATIVAS CONVERGENTES es una iniciativa conjunta del Programa de Investigaci\u00f3n Aplicada en Narrativas Audiovisuales en Tiempos de Convergencia Digital y Cultural (PIANATCDC &#8211; UNTREF\/Argentina), el Observat\u00f3rio Brasileiro de Televis\u00e3o Digital e Converg\u00eancia Digital (OBTED &#8211; USP\/Brasil) y el LabArteM\u00eddia, Laborat\u00f3rio de Arte, M\u00eddia e Tecnologias Digitais (USP\/Brasil), que se propone construir un esbozo de marco te\u00f3rico latinoamericano que traiga reflexiones cient\u00edficas, estudios de casos y an\u00e1lisis que tengan como eje las narrativas audiovisuales contempor\u00e1neas con una mirada oblicua, o sea, diversificada.<\/span><br \/><span style=\"color: #000000;\"><br \/>La iniciativa tiene por objeto reunir investigaciones sobre narrativas audiovisuales en tiempos de convergencia digital y cultural en toda su especificidad te\u00f3rica y cultural: las condiciones emergentes de su creaci\u00f3n, distribuci\u00f3n y recepci\u00f3n, y\/o expansi\u00f3n por el p\u00fablico usuario en el contexto de las plataformas mediales tradicionales y emergentes; combinando, por un lado, la investigaci\u00f3n en los productos de la industria audiovisual de masas en su metamorfosis digital y sus intersecciones con los nuevos g\u00e9neros y contenidos de las producciones latinoamericanas generadas en la tradici\u00f3n de la no-ficci\u00f3n como en la ficci\u00f3n de entretenimiento.<\/span><\/p><\/div><p style=\"text-align: center;\"><span style=\"color: #000000;\">Como es una convocatoria latinoamericana, queremos abrazar las similitudes, diferencias y contradicciones que ha generado la convergencia en las narrativas audiovisuales en los \u00faltimos a\u00f1os y c\u00f3mo la transformaci\u00f3n digital ha modificado la cadena audiovisual de la regi\u00f3n, entendiendo que es imperativo comprender la regi\u00f3n como lugar de conexi\u00f3n, sinergia y acciones conjuntas, aunque las cadenas de distribuci\u00f3n audiovisual no lo entiendan as\u00ed, y en general, las producciones audiovisuales en espa\u00f1ol y portugu\u00e9s parezcan no tener lazos de convergencia, m\u00e1s all\u00e1 de los geogr\u00e1ficos.<\/span><\/p><p style=\"text-align: center;\"><span style=\"color: #000000;\">Pretendemos comenzar com este proyecto a desarrollar, de forma conjunta, lo que se puede constituir en un marco te\u00f3rico y cr\u00edtico que contribuya a describir y comprender la especificidad de las narrativas audiovisuales en la convergencia digital y cultural;\u00a0 dotar de herramientas te\u00f3ricas y cr\u00edticas para estudiar las articulaciones, interferencias y conflictos entre los relatos transmedia de \u00a8hechos factuales\u00a8 y \u00a8hechos ficcionales\u00a8; realizar inferencias sobre cu\u00e1les son las transformaciones en los modos de creaci\u00f3n, producci\u00f3n, distribuci\u00f3n, circulaci\u00f3n, consumo y recreaci\u00f3n de los contenidos narrativos que circulan en los complejos circuitos emergentes de las redes digitales y sus correspondientes formatos anal\u00f3gicos; cu\u00e1les pueden haber sido las principales cambios en el consumo audiovisual e si estos provocaron modificaciones en la producci\u00f3n de contenidos, entre otras inferencias.<\/span><\/p><p style=\"text-align: center;\"><span style=\"color: #000000;\">Entendemos que analizar las NARRATIVAS CONVERGENTES se torn\u00f3 a\u00fan m\u00e1s importante despu\u00e9s de los cambios producidos por el impacto de la pandemia de COVID-19, la aceleraci\u00f3n de algunos cambios tecnol\u00f3gicos y\u00a0 la disponibilidad de mayor capacidad de conexi\u00f3n con la llegada de las redes 5G, que de alguna forma impactaron los modelos de creaci\u00f3n, producci\u00f3n, captaci\u00f3n, edici\u00f3n y distribuci\u00f3n de contenidos y la forma de consumo audiovisual, sino tambi\u00e9n el ecosistema como un todo.<\/span><\/p><p style=\"text-align: center;\"><b><span style=\"color: #000000;\">Ficha T\u00e9cnica<\/span><\/b><br \/><span style=\"color: #000000;\">P\u00e1ginas a definir<\/span><br \/><span style=\"color: #000000;\">Formato: 16cm x 23cm<\/span><br \/><span style=\"color: #000000;\">4 x 4 (color)<\/span><br \/><span style=\"color: #000000;\">Formato digital (e-book) <\/span><br \/><span style=\"color: #000000;\">ISBN: ECA\/USP <\/span><br \/><span style=\"color: #000000;\">ISGN: UNTREF<\/span><\/p><p style=\"text-align: center;\"><b><span style=\"color: #000000;\">Sobre los miembros<br \/><\/span><\/b><br \/><b><span style=\"color: #000000;\">Obted\u00a0 \u2013 CTR \u2013 ECA\/USP<\/span><\/b><br \/><span style=\"color: #000000;\">El Observat\u00f3rio Brasileiro de Televis\u00e3o Digital e Converg\u00eancia Tecnol\u00f3gica (Obted) es un proyecto del\u00a0 Departamento de Cinema R\u00e1dio e Televis\u00e3o y del Programa de P\u00f3s-Gradua\u00e7\u00e3o em Meios e Processos Audiovisuais de la Escola de Comunica\u00e7\u00e3o e Artes de la Universidade de S\u00e3o Paulo. Su misi\u00f3n es reflexionar sobre la televisi\u00f3n en la era de la producci\u00f3n digital en masa, a trav\u00e9s de estudios dirigidos a las nuevas posibilidades de consumir los contenidos, las implicaciones sociales que trae consigo el sistema digital y los impactos de las mejoras tecnol\u00f3gicas &#8211; que incluyen la televisi\u00f3n digital, el apag\u00f3n anal\u00f3gico, la Inteligencia Artificial, los sistemas de difusi\u00f3n, la Internet de las Cosas (Iot) y TV 3.0. El Obted, por medio de sus miembros y colaboradores, propone debates, experimenta con tecnolog\u00edas y construye conocimiento en red.<\/span><\/p><p style=\"text-align: center;\"><b><span style=\"color: #000000;\">LabArteM\u00eddia \u2013 CTR \u2013 ECA\/USP<\/span><\/b><br \/><span style=\"color: #000000;\">El Laborat\u00f3rio de Arte, M\u00eddia e Tecnologias Digitais (LabArteM\u00eddia) es un grupo de investigaci\u00f3n e innovaci\u00f3n en artes audiovisuales vinculado al Departamento de Cinema R\u00e1dio e Televis\u00e3o y al Programa de P\u00f3s-Gradua\u00e7\u00e3o em Meios e Processos Audiovisuais de la Escola de Comunica\u00e7\u00e3o e Artes (ECA) de la Universidade de S\u00e3o Paulo. Creado por el profesor Dr. Almir Ant\u00f4nio Rosa (Almir Almas), investiga los recursos y el potencial experimental de los sistemas computacionales en la creaci\u00f3n de contenidos audiovisuales digitales en interactividad y convergencia entre pantallas, multiplataformas y entornos X-Reality. Las investigaciones de sus miembros conectan el amplio aparato conceptual en torno al cine expandido con la experimentaci\u00f3n ling\u00fc\u00edstica y la innovaci\u00f3n tecnol\u00f3gica, la creaci\u00f3n art\u00edstica y las actividades de extensi\u00f3n y difusi\u00f3n.<\/span><\/p><p style=\"text-align: center;\"><span style=\"color: #000000;\"><b>PIANATCDC &#8211; UNTREF<\/b><br \/>El Programa de Investigaci\u00f3n Aplicada en Narrativas Audiovisuales en Tiempos de Convergencia Digital y Cultural, del Instituto de Investigaciones en Arte y Cultura Dr. Norberto Griffa, de la Universidad Nacional de Tres de Febrero surge de la necesidad de analizar, estudiar e investigar las consecuencias de la convergencia digital y cultural a las narrativas audiovisuales en un momento donde las fronteras de conocimiento, praxis y desarrollos se entrecruzan. El Proyecto creado por el Profesor Dr. Fernando Carlos Moura y el Lic. Sergio F. Romero fue concebido de forma multisectorial, incorporando a su corpus la idea de aportar desde la docencia, la investigaci\u00f3n y la transferencia un \u00e1mbito de debate y discusi\u00f3n que supere el claustro y entienda que la praxis audiovisual es fundamental para trabajar en un ecosistema en constante mutaci\u00f3n. As\u00ed, se propone un abordaje diferenciado que entienda el contexto pos-pand\u00e9mico e intente trabajar, analizar y, sobre todo, observar narrativas audiovisuales con una mirada oblicua, o sea, diversificada.<\/span><\/p><p>\u00a0<\/p><p id=\"docs-internal-guid-8fd5db4a-7fff-55c6-a633-f1fbe4d46f2b\" dir=\"ltr\" style=\"line-height: 1.3800000000000001; text-align: center; margin-top: 0pt; margin-bottom: 12pt;\"><span style=\"font-size: 12pt; font-family: Arial; color: #000000; background-color: transparent; font-weight: bold; font-style: normal; font-variant: normal; text-decoration: none; vertical-align: baseline; white-space: pre-wrap;\">PIANATCDC &#8211; UNTREF\/Argentina<\/span><span style=\"font-size: 12pt; font-family: Arial; color: #000000; background-color: transparent; font-weight: bold; font-style: normal; font-variant: normal; text-decoration: none; vertical-align: baseline; white-space: pre-wrap;\"><br \/><\/span><a style=\"text-decoration: none;\" href=\"https:\/\/untref.edu.ar\/instituto\/programa-de-investigacion-aplicada-en-narrativas-audiovisuales-en-tiempos-de-convergencia-digital-y-cultural\"><span style=\"font-size: 12pt; font-family: Arial; color: #1155cc; background-color: transparent; font-weight: 400; font-style: normal; font-variant: normal; text-decoration: underline; -webkit-text-decoration-skip: none; text-decoration-skip-ink: none; vertical-align: baseline; white-space: pre-wrap;\">https:\/\/untref.edu.ar\/instituto\/programa-de-investigacion-aplicada-en-narrativas-audiovisuales-en-tiempos-de-convergencia-digital-y-cultural<\/span><\/a><\/p><p dir=\"ltr\" style=\"line-height: 1.3800000000000001; text-align: center; margin-top: 0pt; margin-bottom: 12pt;\"><span style=\"font-size: 12pt; font-family: Arial; color: #000000; background-color: transparent; font-weight: 400; font-style: normal; font-variant: normal; text-decoration: none; vertical-align: baseline; white-space: pre-wrap;\">Lic. Producci\u00f3n Audiovisual<\/span><span style=\"font-size: 12pt; font-family: Arial; color: #000000; background-color: transparent; font-weight: 400; font-style: normal; font-variant: normal; text-decoration: none; vertical-align: baseline; white-space: pre-wrap;\"><br \/><\/span><span style=\"font-size: 12pt; font-family: Arial; color: #000000; background-color: transparent; font-weight: 400; font-style: normal; font-variant: normal; text-decoration: none; vertical-align: baseline; white-space: pre-wrap;\">Endere\u00e7o: Juncal 1319 (C1062AB0), CABA &#8211; Argentina<\/span><\/p><p dir=\"ltr\" style=\"line-height: 1.3800000000000001; text-align: center; margin-top: 0pt; margin-bottom: 12pt;\"><span style=\"font-size: 12pt; font-family: Arial; color: #000000; background-color: transparent; font-weight: 400; font-style: normal; font-variant: normal; text-decoration: none; vertical-align: baseline; white-space: pre-wrap;\">fcmoura@untref.edu.ar<\/span><span style=\"font-size: 12pt; font-family: Arial; color: #000000; background-color: transparent; font-weight: 400; font-style: normal; font-variant: normal; text-decoration: none; vertical-align: baseline; white-space: pre-wrap;\"><br \/><\/span><span style=\"font-size: 12pt; font-family: Arial; color: #000000; background-color: transparent; font-weight: 400; font-style: normal; font-variant: normal; text-decoration: none; vertical-align: baseline; white-space: pre-wrap;\">sromero@untref.edu.ar<\/span><\/p><p dir=\"ltr\" style=\"line-height: 1.3800000000000001; text-align: center; margin-top: 12pt; margin-bottom: 12pt;\"><span style=\"font-size: 12pt; font-family: Arial; color: #000000; background-color: transparent; font-weight: bold; font-style: normal; font-variant: normal; text-decoration: none; vertical-align: baseline; white-space: pre-wrap;\">OBTED &#8211; Brasil<\/span><span style=\"font-size: 12pt; font-family: Arial; color: #000000; background-color: transparent; font-weight: bold; font-style: normal; font-variant: normal; text-decoration: none; vertical-align: baseline; white-space: pre-wrap;\"><br \/><\/span><a style=\"text-decoration: none;\" href=\"https:\/\/sites.usp.br\/obted\/\"><span style=\"font-size: 12pt; font-family: Arial; color: #1155cc; background-color: transparent; font-weight: 400; font-style: normal; font-variant: normal; text-decoration: underline; -webkit-text-decoration-skip: none; text-decoration-skip-ink: none; vertical-align: baseline; white-space: pre-wrap;\">https:\/\/sites.usp.br\/obted\/<\/span><\/a><\/p><p dir=\"ltr\" style=\"line-height: 1.3800000000000001; text-align: center; margin-top: 12pt; margin-bottom: 12pt;\"><span style=\"font-size: 12pt; font-family: Arial; color: #000000; background-color: transparent; font-weight: bold; font-style: normal; font-variant: normal; text-decoration: none; vertical-align: baseline; white-space: pre-wrap;\">LabArteM\u00eddia &#8211; Brasil<\/span><span style=\"font-size: 12pt; font-family: Arial; color: #000000; background-color: transparent; font-weight: bold; font-style: normal; font-variant: normal; text-decoration: none; vertical-align: baseline; white-space: pre-wrap;\"><br \/><\/span><a style=\"text-decoration: none;\" href=\"https:\/\/sites.usp.br\/labartemidia\/\"><span style=\"font-size: 12pt; font-family: Arial; color: #1155cc; background-color: transparent; font-weight: 400; font-style: normal; font-variant: normal; text-decoration: underline; -webkit-text-decoration-skip: none; text-decoration-skip-ink: none; vertical-align: baseline; white-space: pre-wrap;\">https:\/\/sites.usp.br\/labartemidia\/<\/span><span style=\"font-size: 12pt; font-family: Arial; color: #1155cc; background-color: transparent; font-weight: 400; font-style: normal; font-variant: normal; text-decoration: underline; -webkit-text-decoration-skip: none; text-decoration-skip-ink: none; vertical-align: baseline; white-space: pre-wrap;\"><br \/><\/span><\/a><span style=\"font-size: 12pt; font-family: Arial; color: #000000; background-color: transparent; font-weight: 400; font-style: normal; font-variant: normal; text-decoration: none; vertical-align: baseline; white-space: pre-wrap;\">Departamento de Cinema, R\u00e1dio e Televis\u00e3o<\/span><span style=\"font-size: 12pt; font-family: Arial; color: #000000; background-color: transparent; font-weight: 400; font-style: normal; font-variant: normal; text-decoration: none; vertical-align: baseline; white-space: pre-wrap;\"><br \/><\/span><span style=\"font-size: 12pt; font-family: Arial; color: #000000; background-color: transparent; font-weight: 400; font-style: normal; font-variant: normal; text-decoration: none; vertical-align: baseline; white-space: pre-wrap;\">Endere\u00e7o: Av. Prof. L\u00facio Martins Rodrigues, 443 &#8211; Pr\u00e9dio 4<\/span><span style=\"font-size: 12pt; font-family: Arial; color: #000000; background-color: transparent; font-weight: 400; font-style: normal; font-variant: normal; text-decoration: none; vertical-align: baseline; white-space: pre-wrap;\"><br \/><\/span><span style=\"font-size: 12pt; font-family: Arial; color: #000000; background-color: transparent; font-weight: 400; font-style: normal; font-variant: normal; text-decoration: none; vertical-align: baseline; white-space: pre-wrap;\">Cidade Universit\u00e1ria, S\u00e3o Paulo &#8211; SP<\/span><span style=\"font-size: 12pt; font-family: Arial; color: #000000; background-color: transparent; font-weight: 400; font-style: normal; font-variant: normal; text-decoration: none; vertical-align: baseline; white-space: pre-wrap;\"><br \/><\/span><span style=\"font-size: 12pt; font-family: Arial; color: #000000; background-color: transparent; font-weight: 400; font-style: normal; font-variant: normal; text-decoration: none; vertical-align: baseline; white-space: pre-wrap;\">CEP 05508-020<\/span><\/p>\t\t\t\t\t\t<\/div>\n\t\t\t\t<\/div>\n\t\t\t\t<div class=\"elementor-element elementor-element-6428e9c elementor-widget elementor-widget-image\" data-id=\"6428e9c\" data-element_type=\"widget\" data-widget_type=\"image.default\">\n\t\t\t\t<div class=\"elementor-widget-container\">\n\t\t\t\t\t\t\t\t\t\t\t\t\t<img decoding=\"async\" width=\"640\" height=\"81\" src=\"https:\/\/sites.usp.br\/obted\/wp-content\/uploads\/sites\/473\/2023\/03\/logos-usp-eca-ctr-ppgmpa-labartemidia.png\" class=\"attachment-large size-large wp-image-668\" alt=\"\" srcset=\"https:\/\/sites.usp.br\/obted\/wp-content\/uploads\/sites\/473\/2023\/03\/logos-usp-eca-ctr-ppgmpa-labartemidia.png 729w, https:\/\/sites.usp.br\/obted\/wp-content\/uploads\/sites\/473\/2023\/03\/logos-usp-eca-ctr-ppgmpa-labartemidia-300x38.png 300w, https:\/\/sites.usp.br\/obted\/wp-content\/uploads\/sites\/473\/2023\/03\/logos-usp-eca-ctr-ppgmpa-labartemidia-400x50.png 400w\" sizes=\"(max-width: 640px) 100vw, 640px\" \/>\t\t\t\t\t\t\t\t\t\t\t\t\t<\/div>\n\t\t\t\t<\/div>\n\t\t\t\t\t<\/div>\n\t\t<\/div>\n\t\t\t\t\t<\/div>\n\t\t<\/section>\n\t\t\t\t<\/div>\n\t\t","protected":false},"excerpt":{"rendered":"<p>PORTUGU\u00caS ESPA\u00d1OL NARRATIVAS CONVERGENTES: El audiovisual en tiempos de convergencia digital y cultural15 de febrero de 2023 Convocatoria de art\u00edculos:Formato libre (Ensayos, testimonios, reflexiones, ficciones, ensayos pict\u00f3ricos, etc.);Textos in\u00e9ditos de hasta 15 mil caracteres (con espacios) en espa\u00f1ol y portugu\u00e9s;Im\u00e1genes en 300 dpi con un m\u00ednimo de 23 cm (altura); Fecha l\u00edmite de envio: 16<a href=\"https:\/\/sites.usp.br\/obted\/narrativas-convergentes-es\/\">[&#8230;]<\/a><\/p>\n","protected":false},"author":23272,"featured_media":0,"parent":0,"menu_order":0,"comment_status":"closed","ping_status":"closed","template":"","meta":{"footnotes":"","_links_to":"","_links_to_target":""},"class_list":["post-674","page","type-page","status-publish","hentry"],"_links":{"self":[{"href":"https:\/\/sites.usp.br\/obted\/wp-json\/wp\/v2\/pages\/674","targetHints":{"allow":["GET"]}}],"collection":[{"href":"https:\/\/sites.usp.br\/obted\/wp-json\/wp\/v2\/pages"}],"about":[{"href":"https:\/\/sites.usp.br\/obted\/wp-json\/wp\/v2\/types\/page"}],"author":[{"embeddable":true,"href":"https:\/\/sites.usp.br\/obted\/wp-json\/wp\/v2\/users\/23272"}],"replies":[{"embeddable":true,"href":"https:\/\/sites.usp.br\/obted\/wp-json\/wp\/v2\/comments?post=674"}],"version-history":[{"count":4,"href":"https:\/\/sites.usp.br\/obted\/wp-json\/wp\/v2\/pages\/674\/revisions"}],"predecessor-version":[{"id":699,"href":"https:\/\/sites.usp.br\/obted\/wp-json\/wp\/v2\/pages\/674\/revisions\/699"}],"wp:attachment":[{"href":"https:\/\/sites.usp.br\/obted\/wp-json\/wp\/v2\/media?parent=674"}],"curies":[{"name":"wp","href":"https:\/\/api.w.org\/{rel}","templated":true}]}}