{"id":867,"date":"2024-04-22T23:39:28","date_gmt":"2024-04-23T02:39:28","guid":{"rendered":"https:\/\/sites.usp.br\/odedidaticafousp\/?page_id=867"},"modified":"2026-03-15T19:02:50","modified_gmt":"2026-03-15T22:02:50","slug":"apendicite","status":"publish","type":"page","link":"https:\/\/sites.usp.br\/odedidaticafousp\/apendicite\/","title":{"rendered":"apendicite"},"content":{"rendered":"\t\t<div data-elementor-type=\"wp-page\" data-elementor-id=\"867\" class=\"elementor elementor-867\" data-elementor-post-type=\"page\">\n\t\t\t\t<div class=\"elementor-element elementor-element-141cab7 e-flex e-con-boxed e-con e-parent\" data-id=\"141cab7\" data-element_type=\"container\">\n\t\t\t\t\t<div class=\"e-con-inner\">\n\t\t<div class=\"elementor-element elementor-element-8f62b42 e-con-full e-flex e-con e-child\" data-id=\"8f62b42\" data-element_type=\"container\" data-settings=\"{&quot;background_background&quot;:&quot;classic&quot;}\">\n\t\t\t\t<div class=\"elementor-element elementor-element-59ec4d7 elementor-widget elementor-widget-text-editor\" data-id=\"59ec4d7\" data-element_type=\"widget\" data-widget_type=\"text-editor.default\">\n\t\t\t\t<div class=\"elementor-widget-container\">\n\t\t\t\t\t\t\t<p><strong>ORG\u00c3O:<br \/><\/strong>Ap\u00eandice cecal ou vermiforme<\/p><p><strong>ANATOMIA NORMAL:<br \/><\/strong><a href=\"http:\/\/sites.usp.br\/odedidaticafousp\/apendicenormal\" target=\"_blank\" rel=\"noopener\"><strong>Veja<\/strong><\/a> uma pe\u00e7a macrosc\u00f3pica de um ap\u00eandice cecal normal. Observe principalmente a luz e o mesoap\u00eandice, ou seja, a camada serosa que circunda a parede muscular dessa proje\u00e7\u00e3o intestinal. O ap\u00eandice cecal \u00e9 uma proje\u00e7\u00e3o do ceco (extremidade do intestino grosso).<\/p><p><strong>ESQUEMA ANAT\u00d4MICO:<br \/><\/strong>A pe\u00e7a \u00e9 sec\u00e7\u00e3o do ap\u00eandice cecal, com observa\u00e7\u00e3o das altera\u00e7\u00f5es na face transversal, a qual estava em contato com o ceco.<\/p><p><img fetchpriority=\"high\" decoding=\"async\" class=\"aligncenter wp-image-869 size-full\" src=\"https:\/\/sites.usp.br\/odedidaticafousp\/wp-content\/uploads\/sites\/1292\/2024\/04\/ApendiceAnatomia.jpg\" alt=\"appendix\" width=\"543\" height=\"1358\" srcset=\"https:\/\/sites.usp.br\/odedidaticafousp\/wp-content\/uploads\/sites\/1292\/2024\/04\/ApendiceAnatomia.jpg 543w, https:\/\/sites.usp.br\/odedidaticafousp\/wp-content\/uploads\/sites\/1292\/2024\/04\/ApendiceAnatomia-120x300.jpg 120w, https:\/\/sites.usp.br\/odedidaticafousp\/wp-content\/uploads\/sites\/1292\/2024\/04\/ApendiceAnatomia-409x1024.jpg 409w\" sizes=\"(max-width: 543px) 100vw, 543px\" \/><\/p><p><strong>DIAGN\u00d3STICO MACROSC\u00d3PICO:<\/strong><br \/>Apendicite aguda<\/p><p><strong>EXEMPLO DE SITUA\u00c7\u00c3O NA CL\u00cdNICA M\u00c9DICA:<br \/><a href=\"https:\/\/chintanbpatel.com\/appendicitis\/\" target=\"_blank\" rel=\"noopener\">Veja<\/a> <\/strong>o aspecto do ap\u00eandice em cirurgia de apendicectomia. As imagens s\u00e3o por videolaparoscopia.<\/p><p><strong>IMPORT\u00c2NCIA PARA A ODONTOLOGIA:<br \/><\/strong>Essa pe\u00e7a de apendicite ilustra um processo inflamat\u00f3rio agudo, que demanda atendimento urgencial devido ao quadro de dor intensa. Essa mesma situa\u00e7\u00e3o ser\u00e1 bastante frequente na pr\u00e1tica odontol\u00f3gica, na qual os quadros de dor devido a inflama\u00e7\u00f5es agudas s\u00e3o rotineiramente vivenciados pelo cirurgi\u00e3o-dentista.<\/p>\t\t\t\t\t\t<\/div>\n\t\t\t\t<\/div>\n\t\t\t\t<\/div>\n\t\t<div class=\"elementor-element elementor-element-411e465 e-flex e-con-boxed e-con e-child\" data-id=\"411e465\" data-element_type=\"container\">\n\t\t\t\t\t<div class=\"e-con-inner\">\n\t\t\t\t<div class=\"elementor-element elementor-element-860464c elementor-widget elementor-widget-heading\" data-id=\"860464c\" data-element_type=\"widget\" data-widget_type=\"heading.default\">\n\t\t\t\t<div class=\"elementor-widget-container\">\n\t\t\t<h2 class=\"elementor-heading-title elementor-size-default\">PE\u00c7A MACROSC\u00d3PICA<\/h2>\t\t<\/div>\n\t\t\t\t<\/div>\n\t\t\t\t<div class=\"elementor-element elementor-element-9ee60bc elementor-widget elementor-widget-text-editor\" data-id=\"9ee60bc\" data-element_type=\"widget\" data-widget_type=\"text-editor.default\">\n\t\t\t\t<div class=\"elementor-widget-container\">\n\t\t\t\t\t\t\t<p style=\"text-align: center;\">Rotacione e amplie a pe\u00e7a com o mouse (desktop) ou dedo (celular ou tablet).<br \/>Acione os bot\u00f5es para ver explica\u00e7\u00f5es sobre as principais altera\u00e7\u00f5es anat\u00f4micas<\/p>\t\t\t\t\t\t<\/div>\n\t\t\t\t<\/div>\n\t\t<div class=\"elementor-element elementor-element-56426ec e-flex e-con-boxed e-con e-child\" data-id=\"56426ec\" data-element_type=\"container\">\n\t\t\t\t\t<div class=\"e-con-inner\">\n\t\t\t\t<div class=\"elementor-element elementor-element-f30a7ec elementor-widget elementor-widget-html\" data-id=\"f30a7ec\" data-element_type=\"widget\" data-widget_type=\"html.default\">\n\t\t\t\t<div class=\"elementor-widget-container\">\n\t\t\t<iframe src=\"https:\/\/luciana.correa.nom.br\/macroscopia\/apendicite\" height = 600 ><\/iframe>\t\t<\/div>\n\t\t\t\t<\/div>\n\t\t\t\t<div class=\"elementor-element elementor-element-12a3ffc elementor-align-center elementor-hidden-desktop elementor-widget elementor-widget-button\" data-id=\"12a3ffc\" data-element_type=\"widget\" data-widget_type=\"button.default\">\n\t\t\t\t<div class=\"elementor-widget-container\">\n\t\t\t\t\t\t\t<div class=\"elementor-button-wrapper\">\n\t\t\t\t\t<a class=\"elementor-button elementor-button-link elementor-size-sm\" href=\"http:\/\/luciana.correa.nom.br\/macroscopia\/apendicite\" target=\"_blank\">\n\t\t\t\t\t\t<span class=\"elementor-button-content-wrapper\">\n\t\t\t\t\t\t\t\t\t<span class=\"elementor-button-text\">Para ver em realidade aumentada, clique aqui<\/span>\n\t\t\t\t\t<\/span>\n\t\t\t\t\t<\/a>\n\t\t\t\t<\/div>\n\t\t\t\t\t\t<\/div>\n\t\t\t\t<\/div>\n\t\t\t\t<div class=\"elementor-element elementor-element-d1d4ee0 elementor-align-center elementor-widget elementor-widget-button\" data-id=\"d1d4ee0\" data-element_type=\"widget\" data-widget_type=\"button.default\">\n\t\t\t\t<div class=\"elementor-widget-container\">\n\t\t\t\t\t\t\t<div class=\"elementor-button-wrapper\">\n\t\t\t\t\t<a class=\"elementor-button elementor-button-link elementor-size-sm\" href=\"https:\/\/www2.fo.usp.br:44321\/webclient\/img_detail\/193\/?dataset=11\" target=\"_blank\">\n\t\t\t\t\t\t<span class=\"elementor-button-content-wrapper\">\n\t\t\t\t\t\t\t\t\t<span class=\"elementor-button-text\">Veja tamb\u00e9m o corte histol\u00f3gico da apendicite aguda<\/span>\n\t\t\t\t\t<\/span>\n\t\t\t\t\t<\/a>\n\t\t\t\t<\/div>\n\t\t\t\t\t\t<\/div>\n\t\t\t\t<\/div>\n\t\t\t\t\t<\/div>\n\t\t\t\t<\/div>\n\t\t\t\t\t<\/div>\n\t\t\t\t<\/div>\n\t\t\t\t\t<\/div>\n\t\t\t\t<\/div>\n\t\t\t\t<\/div>\n\t\t","protected":false},"excerpt":{"rendered":"<p>ORG\u00c3O:Ap\u00eandice cecal ou vermiforme ANATOMIA NORMAL:Veja uma pe\u00e7a macrosc\u00f3pica de um ap\u00eandice cecal normal. Observe principalmente a luz e o mesoap\u00eandice, ou seja, a camada serosa que circunda a parede muscular dessa proje\u00e7\u00e3o intestinal. O ap\u00eandice cecal \u00e9 uma proje\u00e7\u00e3o do ceco (extremidade do intestino grosso). ESQUEMA ANAT\u00d4MICO:A pe\u00e7a \u00e9 sec\u00e7\u00e3o do ap\u00eandice cecal, com [&hellip;]<\/p>\n","protected":false},"author":23284,"featured_media":0,"parent":0,"menu_order":0,"comment_status":"closed","ping_status":"closed","template":"","meta":{"ocean_post_layout":"","ocean_both_sidebars_style":"","ocean_both_sidebars_content_width":0,"ocean_both_sidebars_sidebars_width":0,"ocean_sidebar":"0","ocean_second_sidebar":"0","ocean_disable_margins":"enable","ocean_add_body_class":"","ocean_shortcode_before_top_bar":"","ocean_shortcode_after_top_bar":"","ocean_shortcode_before_header":"","ocean_shortcode_after_header":"","ocean_has_shortcode":"","ocean_shortcode_after_title":"","ocean_shortcode_before_footer_widgets":"","ocean_shortcode_after_footer_widgets":"","ocean_shortcode_before_footer_bottom":"","ocean_shortcode_after_footer_bottom":"","ocean_display_top_bar":"default","ocean_display_header":"default","ocean_header_style":"","ocean_center_header_left_menu":"0","ocean_custom_header_template":"0","ocean_custom_logo":0,"ocean_custom_retina_logo":0,"ocean_custom_logo_max_width":0,"ocean_custom_logo_tablet_max_width":0,"ocean_custom_logo_mobile_max_width":0,"ocean_custom_logo_max_height":0,"ocean_custom_logo_tablet_max_height":0,"ocean_custom_logo_mobile_max_height":0,"ocean_header_custom_menu":"0","ocean_menu_typo_font_family":"0","ocean_menu_typo_font_subset":"","ocean_menu_typo_font_size":0,"ocean_menu_typo_font_size_tablet":0,"ocean_menu_typo_font_size_mobile":0,"ocean_menu_typo_font_size_unit":"px","ocean_menu_typo_font_weight":"","ocean_menu_typo_font_weight_tablet":"","ocean_menu_typo_font_weight_mobile":"","ocean_menu_typo_transform":"","ocean_menu_typo_transform_tablet":"","ocean_menu_typo_transform_mobile":"","ocean_menu_typo_line_height":0,"ocean_menu_typo_line_height_tablet":0,"ocean_menu_typo_line_height_mobile":0,"ocean_menu_typo_line_height_unit":"","ocean_menu_typo_spacing":0,"ocean_menu_typo_spacing_tablet":0,"ocean_menu_typo_spacing_mobile":0,"ocean_menu_typo_spacing_unit":"","ocean_menu_link_color":"","ocean_menu_link_color_hover":"","ocean_menu_link_color_active":"","ocean_menu_link_background":"","ocean_menu_link_hover_background":"","ocean_menu_link_active_background":"","ocean_menu_social_links_bg":"","ocean_menu_social_hover_links_bg":"","ocean_menu_social_links_color":"","ocean_menu_social_hover_links_color":"","ocean_disable_title":"default","ocean_disable_heading":"default","ocean_post_title":"","ocean_post_subheading":"","ocean_post_title_style":"","ocean_post_title_background_color":"","ocean_post_title_background":0,"ocean_post_title_bg_image_position":"","ocean_post_title_bg_image_attachment":"","ocean_post_title_bg_image_repeat":"","ocean_post_title_bg_image_size":"","ocean_post_title_height":0,"ocean_post_title_bg_overlay":0.5,"ocean_post_title_bg_overlay_color":"","ocean_disable_breadcrumbs":"default","ocean_breadcrumbs_color":"","ocean_breadcrumbs_separator_color":"","ocean_breadcrumbs_links_color":"","ocean_breadcrumbs_links_hover_color":"","ocean_display_footer_widgets":"default","ocean_display_footer_bottom":"default","ocean_custom_footer_template":"0","footnotes":"","_links_to":"","_links_to_target":""},"class_list":["post-867","page","type-page","status-publish","hentry","entry"],"_links":{"self":[{"href":"https:\/\/sites.usp.br\/odedidaticafousp\/wp-json\/wp\/v2\/pages\/867","targetHints":{"allow":["GET"]}}],"collection":[{"href":"https:\/\/sites.usp.br\/odedidaticafousp\/wp-json\/wp\/v2\/pages"}],"about":[{"href":"https:\/\/sites.usp.br\/odedidaticafousp\/wp-json\/wp\/v2\/types\/page"}],"author":[{"embeddable":true,"href":"https:\/\/sites.usp.br\/odedidaticafousp\/wp-json\/wp\/v2\/users\/23284"}],"replies":[{"embeddable":true,"href":"https:\/\/sites.usp.br\/odedidaticafousp\/wp-json\/wp\/v2\/comments?post=867"}],"version-history":[{"count":4,"href":"https:\/\/sites.usp.br\/odedidaticafousp\/wp-json\/wp\/v2\/pages\/867\/revisions"}],"predecessor-version":[{"id":1036,"href":"https:\/\/sites.usp.br\/odedidaticafousp\/wp-json\/wp\/v2\/pages\/867\/revisions\/1036"}],"wp:attachment":[{"href":"https:\/\/sites.usp.br\/odedidaticafousp\/wp-json\/wp\/v2\/media?parent=867"}],"curies":[{"name":"wp","href":"https:\/\/api.w.org\/{rel}","templated":true}]}}