{"id":2350,"date":"2022-12-22T16:26:14","date_gmt":"2022-12-22T19:26:14","guid":{"rendered":"https:\/\/sites.usp.br\/odontopediatria\/?page_id=2350"},"modified":"2022-12-22T16:26:14","modified_gmt":"2022-12-22T19:26:14","slug":"fluso","status":"publish","type":"page","link":"https:\/\/sites.usp.br\/odontopediatria\/es\/fluso\/","title":{"rendered":"FLUSO"},"content":{"rendered":"<p><\/p>\n<p style=\"text-align: justify;\"><strong>PROYECTO FLUSO<\/strong><\/p>\n<p style=\"text-align: justify;\">En el FLUSO migratorio, Construyendo SONRISAS &#8211; Eje Salud Bucal<\/p>\n<p style=\"text-align: justify;\">Entre los problemas actuales a escala global, uno que despierta la atenci\u00f3n de los gobiernos, los medios de comunicaci\u00f3n, la poblaci\u00f3n y la academia es, sin duda, la migraci\u00f3n. El desplazamiento de personas en busca de refugio en otros pa\u00edses en busca de seguridad, alimentaci\u00f3n, educaci\u00f3n, salud y mejores condiciones de vida, apunta a la necesidad de organizaci\u00f3n para la recepci\u00f3n de migrantes.<br \/>\nM\u00e1s recientemente, a ra\u00edz de la crisis humanitaria en Venezuela, Brasil ha recibido una gran cantidad de venezolanos y entre ellos se destacan los pueblos ind\u00edgenas que, adem\u00e1s de los puntos en com\u00fan de cualquier grupo de inmigrantes, son en su mayor\u00eda analfabetos, con enormes desaf\u00edos para adaptarse a los contextos urbanos.<br \/>\nAs\u00ed, el Proyecto FluSo, creado en abril de 2022, responde al Objetivo 3 de la Agenda 2030 de la ONU: \u201cgarantizar una vida sana y promover el bienestar para todos y en todas las edades\u201d, apuntando al desarrollo global y sostenible establecido por la Asamblea General Asamblea de la ONU, atiende una importante demanda social que carece de recursos para la preservaci\u00f3n de la salud y la promoci\u00f3n del bienestar. FluSo, entendida como una forma de acercar a la comunidad interna de la Universidad al contexto de las migraciones, tanto en el proceso de formaci\u00f3n de los estudiantes como en la aplicabilidad de los conocimientos producidos en \u00e9l a favor de estas poblaciones vulnerables en tr\u00e1nsito, es una propuesta de car\u00e1cter extensionista, articulado con varios frentes de acci\u00f3n coordinados por otras unidades de la USP e instituciones p\u00fablicas.<br \/>\nBajo la coordinaci\u00f3n del Prof. Dr. Kranya Victoria D\u00edaz-Serrano, docentes del PPG y estudiantes de Odontopediatr\u00eda participan en FluSo, Cirujano Dentista del Departamento de Cl\u00ednica Infantil, Dr. Carolina Paes Torres, y pasantes de pregrado.<\/p>\n<p><\/p>","protected":false},"excerpt":{"rendered":"<p>PROYECTO FLUSO En el FLUSO migratorio, Construyendo SONRISAS &#8211; Eje Salud Bucal Entre los problemas [&hellip;]<\/p>\n","protected":false},"author":172,"featured_media":0,"parent":0,"menu_order":0,"comment_status":"closed","ping_status":"closed","template":"","meta":{"footnotes":"","_links_to":"","_links_to_target":""},"class_list":["post-2350","page","type-page","status-publish","hentry"],"_links":{"self":[{"href":"https:\/\/sites.usp.br\/odontopediatria\/es\/wp-json\/wp\/v2\/pages\/2350","targetHints":{"allow":["GET"]}}],"collection":[{"href":"https:\/\/sites.usp.br\/odontopediatria\/es\/wp-json\/wp\/v2\/pages"}],"about":[{"href":"https:\/\/sites.usp.br\/odontopediatria\/es\/wp-json\/wp\/v2\/types\/page"}],"author":[{"embeddable":true,"href":"https:\/\/sites.usp.br\/odontopediatria\/es\/wp-json\/wp\/v2\/users\/172"}],"replies":[{"embeddable":true,"href":"https:\/\/sites.usp.br\/odontopediatria\/es\/wp-json\/wp\/v2\/comments?post=2350"}],"version-history":[{"count":1,"href":"https:\/\/sites.usp.br\/odontopediatria\/es\/wp-json\/wp\/v2\/pages\/2350\/revisions"}],"predecessor-version":[{"id":2351,"href":"https:\/\/sites.usp.br\/odontopediatria\/es\/wp-json\/wp\/v2\/pages\/2350\/revisions\/2351"}],"wp:attachment":[{"href":"https:\/\/sites.usp.br\/odontopediatria\/es\/wp-json\/wp\/v2\/media?parent=2350"}],"curies":[{"name":"wp","href":"https:\/\/api.w.org\/{rel}","templated":true}]}}