{"id":2852,"date":"2025-04-23T15:35:44","date_gmt":"2025-04-23T18:35:44","guid":{"rendered":"https:\/\/sites.usp.br\/odontopediatria\/?page_id=2852"},"modified":"2025-04-23T15:35:44","modified_gmt":"2025-04-23T18:35:44","slug":"orientadores","status":"publish","type":"page","link":"https:\/\/sites.usp.br\/odontopediatria\/es\/orientadores\/","title":{"rendered":"Orientador"},"content":{"rendered":"<p><a href=\"https:\/\/sites.usp.br\/odontopediatria\/es\/area-de-odontopediatria\/\">\u00c1rea de Odontolog\u00eda Pedi\u00e1trica<\/a><\/p>\n<p><a href=\"https:\/\/sites.usp.br\/odontopediatria\/es\/area-de-ortodontia\/\">\u00c1rea de Ortodoncia<\/a><\/p>","protected":false},"excerpt":{"rendered":"<p>\u00c1rea de Odontolog\u00eda Pedi\u00e1trica \u00c1rea de Ortodoncia<\/p>\n","protected":false},"author":172,"featured_media":0,"parent":0,"menu_order":0,"comment_status":"closed","ping_status":"closed","template":"","meta":{"footnotes":"","_links_to":"","_links_to_target":""},"class_list":["post-2852","page","type-page","status-publish","hentry"],"_links":{"self":[{"href":"https:\/\/sites.usp.br\/odontopediatria\/es\/wp-json\/wp\/v2\/pages\/2852","targetHints":{"allow":["GET"]}}],"collection":[{"href":"https:\/\/sites.usp.br\/odontopediatria\/es\/wp-json\/wp\/v2\/pages"}],"about":[{"href":"https:\/\/sites.usp.br\/odontopediatria\/es\/wp-json\/wp\/v2\/types\/page"}],"author":[{"embeddable":true,"href":"https:\/\/sites.usp.br\/odontopediatria\/es\/wp-json\/wp\/v2\/users\/172"}],"replies":[{"embeddable":true,"href":"https:\/\/sites.usp.br\/odontopediatria\/es\/wp-json\/wp\/v2\/comments?post=2852"}],"version-history":[{"count":4,"href":"https:\/\/sites.usp.br\/odontopediatria\/es\/wp-json\/wp\/v2\/pages\/2852\/revisions"}],"predecessor-version":[{"id":2858,"href":"https:\/\/sites.usp.br\/odontopediatria\/es\/wp-json\/wp\/v2\/pages\/2852\/revisions\/2858"}],"wp:attachment":[{"href":"https:\/\/sites.usp.br\/odontopediatria\/es\/wp-json\/wp\/v2\/media?parent=2852"}],"curies":[{"name":"wp","href":"https:\/\/api.w.org\/{rel}","templated":true}]}}