{"id":977,"date":"2016-08-18T09:21:51","date_gmt":"2016-08-18T12:21:51","guid":{"rendered":"http:\/\/sites.usp.br\/odontopediatria\/?page_id=977"},"modified":"2021-11-11T16:36:33","modified_gmt":"2021-11-11T19:36:33","slug":"bioterios","status":"publish","type":"page","link":"https:\/\/sites.usp.br\/odontopediatria\/es\/bioterios\/","title":{"rendered":"Bioterios"},"content":{"rendered":"<p><\/p>\n<h3>\u2013 Bioterios de la Facultad de Odontolog\u00eda de Ribeir\u00e3o Preto\/USP:<\/h3>\n<ol>\n<li>BIOTERIO CON CENTRO QUIR\u00daRGICO DE EXPERIMENTACI\u00d3N<\/li>\n<\/ol>\n<p>La FORP\/USP cuenta con bioterio exclusivo para perros y <em>minipigs<\/em> (animales de medio porte), con 2 salas quir\u00fargicas modernamente equipadas, 1 sala de preparaci\u00f3n, almac\u00e9n, 24 boxes con solario y capacidad para 48 animales. De esta forma, se han realizado estudios en\u00a0perros y <em>minipigs<\/em>, respetando las recomendaciones de la ISO. Este Bioterio ha recibido apoyo financiero de la Prorrector\u00eda de Investigaci\u00f3n de la USP y de la cuota de reserva t\u00e9cnica institucional de la FAPESP.<\/p>\n<p>&nbsp;<\/p>\n<ol start=\"2\">\n<li>BIOTERIO PARA ANIMALES DE PEQUE\u00d1O PORTE<\/li>\n<\/ol>\n<p>Se trata de un bioterio de la FORP\/USP, para animales comunes de peque\u00f1o porte, incluyendo ratones y h\u00e1msteres salvajes, isog\u00e9nicos y transg\u00e9nicos, destinado a investigaciones con roedores. El laboratorio cuenta con 12 salas, siendo 10 para alojamiento de animales y 2 para experimentos. Este Bioterio, recientemente reformado por la Direcci\u00f3n de la unidad, ha recibido apoyo financiero de la Prorrector\u00eda de Investigaci\u00f3n de la USP y de la cuota de reserva t\u00e9cnica institucional de la FAPESP.<\/p>","protected":false},"excerpt":{"rendered":"<p>\u2013 Bioterios de la Facultad de Odontolog\u00eda de Ribeir\u00e3o Preto\/USP: BIOTERIO CON CENTRO QUIR\u00daRGICO DE [&hellip;]<\/p>\n","protected":false},"author":172,"featured_media":0,"parent":0,"menu_order":0,"comment_status":"open","ping_status":"closed","template":"","meta":{"footnotes":"","_links_to":"","_links_to_target":""},"class_list":["post-977","page","type-page","status-publish","hentry"],"_links":{"self":[{"href":"https:\/\/sites.usp.br\/odontopediatria\/es\/wp-json\/wp\/v2\/pages\/977","targetHints":{"allow":["GET"]}}],"collection":[{"href":"https:\/\/sites.usp.br\/odontopediatria\/es\/wp-json\/wp\/v2\/pages"}],"about":[{"href":"https:\/\/sites.usp.br\/odontopediatria\/es\/wp-json\/wp\/v2\/types\/page"}],"author":[{"embeddable":true,"href":"https:\/\/sites.usp.br\/odontopediatria\/es\/wp-json\/wp\/v2\/users\/172"}],"replies":[{"embeddable":true,"href":"https:\/\/sites.usp.br\/odontopediatria\/es\/wp-json\/wp\/v2\/comments?post=977"}],"version-history":[{"count":4,"href":"https:\/\/sites.usp.br\/odontopediatria\/es\/wp-json\/wp\/v2\/pages\/977\/revisions"}],"predecessor-version":[{"id":1892,"href":"https:\/\/sites.usp.br\/odontopediatria\/es\/wp-json\/wp\/v2\/pages\/977\/revisions\/1892"}],"wp:attachment":[{"href":"https:\/\/sites.usp.br\/odontopediatria\/es\/wp-json\/wp\/v2\/media?parent=977"}],"curies":[{"name":"wp","href":"https:\/\/api.w.org\/{rel}","templated":true}]}}