{"id":1371,"date":"2020-08-24T15:12:53","date_gmt":"2020-08-24T18:12:53","guid":{"rendered":"http:\/\/sites.usp.br\/odontopediatria\/?page_id=1371"},"modified":"2025-05-13T09:08:23","modified_gmt":"2025-05-13T12:08:23","slug":"clinicas","status":"publish","type":"page","link":"https:\/\/sites.usp.br\/odontopediatria\/clinicas\/","title":{"rendered":"Cl\u00ednicas"},"content":{"rendered":"<p>- CENTRO DE FORMA\u00c7\u00c3O DE RECURSOS HUMANOS ESPECIALIZADOS NO ATENDIMENTO ODONTOL\u00d3GICO A PACIENTES ESPECIAIS (CAOPE)<\/p>\n<p>O Programa possui uma \u00e1rea de 1.100m<sup>2 <\/sup>para o desenvolvimento de suas atividades did\u00e1ticas e atividades de Pesquisa.<\/p>\n<p>Essa infraestrutura pr\u00f3pria, ampla e moderna, conta com espa\u00e7o cl\u00ednico com 20 equipos odontol\u00f3gicos completos; scanner intraoral (PrimeScan); 20 tablets com acesso \u00e0 internet para preenchimento de prontu\u00e1rio de pacientes, arquivamento de radiografias e registro dos procedimentos realizados a cada atendimento cl\u00ednico; sala de esteriliza\u00e7\u00e3o; e sala de raio-x, com aparelhos convencional e digital (Eagle.ps \u2013 sistema de placa de f\u00f3sforo). Al\u00e9m disso, conta, tamb\u00e9m, com 2 anfiteatros com capacidade para 40 pessoas para aulas, exames de qualifica\u00e7\u00e3o e defesas de disserta\u00e7\u00f5es e teses, equipado com computador e projetor multim\u00eddia e 1 sala de aula com capacidade para 15 pessoas, equipada com televis\u00e3o e computador. Adicionalmente, possui 2 laborat\u00f3rios, secretaria pr\u00f3pria, salas individuais de professores e sala para os alunos de p\u00f3s-gradua\u00e7\u00e3o com computadores e arm\u00e1rios.<\/p>\n<p>Essa infraestrutura espec\u00edfica propicia um ambiente de ensino-aprendizagem de excel\u00eancia com equipamentos e ferramentas constantemente renovadas ao longo do quadri\u00eanio<\/p>\n<p>O Programa realiza, constantemente, adequa\u00e7\u00f5es de acessibilidade (rampas e elevadores), al\u00e9m da aquisi\u00e7\u00e3o de cadeiras de rodas e macas, facilitando o acesso e atendimento dos alunos e pacientes. O Programa conta com uma secret\u00e1ria qualificada para a comunica\u00e7\u00e3o em LIBRAS (Linguagem Brasileira de Sinais), favorecendo a inclus\u00e3o.<\/p>\n<p>&nbsp;<\/p>\n<p>&#8211; CENTRO DE PESQUISA CL\u00cdNICA<\/p>\n<p>Inaugurada em 2019, este Centro consiste em um espa\u00e7o espec\u00edfico para o atendimento de pacientes envolvidos em pesquisas cl\u00ednicas. O Centro de Pesquisa possui 12 consult\u00f3rios, separados por vidro, com ar condicionado e piso especial, seguindo as recomenda\u00e7\u00f5es de biosseguran\u00e7a para centros cir\u00fargicos e freezer para armazenamento de amostras. O referido centro foi constru\u00eddo e equipado com recursos de reserva t\u00e9cnica institucional da FAPESP.<\/p>\n<p>&nbsp;<\/p>\n<p>&#8211; CL\u00cdNICAS I, II E III &#8211; FORP\/USP<\/p>\n<p>A Faculdade de Odontologia da Ribeir\u00e3o Preto\/USP conta com 3 cl\u00ednicas de apoio a realiza\u00e7\u00e3o de atividades pr\u00e1ticas da Gradua\u00e7\u00e3o e P\u00f3s-Gradua\u00e7\u00e3o e atendimento a pacientes, com ampla recep\u00e7\u00e3o e composta com 24 equipos odontol\u00f3gicos completos.<\/p>\n<p>&nbsp;<\/p>\n<p>&#8211; CENTRO MULTIDISCIPLINAR DE ODONTOLOGIA DIGITAL \u2013 \u201cCEMOD&#8221;<\/p>\n<p>Foi recentemente implementado na FORP\/USP com o objetivo de possibilitar a realiza\u00e7\u00e3o de projetos de pesquisa na \u00e1rea da Odontologia Digital. Nesse contexto, uma disciplina nessa \u00e1rea foi criada na nova estrutura curricular da FORP\/USP e o docente que iniciar\u00e1 suas atividades em 2025 estar\u00e1 lotado no Departamento de Cl\u00ednica Infantil. O Centro conta com diversos equipamentos como scanners, fresadoras, impressoras 3D, fornos, dente outros.<\/p>\n<p>O referido Centro foi constru\u00eddo e equipado com recursos de reserva t\u00e9cnica institucional da FAPESP e da Reitoria USP, conta com um funcion\u00e1rio especializado (cirurgi\u00e3o-dentista) e funciona como uma Central Multiusu\u00e1rio gerenciada por docente do Programa.<\/p>","protected":false},"excerpt":{"rendered":"<p>&#8211; CENTRO DE FORMA\u00c7\u00c3O DE RECURSOS HUMANOS ESPECIALIZADOS NO ATENDIMENTO ODONTOL\u00d3GICO A PACIENTES ESPECIAIS (CAOPE) [&hellip;]<\/p>\n","protected":false},"author":172,"featured_media":0,"parent":0,"menu_order":0,"comment_status":"closed","ping_status":"closed","template":"","meta":{"footnotes":"","_links_to":"","_links_to_target":""},"class_list":["post-1371","page","type-page","status-publish","hentry"],"_links":{"self":[{"href":"https:\/\/sites.usp.br\/odontopediatria\/wp-json\/wp\/v2\/pages\/1371","targetHints":{"allow":["GET"]}}],"collection":[{"href":"https:\/\/sites.usp.br\/odontopediatria\/wp-json\/wp\/v2\/pages"}],"about":[{"href":"https:\/\/sites.usp.br\/odontopediatria\/wp-json\/wp\/v2\/types\/page"}],"author":[{"embeddable":true,"href":"https:\/\/sites.usp.br\/odontopediatria\/wp-json\/wp\/v2\/users\/172"}],"replies":[{"embeddable":true,"href":"https:\/\/sites.usp.br\/odontopediatria\/wp-json\/wp\/v2\/comments?post=1371"}],"version-history":[{"count":4,"href":"https:\/\/sites.usp.br\/odontopediatria\/wp-json\/wp\/v2\/pages\/1371\/revisions"}],"predecessor-version":[{"id":2916,"href":"https:\/\/sites.usp.br\/odontopediatria\/wp-json\/wp\/v2\/pages\/1371\/revisions\/2916"}],"wp:attachment":[{"href":"https:\/\/sites.usp.br\/odontopediatria\/wp-json\/wp\/v2\/media?parent=1371"}],"curies":[{"name":"wp","href":"https:\/\/api.w.org\/{rel}","templated":true}]}}