{"id":1393,"date":"2020-08-24T16:18:36","date_gmt":"2020-08-24T19:18:36","guid":{"rendered":"http:\/\/sites.usp.br\/odontopediatria\/?page_id=1393"},"modified":"2022-01-18T14:55:17","modified_gmt":"2022-01-18T17:55:17","slug":"links-importantes","status":"publish","type":"page","link":"https:\/\/sites.usp.br\/odontopediatria\/links-importantes\/","title":{"rendered":"Links Importantes"},"content":{"rendered":"<p><a href=\"https:\/\/www.forp.usp.br\/\" target=\"_blank\" rel=\"noopener noreferrer\">Faculdade de Odontologia de Ribeir\u00e3o Preto<\/a><\/p>\n<p><a href=\"https:\/\/www.capes.gov.br\/\" target=\"_blank\" rel=\"noopener noreferrer\">CAPES<\/a><\/p>\n<p><a href=\"http:\/\/lattes.cnpq.br\/\" target=\"_blank\" rel=\"noopener noreferrer\">Plataforma Lattes<\/a><\/p>\n<p><a href=\"http:\/\/www.prpg.usp.br\/pt-br\/\" target=\"_blank\" rel=\"noopener noreferrer\">Pr\u00f3-Reitoria de P\u00f3s-Gradua\u00e7\u00e3o da USP<\/a><\/p>\n<p><a href=\"http:\/\/www.prpg.usp.br\/pt-br\/pae\/o-que-pae\" target=\"_blank\" rel=\"noopener noreferrer\">Programa de Aperfei\u00e7oamento de Ensino (PAE) da USP<\/a><\/p>\n<p>&nbsp;<\/p>\n<p>&nbsp;<\/p>\n<p>&nbsp;<\/p>\n<p>&nbsp;<\/p>","protected":false},"excerpt":{"rendered":"<p>Faculdade de Odontologia de Ribeir\u00e3o Preto CAPES Plataforma Lattes Pr\u00f3-Reitoria de P\u00f3s-Gradua\u00e7\u00e3o da USP Programa [&hellip;]<\/p>\n","protected":false},"author":172,"featured_media":0,"parent":0,"menu_order":0,"comment_status":"closed","ping_status":"closed","template":"","meta":{"footnotes":"","_links_to":"","_links_to_target":""},"class_list":["post-1393","page","type-page","status-publish","hentry"],"_links":{"self":[{"href":"https:\/\/sites.usp.br\/odontopediatria\/wp-json\/wp\/v2\/pages\/1393","targetHints":{"allow":["GET"]}}],"collection":[{"href":"https:\/\/sites.usp.br\/odontopediatria\/wp-json\/wp\/v2\/pages"}],"about":[{"href":"https:\/\/sites.usp.br\/odontopediatria\/wp-json\/wp\/v2\/types\/page"}],"author":[{"embeddable":true,"href":"https:\/\/sites.usp.br\/odontopediatria\/wp-json\/wp\/v2\/users\/172"}],"replies":[{"embeddable":true,"href":"https:\/\/sites.usp.br\/odontopediatria\/wp-json\/wp\/v2\/comments?post=1393"}],"version-history":[{"count":4,"href":"https:\/\/sites.usp.br\/odontopediatria\/wp-json\/wp\/v2\/pages\/1393\/revisions"}],"predecessor-version":[{"id":1912,"href":"https:\/\/sites.usp.br\/odontopediatria\/wp-json\/wp\/v2\/pages\/1393\/revisions\/1912"}],"wp:attachment":[{"href":"https:\/\/sites.usp.br\/odontopediatria\/wp-json\/wp\/v2\/media?parent=1393"}],"curies":[{"name":"wp","href":"https:\/\/api.w.org\/{rel}","templated":true}]}}