{"id":1395,"date":"2020-08-24T16:21:28","date_gmt":"2020-08-24T19:21:28","guid":{"rendered":"http:\/\/sites.usp.br\/odontopediatria\/?page_id=1395"},"modified":"2024-10-15T17:50:23","modified_gmt":"2024-10-15T20:50:23","slug":"egressos","status":"publish","type":"page","link":"https:\/\/sites.usp.br\/odontopediatria\/egressos\/","title":{"rendered":"Egressos"},"content":{"rendered":"<p><a class=\"http:\/\/www.alumni.usp.br\/\" href=\"https:\/\/sites.usp.br\/odontopediatria\/wp-content\/uploads\/sites\/93\/2020\/08\/Alumni-e1598297596880.png\" target=\"_blank\" rel=\"http:\/\/www.alumni.usp.br\/ noopener noreferrer\"><img loading=\"lazy\" decoding=\"async\" class=\"wp-image-1403 aligncenter\" src=\"https:\/\/sites.usp.br\/odontopediatria\/wp-content\/uploads\/sites\/93\/2020\/08\/Alumni-e1598297596880.png\" alt=\"\" width=\"675\" height=\"358\" data-id=\"1403\" srcset=\"https:\/\/sites.usp.br\/odontopediatria\/wp-content\/uploads\/sites\/93\/2020\/08\/Alumni-e1598297596880.png 889w, https:\/\/sites.usp.br\/odontopediatria\/wp-content\/uploads\/sites\/93\/2020\/08\/Alumni-e1598297596880-300x159.png 300w, https:\/\/sites.usp.br\/odontopediatria\/wp-content\/uploads\/sites\/93\/2020\/08\/Alumni-e1598297596880-768x408.png 768w, https:\/\/sites.usp.br\/odontopediatria\/wp-content\/uploads\/sites\/93\/2020\/08\/Alumni-e1598297596880-400x212.png 400w\" sizes=\"auto, (max-width: 675px) 100vw, 675px\" \/><\/a><\/p>\n<p>Ol\u00e1, Egresso! Bem-vindo de volta a USP!<\/p>\n<p>Voc\u00ea j\u00e1 se cadastrou na Plataforma Alumni\/USP para ter direito a in\u00fameras vantagens de ser USP?<\/p>\n<p>Est\u00e1 esperando o qu\u00ea?\u00a0Cadastre-se j\u00e1!<\/p>\n<p><a href=\"http:\/\/www.alumni.usp.br\/\">Click aqui<\/a> e saiba mais&#8230;.<\/p>\n<hr \/>\n<p>&nbsp;<\/p>\n<p>Egresso!<\/p>\n<p>Voc\u00ea desempenha um papel essencial no Processo de Autoavalia\u00e7\u00e3o do Programa de P\u00f3s-Gradua\u00e7\u00e3o em Odontopediatria da FORP\/USP.<\/p>\n<p>Por isso, convidamos a preencher um breve formul\u00e1rio, dispon\u00edvel no link:\u00a0<a href=\"https:\/\/docs.google.com\/forms\/d\/e\/1FAIpQLSdwYChfwDa-SvnwlFu32reR2GiRWMlH3J8q1N4sHfXCBJAGEg\/viewform.\">Formul\u00e1rio<\/a><\/p>\n<p>Sua participa\u00e7\u00e3o \u00e9 fundamental para a melhoria cont\u00ednua do nosso Programa e para consolidar ainda mais a forma\u00e7\u00e3o de profissionais de excel\u00eancia.<\/p>\n<p>Agradecemos desde j\u00e1 pelo seu envolvimento!<\/p>","protected":false},"excerpt":{"rendered":"<p>Ol\u00e1, Egresso! Bem-vindo de volta a USP! Voc\u00ea j\u00e1 se cadastrou na Plataforma Alumni\/USP para [&hellip;]<\/p>\n","protected":false},"author":172,"featured_media":0,"parent":0,"menu_order":0,"comment_status":"closed","ping_status":"closed","template":"","meta":{"footnotes":"","_links_to":"","_links_to_target":""},"class_list":["post-1395","page","type-page","status-publish","hentry"],"_links":{"self":[{"href":"https:\/\/sites.usp.br\/odontopediatria\/wp-json\/wp\/v2\/pages\/1395","targetHints":{"allow":["GET"]}}],"collection":[{"href":"https:\/\/sites.usp.br\/odontopediatria\/wp-json\/wp\/v2\/pages"}],"about":[{"href":"https:\/\/sites.usp.br\/odontopediatria\/wp-json\/wp\/v2\/types\/page"}],"author":[{"embeddable":true,"href":"https:\/\/sites.usp.br\/odontopediatria\/wp-json\/wp\/v2\/users\/172"}],"replies":[{"embeddable":true,"href":"https:\/\/sites.usp.br\/odontopediatria\/wp-json\/wp\/v2\/comments?post=1395"}],"version-history":[{"count":4,"href":"https:\/\/sites.usp.br\/odontopediatria\/wp-json\/wp\/v2\/pages\/1395\/revisions"}],"predecessor-version":[{"id":2730,"href":"https:\/\/sites.usp.br\/odontopediatria\/wp-json\/wp\/v2\/pages\/1395\/revisions\/2730"}],"wp:attachment":[{"href":"https:\/\/sites.usp.br\/odontopediatria\/wp-json\/wp\/v2\/media?parent=1395"}],"curies":[{"name":"wp","href":"https:\/\/api.w.org\/{rel}","templated":true}]}}