{"id":1731,"date":"2021-04-29T15:54:13","date_gmt":"2021-04-29T18:54:13","guid":{"rendered":"http:\/\/sites.usp.br\/odontopediatria\/?page_id=1731"},"modified":"2025-05-12T15:52:52","modified_gmt":"2025-05-12T18:52:52","slug":"avaliacao-capes","status":"publish","type":"page","link":"https:\/\/sites.usp.br\/odontopediatria\/avaliacao-capes\/","title":{"rendered":"Avalia\u00e7\u00e3o CAPES"},"content":{"rendered":"<p><strong>O PROGRAMA<\/strong><\/p>\n<p>Nome: ODONTOPEDIATRIA<\/p>\n<p>Coordenador(a): Profa. Dra. RAQUEL ASSED BEZERRA SEGATO<\/p>\n<p>Nome do Programa em Ingl\u00eas: Graduate Program in Pediatric Dentistry<\/p>\n<p>C\u00f3digo: 33002029035P3<\/p>\n<p>\u00c1rea B\u00e1sica: ODONTOLOGIA (40200000)<\/p>\n<p>\u00c1rea de Avalia\u00e7\u00e3o: ODONTOLOGIA<\/p>\n<p>Situa\u00e7\u00e3o: EM FUNCIONAMENTO<\/p>\n<p>&nbsp;<\/p>\n<p>Modalidade de Ensino: Educa\u00e7\u00e3o Presencial<\/p>\n<p>Regimento Letivo: Semestral<\/p>\n<p>\u00c1rea de Concentra\u00e7\u00e3o: Odontopediatria<\/p>\n<p>&nbsp;<\/p>\n<p>Telefone(s): (16) 3315-4057<\/p>\n<p>E-mail Institucional do Programa:dciops@forp.usp.br<\/p>\n<p>URL:http:\/\/sites.usp.br\/odontopediatria\/<\/p>\n<p>&nbsp;<\/p>\n<p>Logradouro:Avenida do Caf\u00e9, s\/n\u00b0 &#8211; Bairro:Vila Monte Alegre<\/p>\n<p>Munic\u00edpio:Ribeir\u00e3o Preto\/SP &#8211; CEP:14040904<\/p>\n<p>&nbsp;<\/p>\n<p>In\u00edcio:01\/01\/1998<\/p>\n<p>Fim:-<\/p>\n<p>&nbsp;<\/p>\n<p><strong>INSTITUI\u00c7\u00c3O DE ENSINO SUPERIOR ENVOLVIDA<\/strong><\/p>\n<p>Institui\u00e7\u00e3o: UNIVERSIDADE DE S\u00c3O PAULO (RIBEIR\u00c3O PRETO) \u2013 COORDENADORA<\/p>\n<p>(FACULDADE DE ODONTOLOGIA DE RIBEIR\u00c3O PRETO)<\/p>\n<p>Logradouro:Avenida do Caf\u00e9, s\/n\u00b0 &#8211; Bairro:Vila Monte Alegre<\/p>\n<p>Munic\u00edpio:Ribeir\u00e3o Preto\/SP &#8211; CEP:14040904<\/p>\n<p>&nbsp;<\/p>\n<p><strong>AVALIA\u00c7\u00c3O DA CAPES<\/strong><\/p>\n<p>\u2013 Quadri\u00eanio 2021-2024<\/p>\n<p>Nota do Programa: * (Mestrado e Doutorado) \u2013 AINDA N\u00c3O DIVULGADA<\/p>\n<p>Documento de \u00c1rea de Odontologia \u2013\u00a0PDF<\/p>\n<p>Ficha de Avalia\u00e7\u00e3o do Programa \u2013\u00a0PDF<\/p>\n<p>Portaria de Renova\u00e7\u00e3o de Reconhecimento (n\u00e3o publicado)<\/p>\n<p>&nbsp;<\/p>\n<p>&#8211; Quadri\u00eanio 2017-2020<\/p>\n<p>Nota do Programa: 6 (Mestrado e Doutorado)<\/p>\n<p>Documento de \u00c1rea de Odontologia \u2013 <a href=\"https:\/\/sites.usp.br\/odontopediatria\/wp-content\/uploads\/sites\/93\/2021\/04\/documento_de_area_odonto-2017-2020.pdf\">PDF<\/a><\/p>\n<p>Ficha de Avalia\u00e7\u00e3o do Programa &#8211; <a href=\"https:\/\/sites.usp.br\/odontopediatria\/wp-content\/uploads\/sites\/93\/2022\/10\/ficha_recomendacao_33002029035P3-Odontopediatria.pdf\">PDF<\/a><\/p>\n<p>Portaria de Renova\u00e7\u00e3o de Reconhecimento (n\u00e3o publicado)<\/p>\n<p>&nbsp;<\/p>\n<p>&#8211; Quadri\u00eanio 2013 &#8211; 2016<\/p>\n<p>Nota do Programa: 6 (Mestrado e Doutorado)<\/p>\n<p>Documento de \u00c1rea de Odontologia &#8211; <a href=\"https:\/\/sites.usp.br\/odontopediatria\/wp-content\/uploads\/sites\/93\/2021\/04\/documento_de_area_odonto-2013-2016-1.pdf\">PDF<\/a><\/p>\n<p>Ficha de Avalia\u00e7\u00e3o do Programa &#8211; <a href=\"https:\/\/sites.usp.br\/odontopediatria\/wp-content\/uploads\/sites\/93\/2021\/05\/Ficha-avaliacao-quadrienal-2013-2016.pdf\">PDF<\/a><\/p>\n<p>Portaria de Renova\u00e7\u00e3o de Reconhecimento: <a href=\"https:\/\/sites.usp.br\/odontopediatria\/wp-content\/uploads\/sites\/93\/2021\/04\/Portaria-MEC-n\u00b0-609-2019.pdf\">Portaria MEC n\u00b0 609\/2019<\/a><\/p>\n<p>&nbsp;<\/p>\n<p>&#8211; Tri\u00eanio 2010 &#8211; 2012<\/p>\n<p>Nota do Programa: 6 (Mestrado e Doutorado)<\/p>\n<p>Documento de \u00c1rea de Odontologia &#8211; <a href=\"https:\/\/sites.usp.br\/odontopediatria\/wp-content\/uploads\/sites\/93\/2021\/04\/documento_de_area_odonto-2010-2013.pdf\">PDF<\/a><\/p>\n<p>Ficha de Avalia\u00e7\u00e3o do Programa &#8211; <a href=\"https:\/\/sites.usp.br\/odontopediatria\/wp-content\/uploads\/sites\/93\/2021\/05\/Ficha-avaliacao-treinal-2010-2012.pdf\">PDF<\/a><\/p>\n<p>Portaria de Renova\u00e7\u00e3o de Reconhecimento: <a href=\"https:\/\/sites.usp.br\/odontopediatria\/wp-content\/uploads\/sites\/93\/2021\/04\/Portaria-MEC-n\u00b0-656-2017.pdf\">Portaria MEC n\u00b0 656\/2017<\/a><\/p>\n<p>&nbsp;<\/p>\n<p>&#8211; Tri\u00eanio 2007 &#8211; 2009<\/p>\n<p>Nota do Programa: 5 (Mestrado e Doutorado)<\/p>\n<p>Documento de \u00c1rea de Odontologia &#8211; <a href=\"https:\/\/sites.usp.br\/odontopediatria\/wp-content\/uploads\/sites\/93\/2021\/04\/documento_de_area_odonto-2007-2009.pdf\">PDF<\/a><\/p>\n<p>Ficha de Avalia\u00e7\u00e3o do Programa &#8211; <a href=\"https:\/\/sites.usp.br\/odontopediatria\/wp-content\/uploads\/sites\/93\/2021\/05\/Ficha-de-avaliacao-trienio-2007-2009.pdf\">PDF<\/a><\/p>\n<p>Portaria de Renova\u00e7\u00e3o de Reconhecimento: <a href=\"https:\/\/sites.usp.br\/odontopediatria\/wp-content\/uploads\/sites\/93\/2021\/04\/Portaria-MEC-n\u00b0-1077-2012.pdf\">Portaria MEC n\u00b0 1077\/2012<\/a><\/p>\n<p>&nbsp;<\/p>\n<p>&#8211; Tri\u00eanio 2004 &#8211; 2006<\/p>\n<p>Nota do Programa: 5 (Mestrado e Doutorado)<\/p>\n<p>Documento de \u00c1rea de Odontologia &#8211; <a href=\"https:\/\/sites.usp.br\/odontopediatria\/wp-content\/uploads\/sites\/93\/2021\/04\/documento_de_area_odonto-2004-2006.pdf\">PDF<\/a><\/p>\n<p>Ficha de Avalia\u00e7\u00e3o do Programa &#8211; <a href=\"https:\/\/sites.usp.br\/odontopediatria\/wp-content\/uploads\/sites\/93\/2021\/05\/Ficha-avaliacao-trienal-2004-a-2006.pdf\">PDF<\/a><\/p>\n<p>Portaria de Renova\u00e7\u00e3o de Reconhecimento: <a href=\"https:\/\/sites.usp.br\/odontopediatria\/wp-content\/uploads\/sites\/93\/2021\/04\/Portaria-MEC-n\u00b0-524-2008.pdf\">Portaria MEC n\u00b0 524\/2008<\/a><\/p>\n<p>&nbsp;<\/p>\n<p>Portaria de Recomenda\u00e7\u00e3o do Curso de Mestrado<\/p>\n<p><a href=\"https:\/\/sites.usp.br\/odontopediatria\/wp-content\/uploads\/sites\/93\/2021\/04\/Portaria-MEC-n\u00b0-2530-2002.pdf\">Portaria MEC n\u00b0 2530\/2002<\/a><\/p>","protected":false},"excerpt":{"rendered":"<p>O PROGRAMA Nome: ODONTOPEDIATRIA Coordenador(a): Profa. Dra. RAQUEL ASSED BEZERRA SEGATO Nome do Programa em [&hellip;]<\/p>\n","protected":false},"author":172,"featured_media":0,"parent":0,"menu_order":0,"comment_status":"closed","ping_status":"closed","template":"","meta":{"footnotes":"","_links_to":"","_links_to_target":""},"class_list":["post-1731","page","type-page","status-publish","hentry"],"_links":{"self":[{"href":"https:\/\/sites.usp.br\/odontopediatria\/wp-json\/wp\/v2\/pages\/1731","targetHints":{"allow":["GET"]}}],"collection":[{"href":"https:\/\/sites.usp.br\/odontopediatria\/wp-json\/wp\/v2\/pages"}],"about":[{"href":"https:\/\/sites.usp.br\/odontopediatria\/wp-json\/wp\/v2\/types\/page"}],"author":[{"embeddable":true,"href":"https:\/\/sites.usp.br\/odontopediatria\/wp-json\/wp\/v2\/users\/172"}],"replies":[{"embeddable":true,"href":"https:\/\/sites.usp.br\/odontopediatria\/wp-json\/wp\/v2\/comments?post=1731"}],"version-history":[{"count":4,"href":"https:\/\/sites.usp.br\/odontopediatria\/wp-json\/wp\/v2\/pages\/1731\/revisions"}],"predecessor-version":[{"id":2909,"href":"https:\/\/sites.usp.br\/odontopediatria\/wp-json\/wp\/v2\/pages\/1731\/revisions\/2909"}],"wp:attachment":[{"href":"https:\/\/sites.usp.br\/odontopediatria\/wp-json\/wp\/v2\/media?parent=1731"}],"curies":[{"name":"wp","href":"https:\/\/api.w.org\/{rel}","templated":true}]}}