{"id":2398,"date":"2023-02-17T11:07:22","date_gmt":"2023-02-17T14:07:22","guid":{"rendered":"https:\/\/sites.usp.br\/odontopediatria\/?page_id=2398"},"modified":"2023-02-17T11:12:32","modified_gmt":"2023-02-17T14:12:32","slug":"projeto-gestante","status":"publish","type":"page","link":"https:\/\/sites.usp.br\/odontopediatria\/projeto-gestante\/","title":{"rendered":"Projeto Gestante"},"content":{"rendered":"<p>Este projeto social ocorre durante a Jornada Odontol\u00f3gica de Ribeir\u00e3o Preto, realizada anualmente na Faculdade de Odontologia de Ribeir\u00e3o Preto da Universidade de S\u00e3o Paulo. O projeto tem como proposta abordar temas de sa\u00fade bucal da gestante e do rec\u00e9m nascido e desenvolver materiais educativos e din\u00e2micas para que se esclare\u00e7a os mitos e as verdades sobre a aten\u00e7\u00e3o odontol\u00f3gica neste per\u00edodo da vida. Essas atividades tem como objetivo despertar o interesse da gestante pela manuten\u00e7\u00e3o de sua sa\u00fade bucal, assim como promover pr\u00e1ticas adequadas de sa\u00fade ainda na primeira inf\u00e2ncia.<\/p>\n<p>As a\u00e7\u00f5es tem como p\u00fablico-alvo \u00e0s gestantes assistidas no Centro de Refer\u00eancia da Sa\u00fade da Mulher de Ribeir\u00e3o Preto (MATER) e s\u00e3o desenvolvidas por alunos do Curso de Gradua\u00e7\u00e3o em Odontologia em parceria com P\u00f3s-Graduandos e Docentes do Programa de P\u00f3s-Gradua\u00e7\u00e3o em Odontopediatria da FORP\/USP. Alunos interessados em participar do projeto devem se inscrever junto \u00e0 Comiss\u00e3o Organizadora da Jornada.<\/p>\n<p>&nbsp;<\/p>\n<p>Apoio:<br \/>\n&#8211; Colgate-Palmolive<\/p>\n<p>&nbsp;<\/p>\n<p><a href=\"https:\/\/sites.usp.br\/odontopediatria\/wp-content\/uploads\/sites\/93\/2023\/02\/projeto-gestante-scaled.jpg\"><img loading=\"lazy\" decoding=\"async\" class=\"alignnone size-medium wp-image-2402\" src=\"https:\/\/sites.usp.br\/odontopediatria\/wp-content\/uploads\/sites\/93\/2023\/02\/projeto-gestante-200x300.jpg\" alt=\"\" width=\"200\" height=\"300\" data-id=\"2402\" srcset=\"https:\/\/sites.usp.br\/odontopediatria\/wp-content\/uploads\/sites\/93\/2023\/02\/projeto-gestante-200x300.jpg 200w, https:\/\/sites.usp.br\/odontopediatria\/wp-content\/uploads\/sites\/93\/2023\/02\/projeto-gestante-683x1024.jpg 683w, https:\/\/sites.usp.br\/odontopediatria\/wp-content\/uploads\/sites\/93\/2023\/02\/projeto-gestante-768x1152.jpg 768w, https:\/\/sites.usp.br\/odontopediatria\/wp-content\/uploads\/sites\/93\/2023\/02\/projeto-gestante-1024x1536.jpg 1024w, https:\/\/sites.usp.br\/odontopediatria\/wp-content\/uploads\/sites\/93\/2023\/02\/projeto-gestante-1366x2048.jpg 1366w, https:\/\/sites.usp.br\/odontopediatria\/wp-content\/uploads\/sites\/93\/2023\/02\/projeto-gestante-400x600.jpg 400w, https:\/\/sites.usp.br\/odontopediatria\/wp-content\/uploads\/sites\/93\/2023\/02\/projeto-gestante-scaled.jpg 1707w\" sizes=\"auto, (max-width: 200px) 100vw, 200px\" \/><\/a><a href=\"https:\/\/sites.usp.br\/odontopediatria\/wp-content\/uploads\/sites\/93\/2023\/02\/JORP-Amamentacao.jpeg\">\u00a0 \u00a0 <\/a><a href=\"https:\/\/sites.usp.br\/odontopediatria\/wp-content\/uploads\/sites\/93\/2023\/02\/projeto-gestante-2.jpeg\"><img loading=\"lazy\" decoding=\"async\" class=\"alignnone size-medium wp-image-2396\" src=\"https:\/\/sites.usp.br\/odontopediatria\/wp-content\/uploads\/sites\/93\/2023\/02\/projeto-gestante-2-200x300.jpeg\" alt=\"\" width=\"200\" height=\"300\" data-id=\"2396\" srcset=\"https:\/\/sites.usp.br\/odontopediatria\/wp-content\/uploads\/sites\/93\/2023\/02\/projeto-gestante-2-200x300.jpeg 200w, https:\/\/sites.usp.br\/odontopediatria\/wp-content\/uploads\/sites\/93\/2023\/02\/projeto-gestante-2.jpeg 213w\" sizes=\"auto, (max-width: 200px) 100vw, 200px\" \/>\u00a0 \u00a0<\/a><a href=\"https:\/\/sites.usp.br\/odontopediatria\/wp-content\/uploads\/sites\/93\/2023\/02\/JORP-Amamentacao.jpeg\"><img loading=\"lazy\" decoding=\"async\" class=\"alignnone size-medium wp-image-2393\" src=\"https:\/\/sites.usp.br\/odontopediatria\/wp-content\/uploads\/sites\/93\/2023\/02\/JORP-Amamentacao-212x300.jpeg\" alt=\"\" width=\"212\" height=\"300\" data-id=\"2393\" srcset=\"https:\/\/sites.usp.br\/odontopediatria\/wp-content\/uploads\/sites\/93\/2023\/02\/JORP-Amamentacao-212x300.jpeg 212w, https:\/\/sites.usp.br\/odontopediatria\/wp-content\/uploads\/sites\/93\/2023\/02\/JORP-Amamentacao.jpeg 226w\" sizes=\"auto, (max-width: 212px) 100vw, 212px\" \/>\u00a0\u00a0\u00a0<\/a> <a href=\"https:\/\/sites.usp.br\/odontopediatria\/wp-content\/uploads\/sites\/93\/2023\/02\/JORP-Amamentacao-2.jpeg\"><img loading=\"lazy\" decoding=\"async\" class=\"alignnone size-medium wp-image-2394\" src=\"https:\/\/sites.usp.br\/odontopediatria\/wp-content\/uploads\/sites\/93\/2023\/02\/JORP-Amamentacao-2-212x300.jpeg\" alt=\"\" width=\"212\" height=\"300\" data-id=\"2394\" srcset=\"https:\/\/sites.usp.br\/odontopediatria\/wp-content\/uploads\/sites\/93\/2023\/02\/JORP-Amamentacao-2-212x300.jpeg 212w, https:\/\/sites.usp.br\/odontopediatria\/wp-content\/uploads\/sites\/93\/2023\/02\/JORP-Amamentacao-2.jpeg 226w\" sizes=\"auto, (max-width: 212px) 100vw, 212px\" \/><\/a><\/p>\n<p>&nbsp;<\/p>","protected":false},"excerpt":{"rendered":"<p>Este projeto social ocorre durante a Jornada Odontol\u00f3gica de Ribeir\u00e3o Preto, realizada anualmente na Faculdade [&hellip;]<\/p>\n","protected":false},"author":172,"featured_media":0,"parent":0,"menu_order":0,"comment_status":"closed","ping_status":"closed","template":"","meta":{"footnotes":"","_links_to":"","_links_to_target":""},"class_list":["post-2398","page","type-page","status-publish","hentry"],"_links":{"self":[{"href":"https:\/\/sites.usp.br\/odontopediatria\/wp-json\/wp\/v2\/pages\/2398","targetHints":{"allow":["GET"]}}],"collection":[{"href":"https:\/\/sites.usp.br\/odontopediatria\/wp-json\/wp\/v2\/pages"}],"about":[{"href":"https:\/\/sites.usp.br\/odontopediatria\/wp-json\/wp\/v2\/types\/page"}],"author":[{"embeddable":true,"href":"https:\/\/sites.usp.br\/odontopediatria\/wp-json\/wp\/v2\/users\/172"}],"replies":[{"embeddable":true,"href":"https:\/\/sites.usp.br\/odontopediatria\/wp-json\/wp\/v2\/comments?post=2398"}],"version-history":[{"count":4,"href":"https:\/\/sites.usp.br\/odontopediatria\/wp-json\/wp\/v2\/pages\/2398\/revisions"}],"predecessor-version":[{"id":2403,"href":"https:\/\/sites.usp.br\/odontopediatria\/wp-json\/wp\/v2\/pages\/2398\/revisions\/2403"}],"wp:attachment":[{"href":"https:\/\/sites.usp.br\/odontopediatria\/wp-json\/wp\/v2\/media?parent=2398"}],"curies":[{"name":"wp","href":"https:\/\/api.w.org\/{rel}","templated":true}]}}