{"id":2917,"date":"2025-05-13T09:22:58","date_gmt":"2025-05-13T12:22:58","guid":{"rendered":"https:\/\/sites.usp.br\/odontopediatria\/?page_id=2917"},"modified":"2025-05-13T09:22:58","modified_gmt":"2025-05-13T12:22:58","slug":"saude-vida-e-expressao","status":"publish","type":"page","link":"https:\/\/sites.usp.br\/odontopediatria\/saude-vida-e-expressao\/","title":{"rendered":"Sa\u00fade, Vida e Express\u00e3o"},"content":{"rendered":"<p>O Programa Sa\u00fade, Vida e Express\u00e3o,\u00a0 com apoio da Secretaria Municipal de Sa\u00fade de Ribeir\u00e3o Preto e sob a coordena\u00e7\u00e3o de docente do Programa e participa\u00e7\u00e3o de alunos do Programa, essa a\u00e7\u00e3o tem como objetivo fortalecer pol\u00edticas p\u00fablicas e articular medidas com o terceiro setor, al\u00e9m de fomentar parcerias entre institui\u00e7\u00f5es p\u00fablicas e privadas. Em sua \u00faltima edi\u00e7\u00e3o em 2023, fomentou a promo\u00e7\u00e3o em sa\u00fade com foco em educa\u00e7\u00e3o, orienta\u00e7\u00e3o, preven\u00e7\u00e3o nas \u00e1reas da odontologia, diabetes e hipertens\u00e3o. A a\u00e7\u00e3o, realizada em bairro com vulnerabilidade social em Ribeir\u00e3o Preto, utilizou a estrutura da Unidade M\u00f3vel Sa\u00fade e Ci\u00eancia da USP, da Pr\u00f3-Reitoria de Cultura e Extens\u00e3o Universit\u00e1ria, com apoio da Associa\u00e7\u00e3o de Bairros, da ONG Vida &amp; Express\u00e3o e da igreja local Batista Nova Alian\u00e7a (https:\/\/www.ribeiraopreto.sp.gov.br\/portal\/noticia\/usp-promove-mais-uma-edicao-do-programa-saude-vida-e-expressao).<\/p>","protected":false},"excerpt":{"rendered":"<p>O Programa Sa\u00fade, Vida e Express\u00e3o,\u00a0 com apoio da Secretaria Municipal de Sa\u00fade de Ribeir\u00e3o [&hellip;]<\/p>\n","protected":false},"author":172,"featured_media":0,"parent":0,"menu_order":0,"comment_status":"closed","ping_status":"closed","template":"","meta":{"footnotes":"","_links_to":"","_links_to_target":""},"class_list":["post-2917","page","type-page","status-publish","hentry"],"_links":{"self":[{"href":"https:\/\/sites.usp.br\/odontopediatria\/wp-json\/wp\/v2\/pages\/2917","targetHints":{"allow":["GET"]}}],"collection":[{"href":"https:\/\/sites.usp.br\/odontopediatria\/wp-json\/wp\/v2\/pages"}],"about":[{"href":"https:\/\/sites.usp.br\/odontopediatria\/wp-json\/wp\/v2\/types\/page"}],"author":[{"embeddable":true,"href":"https:\/\/sites.usp.br\/odontopediatria\/wp-json\/wp\/v2\/users\/172"}],"replies":[{"embeddable":true,"href":"https:\/\/sites.usp.br\/odontopediatria\/wp-json\/wp\/v2\/comments?post=2917"}],"version-history":[{"count":1,"href":"https:\/\/sites.usp.br\/odontopediatria\/wp-json\/wp\/v2\/pages\/2917\/revisions"}],"predecessor-version":[{"id":2918,"href":"https:\/\/sites.usp.br\/odontopediatria\/wp-json\/wp\/v2\/pages\/2917\/revisions\/2918"}],"wp:attachment":[{"href":"https:\/\/sites.usp.br\/odontopediatria\/wp-json\/wp\/v2\/media?parent=2917"}],"curies":[{"name":"wp","href":"https:\/\/api.w.org\/{rel}","templated":true}]}}