{"id":2928,"date":"2025-05-13T11:11:44","date_gmt":"2025-05-13T14:11:44","guid":{"rendered":"https:\/\/sites.usp.br\/odontopediatria\/?page_id=2928"},"modified":"2025-06-15T21:10:27","modified_gmt":"2025-06-16T00:10:27","slug":"clinica-do-esmalte","status":"publish","type":"page","link":"https:\/\/sites.usp.br\/odontopediatria\/clinica-do-esmalte\/","title":{"rendered":"Cl\u00ednica do Esmalte"},"content":{"rendered":"<p>Para uma abordagem aprofundada de diferentes defeitos de desenvolvimento do esmalte, especialmente a Hipoplasia Molar Incisivo, com foco na transla\u00e7\u00e3o da disciplina b\u00e1sica e cl\u00ednica, essa cl\u00ednica foi criada para atendimento de pacientes e o desenvolvimento de pesquisas voltadas para o avan\u00e7o do conhecimento em torno de agentes estiol\u00f3gicos e fatores de risco assim como a aplica\u00e7\u00e3o de t\u00e9cnicas e materiais inovadores.<\/p>\n<p>Nessa Cl\u00ednica s\u00e3o ministradas 2 disciplinas de p\u00f3s-gradua\u00e7\u00e3o: \u201cCl\u00ednica do Esmalte\u201d e \u201cCl\u00ednica do Esmalte II\u201d e conta com a colabora\u00e7\u00e3o dos Profs. David John Manton, da Holanda, e Vidal Antonio P\u00e9rez Vald\u00e9s, do Chile.<\/p>\n<p>Em 2024, a disciplina foi contemplada com apoio da Pr\u00f3-Reitoria de P\u00f3s-Gradua\u00e7\u00e3o da USP, no seu Edital de Apoio \u00e0s Disciplinas de P\u00f3s-Gradua\u00e7\u00e3o com atividades de campo. A disciplina ocorreu em parceria com a Secretaria de Sa\u00fade e Secretaria de Educa\u00e7\u00e3o da Prefeitura de Santa Rita do Passa Quatro, com a realiza\u00e7\u00e3o de atividades de educa\u00e7\u00e3o em sa\u00fade bucal e extens\u00e3o em todas as escolas p\u00fablicas da rede de ensino infantil do munic\u00edpio.Para uma abordagem aprofundada de diferentes defeitos de desenvolvimento do esmalte, especialmente a Hipoplasia Molar Incisivo, com foco na transla\u00e7\u00e3o da disciplina b\u00e1sica e cl\u00ednica, essa cl\u00ednica foi criada para atendimento de pacientes e o desenvolvimento de pesquisas voltadas para o avan\u00e7o do conhecimento em torno de agentes estiol\u00f3gicos e fatores de risco assim como a aplica\u00e7\u00e3o de t\u00e9cnicas e materiais inovadores.<\/p>\n<p>Nessa Cl\u00ednica s\u00e3o ministradas 2 disciplinas de p\u00f3s-gradua\u00e7\u00e3o: \u201cCl\u00ednica do Esmalte\u201d e \u201cCl\u00ednica do Esmalte II\u201d e conta com a colabora\u00e7\u00e3o dos Profs. David John Manton, da Holanda, e Vidal Antonio P\u00e9rez Vald\u00e9s, do Chile.<\/p>\n<p>Em 2024, a disciplina foi contemplada com apoio da Pr\u00f3-Reitoria de P\u00f3s-Gradua\u00e7\u00e3o da USP, no seu Edital de Apoio \u00e0s Disciplinas de P\u00f3s-Gradua\u00e7\u00e3o com atividades de campo. A disciplina ocorreu em parceria com a Secretaria de Sa\u00fade e Secretaria de Educa\u00e7\u00e3o da Prefeitura de Santa Rita do Passa Quatro, com a realiza\u00e7\u00e3o de atividades de educa\u00e7\u00e3o em sa\u00fade bucal e extens\u00e3o em todas as escolas p\u00fablicas da rede de ensino infantil do munic\u00edpio.<\/p>","protected":false},"excerpt":{"rendered":"<p>Para uma abordagem aprofundada de diferentes defeitos de desenvolvimento do esmalte, especialmente a Hipoplasia Molar [&hellip;]<\/p>\n","protected":false},"author":172,"featured_media":0,"parent":0,"menu_order":0,"comment_status":"closed","ping_status":"closed","template":"","meta":{"footnotes":"","_links_to":"","_links_to_target":""},"class_list":["post-2928","page","type-page","status-publish","hentry"],"_links":{"self":[{"href":"https:\/\/sites.usp.br\/odontopediatria\/wp-json\/wp\/v2\/pages\/2928","targetHints":{"allow":["GET"]}}],"collection":[{"href":"https:\/\/sites.usp.br\/odontopediatria\/wp-json\/wp\/v2\/pages"}],"about":[{"href":"https:\/\/sites.usp.br\/odontopediatria\/wp-json\/wp\/v2\/types\/page"}],"author":[{"embeddable":true,"href":"https:\/\/sites.usp.br\/odontopediatria\/wp-json\/wp\/v2\/users\/172"}],"replies":[{"embeddable":true,"href":"https:\/\/sites.usp.br\/odontopediatria\/wp-json\/wp\/v2\/comments?post=2928"}],"version-history":[{"count":4,"href":"https:\/\/sites.usp.br\/odontopediatria\/wp-json\/wp\/v2\/pages\/2928\/revisions"}],"predecessor-version":[{"id":2970,"href":"https:\/\/sites.usp.br\/odontopediatria\/wp-json\/wp\/v2\/pages\/2928\/revisions\/2970"}],"wp:attachment":[{"href":"https:\/\/sites.usp.br\/odontopediatria\/wp-json\/wp\/v2\/media?parent=2928"}],"curies":[{"name":"wp","href":"https:\/\/api.w.org\/{rel}","templated":true}]}}