{"id":2930,"date":"2025-05-13T11:11:30","date_gmt":"2025-05-13T14:11:30","guid":{"rendered":"https:\/\/sites.usp.br\/odontopediatria\/?page_id=2930"},"modified":"2025-05-13T11:11:30","modified_gmt":"2025-05-13T14:11:30","slug":"ciencia-para-comunidade","status":"publish","type":"page","link":"https:\/\/sites.usp.br\/odontopediatria\/ciencia-para-comunidade\/","title":{"rendered":"Ci\u00eancia para Comunidade"},"content":{"rendered":"<p><strong>PROJETO \u201cN\u00daCLEO DE DIVULGA\u00c7\u00c3O DA CI\u00caNCIA PARA A COMUNIDADE\u201d<\/strong><\/p>\n<p>Iniciado em 2013, esse projeto tem o objetivo de divulgar informa\u00e7\u00f5es relevantes sobre ci\u00eancia \u00e0 popula\u00e7\u00e3o por meio de artigos de divulga\u00e7\u00e3o em jornais locais e regionais, al\u00e9m de entrevistas para a m\u00eddia (r\u00e1dio e TV), como Jornal USP, JCNET Bauru, entre outros.<\/p>","protected":false},"excerpt":{"rendered":"<p>PROJETO \u201cN\u00daCLEO DE DIVULGA\u00c7\u00c3O DA CI\u00caNCIA PARA A COMUNIDADE\u201d Iniciado em 2013, esse projeto tem [&hellip;]<\/p>\n","protected":false},"author":172,"featured_media":0,"parent":0,"menu_order":0,"comment_status":"closed","ping_status":"closed","template":"","meta":{"footnotes":"","_links_to":"","_links_to_target":""},"class_list":["post-2930","page","type-page","status-publish","hentry"],"_links":{"self":[{"href":"https:\/\/sites.usp.br\/odontopediatria\/wp-json\/wp\/v2\/pages\/2930","targetHints":{"allow":["GET"]}}],"collection":[{"href":"https:\/\/sites.usp.br\/odontopediatria\/wp-json\/wp\/v2\/pages"}],"about":[{"href":"https:\/\/sites.usp.br\/odontopediatria\/wp-json\/wp\/v2\/types\/page"}],"author":[{"embeddable":true,"href":"https:\/\/sites.usp.br\/odontopediatria\/wp-json\/wp\/v2\/users\/172"}],"replies":[{"embeddable":true,"href":"https:\/\/sites.usp.br\/odontopediatria\/wp-json\/wp\/v2\/comments?post=2930"}],"version-history":[{"count":2,"href":"https:\/\/sites.usp.br\/odontopediatria\/wp-json\/wp\/v2\/pages\/2930\/revisions"}],"predecessor-version":[{"id":2932,"href":"https:\/\/sites.usp.br\/odontopediatria\/wp-json\/wp\/v2\/pages\/2930\/revisions\/2932"}],"wp:attachment":[{"href":"https:\/\/sites.usp.br\/odontopediatria\/wp-json\/wp\/v2\/media?parent=2930"}],"curies":[{"name":"wp","href":"https:\/\/api.w.org\/{rel}","templated":true}]}}