{"id":2950,"date":"2025-05-13T14:33:57","date_gmt":"2025-05-13T17:33:57","guid":{"rendered":"https:\/\/sites.usp.br\/odontopediatria\/?page_id=2950"},"modified":"2025-08-10T16:26:41","modified_gmt":"2025-08-10T19:26:41","slug":"sustentabilidade","status":"publish","type":"page","link":"https:\/\/sites.usp.br\/odontopediatria\/sustentabilidade\/","title":{"rendered":"Sustentabilidade"},"content":{"rendered":"<p><strong>A\u00c7\u00d5ES DE SUSTENTABILIDADE DESENVOLVIDAS PELO PROGRAMA<\/strong><\/p>\n<p>O Programa de P\u00f3s-Gradua\u00e7\u00e3o em Odontopediatria tem realizado as seguintes a\u00e7\u00f5es de sustentabilidade:<\/p>\n<p>&#8211; Distribui\u00e7\u00e3o de canecas\/garrafas reutiliz\u00e1veis, quando do ingresso dos alunos, para evitar o uso de copos descart\u00e1veis.<\/p>\n<p>&#8211; Incentivo ao descarte correto de lixos recicl\u00e1veis: A FORP\/USP possui v\u00e1rias lixeiras para lixos recicl\u00e1veis distribu\u00eddos pela Unidade, composto por lixeira espec\u00edfica para descarte de papel, vidro, pl\u00e1stico e metal.<\/p>\n<p>&#8211; Incentivo ao descarte correto de restos de alimentos: A FORP\/USP possui uma composteira utilizada para adubar as plantas localizadas nas depend\u00eancias da Unidade.<\/p>\n<p>&#8211; Incentivo \u00e0 participa\u00e7\u00e3o dos alunos nas atividades do USP Recicla da FORP\/USP: dentre as atividades destaca-se a Estante de troca e Coletores de Pilhas, para o correto descarte destes materiais.<strong>A\u00c7\u00d5ES DE SUSTENTABILIDADE DESENVOLVIDAS PELO PROGRAMA<\/strong><\/p>\n<p>O Programa de P\u00f3s-Gradua\u00e7\u00e3o em Odontopediatria tem realizado as seguintes a\u00e7\u00f5es de sustentabilidade:<\/p>\n<p>&#8211; Distribui\u00e7\u00e3o de canecas\/garrafas reutiliz\u00e1veis, quando do ingresso dos alunos, para evitar o uso de copos descart\u00e1veis.<\/p>\n<p>&#8211; Incentivo ao descarte correto de lixos recicl\u00e1veis: A FORP\/USP possui v\u00e1rias lixeiras para lixos recicl\u00e1veis distribu\u00eddos pela Unidade, composto por lixeira espec\u00edfica para descarte de papel, vidro, pl\u00e1stico e metal.<\/p>\n<p>&#8211; Incentivo ao descarte correto de restos de alimentos: A FORP\/USP possui uma composteira utilizada para adubar as plantas localizadas nas depend\u00eancias da Unidade.<\/p>\n<p style=\"text-align: justify;\">&#8211; Incentivo \u00e0 participa\u00e7\u00e3o dos alunos nas atividades do USP Recicla da FORP\/USP: dentre as atividades destaca-se a Estante de troca e Coletores de Pilhas, para o correto descarte destes materiais.<\/p>\n<p><\/p>","protected":false},"excerpt":{"rendered":"<p>A\u00c7\u00d5ES DE SUSTENTABILIDADE DESENVOLVIDAS PELO PROGRAMA O Programa de P\u00f3s-Gradua\u00e7\u00e3o em Odontopediatria tem realizado as [&hellip;]<\/p>\n","protected":false},"author":172,"featured_media":0,"parent":0,"menu_order":0,"comment_status":"closed","ping_status":"closed","template":"","meta":{"footnotes":"","_links_to":"","_links_to_target":""},"class_list":["post-2950","page","type-page","status-publish","hentry"],"_links":{"self":[{"href":"https:\/\/sites.usp.br\/odontopediatria\/wp-json\/wp\/v2\/pages\/2950","targetHints":{"allow":["GET"]}}],"collection":[{"href":"https:\/\/sites.usp.br\/odontopediatria\/wp-json\/wp\/v2\/pages"}],"about":[{"href":"https:\/\/sites.usp.br\/odontopediatria\/wp-json\/wp\/v2\/types\/page"}],"author":[{"embeddable":true,"href":"https:\/\/sites.usp.br\/odontopediatria\/wp-json\/wp\/v2\/users\/172"}],"replies":[{"embeddable":true,"href":"https:\/\/sites.usp.br\/odontopediatria\/wp-json\/wp\/v2\/comments?post=2950"}],"version-history":[{"count":4,"href":"https:\/\/sites.usp.br\/odontopediatria\/wp-json\/wp\/v2\/pages\/2950\/revisions"}],"predecessor-version":[{"id":2978,"href":"https:\/\/sites.usp.br\/odontopediatria\/wp-json\/wp\/v2\/pages\/2950\/revisions\/2978"}],"wp:attachment":[{"href":"https:\/\/sites.usp.br\/odontopediatria\/wp-json\/wp\/v2\/media?parent=2950"}],"curies":[{"name":"wp","href":"https:\/\/api.w.org\/{rel}","templated":true}]}}