{"id":836,"date":"2016-04-27T10:36:55","date_gmt":"2016-04-27T13:36:55","guid":{"rendered":"http:\/\/sites.usp.br\/odontopediatria\/?page_id=836"},"modified":"2026-02-13T11:33:29","modified_gmt":"2026-02-13T14:33:29","slug":"regulamento-programa","status":"publish","type":"page","link":"https:\/\/sites.usp.br\/odontopediatria\/regulamento-programa\/","title":{"rendered":"Normas"},"content":{"rendered":"<p>REGULAMENTO DO PPG ODONTOLOGIA (ODONTOPEDIATRIA E ORTODONTIA)<\/p>\n<ul>\n<li><a href=\"https:\/\/sites.usp.br\/odontopediatria\/wp-content\/uploads\/sites\/93\/2023\/09\/2023-Regulamento-PPG-Odontopediatria.pdf\">2023 Regulamento PPG Odontologia\u00a0<\/a> (regulamento para os alunos matriculados a partir de junho\/2023)<\/li>\n<li><a href=\"http:\/\/sites.usp.br\/odontopediatria\/wp-content\/uploads\/sites\/93\/2026\/02\/FORP_Odontopediatria_AprovadoCaN_03Fev2026.pdf\">2026 Regulamento PPG Odontologia<\/a>\u00a0 (regulamento para os alunos matriculados a partir de janeiro\/2026)<\/li>\n<\/ul>\n<p>&nbsp;<\/p>\n<p>REGIMENTO DA P\u00d3S-GRADUA\u00c7\u00c3O DA FORP\/USP<\/p>\n<ul>\n<li><a href=\"https:\/\/sites.usp.br\/odontopediatria\/wp-content\/uploads\/sites\/93\/2023\/09\/FORP_RegimentoCPG_2023.pdf\">2023 Regimento da Comiss\u00e3o de P\u00f3s-Gradua\u00e7\u00e3o da FORP\/USP<\/a><\/li>\n<\/ul>\n<p>&nbsp;<\/p>\n<p>REGIMENTO DA P\u00d3S-GRADUA\u00c7\u00c3O DA USP<\/p>\n<ul>\n<li><a href=\"http:\/\/www.leginf.usp.br\/?resolucao=resolucao-no-7493-de-27-de-marco-de-2018\" target=\"_blank\" rel=\"noopener noreferrer\">2018 Regimento de P\u00f3s-Gradua\u00e7\u00e3o da USP<\/a><\/li>\n<\/ul>\n<p>&nbsp;<\/p>","protected":false},"excerpt":{"rendered":"<p>REGULAMENTO DO PPG ODONTOLOGIA (ODONTOPEDIATRIA E ORTODONTIA) 2023 Regulamento PPG Odontologia\u00a0 (regulamento para os alunos [&hellip;]<\/p>\n","protected":false},"author":172,"featured_media":0,"parent":0,"menu_order":0,"comment_status":"closed","ping_status":"closed","template":"","meta":{"footnotes":"","_links_to":"","_links_to_target":""},"class_list":["post-836","page","type-page","status-publish","hentry"],"_links":{"self":[{"href":"https:\/\/sites.usp.br\/odontopediatria\/wp-json\/wp\/v2\/pages\/836","targetHints":{"allow":["GET"]}}],"collection":[{"href":"https:\/\/sites.usp.br\/odontopediatria\/wp-json\/wp\/v2\/pages"}],"about":[{"href":"https:\/\/sites.usp.br\/odontopediatria\/wp-json\/wp\/v2\/types\/page"}],"author":[{"embeddable":true,"href":"https:\/\/sites.usp.br\/odontopediatria\/wp-json\/wp\/v2\/users\/172"}],"replies":[{"embeddable":true,"href":"https:\/\/sites.usp.br\/odontopediatria\/wp-json\/wp\/v2\/comments?post=836"}],"version-history":[{"count":4,"href":"https:\/\/sites.usp.br\/odontopediatria\/wp-json\/wp\/v2\/pages\/836\/revisions"}],"predecessor-version":[{"id":3093,"href":"https:\/\/sites.usp.br\/odontopediatria\/wp-json\/wp\/v2\/pages\/836\/revisions\/3093"}],"wp:attachment":[{"href":"https:\/\/sites.usp.br\/odontopediatria\/wp-json\/wp\/v2\/media?parent=836"}],"curies":[{"name":"wp","href":"https:\/\/api.w.org\/{rel}","templated":true}]}}