{"id":858,"date":"2016-04-27T14:23:44","date_gmt":"2016-04-27T17:23:44","guid":{"rendered":"http:\/\/sites.usp.br\/odontopediatria\/?page_id=858"},"modified":"2024-05-03T17:11:06","modified_gmt":"2024-05-03T20:11:06","slug":"centro-de-estudos","status":"publish","type":"page","link":"https:\/\/sites.usp.br\/odontopediatria\/centro-de-estudos\/","title":{"rendered":"Inser\u00e7\u00e3o Social"},"content":{"rendered":"<p><a href=\"https:\/\/sites.usp.br\/odontopediatria\/acupuntura-sapic\/\">Acupuntura (SAPIC)<\/a><\/p>\n<p><a href=\"https:\/\/sites.usp.br\/odontopediatria\/alfabetizacao-em-saude-bucal\/\">Alfabetiza\u00e7\u00e3o em Sa\u00fade Bucal<\/a><\/p>\n<p><a href=\"https:\/\/sites.usp.br\/odontopediatria\/servico-de-atendimento-criancas-e-adolescentes-com-bruxismo-eou-sinais-e-sintomas-de-desordem-temporomandibular\/\">Bruxismo<\/a><\/p>\n<p><a href=\"https:\/\/sites.usp.br\/odontopediatria\/projeto-dente-de-leite\/\">Dente de Leite<\/a><\/p>\n<p><a href=\"https:\/\/sites.usp.br\/odontopediatria\/fluso\/\">FLUSO<\/a><\/p>\n<p><a href=\"https:\/\/sites.usp.br\/odontopediatria\/laop\/\">LAOP<\/a><\/p>\n<p><a href=\"https:\/\/sites.usp.br\/odontopediatria\/servico-de-extensao-comunidade-desenvolvido-centro-de-formacao-de-recursos-humanos-especializados-atendimento-odontologico-pacientes-especiais\/\">Pacientes Especiais<\/a><\/p>\n<p><a href=\"https:\/\/sites.usp.br\/odontopediatria\/projeto-crianca\/\">Projeto Crian\u00e7a<\/a><\/p>\n<p><a href=\"https:\/\/sites.usp.br\/odontopediatria\/projeto-gestante\/\">Projeto Gestante<\/a><\/p>\n<p><a href=\"https:\/\/sites.usp.br\/odontopediatria\/es\/transtorno-do-espectro-autista\/\">TEA<\/a><\/p>\n<p><a href=\"https:\/\/sites.usp.br\/odontopediatria\/servico-de-atendimento-traumatismos-dentais-da-disciplina-de-odontopediatria-da-forpusp\/\">Traumatismos Dent\u00e1rios<\/a><\/p>\n<p>&nbsp;<\/p>","protected":false},"excerpt":{"rendered":"<p>Acupuntura (SAPIC) Alfabetiza\u00e7\u00e3o em Sa\u00fade Bucal Bruxismo Dente de Leite FLUSO LAOP Pacientes Especiais Projeto [&hellip;]<\/p>\n","protected":false},"author":172,"featured_media":0,"parent":0,"menu_order":0,"comment_status":"closed","ping_status":"closed","template":"","meta":{"footnotes":"","_links_to":"","_links_to_target":""},"class_list":["post-858","page","type-page","status-publish","hentry"],"_links":{"self":[{"href":"https:\/\/sites.usp.br\/odontopediatria\/wp-json\/wp\/v2\/pages\/858","targetHints":{"allow":["GET"]}}],"collection":[{"href":"https:\/\/sites.usp.br\/odontopediatria\/wp-json\/wp\/v2\/pages"}],"about":[{"href":"https:\/\/sites.usp.br\/odontopediatria\/wp-json\/wp\/v2\/types\/page"}],"author":[{"embeddable":true,"href":"https:\/\/sites.usp.br\/odontopediatria\/wp-json\/wp\/v2\/users\/172"}],"replies":[{"embeddable":true,"href":"https:\/\/sites.usp.br\/odontopediatria\/wp-json\/wp\/v2\/comments?post=858"}],"version-history":[{"count":4,"href":"https:\/\/sites.usp.br\/odontopediatria\/wp-json\/wp\/v2\/pages\/858\/revisions"}],"predecessor-version":[{"id":2624,"href":"https:\/\/sites.usp.br\/odontopediatria\/wp-json\/wp\/v2\/pages\/858\/revisions\/2624"}],"wp:attachment":[{"href":"https:\/\/sites.usp.br\/odontopediatria\/wp-json\/wp\/v2\/media?parent=858"}],"curies":[{"name":"wp","href":"https:\/\/api.w.org\/{rel}","templated":true}]}}